{"id":11276,"date":"2025-09-29T10:28:02","date_gmt":"2025-09-29T08:28:02","guid":{"rendered":"https:\/\/www.easyledstore.it\/prodotto\/tira-led-zigzag-ip20-5-metros-blanco-calido\/"},"modified":"2025-09-29T10:28:02","modified_gmt":"2025-09-29T08:28:02","slug":"tira-led-zigzag-ip20-5-metros-blanco-calido","status":"publish","type":"product","link":"https:\/\/www.easyledstore.it\/es\/producto\/tira-led-zigzag-ip20-5-metros-blanco-calido\/","title":{"rendered":"Tira LED ZigZag &#8211; IP20 &#8211; 5 metros &#8211; Blanco c\u00e1lido"},"content":{"rendered":"<p><strong>Tira LED ZigZag Interior<\/strong><\/p>\n<p>ESPECIFICACIONES T\u00c9CNICAS<\/p>\n<ul>\n<li>Longitud: <strong>5 metros<\/strong><\/li>\n<li>Tensi\u00f3n: <strong>12<\/strong> V<\/li>\n<li>Color: Blanco c\u00e1lido <strong>3000\u00b0K<\/strong><\/li>\n<li>Vatios por metro: <strong>7,2 W\/m<\/strong><\/li>\n<li>Grado de protecci\u00f3n IP: <strong>IP20<\/strong><\/li>\n<\/ul>\n","protected":false},"excerpt":{"rendered":"<p>Tira LED Zig Zag Blanco C\u00e1lido 3000K para interiores &#8211; para se\u00f1alizaci\u00f3n y decoraci\u00f3n de interiores<\/p>\n<p>Bobina de 5 metros<\/p>\n","protected":false},"featured_media":10232,"comment_status":"open","ping_status":"closed","template":"","meta":[],"product_brand":[],"product_cat":[1285,1399,1595],"product_tag":[1070,1073,1401,1072,1347,1149],"class_list":{"0":"post-11276","1":"product","2":"type-product","3":"status-publish","4":"has-post-thumbnail","6":"product_cat-tira-de-led","7":"product_cat-tira-en-zig-zag","8":"product_cat-zigzag-interior","9":"product_tag-12v","10":"product_tag-3000k","11":"product_tag-72-w-m","12":"product_tag-blanco-calido","13":"product_tag-blanco-puro","14":"product_tag-certificacion-ip20","16":"first","17":"instock","18":"taxable","19":"shipping-taxable","20":"purchasable","21":"product-type-simple"},"yoast_head":"<!-- This site is optimized with the Yoast SEO plugin v27.3 - https:\/\/yoast.com\/product\/yoast-seo-wordpress\/ -->\n<title>Tira LED ZigZag - IP20 - 5 metros - Blanco c\u00e1lido - Easyledstore<\/title>\n<meta name=\"description\" content=\"Tira LED ZigZag Blanco C\u00e1lido 3000K para interiores - para se\u00f1alizaci\u00f3n y decoraci\u00f3n de interiores Bobina de 5 metros\" \/>\n<meta name=\"robots\" content=\"index, follow, max-snippet:-1, max-image-preview:large, max-video-preview:-1\" \/>\n<link rel=\"canonical\" href=\"https:\/\/www.easyledstore.it\/es\/producto\/tira-led-zigzag-ip20-5-metros-blanco-calido\/\" \/>\n<meta property=\"og:locale\" content=\"es_ES\" \/>\n<meta property=\"og:type\" content=\"article\" \/>\n<meta property=\"og:title\" content=\"Tira LED ZigZag - IP20 - 5 metros - Blanco c\u00e1lido - Easyledstore\" \/>\n<meta property=\"og:description\" content=\"Tira LED ZigZag Blanco C\u00e1lido 3000K para interiores - para se\u00f1alizaci\u00f3n y decoraci\u00f3n de interiores Bobina de 5 metros\" \/>\n<meta property=\"og:url\" content=\"https:\/\/www.easyledstore.it\/es\/producto\/tira-led-zigzag-ip20-5-metros-blanco-calido\/\" \/>\n<meta property=\"og:site_name\" content=\"Easyledstore\" \/>\n<meta property=\"article:publisher\" content=\"https:\/\/www.facebook.com\/easyledstore\" \/>\n<meta property=\"og:image\" content=\"https:\/\/www.easyledstore.it\/wp-content\/uploads\/2024\/05\/strisciaLed-zigzag-IP20-scaled.jpg\" \/>\n\t<meta property=\"og:image:width\" content=\"2560\" \/>\n\t<meta property=\"og:image:height\" content=\"2560\" \/>\n\t<meta property=\"og:image:type\" content=\"image\/jpeg\" \/>\n<meta name=\"twitter:card\" content=\"summary_large_image\" \/>\n<!-- \/ Yoast SEO plugin. -->","yoast_head_json":{"title":"Tira LED ZigZag - IP20 - 5 metros - Blanco c\u00e1lido - Easyledstore","description":"Tira LED ZigZag Blanco C\u00e1lido 3000K para interiores - para se\u00f1alizaci\u00f3n y decoraci\u00f3n de interiores Bobina de 5 metros","robots":{"index":"index","follow":"follow","max-snippet":"max-snippet:-1","max-image-preview":"max-image-preview:large","max-video-preview":"max-video-preview:-1"},"canonical":"https:\/\/www.easyledstore.it\/es\/producto\/tira-led-zigzag-ip20-5-metros-blanco-calido\/","og_locale":"es_ES","og_type":"article","og_title":"Tira LED ZigZag - IP20 - 5 metros - Blanco c\u00e1lido - Easyledstore","og_description":"Tira LED ZigZag Blanco C\u00e1lido 3000K para interiores - para se\u00f1alizaci\u00f3n y decoraci\u00f3n de interiores Bobina de 5 metros","og_url":"https:\/\/www.easyledstore.it\/es\/producto\/tira-led-zigzag-ip20-5-metros-blanco-calido\/","og_site_name":"Easyledstore","article_publisher":"https:\/\/www.facebook.com\/easyledstore","og_image":[{"width":2560,"height":2560,"url":"https:\/\/www.easyledstore.it\/wp-content\/uploads\/2024\/05\/strisciaLed-zigzag-IP20-scaled.jpg","type":"image\/jpeg"}],"twitter_card":"summary_large_image","schema":{"@context":"https:\/\/schema.org","@graph":[{"@type":"WebPage","@id":"https:\/\/www.easyledstore.it\/es\/producto\/tira-led-zigzag-ip20-5-metros-blanco-calido\/","url":"https:\/\/www.easyledstore.it\/es\/producto\/tira-led-zigzag-ip20-5-metros-blanco-calido\/","name":"Tira LED ZigZag - IP20 - 5 metros - Blanco c\u00e1lido - Easyledstore","isPartOf":{"@id":"https:\/\/www.easyledstore.it\/es\/#website"},"primaryImageOfPage":{"@id":"https:\/\/www.easyledstore.it\/es\/producto\/tira-led-zigzag-ip20-5-metros-blanco-calido\/#primaryimage"},"image":{"@id":"https:\/\/www.easyledstore.it\/es\/producto\/tira-led-zigzag-ip20-5-metros-blanco-calido\/#primaryimage"},"thumbnailUrl":"https:\/\/www.easyledstore.it\/wp-content\/uploads\/2024\/05\/strisciaLed-zigzag-IP20-scaled.jpg","datePublished":"2025-09-29T08:28:02+00:00","description":"Tira LED ZigZag Blanco C\u00e1lido 3000K para interiores - para se\u00f1alizaci\u00f3n y decoraci\u00f3n de interiores Bobina de 5 metros","breadcrumb":{"@id":"https:\/\/www.easyledstore.it\/es\/producto\/tira-led-zigzag-ip20-5-metros-blanco-calido\/#breadcrumb"},"inLanguage":"es","potentialAction":[{"@type":"ReadAction","target":["https:\/\/www.easyledstore.it\/es\/producto\/tira-led-zigzag-ip20-5-metros-blanco-calido\/"]}]},{"@type":"ImageObject","inLanguage":"es","@id":"https:\/\/www.easyledstore.it\/es\/producto\/tira-led-zigzag-ip20-5-metros-blanco-calido\/#primaryimage","url":"https:\/\/www.easyledstore.it\/wp-content\/uploads\/2024\/05\/strisciaLed-zigzag-IP20-scaled.jpg","contentUrl":"https:\/\/www.easyledstore.it\/wp-content\/uploads\/2024\/05\/strisciaLed-zigzag-IP20-scaled.jpg","width":2560,"height":2560,"caption":"Tira LED ZigZag IP20 - 5 metros"},{"@type":"BreadcrumbList","@id":"https:\/\/www.easyledstore.it\/es\/producto\/tira-led-zigzag-ip20-5-metros-blanco-calido\/#breadcrumb","itemListElement":[{"@type":"ListItem","position":1,"name":"Home","item":"https:\/\/www.easyledstore.it\/es\/modulos-de-senalizacion-led\/"},{"@type":"ListItem","position":2,"name":"Tienda IT","item":"https:\/\/www.easyledstore.it\/es\/tienda\/"},{"@type":"ListItem","position":3,"name":"Tira LED ZigZag &#8211; IP20 &#8211; 5 metros &#8211; Blanco c\u00e1lido"}]},{"@type":"WebSite","@id":"https:\/\/www.easyledstore.it\/es\/#website","url":"https:\/\/www.easyledstore.it\/es\/","name":"Easyledstore","description":"Alimentatori e Moduli LED per Insegne Luminose","publisher":{"@id":"https:\/\/www.easyledstore.it\/es\/#organization"},"potentialAction":[{"@type":"SearchAction","target":{"@type":"EntryPoint","urlTemplate":"https:\/\/www.easyledstore.it\/es\/?s={search_term_string}"},"query-input":{"@type":"PropertyValueSpecification","valueRequired":true,"valueName":"search_term_string"}}],"inLanguage":"es"},{"@type":"Organization","@id":"https:\/\/www.easyledstore.it\/es\/#organization","name":"LTC Lighting Trading Company srls","url":"https:\/\/www.easyledstore.it\/es\/","logo":{"@type":"ImageObject","inLanguage":"es","@id":"https:\/\/www.easyledstore.it\/es\/#\/schema\/logo\/image\/","url":"https:\/\/www.easyledstore.it\/wp-content\/uploads\/2018\/03\/Landscape-FullColor-2000.png","contentUrl":"https:\/\/www.easyledstore.it\/wp-content\/uploads\/2018\/03\/Landscape-FullColor-2000.png","width":2000,"height":641,"caption":"LTC Lighting Trading Company srls"},"image":{"@id":"https:\/\/www.easyledstore.it\/es\/#\/schema\/logo\/image\/"},"sameAs":["https:\/\/www.facebook.com\/easyledstore"]}]}},"_links":{"self":[{"href":"https:\/\/www.easyledstore.it\/es\/wp-json\/wp\/v2\/product\/11276","targetHints":{"allow":["GET"]}}],"collection":[{"href":"https:\/\/www.easyledstore.it\/es\/wp-json\/wp\/v2\/product"}],"about":[{"href":"https:\/\/www.easyledstore.it\/es\/wp-json\/wp\/v2\/types\/product"}],"replies":[{"embeddable":true,"href":"https:\/\/www.easyledstore.it\/es\/wp-json\/wp\/v2\/comments?post=11276"}],"wp:featuredmedia":[{"embeddable":true,"href":"https:\/\/www.easyledstore.it\/es\/wp-json\/wp\/v2\/media\/10232"}],"wp:attachment":[{"href":"https:\/\/www.easyledstore.it\/es\/wp-json\/wp\/v2\/media?parent=11276"}],"wp:term":[{"taxonomy":"product_brand","embeddable":true,"href":"https:\/\/www.easyledstore.it\/es\/wp-json\/wp\/v2\/product_brand?post=11276"},{"taxonomy":"product_cat","embeddable":true,"href":"https:\/\/www.easyledstore.it\/es\/wp-json\/wp\/v2\/product_cat?post=11276"},{"taxonomy":"product_tag","embeddable":true,"href":"https:\/\/www.easyledstore.it\/es\/wp-json\/wp\/v2\/product_tag?post=11276"}],"curies":[{"name":"wp","href":"https:\/\/api.w.org\/{rel}","templated":true}]}}