{"id":11215,"date":"2025-11-27T12:32:02","date_gmt":"2025-11-27T11:32:02","guid":{"rendered":"https:\/\/www.easyledstore.it\/prodotto\/modulo-led-super-mini-blanco-calido-12v-02w-1-diodo\/"},"modified":"2025-11-27T12:32:02","modified_gmt":"2025-11-27T11:32:02","slug":"modulo-led-super-mini-blanco-calido-12v-02w-1-diodo","status":"publish","type":"product","link":"https:\/\/www.easyledstore.it\/es\/producto\/modulo-led-super-mini-blanco-calido-12v-02w-1-diodo\/","title":{"rendered":"M\u00f3dulo LED Super Mini Blanco C\u00e1lido 12V &#8211; 0,2W &#8211; 1 Diodo"},"content":{"rendered":"<h2 data-start=\"306\" data-end=\"391\">M\u00f3dulo LED Super Mini Blanco C\u00e1lido 12V &#8211; La elecci\u00f3n compacta para una iluminaci\u00f3n de calidad<\/h2>\n<p data-start=\"393\" data-end=\"692\">El <strong data-start=\"396\" data-end=\"430\">M\u00f3dulo LED Super Mini Blanco C\u00e1lido de 12 V<\/strong> es la soluci\u00f3n perfecta para quienes buscan <strong data-start=\"469\" data-end=\"513\">gran luminosidad en un espacio superpeque\u00f1o<\/strong>. Dise\u00f1ado para peque\u00f1as aplicaciones profesionales y creativas, ofrece <strong data-start=\"579\" data-end=\"601\">una luz de 3000K<\/strong> ideal para letras 3D, letreros luminosos, decoraciones e instalaciones de precisi\u00f3n. <\/p>\n<p data-start=\"694\" data-end=\"942\">A pesar de sus <strong data-start=\"708\" data-end=\"744\">dimensiones extremadamente compactas<\/strong> ( 12,8 x 6,2 x 6,8 ), este m\u00f3dulo garantiza un rendimiento asombroso: <strong data-start=\"817\" data-end=\"849\">\u00e1ngulo de haz de 120\u00b0-160\u00b0<\/strong>, <strong data-start=\"851\" data-end=\"887\">consumo de s\u00f3lo 0,2 W<\/strong> y una eficacia luminosa que realza cada detalle.<\/p>\n<h3 data-start=\"944\" data-end=\"1010\">\u2705 Caracter\u00edsticas t\u00e9cnicas del M\u00f3dulo LED Super Mini:<\/h3>\n<ul data-start=\"1011\" data-end=\"1391\">\n<li data-start=\"1011\" data-end=\"1051\">\n<p data-start=\"1013\" data-end=\"1051\"><strong data-start=\"1015\" data-end=\"1044\">\u2705 Tensi\u00f3n de alimentaci\u00f3n<\/strong>: 12V<\/p>\n<\/li>\n<li data-start=\"1052\" data-end=\"1098\">\n<p data-start=\"1054\" data-end=\"1098\">\u2705 <strong data-start=\"1056\" data-end=\"1078\">Temperatura de color<\/strong>: Blanco c\u00e1lido 3000K<\/p>\n<\/li>\n<li data-start=\"1099\" data-end=\"1166\">\n<p data-start=\"1101\" data-end=\"1166\">\u2705 <strong data-start=\"1103\" data-end=\"1126\">Grado de protecci\u00f3n<\/strong>: IP67 (resistente al agua y al polvo)<\/p>\n<\/li>\n<li data-start=\"1167\" data-end=\"1206\">\n<p data-start=\"1169\" data-end=\"1206\"><strong data-start=\"1171\" data-end=\"1193\">\u2705 \u00c1ngulo de apertura<\/strong>: 160\u00b0.<\/p>\n<\/li>\n<li data-start=\"1207\" data-end=\"1244\">\n<p data-start=\"1209\" data-end=\"1244\">\u2705 <strong data-start=\"1211\" data-end=\"1228\">N\u00famero de LED<\/strong>: 1 por m\u00f3dulo<\/p>\n<\/li>\n<li data-start=\"1245\" data-end=\"1280\">\n<p data-start=\"1247\" data-end=\"1280\">\u2705 <strong data-start=\"1249\" data-end=\"1260\">Consumo<\/strong>: 0,2 W por m\u00f3dulo<\/p>\n<\/li>\n<li data-start=\"1281\" data-end=\"1313\">\n<p data-start=\"1283\" data-end=\"1313\">\u2705 <strong data-start=\"1285\" data-end=\"1295\">Corte<\/strong>: m\u00f3dulo \u00fanico<\/p>\n<\/li>\n<li data-start=\"1314\" data-end=\"1391\">\n<p data-start=\"1316\" data-end=\"1391\">\u2705 <strong data-start=\"1318\" data-end=\"1335\">Instalaci\u00f3n<\/strong>: f\u00e1cil con <strong data-start=\"1348\" data-end=\"1364\">cinta adhesiva de doble cara 3M<\/strong><\/p>\n<\/li>\n<\/ul>\n<p data-start=\"1393\" data-end=\"1689\">El <strong data-start=\"1396\" data-end=\"1430\">M\u00f3dulo LED Super Mini <\/strong>es perfecto para grosores de <strong data-start=\"1459\" data-end=\"1472\">3 cm a 10 cm<\/strong>, por lo que es ideal para proyectos en los que el espacio es limitado pero la visibilidad es primordial. Por su fiabilidad y facilidad de montaje, es muy apreciado por instaladores, dise\u00f1adores y rotulistas. <\/p>\n<p data-start=\"1691\" data-end=\"1861\"><strong data-start=\"1694\" data-end=\"1716\">\ud83d\udca1 Peque\u00f1o pero potente<\/strong>: no dejes que el tama\u00f1o te enga\u00f1e. Este m\u00f3dulo ofrece <strong data-start=\"1784\" data-end=\"1818\">una luminosidad uniforme y constante<\/strong>, incluso en condiciones ambientales dif\u00edciles. <\/p>\n<p data-start=\"1863\" data-end=\"2021\">\ud83c\udf10 \u00bfQuieres saber m\u00e1s sobre nuestros productos LED? Visita nuestra <a class=\"cursor-pointer\" target=\"_new\" rel=\"noopener\" data-start=\"1929\" data-end=\"2020\">p\u00e1gina de m\u00f3dulos LED<\/a>. <\/p>\n<p><strong style=\"font-size: 18px;\">Sigue a EasyLedStore.co.uk tambi\u00e9n en las redes sociales<\/strong><\/p>\n<ul style=\"list-style: none; padding: 0; font-size: 18px;\">\n<li style=\"text-align: left;\"><a href=\"https:\/\/www.instagram.com\/easyledstore.it\" target=\"_blank\" rel=\"noopener noreferrer nofollow\">Instagram &#8211; <\/a><a href=\"https:\/\/www.facebook.com\/easyledstore\" target=\"_blank\" rel=\"noopener noreferrer nofollow\">Facebook &#8211; <\/a><a href=\"https:\/\/www.tiktok.com\/@easyledstore.it\" target=\"_blank\" rel=\"noopener noreferrer nofollow\">TikTok &#8211; <\/a><a href=\"https:\/\/www.youtube.com\/@easyledstore4589\" target=\"_blank\" rel=\"noopener noreferrer nofollow\">YouTube<\/a><\/li>\n<\/ul>\n","protected":false},"excerpt":{"rendered":"<p>M\u00f3dulo LED supermini blanco c\u00e1lido de 12 V, compacto y potente, ideal para r\u00f3tulos y letras de caj\u00f3n. IP67, 3000K, f\u00e1cil de instalar. Descubre la calidad profesional.  <\/p>\n","protected":false},"featured_media":10946,"comment_status":"open","ping_status":"closed","template":"","meta":[],"product_brand":[],"product_cat":[1237,1415,1783],"product_tag":[1649,1244,1070,1071,1073,1784,1072,1211,1825],"class_list":{"0":"post-11215","1":"product","2":"type-product","3":"status-publish","4":"has-post-thumbnail","6":"product_cat-modulos-led","7":"product_cat-modulos-led-pequenos","8":"product_cat-super-mini-led","9":"product_tag-1-led","10":"product_tag-1244","11":"product_tag-12v","12":"product_tag-160-grados","13":"product_tag-3000k","14":"product_tag-41-lumen","15":"product_tag-blanco-calido","16":"product_tag-certificacion-ip67","17":"product_tag-certificado-ip67","19":"first","20":"instock","21":"taxable","22":"shipping-taxable","23":"purchasable","24":"product-type-simple"},"yoast_head":"<!-- This site is optimized with the Yoast SEO plugin v27.3 - https:\/\/yoast.com\/product\/yoast-seo-wordpress\/ -->\n<title>M\u00f3dulo LED Super Mini Blanco C\u00e1lido 12V - 0,2W - 1 Diodo - Easyledstore<\/title>\n<meta name=\"description\" content=\"Descubre el M\u00f3dulo LED Super Mini Blanco C\u00e1lido, supercompacto, el m\u00e1s peque\u00f1o del mercado, para rotulaci\u00f3n 3D y otras instalaciones mini 12V: luz 3000K, IP67\" \/>\n<meta name=\"robots\" content=\"index, follow, max-snippet:-1, max-image-preview:large, max-video-preview:-1\" \/>\n<link rel=\"canonical\" href=\"https:\/\/www.easyledstore.it\/es\/producto\/modulo-led-super-mini-blanco-calido-12v-02w-1-diodo\/\" \/>\n<meta property=\"og:locale\" content=\"es_ES\" \/>\n<meta property=\"og:type\" content=\"article\" \/>\n<meta property=\"og:title\" content=\"M\u00f3dulo LED Super Mini Blanco C\u00e1lido 12V - 0,2W - 1 Diodo - Easyledstore\" \/>\n<meta property=\"og:description\" content=\"Descubre el M\u00f3dulo LED Super Mini Blanco C\u00e1lido, supercompacto, el m\u00e1s peque\u00f1o del mercado, para rotulaci\u00f3n 3D y otras instalaciones mini 12V: luz 3000K, IP67\" \/>\n<meta property=\"og:url\" content=\"https:\/\/www.easyledstore.it\/es\/producto\/modulo-led-super-mini-blanco-calido-12v-02w-1-diodo\/\" \/>\n<meta property=\"og:site_name\" content=\"Easyledstore\" \/>\n<meta property=\"article:publisher\" content=\"https:\/\/www.facebook.com\/easyledstore\" \/>\n<meta property=\"og:image\" content=\"https:\/\/www.easyledstore.it\/wp-content\/uploads\/2025\/08\/Super-Mini.jpg\" \/>\n\t<meta property=\"og:image:width\" content=\"2000\" \/>\n\t<meta property=\"og:image:height\" content=\"2000\" \/>\n\t<meta property=\"og:image:type\" content=\"image\/jpeg\" \/>\n<meta name=\"twitter:card\" content=\"summary_large_image\" \/>\n<meta name=\"twitter:label1\" content=\"Tiempo de lectura\" \/>\n\t<meta name=\"twitter:data1\" content=\"1 minuto\" \/>\n<!-- \/ Yoast SEO plugin. -->","yoast_head_json":{"title":"M\u00f3dulo LED Super Mini Blanco C\u00e1lido 12V - 0,2W - 1 Diodo - Easyledstore","description":"Descubre el M\u00f3dulo LED Super Mini Blanco C\u00e1lido, supercompacto, el m\u00e1s peque\u00f1o del mercado, para rotulaci\u00f3n 3D y otras instalaciones mini 12V: luz 3000K, IP67","robots":{"index":"index","follow":"follow","max-snippet":"max-snippet:-1","max-image-preview":"max-image-preview:large","max-video-preview":"max-video-preview:-1"},"canonical":"https:\/\/www.easyledstore.it\/es\/producto\/modulo-led-super-mini-blanco-calido-12v-02w-1-diodo\/","og_locale":"es_ES","og_type":"article","og_title":"M\u00f3dulo LED Super Mini Blanco C\u00e1lido 12V - 0,2W - 1 Diodo - Easyledstore","og_description":"Descubre el M\u00f3dulo LED Super Mini Blanco C\u00e1lido, supercompacto, el m\u00e1s peque\u00f1o del mercado, para rotulaci\u00f3n 3D y otras instalaciones mini 12V: luz 3000K, IP67","og_url":"https:\/\/www.easyledstore.it\/es\/producto\/modulo-led-super-mini-blanco-calido-12v-02w-1-diodo\/","og_site_name":"Easyledstore","article_publisher":"https:\/\/www.facebook.com\/easyledstore","og_image":[{"width":2000,"height":2000,"url":"https:\/\/www.easyledstore.it\/wp-content\/uploads\/2025\/08\/Super-Mini.jpg","type":"image\/jpeg"}],"twitter_card":"summary_large_image","twitter_misc":{"Tiempo de lectura":"1 minuto"},"schema":{"@context":"https:\/\/schema.org","@graph":[{"@type":"WebPage","@id":"https:\/\/www.easyledstore.it\/es\/producto\/modulo-led-super-mini-blanco-calido-12v-02w-1-diodo\/","url":"https:\/\/www.easyledstore.it\/es\/producto\/modulo-led-super-mini-blanco-calido-12v-02w-1-diodo\/","name":"M\u00f3dulo LED Super Mini Blanco C\u00e1lido 12V - 0,2W - 1 Diodo - Easyledstore","isPartOf":{"@id":"https:\/\/www.easyledstore.it\/es\/#website"},"primaryImageOfPage":{"@id":"https:\/\/www.easyledstore.it\/es\/producto\/modulo-led-super-mini-blanco-calido-12v-02w-1-diodo\/#primaryimage"},"image":{"@id":"https:\/\/www.easyledstore.it\/es\/producto\/modulo-led-super-mini-blanco-calido-12v-02w-1-diodo\/#primaryimage"},"thumbnailUrl":"https:\/\/www.easyledstore.it\/wp-content\/uploads\/2025\/08\/Super-Mini.jpg","datePublished":"2025-11-27T11:32:02+00:00","description":"Descubre el M\u00f3dulo LED Super Mini Blanco C\u00e1lido, supercompacto, el m\u00e1s peque\u00f1o del mercado, para rotulaci\u00f3n 3D y otras instalaciones mini 12V: luz 3000K, IP67","breadcrumb":{"@id":"https:\/\/www.easyledstore.it\/es\/producto\/modulo-led-super-mini-blanco-calido-12v-02w-1-diodo\/#breadcrumb"},"inLanguage":"es","potentialAction":[{"@type":"ReadAction","target":["https:\/\/www.easyledstore.it\/es\/producto\/modulo-led-super-mini-blanco-calido-12v-02w-1-diodo\/"]}]},{"@type":"ImageObject","inLanguage":"es","@id":"https:\/\/www.easyledstore.it\/es\/producto\/modulo-led-super-mini-blanco-calido-12v-02w-1-diodo\/#primaryimage","url":"https:\/\/www.easyledstore.it\/wp-content\/uploads\/2025\/08\/Super-Mini.jpg","contentUrl":"https:\/\/www.easyledstore.it\/wp-content\/uploads\/2025\/08\/Super-Mini.jpg","width":2000,"height":2000,"caption":"M\u00f3dulo LED Super Mini"},{"@type":"BreadcrumbList","@id":"https:\/\/www.easyledstore.it\/es\/producto\/modulo-led-super-mini-blanco-calido-12v-02w-1-diodo\/#breadcrumb","itemListElement":[{"@type":"ListItem","position":1,"name":"Home","item":"https:\/\/www.easyledstore.it\/es\/modulos-de-senalizacion-led\/"},{"@type":"ListItem","position":2,"name":"Tienda IT","item":"https:\/\/www.easyledstore.it\/es\/tienda\/"},{"@type":"ListItem","position":3,"name":"M\u00f3dulo LED Super Mini Blanco C\u00e1lido 12V &#8211; 0,2W &#8211; 1 Diodo"}]},{"@type":"WebSite","@id":"https:\/\/www.easyledstore.it\/es\/#website","url":"https:\/\/www.easyledstore.it\/es\/","name":"Easyledstore","description":"Alimentatori e Moduli LED per Insegne Luminose","publisher":{"@id":"https:\/\/www.easyledstore.it\/es\/#organization"},"potentialAction":[{"@type":"SearchAction","target":{"@type":"EntryPoint","urlTemplate":"https:\/\/www.easyledstore.it\/es\/?s={search_term_string}"},"query-input":{"@type":"PropertyValueSpecification","valueRequired":true,"valueName":"search_term_string"}}],"inLanguage":"es"},{"@type":"Organization","@id":"https:\/\/www.easyledstore.it\/es\/#organization","name":"LTC Lighting Trading Company srls","url":"https:\/\/www.easyledstore.it\/es\/","logo":{"@type":"ImageObject","inLanguage":"es","@id":"https:\/\/www.easyledstore.it\/es\/#\/schema\/logo\/image\/","url":"https:\/\/www.easyledstore.it\/wp-content\/uploads\/2018\/03\/Landscape-FullColor-2000.png","contentUrl":"https:\/\/www.easyledstore.it\/wp-content\/uploads\/2018\/03\/Landscape-FullColor-2000.png","width":2000,"height":641,"caption":"LTC Lighting Trading Company srls"},"image":{"@id":"https:\/\/www.easyledstore.it\/es\/#\/schema\/logo\/image\/"},"sameAs":["https:\/\/www.facebook.com\/easyledstore"]}]}},"_links":{"self":[{"href":"https:\/\/www.easyledstore.it\/es\/wp-json\/wp\/v2\/product\/11215","targetHints":{"allow":["GET"]}}],"collection":[{"href":"https:\/\/www.easyledstore.it\/es\/wp-json\/wp\/v2\/product"}],"about":[{"href":"https:\/\/www.easyledstore.it\/es\/wp-json\/wp\/v2\/types\/product"}],"replies":[{"embeddable":true,"href":"https:\/\/www.easyledstore.it\/es\/wp-json\/wp\/v2\/comments?post=11215"}],"wp:featuredmedia":[{"embeddable":true,"href":"https:\/\/www.easyledstore.it\/es\/wp-json\/wp\/v2\/media\/10946"}],"wp:attachment":[{"href":"https:\/\/www.easyledstore.it\/es\/wp-json\/wp\/v2\/media?parent=11215"}],"wp:term":[{"taxonomy":"product_brand","embeddable":true,"href":"https:\/\/www.easyledstore.it\/es\/wp-json\/wp\/v2\/product_brand?post=11215"},{"taxonomy":"product_cat","embeddable":true,"href":"https:\/\/www.easyledstore.it\/es\/wp-json\/wp\/v2\/product_cat?post=11215"},{"taxonomy":"product_tag","embeddable":true,"href":"https:\/\/www.easyledstore.it\/es\/wp-json\/wp\/v2\/product_tag?post=11215"}],"curies":[{"name":"wp","href":"https:\/\/api.w.org\/{rel}","templated":true}]}}