{"id":11199,"date":"2025-12-23T10:22:30","date_gmt":"2025-12-23T09:22:30","guid":{"rendered":"https:\/\/www.easyledstore.it\/prodotto\/fresa-para-flex-neon-split-6-mm-con-mango-de-6-mm\/"},"modified":"2026-02-23T16:34:45","modified_gmt":"2026-02-23T15:34:45","slug":"fresa-para-flex-neon-split-6-mm-con-mango-de-6-mm","status":"publish","type":"product","link":"https:\/\/www.easyledstore.it\/es\/producto\/fresa-para-flex-neon-split-6-mm-con-mango-de-6-mm\/","title":{"rendered":"Fresa para Flex Neon Split 6 mm con mango de 6 mm"},"content":{"rendered":"<ul data-start=\"476\" data-end=\"833\">\n<li data-start=\"476\" data-end=\"534\">\n<p data-start=\"478\" data-end=\"534\">Punta de corte compatible con <strong data-start=\"509\" data-end=\"532\">Flex Neon Split 6mm<\/strong><\/p>\n<\/li>\n<li data-start=\"535\" data-end=\"600\">\n<p data-start=\"537\" data-end=\"600\">V\u00e1stago universal <strong data-start=\"556\" data-end=\"563\">de 6 mm<\/strong> para la mayor\u00eda de las fresadoras<\/p>\n<\/li>\n<li data-start=\"601\" data-end=\"671\">\n<p data-start=\"603\" data-end=\"671\">Fabricado con material duradero para un corte limpio y duradero<\/p>\n<\/li>\n<li data-start=\"672\" data-end=\"744\">\n<p data-start=\"674\" data-end=\"744\">Perfecto para instalaciones profesionales y mecanizado de precisi\u00f3n<\/p>\n<\/li>\n<li data-start=\"745\" data-end=\"833\">\n<p data-start=\"747\" data-end=\"833\">Facilita los cortes limpios y la conformaci\u00f3n del ne\u00f3n flexible sin da\u00f1ar el material<\/p>\n<\/li>\n<\/ul>\n<p data-start=\"835\" data-end=\"885\"><strong data-start=\"835\" data-end=\"844\">Nota:<\/strong> se venden individualmente, listos para usar.<\/p>\n<p><img loading=\"lazy\" decoding=\"async\" class=\"alignnone wp-image-4279 size-full\" src=\"https:\/\/www.easyledstore.it\/wp-content\/uploads\/2024\/05\/fresa-led-split-neon.jpg\" alt=\"Fresado de letras divididas de ne\u00f3n LED\" width=\"640\" height=\"301\" srcset=\"https:\/\/www.easyledstore.it\/wp-content\/uploads\/2024\/05\/fresa-led-split-neon.jpg 640w, https:\/\/www.easyledstore.it\/wp-content\/uploads\/2024\/05\/fresa-led-split-neon-480x226.jpg 480w\" sizes=\"(min-width: 0px) and (max-width: 480px) 480px, (min-width: 481px) 640px, 100vw\" \/><\/p>\n","protected":false},"excerpt":{"rendered":"<p>Fresa profesional para mecanizar el <strong data-start=\"340\" data-end=\"363\">Flex Neon Split<\/strong> de 6 mm. Ideal para grabar, cortar y personalizar con precisi\u00f3n. <\/p>\n","protected":false},"featured_media":11202,"comment_status":"open","ping_status":"closed","template":"","meta":[],"product_brand":[],"product_cat":[1206,1289],"product_tag":[1208,1210,1212,1209],"class_list":{"0":"post-11199","1":"product","2":"type-product","3":"status-publish","4":"has-post-thumbnail","6":"product_cat-accesorios","7":"product_cat-accesorios-flex-neon-split","8":"product_tag-accesorios","9":"product_tag-accesorios-de-senalizacion","10":"product_tag-herramientas-profesores","11":"product_tag-led-neon-split","13":"first","14":"instock","15":"taxable","16":"shipping-taxable","17":"purchasable","18":"product-type-simple"},"yoast_head":"<!-- This site is optimized with the Yoast SEO plugin v27.3 - https:\/\/yoast.com\/product\/yoast-seo-wordpress\/ -->\n<title>fresa para Flex Neon Split 6mm |Easyledstore%%<\/title>\n<meta name=\"description\" content=\"Broca profesional para fresadora Flex Neon Split de 6 mm. Ideal para cortar y dar forma con precisi\u00f3n, perfecta para trabajos de precisi\u00f3n.\" \/>\n<meta name=\"robots\" content=\"index, follow, max-snippet:-1, max-image-preview:large, max-video-preview:-1\" \/>\n<link rel=\"canonical\" href=\"https:\/\/www.easyledstore.it\/es\/producto\/fresa-para-flex-neon-split-6-mm-con-mango-de-6-mm\/\" \/>\n<meta property=\"og:locale\" content=\"es_ES\" \/>\n<meta property=\"og:type\" content=\"article\" \/>\n<meta property=\"og:title\" content=\"fresa para Flex Neon Split 6mm |Easyledstore%%\" \/>\n<meta property=\"og:description\" content=\"Broca profesional para fresadora Flex Neon Split de 6 mm. Ideal para cortar y dar forma con precisi\u00f3n, perfecta para trabajos de precisi\u00f3n.\" \/>\n<meta property=\"og:url\" content=\"https:\/\/www.easyledstore.it\/es\/producto\/fresa-para-flex-neon-split-6-mm-con-mango-de-6-mm\/\" \/>\n<meta property=\"og:site_name\" content=\"Easyledstore\" \/>\n<meta property=\"article:publisher\" content=\"https:\/\/www.facebook.com\/easyledstore\" \/>\n<meta property=\"article:modified_time\" content=\"2026-02-23T15:34:45+00:00\" \/>\n<meta property=\"og:image\" content=\"https:\/\/www.easyledstore.it\/wp-content\/uploads\/2025\/12\/Punta-6-6.jpg\" \/>\n\t<meta property=\"og:image:width\" content=\"600\" \/>\n\t<meta property=\"og:image:height\" content=\"600\" \/>\n\t<meta property=\"og:image:type\" content=\"image\/jpeg\" \/>\n<meta name=\"twitter:card\" content=\"summary_large_image\" \/>\n<!-- \/ Yoast SEO plugin. -->","yoast_head_json":{"title":"fresa para Flex Neon Split 6mm |Easyledstore%%","description":"Broca profesional para fresadora Flex Neon Split de 6 mm. Ideal para cortar y dar forma con precisi\u00f3n, perfecta para trabajos de precisi\u00f3n.","robots":{"index":"index","follow":"follow","max-snippet":"max-snippet:-1","max-image-preview":"max-image-preview:large","max-video-preview":"max-video-preview:-1"},"canonical":"https:\/\/www.easyledstore.it\/es\/producto\/fresa-para-flex-neon-split-6-mm-con-mango-de-6-mm\/","og_locale":"es_ES","og_type":"article","og_title":"fresa para Flex Neon Split 6mm |Easyledstore%%","og_description":"Broca profesional para fresadora Flex Neon Split de 6 mm. Ideal para cortar y dar forma con precisi\u00f3n, perfecta para trabajos de precisi\u00f3n.","og_url":"https:\/\/www.easyledstore.it\/es\/producto\/fresa-para-flex-neon-split-6-mm-con-mango-de-6-mm\/","og_site_name":"Easyledstore","article_publisher":"https:\/\/www.facebook.com\/easyledstore","article_modified_time":"2026-02-23T15:34:45+00:00","og_image":[{"width":600,"height":600,"url":"https:\/\/www.easyledstore.it\/wp-content\/uploads\/2025\/12\/Punta-6-6.jpg","type":"image\/jpeg"}],"twitter_card":"summary_large_image","schema":{"@context":"https:\/\/schema.org","@graph":[{"@type":"WebPage","@id":"https:\/\/www.easyledstore.it\/es\/producto\/fresa-para-flex-neon-split-6-mm-con-mango-de-6-mm\/","url":"https:\/\/www.easyledstore.it\/es\/producto\/fresa-para-flex-neon-split-6-mm-con-mango-de-6-mm\/","name":"fresa para Flex Neon Split 6mm |Easyledstore%%","isPartOf":{"@id":"https:\/\/www.easyledstore.it\/es\/#website"},"primaryImageOfPage":{"@id":"https:\/\/www.easyledstore.it\/es\/producto\/fresa-para-flex-neon-split-6-mm-con-mango-de-6-mm\/#primaryimage"},"image":{"@id":"https:\/\/www.easyledstore.it\/es\/producto\/fresa-para-flex-neon-split-6-mm-con-mango-de-6-mm\/#primaryimage"},"thumbnailUrl":"https:\/\/www.easyledstore.it\/wp-content\/uploads\/2025\/12\/Punta-6-6.jpg","datePublished":"2025-12-23T09:22:30+00:00","dateModified":"2026-02-23T15:34:45+00:00","description":"Broca profesional para fresadora Flex Neon Split de 6 mm. Ideal para cortar y dar forma con precisi\u00f3n, perfecta para trabajos de precisi\u00f3n.","breadcrumb":{"@id":"https:\/\/www.easyledstore.it\/es\/producto\/fresa-para-flex-neon-split-6-mm-con-mango-de-6-mm\/#breadcrumb"},"inLanguage":"es","potentialAction":[{"@type":"ReadAction","target":["https:\/\/www.easyledstore.it\/es\/producto\/fresa-para-flex-neon-split-6-mm-con-mango-de-6-mm\/"]}]},{"@type":"ImageObject","inLanguage":"es","@id":"https:\/\/www.easyledstore.it\/es\/producto\/fresa-para-flex-neon-split-6-mm-con-mango-de-6-mm\/#primaryimage","url":"https:\/\/www.easyledstore.it\/wp-content\/uploads\/2025\/12\/Punta-6-6.jpg","contentUrl":"https:\/\/www.easyledstore.it\/wp-content\/uploads\/2025\/12\/Punta-6-6.jpg","width":600,"height":600,"caption":"Attacco 6 Attacco 6"},{"@type":"BreadcrumbList","@id":"https:\/\/www.easyledstore.it\/es\/producto\/fresa-para-flex-neon-split-6-mm-con-mango-de-6-mm\/#breadcrumb","itemListElement":[{"@type":"ListItem","position":1,"name":"Home","item":"https:\/\/www.easyledstore.it\/es\/modulos-de-senalizacion-led\/"},{"@type":"ListItem","position":2,"name":"Tienda IT","item":"https:\/\/www.easyledstore.it\/es\/tienda\/"},{"@type":"ListItem","position":3,"name":"Fresa para Flex Neon Split 6 mm con mango de 6 mm"}]},{"@type":"WebSite","@id":"https:\/\/www.easyledstore.it\/es\/#website","url":"https:\/\/www.easyledstore.it\/es\/","name":"Easyledstore","description":"Alimentatori e Moduli LED per Insegne Luminose","publisher":{"@id":"https:\/\/www.easyledstore.it\/es\/#organization"},"potentialAction":[{"@type":"SearchAction","target":{"@type":"EntryPoint","urlTemplate":"https:\/\/www.easyledstore.it\/es\/?s={search_term_string}"},"query-input":{"@type":"PropertyValueSpecification","valueRequired":true,"valueName":"search_term_string"}}],"inLanguage":"es"},{"@type":"Organization","@id":"https:\/\/www.easyledstore.it\/es\/#organization","name":"LTC Lighting Trading Company srls","url":"https:\/\/www.easyledstore.it\/es\/","logo":{"@type":"ImageObject","inLanguage":"es","@id":"https:\/\/www.easyledstore.it\/es\/#\/schema\/logo\/image\/","url":"https:\/\/www.easyledstore.it\/wp-content\/uploads\/2018\/03\/Landscape-FullColor-2000.png","contentUrl":"https:\/\/www.easyledstore.it\/wp-content\/uploads\/2018\/03\/Landscape-FullColor-2000.png","width":2000,"height":641,"caption":"LTC Lighting Trading Company srls"},"image":{"@id":"https:\/\/www.easyledstore.it\/es\/#\/schema\/logo\/image\/"},"sameAs":["https:\/\/www.facebook.com\/easyledstore"]}]}},"_links":{"self":[{"href":"https:\/\/www.easyledstore.it\/es\/wp-json\/wp\/v2\/product\/11199","targetHints":{"allow":["GET"]}}],"collection":[{"href":"https:\/\/www.easyledstore.it\/es\/wp-json\/wp\/v2\/product"}],"about":[{"href":"https:\/\/www.easyledstore.it\/es\/wp-json\/wp\/v2\/types\/product"}],"replies":[{"embeddable":true,"href":"https:\/\/www.easyledstore.it\/es\/wp-json\/wp\/v2\/comments?post=11199"}],"wp:featuredmedia":[{"embeddable":true,"href":"https:\/\/www.easyledstore.it\/es\/wp-json\/wp\/v2\/media\/11202"}],"wp:attachment":[{"href":"https:\/\/www.easyledstore.it\/es\/wp-json\/wp\/v2\/media?parent=11199"}],"wp:term":[{"taxonomy":"product_brand","embeddable":true,"href":"https:\/\/www.easyledstore.it\/es\/wp-json\/wp\/v2\/product_brand?post=11199"},{"taxonomy":"product_cat","embeddable":true,"href":"https:\/\/www.easyledstore.it\/es\/wp-json\/wp\/v2\/product_cat?post=11199"},{"taxonomy":"product_tag","embeddable":true,"href":"https:\/\/www.easyledstore.it\/es\/wp-json\/wp\/v2\/product_tag?post=11199"}],"curies":[{"name":"wp","href":"https:\/\/api.w.org\/{rel}","templated":true}]}}