{"id":11047,"date":"2025-06-24T16:16:41","date_gmt":"2025-06-24T14:16:41","guid":{"rendered":"https:\/\/www.easyledstore.it\/prodotto\/tira-led-zigzag-de-alta-potencia-blanco-puro-ip65-5-metros\/"},"modified":"2026-03-17T14:52:22","modified_gmt":"2026-03-17T13:52:22","slug":"tira-led-zigzag-de-alta-potencia-blanco-puro-ip65-5-metros","status":"publish","type":"product","link":"https:\/\/www.easyledstore.it\/es\/producto\/tira-led-zigzag-de-alta-potencia-blanco-puro-ip65-5-metros\/","title":{"rendered":"Tira LED ZigZag de Alta Potencia &#8211; Blanco Puro &#8211; IP65 &#8211; 5 metros"},"content":{"rendered":"<p data-start=\"314\" data-end=\"756\">La <strong data-start=\"317\" data-end=\"359\">Tira LED ZigZag Blanca Pura de Alta Potencia<\/strong> es la soluci\u00f3n ideal para quienes buscan una iluminaci\u00f3n potente, vers\u00e1til y profesional tanto en interiores como en exteriores. Dise\u00f1ada con una configuraci\u00f3n en zigzag, esta tira de LED permite una mayor flexibilidad que las tiras lineales tradicionales, por lo que es perfecta para aplicaciones en superficies curvas, \u00e1ngulos irregulares, r\u00f3tulos luminosos e instalaciones de dise\u00f1o creativo. <\/p>\n<p data-start=\"758\" data-end=\"1109\">Gracias a su <strong data-start=\"774\" data-end=\"806\">temperatura de color de 7000\u00b0K<\/strong>, la luz emitida es de <strong data-start=\"828\" data-end=\"843\">un blanco puro<\/strong> y brillante que realza cada detalle con claridad y precisi\u00f3n. Es especialmente adecuada para entornos que requieren gran visibilidad, como salas de exposiciones, escaparates, expositores, o para crear refinados efectos de luz en entornos residenciales o comerciales. <\/p>\n<p data-start=\"1111\" data-end=\"1557\">Desde un punto de vista t\u00e9cnico, la <strong data-start=\"1142\" data-end=\"1184\">Tira LED ZigZag Blanco Puro de Alta Potencia<\/strong> tiene un consumo de <strong data-start=\"1216\" data-end=\"1234\">9,6 W por metro<\/strong>, lo que garantiza una excelente relaci\u00f3n entre eficiencia energ\u00e9tica y potencia luminosa. La longitud <strong data-start=\"1329\" data-end=\"1340\">de 5 metros<\/strong> proporciona una amplia cobertura, mientras que el grado de protecci\u00f3n <strong data-start=\"1394\" data-end=\"1402\">IP65<\/strong> garantiza la resistencia al polvo y a las salpicaduras de agua, lo que la hace adecuada para su uso en exteriores o en entornos h\u00famedos como ba\u00f1os, cocinas, jardines y terrazas. <\/p>\n<p data-start=\"1559\" data-end=\"1602\">\ud83d\udd27 <strong data-start=\"1562\" data-end=\"1601\">Principales caracter\u00edsticas t\u00e9cnicas<\/strong>:<\/p>\n<ul data-start=\"1603\" data-end=\"1722\">\n<li data-start=\"1603\" data-end=\"1625\">\n<p data-start=\"1605\" data-end=\"1625\">Longitud: 5 metros<\/p>\n<\/li>\n<li data-start=\"1626\" data-end=\"1643\">\n<p data-start=\"1628\" data-end=\"1643\">Tensi\u00f3n: 12 V<\/p>\n<\/li>\n<li data-start=\"1644\" data-end=\"1673\">\n<p data-start=\"1646\" data-end=\"1673\">Color: Blanco puro 7000\u00b0K<\/p>\n<\/li>\n<li data-start=\"1674\" data-end=\"1694\">\n<p data-start=\"1676\" data-end=\"1694\">Potencia: 9,6 W\/m<\/p>\n<\/li>\n<li data-start=\"1695\" data-end=\"1722\">\n<p data-start=\"1697\" data-end=\"1722\">Grado de protecci\u00f3n: IP65<\/p>\n<\/li>\n<\/ul>\n<p data-start=\"1724\" data-end=\"1789\">\u2705 <strong data-start=\"1726\" data-end=\"1788\">Por qu\u00e9 elegir la tira LED blanca pura de alta potencia ZigZag<\/strong>:<\/p>\n<ul data-start=\"1790\" data-end=\"2052\">\n<li data-start=\"1790\" data-end=\"1843\">\n<p data-start=\"1792\" data-end=\"1843\">Mayor flexibilidad para instalaciones complejas<\/p>\n<\/li>\n<li data-start=\"1844\" data-end=\"1885\">\n<p data-start=\"1846\" data-end=\"1885\">Iluminaci\u00f3n intensa y profesional<\/p>\n<\/li>\n<li data-start=\"1886\" data-end=\"1928\">\n<p data-start=\"1888\" data-end=\"1928\">Tambi\u00e9n se puede utilizar al aire libre<\/p>\n<\/li>\n<li data-start=\"1929\" data-end=\"1985\">\n<p data-start=\"1931\" data-end=\"1985\">F\u00e1cil de montar y se puede cortar en puntos predeterminados<\/p>\n<\/li>\n<li data-start=\"1986\" data-end=\"2052\">\n<p data-start=\"1988\" data-end=\"2052\">Ideal para se\u00f1alizaci\u00f3n, mobiliario, escaparates y arquitectura luminosa<\/p>\n<\/li>\n<\/ul>\n<p data-start=\"2054\" data-end=\"2318\">\ud83d\udca1 Para un funcionamiento seguro y \u00f3ptimo, recomendamos combinar la regleta con una fuente de alimentaci\u00f3n adecuada. Descubre nuestra completa gama de <a class=\"\" href=\"https:\/\/www.easyledstore.it\/es\/categoria-producto\/fuentes-de-alimentacion\/\" target=\"_new\" rel=\"noopener\" data-start=\"2193\" data-end=\"2285\"><strong data-start=\"2194\" data-end=\"2222\">fuentes de alimentaci\u00f3n para LED 12V<\/strong><\/a> compatibles con este producto. <\/p>\n<p data-start=\"2320\" data-end=\"2428\">Elige hoy la <strong data-start=\"2335\" data-end=\"2377\">Tira LED ZigZag de alta potencia<\/strong> y aporta luz, estilo y funcionalidad a tu espacio.<\/p>\n<p><strong style=\"font-size: 18px;\">Sigue a EasyLedStore.co.uk tambi\u00e9n en las redes sociales<\/strong><\/p>\n<ul style=\"list-style: none; padding: 0; font-size: 18px;\">\n<li style=\"text-align: left;\"><a href=\"https:\/\/www.instagram.com\/easyledstore.it\" target=\"_blank\" rel=\"noopener noreferrer nofollow\">Instagram &#8211; <\/a><a href=\"https:\/\/www.facebook.com\/easyledstore\" target=\"_blank\" rel=\"noopener noreferrer nofollow\">Facebook &#8211; <\/a><a href=\"https:\/\/www.tiktok.com\/@easyledstore.it\" target=\"_blank\" rel=\"noopener noreferrer nofollow\">TikTok &#8211; <\/a><a href=\"https:\/\/www.youtube.com\/@easyledstore4589\" target=\"_blank\" rel=\"noopener noreferrer nofollow\">YouTube<\/a><\/li>\n<\/ul>\n","protected":false},"excerpt":{"rendered":"<p data-start=\"103\" data-end=\"172\"><strong data-start=\"103\" data-end=\"172\">Tira LED ZigZag de Alta Potencia Blanco Puro para Exteriores &#8211; 5m, 12V, IP65<\/strong><\/p>\n<p data-start=\"174\" data-end=\"568\">Ilumina con estilo hasta las superficies m\u00e1s complejas con la <strong data-start=\"238\" data-end=\"280\">Tira LED ZigZag Blanca Pura de Alta Potencia<\/strong>. Con una intensa luz blanca de 7000K, 9,6W\/m y una estructura flexible, es perfecta para r\u00f3tulos, curvas e instalaciones creativas. Protecci\u00f3n IP65, tambi\u00e9n apta para uso en exteriores. Ideal con fuentes de alimentaci\u00f3n de 12 V &#8211; <a class=\"\" href=\"https:\/\/www.easyledstore.it\/categoria-prodotto\/alimentatori\/\" target=\"_new\" rel=\"noopener\" data-start=\"488\" data-end=\"567\">descubre la gama<\/a>.   <\/p>\n<p><strong style=\"font-size: 18px;\">Sigue a EasyLedStore.co.uk tambi\u00e9n en las redes sociales<\/strong><\/p>\n<ul style=\"list-style: none; padding: 0; font-size: 18px;\">\n<li style=\"text-align: left;\"><a href=\"https:\/\/www.instagram.com\/easyledstore.it\" target=\"_blank\" rel=\"noopener\">Instagram &#8211; <\/a><a href=\"https:\/\/www.facebook.com\/easyledstore\" target=\"_blank\" rel=\"noopener\">Facebook &#8211; <\/a><a href=\"https:\/\/www.tiktok.com\/@easyledstore.it\" target=\"_blank\" rel=\"noopener\">TikTok &#8211; <\/a><a href=\"https:\/\/www.youtube.com\/@easyledstore4589\" target=\"_blank\" rel=\"noopener\">YouTube<\/a><\/li>\n<\/ul>\n","protected":false},"featured_media":11051,"comment_status":"open","ping_status":"closed","template":"","meta":[],"product_brand":[],"product_cat":[1285,1399,1400],"product_tag":[1070,1348,1789,1347,1076],"class_list":{"0":"post-11047","1":"product","2":"type-product","3":"status-publish","4":"has-post-thumbnail","6":"product_cat-tira-de-led","7":"product_cat-tira-en-zig-zag","8":"product_cat-zigzag-exterior","9":"product_tag-12v","10":"product_tag-7000k","11":"product_tag-9-6w","12":"product_tag-blanco-puro","13":"product_tag-certificado-ip65","15":"first","16":"instock","17":"taxable","18":"shipping-taxable","19":"purchasable","20":"product-type-simple"},"yoast_head":"<!-- This site is optimized with the Yoast SEO plugin v27.4 - https:\/\/yoast.com\/product\/yoast-seo-wordpress\/ -->\n<title>Tira LED ZigZag de Alta Potencia - Blanco Puro - IP65 - 5 metros - Easyledstore<\/title>\n<meta name=\"description\" content=\"Tira LED ZigZag de Alta Potencia Blanco Puro 3000K - exterior - para se\u00f1alizaci\u00f3n y decoraci\u00f3n de exteriores. Longitud: 5 metros\" \/>\n<meta name=\"robots\" content=\"index, follow, max-snippet:-1, max-image-preview:large, max-video-preview:-1\" \/>\n<link rel=\"canonical\" href=\"https:\/\/www.easyledstore.it\/es\/producto\/tira-led-zigzag-de-alta-potencia-blanco-puro-ip65-5-metros\/\" \/>\n<meta property=\"og:locale\" content=\"es_ES\" \/>\n<meta property=\"og:type\" content=\"article\" \/>\n<meta property=\"og:title\" content=\"Tira LED ZigZag de Alta Potencia - Blanco Puro - IP65 - 5 metros - Easyledstore\" \/>\n<meta property=\"og:description\" content=\"Tira LED ZigZag de Alta Potencia Blanco Puro 3000K - exterior - para se\u00f1alizaci\u00f3n y decoraci\u00f3n de exteriores. Longitud: 5 metros\" \/>\n<meta property=\"og:url\" content=\"https:\/\/www.easyledstore.it\/es\/producto\/tira-led-zigzag-de-alta-potencia-blanco-puro-ip65-5-metros\/\" \/>\n<meta property=\"og:site_name\" content=\"Easyledstore\" \/>\n<meta property=\"article:publisher\" content=\"https:\/\/www.facebook.com\/easyledstore\" \/>\n<meta property=\"article:modified_time\" content=\"2026-03-17T13:52:22+00:00\" \/>\n<meta property=\"og:image\" content=\"https:\/\/www.easyledstore.it\/wp-content\/uploads\/2025\/06\/3.jpg\" \/>\n\t<meta property=\"og:image:width\" content=\"2000\" \/>\n\t<meta property=\"og:image:height\" content=\"2000\" \/>\n\t<meta property=\"og:image:type\" content=\"image\/jpeg\" \/>\n<meta name=\"twitter:card\" content=\"summary_large_image\" \/>\n<meta name=\"twitter:label1\" content=\"Tiempo de lectura\" \/>\n\t<meta name=\"twitter:data1\" content=\"2 minuto\" \/>\n<!-- \/ Yoast SEO plugin. -->","yoast_head_json":{"title":"Tira LED ZigZag de Alta Potencia - Blanco Puro - IP65 - 5 metros - Easyledstore","description":"Tira LED ZigZag de Alta Potencia Blanco Puro 3000K - exterior - para se\u00f1alizaci\u00f3n y decoraci\u00f3n de exteriores. Longitud: 5 metros","robots":{"index":"index","follow":"follow","max-snippet":"max-snippet:-1","max-image-preview":"max-image-preview:large","max-video-preview":"max-video-preview:-1"},"canonical":"https:\/\/www.easyledstore.it\/es\/producto\/tira-led-zigzag-de-alta-potencia-blanco-puro-ip65-5-metros\/","og_locale":"es_ES","og_type":"article","og_title":"Tira LED ZigZag de Alta Potencia - Blanco Puro - IP65 - 5 metros - Easyledstore","og_description":"Tira LED ZigZag de Alta Potencia Blanco Puro 3000K - exterior - para se\u00f1alizaci\u00f3n y decoraci\u00f3n de exteriores. Longitud: 5 metros","og_url":"https:\/\/www.easyledstore.it\/es\/producto\/tira-led-zigzag-de-alta-potencia-blanco-puro-ip65-5-metros\/","og_site_name":"Easyledstore","article_publisher":"https:\/\/www.facebook.com\/easyledstore","article_modified_time":"2026-03-17T13:52:22+00:00","og_image":[{"width":2000,"height":2000,"url":"https:\/\/www.easyledstore.it\/wp-content\/uploads\/2025\/06\/3.jpg","type":"image\/jpeg"}],"twitter_card":"summary_large_image","twitter_misc":{"Tiempo de lectura":"2 minuto"},"schema":{"@context":"https:\/\/schema.org","@graph":[{"@type":"WebPage","@id":"https:\/\/www.easyledstore.it\/es\/producto\/tira-led-zigzag-de-alta-potencia-blanco-puro-ip65-5-metros\/","url":"https:\/\/www.easyledstore.it\/es\/producto\/tira-led-zigzag-de-alta-potencia-blanco-puro-ip65-5-metros\/","name":"Tira LED ZigZag de Alta Potencia - Blanco Puro - IP65 - 5 metros - Easyledstore","isPartOf":{"@id":"https:\/\/www.easyledstore.it\/es\/#website"},"primaryImageOfPage":{"@id":"https:\/\/www.easyledstore.it\/es\/producto\/tira-led-zigzag-de-alta-potencia-blanco-puro-ip65-5-metros\/#primaryimage"},"image":{"@id":"https:\/\/www.easyledstore.it\/es\/producto\/tira-led-zigzag-de-alta-potencia-blanco-puro-ip65-5-metros\/#primaryimage"},"thumbnailUrl":"https:\/\/www.easyledstore.it\/wp-content\/uploads\/2025\/06\/3.jpg","datePublished":"2025-06-24T14:16:41+00:00","dateModified":"2026-03-17T13:52:22+00:00","description":"Tira LED ZigZag de Alta Potencia Blanco Puro 3000K - exterior - para se\u00f1alizaci\u00f3n y decoraci\u00f3n de exteriores. Longitud: 5 metros","breadcrumb":{"@id":"https:\/\/www.easyledstore.it\/es\/producto\/tira-led-zigzag-de-alta-potencia-blanco-puro-ip65-5-metros\/#breadcrumb"},"inLanguage":"es","potentialAction":[{"@type":"ReadAction","target":["https:\/\/www.easyledstore.it\/es\/producto\/tira-led-zigzag-de-alta-potencia-blanco-puro-ip65-5-metros\/"]}]},{"@type":"ImageObject","inLanguage":"es","@id":"https:\/\/www.easyledstore.it\/es\/producto\/tira-led-zigzag-de-alta-potencia-blanco-puro-ip65-5-metros\/#primaryimage","url":"https:\/\/www.easyledstore.it\/wp-content\/uploads\/2025\/06\/3.jpg","contentUrl":"https:\/\/www.easyledstore.it\/wp-content\/uploads\/2025\/06\/3.jpg","width":2000,"height":2000,"caption":"Zig Zag 7000k"},{"@type":"BreadcrumbList","@id":"https:\/\/www.easyledstore.it\/es\/producto\/tira-led-zigzag-de-alta-potencia-blanco-puro-ip65-5-metros\/#breadcrumb","itemListElement":[{"@type":"ListItem","position":1,"name":"Home","item":"https:\/\/www.easyledstore.it\/es\/modulos-de-senalizacion-led\/"},{"@type":"ListItem","position":2,"name":"Tienda IT","item":"https:\/\/www.easyledstore.it\/es\/tienda\/"},{"@type":"ListItem","position":3,"name":"Tira LED ZigZag de Alta Potencia &#8211; Blanco Puro &#8211; IP65 &#8211; 5 metros"}]},{"@type":"WebSite","@id":"https:\/\/www.easyledstore.it\/es\/#website","url":"https:\/\/www.easyledstore.it\/es\/","name":"Easyledstore","description":"Alimentatori e Moduli LED per Insegne Luminose","publisher":{"@id":"https:\/\/www.easyledstore.it\/es\/#organization"},"potentialAction":[{"@type":"SearchAction","target":{"@type":"EntryPoint","urlTemplate":"https:\/\/www.easyledstore.it\/es\/?s={search_term_string}"},"query-input":{"@type":"PropertyValueSpecification","valueRequired":true,"valueName":"search_term_string"}}],"inLanguage":"es"},{"@type":"Organization","@id":"https:\/\/www.easyledstore.it\/es\/#organization","name":"LTC Lighting Trading Company srls","url":"https:\/\/www.easyledstore.it\/es\/","logo":{"@type":"ImageObject","inLanguage":"es","@id":"https:\/\/www.easyledstore.it\/es\/#\/schema\/logo\/image\/","url":"https:\/\/www.easyledstore.it\/wp-content\/uploads\/2018\/03\/Landscape-FullColor-2000.png","contentUrl":"https:\/\/www.easyledstore.it\/wp-content\/uploads\/2018\/03\/Landscape-FullColor-2000.png","width":2000,"height":641,"caption":"LTC Lighting Trading Company srls"},"image":{"@id":"https:\/\/www.easyledstore.it\/es\/#\/schema\/logo\/image\/"},"sameAs":["https:\/\/www.facebook.com\/easyledstore"]}]}},"_links":{"self":[{"href":"https:\/\/www.easyledstore.it\/es\/wp-json\/wp\/v2\/product\/11047","targetHints":{"allow":["GET"]}}],"collection":[{"href":"https:\/\/www.easyledstore.it\/es\/wp-json\/wp\/v2\/product"}],"about":[{"href":"https:\/\/www.easyledstore.it\/es\/wp-json\/wp\/v2\/types\/product"}],"replies":[{"embeddable":true,"href":"https:\/\/www.easyledstore.it\/es\/wp-json\/wp\/v2\/comments?post=11047"}],"wp:featuredmedia":[{"embeddable":true,"href":"https:\/\/www.easyledstore.it\/es\/wp-json\/wp\/v2\/media\/11051"}],"wp:attachment":[{"href":"https:\/\/www.easyledstore.it\/es\/wp-json\/wp\/v2\/media?parent=11047"}],"wp:term":[{"taxonomy":"product_brand","embeddable":true,"href":"https:\/\/www.easyledstore.it\/es\/wp-json\/wp\/v2\/product_brand?post=11047"},{"taxonomy":"product_cat","embeddable":true,"href":"https:\/\/www.easyledstore.it\/es\/wp-json\/wp\/v2\/product_cat?post=11047"},{"taxonomy":"product_tag","embeddable":true,"href":"https:\/\/www.easyledstore.it\/es\/wp-json\/wp\/v2\/product_tag?post=11047"}],"curies":[{"name":"wp","href":"https:\/\/api.w.org\/{rel}","templated":true}]}}