{"id":10986,"date":"2025-07-10T15:44:48","date_gmt":"2025-07-10T13:44:48","guid":{"rendered":"https:\/\/www.easyledstore.it\/prodotto\/controlador-led-rgbw-12-24v-con-mando-a-distancia-ir\/"},"modified":"2025-07-10T15:44:48","modified_gmt":"2025-07-10T13:44:48","slug":"controlador-led-rgbw-12-24v-con-mando-a-distancia-ir","status":"publish","type":"product","link":"https:\/\/www.easyledstore.it\/es\/producto\/controlador-led-rgbw-12-24v-con-mando-a-distancia-ir\/","title":{"rendered":"Controlador LED RGBW 12-24V con mando a distancia IR"},"content":{"rendered":"<p data-start=\"515\" data-end=\"885\">El <strong data-start=\"518\" data-end=\"567\">Controlador LED RGBW de 12-24 V con mando a distancia por infrarrojos<\/strong> es la soluci\u00f3n perfecta para quienes desean un control completo de las tiras LED RGB+W de 4 canales. Este dispositivo permite gestionar de forma independiente tanto los componentes RGB como los blancos (W), permitiendo as\u00ed una gama completa de efectos de iluminaci\u00f3n, ajustes de color, intensidades y transiciones. <\/p>\n<p data-start=\"887\" data-end=\"1337\">Admite un amplio rango de alimentaci\u00f3n de CC de 12 V a 24 V y es compatible con instalaciones profesionales y decorativas. El controlador gestiona hasta 4 canales con una carga m\u00e1xima de 2 A por canal, lo que garantiza un rendimiento estable y eficaz. El pr\u00e1ctico mando a distancia por infrarrojos incluido ofrece m\u00e1s de 20 modos est\u00e1ticos y din\u00e1micos: desde simples cambios de color a efectos de fundido, flash, salto y autom\u00e1tico, adem\u00e1s de la posibilidad de ajustar la velocidad y el brillo.  <\/p>\n<p data-start=\"1339\" data-end=\"1550\">La funci\u00f3n de salida CMOS de drenaje abierto y el modo de conexi\u00f3n de \u00e1nodo com\u00fan hacen que este <strong data-start=\"1440\" data-end=\"1489\">controlador LED RGBW de 12-24 V con mando a distancia por infrarrojos<\/strong> sea extremadamente vers\u00e1til y adecuado para tiras LED RGBW est\u00e1ndar.<\/p>\n<p data-start=\"1552\" data-end=\"1758\">Y gracias a su dise\u00f1o compacto (50x35x23 mm) y material duradero, se adapta f\u00e1cilmente a cualquier instalaci\u00f3n. Las claras indicaciones del panel hacen que la conexi\u00f3n sea sencilla y segura. <\/p>\n<p data-start=\"1760\" data-end=\"1972\">Si buscas un controlador LED fiable, funcional y f\u00e1cil de usar, el <strong data-start=\"1840\" data-end=\"1889\">Controlador RGBW <\/strong> es la elecci\u00f3n ideal para personalizar tu iluminaci\u00f3n con estilo y precisi\u00f3n.<\/p>\n<p><strong style=\"font-size: 18px;\">Sigue a EasyLedStore.co.uk tambi\u00e9n en las redes sociales<\/strong><\/p>\n<ul style=\"list-style: none; padding: 0; font-size: 18px;\">\n<li style=\"text-align: left;\"><a href=\"https:\/\/www.instagram.com\/easyledstore.it\" target=\"_blank\" rel=\"noopener noreferrer nofollow\">Instagram &#8211; <\/a><a href=\"https:\/\/www.facebook.com\/easyledstore\" target=\"_blank\" rel=\"noopener noreferrer nofollow\">Facebook &#8211; <\/a><a href=\"https:\/\/www.tiktok.com\/@easyledstore.it\" target=\"_blank\" rel=\"noopener noreferrer nofollow\">TikTok &#8211; <\/a><a href=\"https:\/\/www.youtube.com\/@easyledstore4589\" target=\"_blank\" rel=\"noopener noreferrer nofollow\">YouTube<\/a><\/li>\n<\/ul>\n","protected":false},"excerpt":{"rendered":"<p>Controlador LED RGBW de 12-24 V con mando a distancia por infrarrojos, ideal para el control total de tiras luminosas de 4 canales. Ajusta los colores, el brillo y los efectos din\u00e1micos con facilidad gracias al pr\u00e1ctico mando a distancia incluido. <\/p>\n<p><strong style=\"font-size: 18px;\">Sigue a EasyLedStore.co.uk tambi\u00e9n en las redes sociales<\/strong><\/p>\n<ul style=\"list-style: none; padding: 0; font-size: 18px;\">\n<li style=\"text-align: left;\"><a href=\"https:\/\/www.instagram.com\/easyledstore.it\" target=\"_blank\" rel=\"noopener\">Instagram &#8211; <\/a><a href=\"https:\/\/www.facebook.com\/easyledstore\" target=\"_blank\" rel=\"noopener\">Facebook &#8211; <\/a><a href=\"https:\/\/www.tiktok.com\/@easyledstore.it\" target=\"_blank\" rel=\"noopener\">TikTok &#8211; <\/a><a href=\"https:\/\/www.youtube.com\/@easyledstore4589\" target=\"_blank\" rel=\"noopener\">YouTube<\/a><\/li>\n<\/ul>\n<p>&nbsp;<\/p>\n","protected":false},"featured_media":10988,"comment_status":"open","ping_status":"closed","template":"","meta":[],"product_brand":[],"product_cat":[1750,1749],"product_tag":[1070,1213,1287],"class_list":{"0":"post-10986","1":"product","2":"type-product","3":"status-publish","4":"has-post-thumbnail","6":"product_cat-controlador","7":"product_cat-unidades-de-control","8":"product_tag-12v","9":"product_tag-24v","10":"product_tag-rgb","12":"first","13":"instock","14":"taxable","15":"shipping-taxable","16":"purchasable","17":"product-type-simple"},"yoast_head":"<!-- This site is optimized with the Yoast SEO plugin v27.3 - https:\/\/yoast.com\/product\/yoast-seo-wordpress\/ -->\n<title>Controlador LED RGBW 12-24V con mando a distancia IR - Easyledstore<\/title>\n<meta name=\"description\" content=\"Controlador LED RGBW de 12-24 V con mando a distancia por infrarrojos. Controla los colores, efectos y brillo de las tiras LED RGBW con facilidad y precisi\u00f3n.\" \/>\n<meta name=\"robots\" content=\"index, follow, max-snippet:-1, max-image-preview:large, max-video-preview:-1\" \/>\n<link rel=\"canonical\" href=\"https:\/\/www.easyledstore.it\/es\/producto\/controlador-led-rgbw-12-24v-con-mando-a-distancia-ir\/\" \/>\n<meta property=\"og:locale\" content=\"es_ES\" \/>\n<meta property=\"og:type\" content=\"article\" \/>\n<meta property=\"og:title\" content=\"Controlador LED RGBW 12-24V con mando a distancia IR - Easyledstore\" \/>\n<meta property=\"og:description\" content=\"Controlador LED RGBW de 12-24 V con mando a distancia por infrarrojos. Controla los colores, efectos y brillo de las tiras LED RGBW con facilidad y precisi\u00f3n.\" \/>\n<meta property=\"og:url\" content=\"https:\/\/www.easyledstore.it\/es\/producto\/controlador-led-rgbw-12-24v-con-mando-a-distancia-ir\/\" \/>\n<meta property=\"og:site_name\" content=\"Easyledstore\" \/>\n<meta property=\"article:publisher\" content=\"https:\/\/www.facebook.com\/easyledstore\" \/>\n<meta property=\"og:image\" content=\"https:\/\/www.easyledstore.it\/wp-content\/uploads\/2025\/07\/2-1.jpg\" \/>\n\t<meta property=\"og:image:width\" content=\"2000\" \/>\n\t<meta property=\"og:image:height\" content=\"2000\" \/>\n\t<meta property=\"og:image:type\" content=\"image\/jpeg\" \/>\n<meta name=\"twitter:card\" content=\"summary_large_image\" \/>\n<meta name=\"twitter:label1\" content=\"Tiempo de lectura\" \/>\n\t<meta name=\"twitter:data1\" content=\"1 minuto\" \/>\n<!-- \/ Yoast SEO plugin. -->","yoast_head_json":{"title":"Controlador LED RGBW 12-24V con mando a distancia IR - Easyledstore","description":"Controlador LED RGBW de 12-24 V con mando a distancia por infrarrojos. Controla los colores, efectos y brillo de las tiras LED RGBW con facilidad y precisi\u00f3n.","robots":{"index":"index","follow":"follow","max-snippet":"max-snippet:-1","max-image-preview":"max-image-preview:large","max-video-preview":"max-video-preview:-1"},"canonical":"https:\/\/www.easyledstore.it\/es\/producto\/controlador-led-rgbw-12-24v-con-mando-a-distancia-ir\/","og_locale":"es_ES","og_type":"article","og_title":"Controlador LED RGBW 12-24V con mando a distancia IR - Easyledstore","og_description":"Controlador LED RGBW de 12-24 V con mando a distancia por infrarrojos. Controla los colores, efectos y brillo de las tiras LED RGBW con facilidad y precisi\u00f3n.","og_url":"https:\/\/www.easyledstore.it\/es\/producto\/controlador-led-rgbw-12-24v-con-mando-a-distancia-ir\/","og_site_name":"Easyledstore","article_publisher":"https:\/\/www.facebook.com\/easyledstore","og_image":[{"width":2000,"height":2000,"url":"https:\/\/www.easyledstore.it\/wp-content\/uploads\/2025\/07\/2-1.jpg","type":"image\/jpeg"}],"twitter_card":"summary_large_image","twitter_misc":{"Tiempo de lectura":"1 minuto"},"schema":{"@context":"https:\/\/schema.org","@graph":[{"@type":"WebPage","@id":"https:\/\/www.easyledstore.it\/es\/producto\/controlador-led-rgbw-12-24v-con-mando-a-distancia-ir\/","url":"https:\/\/www.easyledstore.it\/es\/producto\/controlador-led-rgbw-12-24v-con-mando-a-distancia-ir\/","name":"Controlador LED RGBW 12-24V con mando a distancia IR - Easyledstore","isPartOf":{"@id":"https:\/\/www.easyledstore.it\/es\/#website"},"primaryImageOfPage":{"@id":"https:\/\/www.easyledstore.it\/es\/producto\/controlador-led-rgbw-12-24v-con-mando-a-distancia-ir\/#primaryimage"},"image":{"@id":"https:\/\/www.easyledstore.it\/es\/producto\/controlador-led-rgbw-12-24v-con-mando-a-distancia-ir\/#primaryimage"},"thumbnailUrl":"https:\/\/www.easyledstore.it\/wp-content\/uploads\/2025\/07\/2-1.jpg","datePublished":"2025-07-10T13:44:48+00:00","description":"Controlador LED RGBW de 12-24 V con mando a distancia por infrarrojos. Controla los colores, efectos y brillo de las tiras LED RGBW con facilidad y precisi\u00f3n.","breadcrumb":{"@id":"https:\/\/www.easyledstore.it\/es\/producto\/controlador-led-rgbw-12-24v-con-mando-a-distancia-ir\/#breadcrumb"},"inLanguage":"es","potentialAction":[{"@type":"ReadAction","target":["https:\/\/www.easyledstore.it\/es\/producto\/controlador-led-rgbw-12-24v-con-mando-a-distancia-ir\/"]}]},{"@type":"ImageObject","inLanguage":"es","@id":"https:\/\/www.easyledstore.it\/es\/producto\/controlador-led-rgbw-12-24v-con-mando-a-distancia-ir\/#primaryimage","url":"https:\/\/www.easyledstore.it\/wp-content\/uploads\/2025\/07\/2-1.jpg","contentUrl":"https:\/\/www.easyledstore.it\/wp-content\/uploads\/2025\/07\/2-1.jpg","width":2000,"height":2000,"caption":"Controller RGBW LED 12-24V con Telecomando IR"},{"@type":"BreadcrumbList","@id":"https:\/\/www.easyledstore.it\/es\/producto\/controlador-led-rgbw-12-24v-con-mando-a-distancia-ir\/#breadcrumb","itemListElement":[{"@type":"ListItem","position":1,"name":"Home","item":"https:\/\/www.easyledstore.it\/es\/modulos-de-senalizacion-led\/"},{"@type":"ListItem","position":2,"name":"Tienda IT","item":"https:\/\/www.easyledstore.it\/es\/tienda\/"},{"@type":"ListItem","position":3,"name":"Controlador LED RGBW 12-24V con mando a distancia IR"}]},{"@type":"WebSite","@id":"https:\/\/www.easyledstore.it\/es\/#website","url":"https:\/\/www.easyledstore.it\/es\/","name":"Easyledstore","description":"Alimentatori e Moduli LED per Insegne Luminose","publisher":{"@id":"https:\/\/www.easyledstore.it\/es\/#organization"},"potentialAction":[{"@type":"SearchAction","target":{"@type":"EntryPoint","urlTemplate":"https:\/\/www.easyledstore.it\/es\/?s={search_term_string}"},"query-input":{"@type":"PropertyValueSpecification","valueRequired":true,"valueName":"search_term_string"}}],"inLanguage":"es"},{"@type":"Organization","@id":"https:\/\/www.easyledstore.it\/es\/#organization","name":"LTC Lighting Trading Company srls","url":"https:\/\/www.easyledstore.it\/es\/","logo":{"@type":"ImageObject","inLanguage":"es","@id":"https:\/\/www.easyledstore.it\/es\/#\/schema\/logo\/image\/","url":"https:\/\/www.easyledstore.it\/wp-content\/uploads\/2018\/03\/Landscape-FullColor-2000.png","contentUrl":"https:\/\/www.easyledstore.it\/wp-content\/uploads\/2018\/03\/Landscape-FullColor-2000.png","width":2000,"height":641,"caption":"LTC Lighting Trading Company srls"},"image":{"@id":"https:\/\/www.easyledstore.it\/es\/#\/schema\/logo\/image\/"},"sameAs":["https:\/\/www.facebook.com\/easyledstore"]}]}},"_links":{"self":[{"href":"https:\/\/www.easyledstore.it\/es\/wp-json\/wp\/v2\/product\/10986","targetHints":{"allow":["GET"]}}],"collection":[{"href":"https:\/\/www.easyledstore.it\/es\/wp-json\/wp\/v2\/product"}],"about":[{"href":"https:\/\/www.easyledstore.it\/es\/wp-json\/wp\/v2\/types\/product"}],"replies":[{"embeddable":true,"href":"https:\/\/www.easyledstore.it\/es\/wp-json\/wp\/v2\/comments?post=10986"}],"wp:featuredmedia":[{"embeddable":true,"href":"https:\/\/www.easyledstore.it\/es\/wp-json\/wp\/v2\/media\/10988"}],"wp:attachment":[{"href":"https:\/\/www.easyledstore.it\/es\/wp-json\/wp\/v2\/media?parent=10986"}],"wp:term":[{"taxonomy":"product_brand","embeddable":true,"href":"https:\/\/www.easyledstore.it\/es\/wp-json\/wp\/v2\/product_brand?post=10986"},{"taxonomy":"product_cat","embeddable":true,"href":"https:\/\/www.easyledstore.it\/es\/wp-json\/wp\/v2\/product_cat?post=10986"},{"taxonomy":"product_tag","embeddable":true,"href":"https:\/\/www.easyledstore.it\/es\/wp-json\/wp\/v2\/product_tag?post=10986"}],"curies":[{"name":"wp","href":"https:\/\/api.w.org\/{rel}","templated":true}]}}