{"id":10982,"date":"2025-07-10T16:30:13","date_gmt":"2025-07-10T14:30:13","guid":{"rendered":"https:\/\/www.easyledstore.it\/prodotto\/regulador-de-intensidad-led-5v-12v-24v-30a-negro-regulador-de-intensidad-86x625x355-mm\/"},"modified":"2025-07-10T16:30:13","modified_gmt":"2025-07-10T14:30:13","slug":"regulador-de-intensidad-led-5v-12v-24v-30a-negro-regulador-de-intensidad-86x625x355-mm","status":"publish","type":"product","link":"https:\/\/www.easyledstore.it\/es\/producto\/regulador-de-intensidad-led-5v-12v-24v-30a-negro-regulador-de-intensidad-86x625x355-mm\/","title":{"rendered":"Regulador de intensidad LED 5V 12V 24V 30A Negro | Regulador de intensidad 86&#215;62,5&#215;35,5 mm"},"content":{"rendered":"<p data-start=\"501\" data-end=\"842\">El <strong data-start=\"504\" data-end=\"533\">Regulador LED 5V 12V 24V 30A<\/strong> es la soluci\u00f3n ideal para quienes desean ajustar con precisi\u00f3n la intensidad luminosa de sus tiras LED de bajo voltaje. Compatible con sistemas de 5V, 12V y 24V, este regulador admite una corriente elevada de hasta 30A, ofreciendo un rendimiento estable y fiable incluso en instalaciones de iluminaci\u00f3n extensas. <\/p>\n<p data-start=\"844\" data-end=\"1214\">Con un dise\u00f1o compacto (86&#215;62,5&#215;35,5 mm) y un elegante acabado en negro, se integra perfectamente en cualquier entorno. El <strong data-start=\"973\" data-end=\"1002\">Regulador LED 5V 12V 24V 30A<\/strong> permite una regulaci\u00f3n suave, evitando el parpadeo y optimizando el consumo de energ\u00eda. Perfecto para instalaciones residenciales, comerciales o decorativas, es f\u00e1cil de instalar y utilizar.  <\/p>\n<p data-start=\"1216\" data-end=\"1357\">Conf\u00eda en el <strong data-start=\"1228\" data-end=\"1257\">Regulador LED <\/strong> para un control total de tu iluminaci\u00f3n LED, con la m\u00e1xima flexibilidad y durabilidad.<\/p>\n<p><strong style=\"font-size: 18px;\">Sigue a EasyLedStore.co.uk tambi\u00e9n en las redes sociales<\/strong><\/p>\n<ul style=\"list-style: none; padding: 0; font-size: 18px;\">\n<li style=\"text-align: left;\"><a href=\"https:\/\/www.instagram.com\/easyledstore.it\" target=\"_blank\" rel=\"noopener noreferrer nofollow\">Instagram &#8211; <\/a><a href=\"https:\/\/www.facebook.com\/easyledstore\" target=\"_blank\" rel=\"noopener noreferrer nofollow\">Facebook &#8211; <\/a><a href=\"https:\/\/www.tiktok.com\/@easyledstore.it\" target=\"_blank\" rel=\"noopener noreferrer nofollow\">TikTok &#8211; <\/a><a href=\"https:\/\/www.youtube.com\/@easyledstore4589\" target=\"_blank\" rel=\"noopener noreferrer nofollow\">YouTube<\/a><\/li>\n<\/ul>\n","protected":false},"excerpt":{"rendered":"<p>Controla f\u00e1cilmente el brillo de tus tiras LED con el Regulador LED 5V 12V 24V 30A. Compacto, potente y con un elegante dise\u00f1o negro. <\/p>\n","protected":false},"featured_media":10985,"comment_status":"open","ping_status":"closed","template":"","meta":[],"product_brand":[],"product_cat":[1786,1749],"product_tag":[1070,1213,1702,1751],"class_list":{"0":"post-10982","1":"product","2":"type-product","3":"status-publish","4":"has-post-thumbnail","6":"product_cat-regulador-de-intensidad","7":"product_cat-unidades-de-control","8":"product_tag-12v","9":"product_tag-24v","10":"product_tag-5v","11":"product_tag-cc-5v-12v-24v","13":"first","14":"instock","15":"taxable","16":"shipping-taxable","17":"purchasable","18":"product-type-simple"},"yoast_head":"<!-- This site is optimized with the Yoast SEO plugin v27.3 - https:\/\/yoast.com\/product\/yoast-seo-wordpress\/ -->\n<title>Regulador LED 5V 12V 24V 30A Negro 86x62,5x35,5 mm<\/title>\n<meta name=\"description\" content=\"Regulador de intensidad LED 5V 12V 24V 30A negro, compacto y potente (86x62,5x35,5 mm). Ajusta el brillo de las tiras de LED con facilidad y precisi\u00f3n.\" \/>\n<meta name=\"robots\" content=\"index, follow, max-snippet:-1, max-image-preview:large, max-video-preview:-1\" \/>\n<link rel=\"canonical\" href=\"https:\/\/www.easyledstore.it\/es\/producto\/regulador-de-intensidad-led-5v-12v-24v-30a-negro-regulador-de-intensidad-86x625x355-mm\/\" \/>\n<meta property=\"og:locale\" content=\"es_ES\" \/>\n<meta property=\"og:type\" content=\"article\" \/>\n<meta property=\"og:title\" content=\"Regulador LED 5V 12V 24V 30A Negro 86x62,5x35,5 mm\" \/>\n<meta property=\"og:description\" content=\"Regulador de intensidad LED 5V 12V 24V 30A negro, compacto y potente (86x62,5x35,5 mm). Ajusta el brillo de las tiras de LED con facilidad y precisi\u00f3n.\" \/>\n<meta property=\"og:url\" content=\"https:\/\/www.easyledstore.it\/es\/producto\/regulador-de-intensidad-led-5v-12v-24v-30a-negro-regulador-de-intensidad-86x625x355-mm\/\" \/>\n<meta property=\"og:site_name\" content=\"Easyledstore\" \/>\n<meta property=\"article:publisher\" content=\"https:\/\/www.facebook.com\/easyledstore\" \/>\n<meta property=\"og:image\" content=\"https:\/\/www.easyledstore.it\/wp-content\/uploads\/2025\/07\/3-3.jpg\" \/>\n\t<meta property=\"og:image:width\" content=\"2000\" \/>\n\t<meta property=\"og:image:height\" content=\"2000\" \/>\n\t<meta property=\"og:image:type\" content=\"image\/jpeg\" \/>\n<meta name=\"twitter:card\" content=\"summary_large_image\" \/>\n<meta name=\"twitter:label1\" content=\"Tiempo de lectura\" \/>\n\t<meta name=\"twitter:data1\" content=\"1 minuto\" \/>\n<!-- \/ Yoast SEO plugin. -->","yoast_head_json":{"title":"Regulador LED 5V 12V 24V 30A Negro 86x62,5x35,5 mm","description":"Regulador de intensidad LED 5V 12V 24V 30A negro, compacto y potente (86x62,5x35,5 mm). Ajusta el brillo de las tiras de LED con facilidad y precisi\u00f3n.","robots":{"index":"index","follow":"follow","max-snippet":"max-snippet:-1","max-image-preview":"max-image-preview:large","max-video-preview":"max-video-preview:-1"},"canonical":"https:\/\/www.easyledstore.it\/es\/producto\/regulador-de-intensidad-led-5v-12v-24v-30a-negro-regulador-de-intensidad-86x625x355-mm\/","og_locale":"es_ES","og_type":"article","og_title":"Regulador LED 5V 12V 24V 30A Negro 86x62,5x35,5 mm","og_description":"Regulador de intensidad LED 5V 12V 24V 30A negro, compacto y potente (86x62,5x35,5 mm). Ajusta el brillo de las tiras de LED con facilidad y precisi\u00f3n.","og_url":"https:\/\/www.easyledstore.it\/es\/producto\/regulador-de-intensidad-led-5v-12v-24v-30a-negro-regulador-de-intensidad-86x625x355-mm\/","og_site_name":"Easyledstore","article_publisher":"https:\/\/www.facebook.com\/easyledstore","og_image":[{"width":2000,"height":2000,"url":"https:\/\/www.easyledstore.it\/wp-content\/uploads\/2025\/07\/3-3.jpg","type":"image\/jpeg"}],"twitter_card":"summary_large_image","twitter_misc":{"Tiempo de lectura":"1 minuto"},"schema":{"@context":"https:\/\/schema.org","@graph":[{"@type":"WebPage","@id":"https:\/\/www.easyledstore.it\/es\/producto\/regulador-de-intensidad-led-5v-12v-24v-30a-negro-regulador-de-intensidad-86x625x355-mm\/","url":"https:\/\/www.easyledstore.it\/es\/producto\/regulador-de-intensidad-led-5v-12v-24v-30a-negro-regulador-de-intensidad-86x625x355-mm\/","name":"Regulador LED 5V 12V 24V 30A Negro 86x62,5x35,5 mm","isPartOf":{"@id":"https:\/\/www.easyledstore.it\/es\/#website"},"primaryImageOfPage":{"@id":"https:\/\/www.easyledstore.it\/es\/producto\/regulador-de-intensidad-led-5v-12v-24v-30a-negro-regulador-de-intensidad-86x625x355-mm\/#primaryimage"},"image":{"@id":"https:\/\/www.easyledstore.it\/es\/producto\/regulador-de-intensidad-led-5v-12v-24v-30a-negro-regulador-de-intensidad-86x625x355-mm\/#primaryimage"},"thumbnailUrl":"https:\/\/www.easyledstore.it\/wp-content\/uploads\/2025\/07\/3-3.jpg","datePublished":"2025-07-10T14:30:13+00:00","description":"Regulador de intensidad LED 5V 12V 24V 30A negro, compacto y potente (86x62,5x35,5 mm). Ajusta el brillo de las tiras de LED con facilidad y precisi\u00f3n.","breadcrumb":{"@id":"https:\/\/www.easyledstore.it\/es\/producto\/regulador-de-intensidad-led-5v-12v-24v-30a-negro-regulador-de-intensidad-86x625x355-mm\/#breadcrumb"},"inLanguage":"es","potentialAction":[{"@type":"ReadAction","target":["https:\/\/www.easyledstore.it\/es\/producto\/regulador-de-intensidad-led-5v-12v-24v-30a-negro-regulador-de-intensidad-86x625x355-mm\/"]}]},{"@type":"ImageObject","inLanguage":"es","@id":"https:\/\/www.easyledstore.it\/es\/producto\/regulador-de-intensidad-led-5v-12v-24v-30a-negro-regulador-de-intensidad-86x625x355-mm\/#primaryimage","url":"https:\/\/www.easyledstore.it\/wp-content\/uploads\/2025\/07\/3-3.jpg","contentUrl":"https:\/\/www.easyledstore.it\/wp-content\/uploads\/2025\/07\/3-3.jpg","width":2000,"height":2000,"caption":"Dimmer LED 5V 12V 24V 30A Nero"},{"@type":"BreadcrumbList","@id":"https:\/\/www.easyledstore.it\/es\/producto\/regulador-de-intensidad-led-5v-12v-24v-30a-negro-regulador-de-intensidad-86x625x355-mm\/#breadcrumb","itemListElement":[{"@type":"ListItem","position":1,"name":"Home","item":"https:\/\/www.easyledstore.it\/es\/modulos-de-senalizacion-led\/"},{"@type":"ListItem","position":2,"name":"Tienda IT","item":"https:\/\/www.easyledstore.it\/es\/tienda\/"},{"@type":"ListItem","position":3,"name":"Regulador de intensidad LED 5V 12V 24V 30A Negro | Regulador de intensidad 86&#215;62,5&#215;35,5 mm"}]},{"@type":"WebSite","@id":"https:\/\/www.easyledstore.it\/es\/#website","url":"https:\/\/www.easyledstore.it\/es\/","name":"Easyledstore","description":"Alimentatori e Moduli LED per Insegne Luminose","publisher":{"@id":"https:\/\/www.easyledstore.it\/es\/#organization"},"potentialAction":[{"@type":"SearchAction","target":{"@type":"EntryPoint","urlTemplate":"https:\/\/www.easyledstore.it\/es\/?s={search_term_string}"},"query-input":{"@type":"PropertyValueSpecification","valueRequired":true,"valueName":"search_term_string"}}],"inLanguage":"es"},{"@type":"Organization","@id":"https:\/\/www.easyledstore.it\/es\/#organization","name":"LTC Lighting Trading Company srls","url":"https:\/\/www.easyledstore.it\/es\/","logo":{"@type":"ImageObject","inLanguage":"es","@id":"https:\/\/www.easyledstore.it\/es\/#\/schema\/logo\/image\/","url":"https:\/\/www.easyledstore.it\/wp-content\/uploads\/2018\/03\/Landscape-FullColor-2000.png","contentUrl":"https:\/\/www.easyledstore.it\/wp-content\/uploads\/2018\/03\/Landscape-FullColor-2000.png","width":2000,"height":641,"caption":"LTC Lighting Trading Company srls"},"image":{"@id":"https:\/\/www.easyledstore.it\/es\/#\/schema\/logo\/image\/"},"sameAs":["https:\/\/www.facebook.com\/easyledstore"]}]}},"_links":{"self":[{"href":"https:\/\/www.easyledstore.it\/es\/wp-json\/wp\/v2\/product\/10982","targetHints":{"allow":["GET"]}}],"collection":[{"href":"https:\/\/www.easyledstore.it\/es\/wp-json\/wp\/v2\/product"}],"about":[{"href":"https:\/\/www.easyledstore.it\/es\/wp-json\/wp\/v2\/types\/product"}],"replies":[{"embeddable":true,"href":"https:\/\/www.easyledstore.it\/es\/wp-json\/wp\/v2\/comments?post=10982"}],"wp:featuredmedia":[{"embeddable":true,"href":"https:\/\/www.easyledstore.it\/es\/wp-json\/wp\/v2\/media\/10985"}],"wp:attachment":[{"href":"https:\/\/www.easyledstore.it\/es\/wp-json\/wp\/v2\/media?parent=10982"}],"wp:term":[{"taxonomy":"product_brand","embeddable":true,"href":"https:\/\/www.easyledstore.it\/es\/wp-json\/wp\/v2\/product_brand?post=10982"},{"taxonomy":"product_cat","embeddable":true,"href":"https:\/\/www.easyledstore.it\/es\/wp-json\/wp\/v2\/product_cat?post=10982"},{"taxonomy":"product_tag","embeddable":true,"href":"https:\/\/www.easyledstore.it\/es\/wp-json\/wp\/v2\/product_tag?post=10982"}],"curies":[{"name":"wp","href":"https:\/\/api.w.org\/{rel}","templated":true}]}}