{"id":10966,"date":"2025-07-11T11:02:52","date_gmt":"2025-07-11T09:02:52","guid":{"rendered":"https:\/\/www.easyledstore.it\/prodotto\/amplificador-led-rgb-24a\/"},"modified":"2026-01-19T12:55:44","modified_gmt":"2026-01-19T11:55:44","slug":"amplificador-led-rgb-24a","status":"publish","type":"product","link":"https:\/\/www.easyledstore.it\/es\/producto\/amplificador-led-rgb-24a\/","title":{"rendered":"Amplificador LED RGB 24A"},"content":{"rendered":"<p data-start=\"298\" data-end=\"619\">El<strong data-start=\"300\" data-end=\"325\">Amplificador LED R<\/strong> GB es el componente ideal para ampliar los sistemas de iluminaci\u00f3n LED manteniendo los colores y el brillo perfectamente sincronizados. Gracias a sus <strong data-start=\"470\" data-end=\"505\">3 canales independientes (R, G, B)<\/strong> de <strong data-start=\"509\" data-end=\"524\">8 A cada uno<\/strong>, permite conectar tiras LED RGB adicionales sin p\u00e9rdida de se\u00f1al ni atenuaci\u00f3n. <\/p>\n<p data-start=\"621\" data-end=\"1035\">Compatible con fuentes de alimentaci\u00f3n de <strong data-start=\"653\" data-end=\"669\">12 V y 24 V CC<\/strong>, el<strong data-start=\"673\" data-end=\"698\">Amplificador LED RGB<\/strong> es adecuado para una amplia gama de aplicaciones, tanto profesionales como dom\u00e9sticas: r\u00f3tulos luminosos, instalaciones esc\u00e9nicas, entornos arquitect\u00f3nicos, escaparates y decoraciones LED. El dispositivo est\u00e1 equipado con terminales de tornillo para un cableado seguro y f\u00e1cil, e incluye un LED de estado para el control visual de la alimentaci\u00f3n. <\/p>\n<p data-start=\"1037\" data-end=\"1369\">El<strong data-start=\"1039\" data-end=\"1064\">Amplificador <\/strong>LED est\u00e1 construido con materiales duraderos y dimensiones compactas, ideal para una integraci\u00f3n r\u00e1pida y discreta en los sistemas existentes. Utilizarlo significa continuidad de la se\u00f1al, salida de luz constante e instalaci\u00f3n eficaz, sin tener que sustituir o reprogramar el controlador principal. <\/p>\n<p><strong style=\"font-size: 18px;\">Sigue a EasyLedStore.co.uk tambi\u00e9n en las redes sociales<\/strong><\/p>\n<ul style=\"list-style: none; padding: 0; font-size: 18px;\">\n<li style=\"text-align: left;\"><a href=\"https:\/\/www.instagram.com\/easyledstore.it\" target=\"_blank\" rel=\"noopener noreferrer nofollow\">Instagram &#8211; <\/a><a href=\"https:\/\/www.facebook.com\/easyledstore\" target=\"_blank\" rel=\"noopener noreferrer nofollow\">Facebook &#8211; <\/a><a href=\"https:\/\/www.tiktok.com\/@easyledstore.it\" target=\"_blank\" rel=\"noopener noreferrer nofollow\">TikTok &#8211; <\/a><a href=\"https:\/\/www.youtube.com\/@easyledstore4589\" target=\"_blank\" rel=\"noopener noreferrer nofollow\">YouTube<\/a><\/li>\n<\/ul>\n","protected":false},"excerpt":{"rendered":"<p>Amplificador LED RGB 12-24V, 3 canales de 8A cada uno. Ampl\u00eda la potencia y la se\u00f1al de las instalaciones de LED, manteniendo los colores sincronizados y el brillo uniforme. <\/p>\n<p><strong style=\"font-size: 18px;\">Sigue a EasyLedStore.co.uk tambi\u00e9n en las redes sociales<\/strong><\/p>\n<ul style=\"list-style: none; padding: 0; font-size: 18px;\">\n<li style=\"text-align: left;\"><a href=\"https:\/\/www.instagram.com\/easyledstore.it\" target=\"_blank\" rel=\"noopener\">Instagram &#8211; <\/a><a href=\"https:\/\/www.facebook.com\/easyledstore\" target=\"_blank\" rel=\"noopener\">Facebook &#8211; <\/a><a href=\"https:\/\/www.tiktok.com\/@easyledstore.it\" target=\"_blank\" rel=\"noopener\">TikTok &#8211; <\/a><a href=\"https:\/\/www.youtube.com\/@easyledstore4589\" target=\"_blank\" rel=\"noopener\">YouTube<\/a><\/li>\n<\/ul>\n","protected":false},"featured_media":10967,"comment_status":"open","ping_status":"closed","template":"","meta":[],"product_brand":[],"product_cat":[1763,1749],"product_tag":[1070,1213,1287],"class_list":{"0":"post-10966","1":"product","2":"type-product","3":"status-publish","4":"has-post-thumbnail","6":"product_cat-amplificadores","7":"product_cat-unidades-de-control","8":"product_tag-12v","9":"product_tag-24v","10":"product_tag-rgb","12":"first","13":"instock","14":"taxable","15":"shipping-taxable","16":"purchasable","17":"product-type-simple"},"yoast_head":"<!-- This site is optimized with the Yoast SEO plugin v27.3 - https:\/\/yoast.com\/product\/yoast-seo-wordpress\/ -->\n<title>Amplificador LED RGB 24A - Easyledstore<\/title>\n<meta name=\"description\" content=\"Amplificador LED RGB de 12-24 V, 3 canales y 8 A. Ampl\u00eda las instalaciones de LED manteniendo el color y la potencia constantes sin p\u00e9rdida de se\u00f1al.\" \/>\n<meta name=\"robots\" content=\"index, follow, max-snippet:-1, max-image-preview:large, max-video-preview:-1\" \/>\n<link rel=\"canonical\" href=\"https:\/\/www.easyledstore.it\/es\/producto\/amplificador-led-rgb-24a\/\" \/>\n<meta property=\"og:locale\" content=\"es_ES\" \/>\n<meta property=\"og:type\" content=\"article\" \/>\n<meta property=\"og:title\" content=\"Amplificador LED RGB 24A - Easyledstore\" \/>\n<meta property=\"og:description\" content=\"Amplificador LED RGB de 12-24 V, 3 canales y 8 A. Ampl\u00eda las instalaciones de LED manteniendo el color y la potencia constantes sin p\u00e9rdida de se\u00f1al.\" \/>\n<meta property=\"og:url\" content=\"https:\/\/www.easyledstore.it\/es\/producto\/amplificador-led-rgb-24a\/\" \/>\n<meta property=\"og:site_name\" content=\"Easyledstore\" \/>\n<meta property=\"article:publisher\" content=\"https:\/\/www.facebook.com\/easyledstore\" \/>\n<meta property=\"article:modified_time\" content=\"2026-01-19T11:55:44+00:00\" \/>\n<meta property=\"og:image\" content=\"https:\/\/www.easyledstore.it\/wp-content\/uploads\/2025\/07\/5-1.jpg\" \/>\n\t<meta property=\"og:image:width\" content=\"2000\" \/>\n\t<meta property=\"og:image:height\" content=\"2000\" \/>\n\t<meta property=\"og:image:type\" content=\"image\/jpeg\" \/>\n<meta name=\"twitter:card\" content=\"summary_large_image\" \/>\n<meta name=\"twitter:label1\" content=\"Tiempo de lectura\" \/>\n\t<meta name=\"twitter:data1\" content=\"1 minuto\" \/>\n<!-- \/ Yoast SEO plugin. -->","yoast_head_json":{"title":"Amplificador LED RGB 24A - Easyledstore","description":"Amplificador LED RGB de 12-24 V, 3 canales y 8 A. Ampl\u00eda las instalaciones de LED manteniendo el color y la potencia constantes sin p\u00e9rdida de se\u00f1al.","robots":{"index":"index","follow":"follow","max-snippet":"max-snippet:-1","max-image-preview":"max-image-preview:large","max-video-preview":"max-video-preview:-1"},"canonical":"https:\/\/www.easyledstore.it\/es\/producto\/amplificador-led-rgb-24a\/","og_locale":"es_ES","og_type":"article","og_title":"Amplificador LED RGB 24A - Easyledstore","og_description":"Amplificador LED RGB de 12-24 V, 3 canales y 8 A. Ampl\u00eda las instalaciones de LED manteniendo el color y la potencia constantes sin p\u00e9rdida de se\u00f1al.","og_url":"https:\/\/www.easyledstore.it\/es\/producto\/amplificador-led-rgb-24a\/","og_site_name":"Easyledstore","article_publisher":"https:\/\/www.facebook.com\/easyledstore","article_modified_time":"2026-01-19T11:55:44+00:00","og_image":[{"width":2000,"height":2000,"url":"https:\/\/www.easyledstore.it\/wp-content\/uploads\/2025\/07\/5-1.jpg","type":"image\/jpeg"}],"twitter_card":"summary_large_image","twitter_misc":{"Tiempo de lectura":"1 minuto"},"schema":{"@context":"https:\/\/schema.org","@graph":[{"@type":"WebPage","@id":"https:\/\/www.easyledstore.it\/es\/producto\/amplificador-led-rgb-24a\/","url":"https:\/\/www.easyledstore.it\/es\/producto\/amplificador-led-rgb-24a\/","name":"Amplificador LED RGB 24A - Easyledstore","isPartOf":{"@id":"https:\/\/www.easyledstore.it\/es\/#website"},"primaryImageOfPage":{"@id":"https:\/\/www.easyledstore.it\/es\/producto\/amplificador-led-rgb-24a\/#primaryimage"},"image":{"@id":"https:\/\/www.easyledstore.it\/es\/producto\/amplificador-led-rgb-24a\/#primaryimage"},"thumbnailUrl":"https:\/\/www.easyledstore.it\/wp-content\/uploads\/2025\/07\/5-1.jpg","datePublished":"2025-07-11T09:02:52+00:00","dateModified":"2026-01-19T11:55:44+00:00","description":"Amplificador LED RGB de 12-24 V, 3 canales y 8 A. Ampl\u00eda las instalaciones de LED manteniendo el color y la potencia constantes sin p\u00e9rdida de se\u00f1al.","breadcrumb":{"@id":"https:\/\/www.easyledstore.it\/es\/producto\/amplificador-led-rgb-24a\/#breadcrumb"},"inLanguage":"es","potentialAction":[{"@type":"ReadAction","target":["https:\/\/www.easyledstore.it\/es\/producto\/amplificador-led-rgb-24a\/"]}]},{"@type":"ImageObject","inLanguage":"es","@id":"https:\/\/www.easyledstore.it\/es\/producto\/amplificador-led-rgb-24a\/#primaryimage","url":"https:\/\/www.easyledstore.it\/wp-content\/uploads\/2025\/07\/5-1.jpg","contentUrl":"https:\/\/www.easyledstore.it\/wp-content\/uploads\/2025\/07\/5-1.jpg","width":2000,"height":2000,"caption":"Amplificatore LED RGB"},{"@type":"BreadcrumbList","@id":"https:\/\/www.easyledstore.it\/es\/producto\/amplificador-led-rgb-24a\/#breadcrumb","itemListElement":[{"@type":"ListItem","position":1,"name":"Home","item":"https:\/\/www.easyledstore.it\/es\/modulos-de-senalizacion-led\/"},{"@type":"ListItem","position":2,"name":"Tienda IT","item":"https:\/\/www.easyledstore.it\/es\/tienda\/"},{"@type":"ListItem","position":3,"name":"Amplificador LED RGB 24A"}]},{"@type":"WebSite","@id":"https:\/\/www.easyledstore.it\/es\/#website","url":"https:\/\/www.easyledstore.it\/es\/","name":"Easyledstore","description":"Alimentatori e Moduli LED per Insegne Luminose","publisher":{"@id":"https:\/\/www.easyledstore.it\/es\/#organization"},"potentialAction":[{"@type":"SearchAction","target":{"@type":"EntryPoint","urlTemplate":"https:\/\/www.easyledstore.it\/es\/?s={search_term_string}"},"query-input":{"@type":"PropertyValueSpecification","valueRequired":true,"valueName":"search_term_string"}}],"inLanguage":"es"},{"@type":"Organization","@id":"https:\/\/www.easyledstore.it\/es\/#organization","name":"LTC Lighting Trading Company srls","url":"https:\/\/www.easyledstore.it\/es\/","logo":{"@type":"ImageObject","inLanguage":"es","@id":"https:\/\/www.easyledstore.it\/es\/#\/schema\/logo\/image\/","url":"https:\/\/www.easyledstore.it\/wp-content\/uploads\/2018\/03\/Landscape-FullColor-2000.png","contentUrl":"https:\/\/www.easyledstore.it\/wp-content\/uploads\/2018\/03\/Landscape-FullColor-2000.png","width":2000,"height":641,"caption":"LTC Lighting Trading Company srls"},"image":{"@id":"https:\/\/www.easyledstore.it\/es\/#\/schema\/logo\/image\/"},"sameAs":["https:\/\/www.facebook.com\/easyledstore"]}]}},"_links":{"self":[{"href":"https:\/\/www.easyledstore.it\/es\/wp-json\/wp\/v2\/product\/10966","targetHints":{"allow":["GET"]}}],"collection":[{"href":"https:\/\/www.easyledstore.it\/es\/wp-json\/wp\/v2\/product"}],"about":[{"href":"https:\/\/www.easyledstore.it\/es\/wp-json\/wp\/v2\/types\/product"}],"replies":[{"embeddable":true,"href":"https:\/\/www.easyledstore.it\/es\/wp-json\/wp\/v2\/comments?post=10966"}],"wp:featuredmedia":[{"embeddable":true,"href":"https:\/\/www.easyledstore.it\/es\/wp-json\/wp\/v2\/media\/10967"}],"wp:attachment":[{"href":"https:\/\/www.easyledstore.it\/es\/wp-json\/wp\/v2\/media?parent=10966"}],"wp:term":[{"taxonomy":"product_brand","embeddable":true,"href":"https:\/\/www.easyledstore.it\/es\/wp-json\/wp\/v2\/product_brand?post=10966"},{"taxonomy":"product_cat","embeddable":true,"href":"https:\/\/www.easyledstore.it\/es\/wp-json\/wp\/v2\/product_cat?post=10966"},{"taxonomy":"product_tag","embeddable":true,"href":"https:\/\/www.easyledstore.it\/es\/wp-json\/wp\/v2\/product_tag?post=10966"}],"curies":[{"name":"wp","href":"https:\/\/api.w.org\/{rel}","templated":true}]}}