{"id":10936,"date":"2025-07-21T10:27:41","date_gmt":"2025-07-21T08:27:41","guid":{"rendered":"https:\/\/www.easyledstore.it\/prodotto\/modulo-led-12v-alta-eficacia-rgb-digital-072w\/"},"modified":"2026-02-02T11:16:11","modified_gmt":"2026-02-02T10:16:11","slug":"modulo-led-12v-alta-eficacia-rgb-digital-072w","status":"publish","type":"product","link":"https:\/\/www.easyledstore.it\/es\/producto\/modulo-led-12v-alta-eficacia-rgb-digital-072w\/","title":{"rendered":"M\u00f3dulo LED 12V &#8211; Alta Eficacia &#8211; RGB Digital &#8211; 0,72W"},"content":{"rendered":"<p>M\u00f3dulo LED de alta eficiencia 100 lm\/W &#8211; RGB Digital &#8211; Ideal para aplicaciones interiores y exteriores<\/p>\n<p>\u00bfBuscas una soluci\u00f3n de iluminaci\u00f3n fiable y de alto rendimiento para tu se\u00f1alizaci\u00f3n? Este m\u00f3dulo LED est\u00e1 dise\u00f1ado para ofrecer una eficiencia superior a 100 lm\/W, con una iluminaci\u00f3n brillante y uniforme perfecta para una amplia gama de aplicaciones. <\/p>\n<h2>Caracter\u00edsticas principales<\/h2>\n<ul>\n<li><strong>\u00d3ptica de 175\u00b0:<\/strong> ofrece una difusi\u00f3n de la luz amplia y uniforme, ideal para letras de caj\u00f3n y cajas de luz con una profundidad de entre 5 y 25 cm.<\/li>\n<li><strong>Resistente a la intemperie:<\/strong> El grado de protecci\u00f3n IP68 lo hace adecuado para instalaciones en exteriores, ya que resiste el polvo y el agua.<\/li>\n<li><strong>Fiabilidad garantizada:<\/strong> Probado seg\u00fan la norma LM80 para asegurar una larga vida \u00fatil y un rendimiento constante.<\/li>\n<li><strong>Certificaci\u00f3n CE:<\/strong> Cumple las normas europeas de seguridad y calidad.<\/li>\n<\/ul>\n<h2>Especificaciones t\u00e9cnicas<\/h2>\n<ul>\n<li><strong>Dimensiones:<\/strong> 63,5 x 13 x 10,1 mm<\/li>\n<li><strong>\u00c1ngulo del haz: <\/strong>175<\/li>\n<li><strong>Tensi\u00f3n de funcionamiento:<\/strong> 12 V CC<\/li>\n<li><strong>Consumo: <\/strong>0,72 W por m\u00f3dulo<\/li>\n<li><strong>Eficacia luminosa:<\/strong> 100 lm\/W<\/li>\n<\/ul>\n<ul>\n<li style=\"list-style-type: none;\">\n<ul>\n<li>Temperatura de funcionamiento: de -20\u00b0C a +45\u00b0C<\/li>\n<li>Temperatura de almacenamiento: de -30\u00b0C a +70\u00b0C<\/li>\n<\/ul>\n<\/li>\n<li><strong>Cascada:<\/strong> Conexi\u00f3n en serie de hasta 50 m\u00f3dulos con <a href=\"https:\/\/www.easyledstore.it\/es\/categoria-producto\/fuentes-de-alimentacion\/\">alimentaci\u00f3n de 12 V CC<\/a>.<\/li>\n<\/ul>\n<h2>Aplicaciones recomendadas<\/h2>\n<p><strong>Letras de caja:<\/strong> Perfectas para profundidades bajas o medias.<\/p>\n<p><strong>Cajas de luz:<\/strong> Para r\u00f3tulos publicitarios de calidad superior.<\/p>\n<p><strong>Entornos exteriores: <\/strong>Gracias a su alta protecci\u00f3n contra el polvo y el agua.<\/p>\n<h2>Ventajas del m\u00f3dulo LED de alta eficiencia 100 lm\/W<\/h2>\n<p>Este m\u00f3dulo LED est\u00e1 dise\u00f1ado para ofrecer un alto rendimiento y una larga vida \u00fatil, combinando tecnolog\u00eda avanzada y facilidad de instalaci\u00f3n. Su \u00f3ptica de 175\u00b0 elimina las sombras, garantizando una iluminaci\u00f3n homog\u00e9nea incluso en las configuraciones m\u00e1s complejas. <\/p>\n","protected":false},"excerpt":{"rendered":"<p>M\u00f3dulo LED <strong>de alta eficiencia 100 lm\/W<\/strong> &#8211; Ideal para aplicaciones interiores y exteriores<\/p>\n<ul>\n<li><strong>Dimensiones:<\/strong> 63,5 x 13 x 10,1 mm<\/li>\n<li><strong>\u00c1ngulo del haz: <\/strong>175<\/li>\n<li><strong>Tensi\u00f3n de funcionamiento:<\/strong> 12 V CC<\/li>\n<li><strong>Consumo: <\/strong>0,72 W por m\u00f3dulo<\/li>\n<li><strong>Eficacia luminosa:<\/strong> 100 lm\/W<\/li>\n<li><strong>Color:<\/strong> RGB Digital<\/li>\n<\/ul>\n","protected":false},"featured_media":10938,"comment_status":"open","ping_status":"closed","template":"","meta":[],"product_brand":[],"product_cat":[1237,1238,1416],"product_tag":[1240,1244,1249,1070,1246,1571,1344,1247,1241,1150,1287,1252],"class_list":{"0":"post-10936","1":"product","2":"type-product","3":"status-publish","4":"has-post-thumbnail","6":"product_cat-modulos-led","7":"product_cat-modulos-led-para-una-cara-cajas-y-letras","8":"product_cat-modulos-rgb","9":"product_tag-0-72w","10":"product_tag-1244","11":"product_tag-100-lumenes","12":"product_tag-12v","13":"product_tag-175-grados","14":"product_tag-1w","15":"product_tag-3-led","16":"product_tag-certificado-ip68","17":"product_tag-con-lente","18":"product_tag-leds-de-colores","19":"product_tag-rgb","20":"product_tag-si","22":"first","23":"instock","24":"taxable","25":"shipping-taxable","26":"purchasable","27":"product-type-simple"},"yoast_head":"<!-- This site is optimized with the Yoast SEO plugin v27.3 - https:\/\/yoast.com\/product\/yoast-seo-wordpress\/ -->\n<title>M\u00f3dulo LED de alta eficiencia 100 lm\/W RGB Digital - 12V - Easyledstore<\/title>\n<meta name=\"description\" content=\"M\u00f3dulo LED digital RGB de 100 lm\/W de alta eficiencia para retroiluminaci\u00f3n, r\u00f3tulos, t\u00f3tems y mucho m\u00e1s. Potencia 0,72 W - 12 V. Lente de 175\u00b0 y flujo luminoso de 100 lm\" \/>\n<meta name=\"robots\" content=\"index, follow, max-snippet:-1, max-image-preview:large, max-video-preview:-1\" \/>\n<link rel=\"canonical\" href=\"https:\/\/www.easyledstore.it\/es\/producto\/modulo-led-12v-alta-eficacia-rgb-digital-072w\/\" \/>\n<meta property=\"og:locale\" content=\"es_ES\" \/>\n<meta property=\"og:type\" content=\"article\" \/>\n<meta property=\"og:title\" content=\"M\u00f3dulo LED de alta eficiencia 100 lm\/W RGB Digital - 12V - Easyledstore\" \/>\n<meta property=\"og:description\" content=\"M\u00f3dulo LED digital RGB de 100 lm\/W de alta eficiencia para retroiluminaci\u00f3n, r\u00f3tulos, t\u00f3tems y mucho m\u00e1s. Potencia 0,72 W - 12 V. Lente de 175\u00b0 y flujo luminoso de 100 lm\" \/>\n<meta property=\"og:url\" content=\"https:\/\/www.easyledstore.it\/es\/producto\/modulo-led-12v-alta-eficacia-rgb-digital-072w\/\" \/>\n<meta property=\"og:site_name\" content=\"Easyledstore\" \/>\n<meta property=\"article:publisher\" content=\"https:\/\/www.facebook.com\/easyledstore\" \/>\n<meta property=\"article:modified_time\" content=\"2026-02-02T10:16:11+00:00\" \/>\n<meta property=\"og:image\" content=\"https:\/\/www.easyledstore.it\/wp-content\/uploads\/2025\/07\/rgbic10012.jpg\" \/>\n\t<meta property=\"og:image:width\" content=\"2000\" \/>\n\t<meta property=\"og:image:height\" content=\"2000\" \/>\n\t<meta property=\"og:image:type\" content=\"image\/jpeg\" \/>\n<meta name=\"twitter:card\" content=\"summary_large_image\" \/>\n<meta name=\"twitter:label1\" content=\"Tiempo de lectura\" \/>\n\t<meta name=\"twitter:data1\" content=\"1 minuto\" \/>\n<!-- \/ Yoast SEO plugin. -->","yoast_head_json":{"title":"M\u00f3dulo LED de alta eficiencia 100 lm\/W RGB Digital - 12V - Easyledstore","description":"M\u00f3dulo LED digital RGB de 100 lm\/W de alta eficiencia para retroiluminaci\u00f3n, r\u00f3tulos, t\u00f3tems y mucho m\u00e1s. Potencia 0,72 W - 12 V. Lente de 175\u00b0 y flujo luminoso de 100 lm","robots":{"index":"index","follow":"follow","max-snippet":"max-snippet:-1","max-image-preview":"max-image-preview:large","max-video-preview":"max-video-preview:-1"},"canonical":"https:\/\/www.easyledstore.it\/es\/producto\/modulo-led-12v-alta-eficacia-rgb-digital-072w\/","og_locale":"es_ES","og_type":"article","og_title":"M\u00f3dulo LED de alta eficiencia 100 lm\/W RGB Digital - 12V - Easyledstore","og_description":"M\u00f3dulo LED digital RGB de 100 lm\/W de alta eficiencia para retroiluminaci\u00f3n, r\u00f3tulos, t\u00f3tems y mucho m\u00e1s. Potencia 0,72 W - 12 V. Lente de 175\u00b0 y flujo luminoso de 100 lm","og_url":"https:\/\/www.easyledstore.it\/es\/producto\/modulo-led-12v-alta-eficacia-rgb-digital-072w\/","og_site_name":"Easyledstore","article_publisher":"https:\/\/www.facebook.com\/easyledstore","article_modified_time":"2026-02-02T10:16:11+00:00","og_image":[{"width":2000,"height":2000,"url":"https:\/\/www.easyledstore.it\/wp-content\/uploads\/2025\/07\/rgbic10012.jpg","type":"image\/jpeg"}],"twitter_card":"summary_large_image","twitter_misc":{"Tiempo de lectura":"1 minuto"},"schema":{"@context":"https:\/\/schema.org","@graph":[{"@type":"WebPage","@id":"https:\/\/www.easyledstore.it\/es\/producto\/modulo-led-12v-alta-eficacia-rgb-digital-072w\/","url":"https:\/\/www.easyledstore.it\/es\/producto\/modulo-led-12v-alta-eficacia-rgb-digital-072w\/","name":"M\u00f3dulo LED de alta eficiencia 100 lm\/W RGB Digital - 12V - Easyledstore","isPartOf":{"@id":"https:\/\/www.easyledstore.it\/es\/#website"},"primaryImageOfPage":{"@id":"https:\/\/www.easyledstore.it\/es\/producto\/modulo-led-12v-alta-eficacia-rgb-digital-072w\/#primaryimage"},"image":{"@id":"https:\/\/www.easyledstore.it\/es\/producto\/modulo-led-12v-alta-eficacia-rgb-digital-072w\/#primaryimage"},"thumbnailUrl":"https:\/\/www.easyledstore.it\/wp-content\/uploads\/2025\/07\/rgbic10012.jpg","datePublished":"2025-07-21T08:27:41+00:00","dateModified":"2026-02-02T10:16:11+00:00","description":"M\u00f3dulo LED digital RGB de 100 lm\/W de alta eficiencia para retroiluminaci\u00f3n, r\u00f3tulos, t\u00f3tems y mucho m\u00e1s. Potencia 0,72 W - 12 V. Lente de 175\u00b0 y flujo luminoso de 100 lm","breadcrumb":{"@id":"https:\/\/www.easyledstore.it\/es\/producto\/modulo-led-12v-alta-eficacia-rgb-digital-072w\/#breadcrumb"},"inLanguage":"es","potentialAction":[{"@type":"ReadAction","target":["https:\/\/www.easyledstore.it\/es\/producto\/modulo-led-12v-alta-eficacia-rgb-digital-072w\/"]}]},{"@type":"ImageObject","inLanguage":"es","@id":"https:\/\/www.easyledstore.it\/es\/producto\/modulo-led-12v-alta-eficacia-rgb-digital-072w\/#primaryimage","url":"https:\/\/www.easyledstore.it\/wp-content\/uploads\/2025\/07\/rgbic10012.jpg","contentUrl":"https:\/\/www.easyledstore.it\/wp-content\/uploads\/2025\/07\/rgbic10012.jpg","width":2000,"height":2000,"caption":"M\u00f3dulo RGB Digital 175"},{"@type":"BreadcrumbList","@id":"https:\/\/www.easyledstore.it\/es\/producto\/modulo-led-12v-alta-eficacia-rgb-digital-072w\/#breadcrumb","itemListElement":[{"@type":"ListItem","position":1,"name":"Home","item":"https:\/\/www.easyledstore.it\/es\/modulos-de-senalizacion-led\/"},{"@type":"ListItem","position":2,"name":"Tienda IT","item":"https:\/\/www.easyledstore.it\/es\/tienda\/"},{"@type":"ListItem","position":3,"name":"M\u00f3dulo LED 12V &#8211; Alta Eficacia &#8211; RGB Digital &#8211; 0,72W"}]},{"@type":"WebSite","@id":"https:\/\/www.easyledstore.it\/es\/#website","url":"https:\/\/www.easyledstore.it\/es\/","name":"Easyledstore","description":"Alimentatori e Moduli LED per Insegne Luminose","publisher":{"@id":"https:\/\/www.easyledstore.it\/es\/#organization"},"potentialAction":[{"@type":"SearchAction","target":{"@type":"EntryPoint","urlTemplate":"https:\/\/www.easyledstore.it\/es\/?s={search_term_string}"},"query-input":{"@type":"PropertyValueSpecification","valueRequired":true,"valueName":"search_term_string"}}],"inLanguage":"es"},{"@type":"Organization","@id":"https:\/\/www.easyledstore.it\/es\/#organization","name":"LTC Lighting Trading Company srls","url":"https:\/\/www.easyledstore.it\/es\/","logo":{"@type":"ImageObject","inLanguage":"es","@id":"https:\/\/www.easyledstore.it\/es\/#\/schema\/logo\/image\/","url":"https:\/\/www.easyledstore.it\/wp-content\/uploads\/2018\/03\/Landscape-FullColor-2000.png","contentUrl":"https:\/\/www.easyledstore.it\/wp-content\/uploads\/2018\/03\/Landscape-FullColor-2000.png","width":2000,"height":641,"caption":"LTC Lighting Trading Company srls"},"image":{"@id":"https:\/\/www.easyledstore.it\/es\/#\/schema\/logo\/image\/"},"sameAs":["https:\/\/www.facebook.com\/easyledstore"]}]}},"_links":{"self":[{"href":"https:\/\/www.easyledstore.it\/es\/wp-json\/wp\/v2\/product\/10936","targetHints":{"allow":["GET"]}}],"collection":[{"href":"https:\/\/www.easyledstore.it\/es\/wp-json\/wp\/v2\/product"}],"about":[{"href":"https:\/\/www.easyledstore.it\/es\/wp-json\/wp\/v2\/types\/product"}],"replies":[{"embeddable":true,"href":"https:\/\/www.easyledstore.it\/es\/wp-json\/wp\/v2\/comments?post=10936"}],"wp:featuredmedia":[{"embeddable":true,"href":"https:\/\/www.easyledstore.it\/es\/wp-json\/wp\/v2\/media\/10938"}],"wp:attachment":[{"href":"https:\/\/www.easyledstore.it\/es\/wp-json\/wp\/v2\/media?parent=10936"}],"wp:term":[{"taxonomy":"product_brand","embeddable":true,"href":"https:\/\/www.easyledstore.it\/es\/wp-json\/wp\/v2\/product_brand?post=10936"},{"taxonomy":"product_cat","embeddable":true,"href":"https:\/\/www.easyledstore.it\/es\/wp-json\/wp\/v2\/product_cat?post=10936"},{"taxonomy":"product_tag","embeddable":true,"href":"https:\/\/www.easyledstore.it\/es\/wp-json\/wp\/v2\/product_tag?post=10936"}],"curies":[{"name":"wp","href":"https:\/\/api.w.org\/{rel}","templated":true}]}}