{"id":10915,"date":"2025-08-05T11:55:58","date_gmt":"2025-08-05T09:55:58","guid":{"rendered":"https:\/\/www.easyledstore.it\/prodotto\/barra-led-12w-24v-4000k-con-conector-rapido\/"},"modified":"2026-01-19T12:54:53","modified_gmt":"2026-01-19T11:54:53","slug":"barra-led-12w-24v-4000k-con-conector-rapido","status":"publish","type":"product","link":"https:\/\/www.easyledstore.it\/es\/producto\/barra-led-12w-24v-4000k-con-conector-rapido\/","title":{"rendered":"Barra LED 12W 24V 4000K &#8211; Con conector r\u00e1pido"},"content":{"rendered":"<div class=\"et_pb_section_0 et_pb_section et_section_regular et_block_section\"><div class=\"et_pb_row_0 et_pb_row et_block_row\"><div class=\"et_pb_column_0 et_pb_column et_pb_column_4_4 et-last-child et_block_column et_pb_css_mix_blend_mode_passthrough\"><div class=\"et_pb_wc_cart_notice_0 et_pb_wc_cart_notice et_pb_fields_layout_default et_pb_module\"><div class=\"et_pb_module_inner\">\n\t<div class=\"woocommerce-message\" role=\"alert\">\n\t\t&ldquo;Product Name&rdquo; has been added to cart.\t<\/div>\n<\/div><\/div><\/div><\/div><div class=\"et_pb_row_1 et_pb_row et_block_row\"><div class=\"et_pb_column_1 et_pb_column et_pb_column_1_2 et_block_column et_pb_css_mix_blend_mode_passthrough\"><div class=\"et_pb_wc_images_0 et_pb_wc_images et_pb_module\"><div class=\"et_pb_module_inner\"><\/div><\/div><\/div><div class=\"et_pb_column_2 et_pb_column et_pb_column_1_2 et-last-child et_block_column et_pb_css_mix_blend_mode_passthrough\"><div class=\"et_pb_wc_title_0 et_pb_wc_title et_pb_bg_layout_light et_pb_module\"><div class=\"et_pb_module_inner\">\n\t\t<h1>Barra LED 12W 24V 4000K &#8211; Con conector r\u00e1pido<\/h1><\/div><\/div><\/div><\/div><div class=\"et_pb_row_2 et_pb_row et_block_row\"><div class=\"et_pb_column_3 et_pb_column et_pb_column_4_4 et-last-child et_block_column et_pb_css_mix_blend_mode_passthrough\"><div class=\"et_pb_wc_tabs_0 et_pb_wc_tabs et_pb_tabs et_pb_module\"><div class=\"et_pb_module_inner\"><ul class=\"et_pb_tabs_controls clearfix\"><\/ul><div class=\"et_pb_all_tabs\"><\/div><\/div><\/div><\/div><\/div><\/div>","protected":false},"excerpt":{"rendered":"<p>Iluminaci\u00f3n uniforme para cajas y cajas de luz (40-250 mm), alta eficacia luminosa, larga vida \u00fatil (5 a\u00f1os) y protecci\u00f3n contra el agua y el polvo.<\/p>\n<p>Barra LED 12W 24V. Color Blanco Natural 4000K.<br \/>\nFlujo luminoso 1320 lm.<br \/>\nGrado de protecci\u00f3n IP65. <\/p>\n","protected":false},"featured_media":10000,"comment_status":"open","ping_status":"closed","template":"","meta":[],"product_brand":[],"product_cat":[1464,1465],"product_tag":[1467,1468,1469,1470,1213,1471,1356,1373,1076,1355],"class_list":{"0":"post-10915","1":"product","2":"type-product","3":"status-publish","4":"has-post-thumbnail","6":"product_cat-barras-led","7":"product_cat-barras-led-ip65","8":"product_tag-1467","9":"product_tag-12w","10":"product_tag-1320-lumenes","11":"product_tag-178-grados","12":"product_tag-24v","13":"product_tag-4-25-cm","14":"product_tag-4000k","15":"product_tag-blanco-natural","16":"product_tag-certificado-ip65","17":"product_tag-luz-natural","19":"first","20":"instock","21":"taxable","22":"shipping-taxable","23":"purchasable","24":"product-type-simple"},"yoast_head":"<!-- This site is optimized with the Yoast SEO plugin v27.3 - https:\/\/yoast.com\/product\/yoast-seo-wordpress\/ -->\n<title>Barra LED 12W 24V 4000K - Con conector r\u00e1pido - Easyledstore<\/title>\n<meta name=\"description\" content=\"La Barra LED 12W 24V est\u00e1 dise\u00f1ada para proporcionar una iluminaci\u00f3n potente y uniforme. Ideal para cajas de luz y cajas de luz con profundidades de 40 a 250 mm\" \/>\n<meta name=\"robots\" content=\"index, follow, max-snippet:-1, max-image-preview:large, max-video-preview:-1\" \/>\n<link rel=\"canonical\" href=\"https:\/\/www.easyledstore.it\/es\/producto\/barra-led-12w-24v-4000k-con-conector-rapido\/\" \/>\n<meta property=\"og:locale\" content=\"es_ES\" \/>\n<meta property=\"og:type\" content=\"article\" \/>\n<meta property=\"og:title\" content=\"Barra LED 12W 24V 4000K - Con conector r\u00e1pido - Easyledstore\" \/>\n<meta property=\"og:description\" content=\"La Barra LED 12W 24V est\u00e1 dise\u00f1ada para proporcionar una iluminaci\u00f3n potente y uniforme. Ideal para cajas de luz y cajas de luz con profundidades de 40 a 250 mm\" \/>\n<meta property=\"og:url\" content=\"https:\/\/www.easyledstore.it\/es\/producto\/barra-led-12w-24v-4000k-con-conector-rapido\/\" \/>\n<meta property=\"og:site_name\" content=\"Easyledstore\" \/>\n<meta property=\"article:publisher\" content=\"https:\/\/www.facebook.com\/easyledstore\" \/>\n<meta property=\"article:modified_time\" content=\"2026-01-19T11:54:53+00:00\" \/>\n<meta property=\"og:image\" content=\"https:\/\/www.easyledstore.it\/wp-content\/uploads\/2025\/05\/Barra-OK-scaled.jpg\" \/>\n\t<meta property=\"og:image:width\" content=\"2560\" \/>\n\t<meta property=\"og:image:height\" content=\"2560\" \/>\n\t<meta property=\"og:image:type\" content=\"image\/jpeg\" \/>\n<meta name=\"twitter:card\" content=\"summary_large_image\" \/>\n<!-- \/ Yoast SEO plugin. -->","yoast_head_json":{"title":"Barra LED 12W 24V 4000K - Con conector r\u00e1pido - Easyledstore","description":"La Barra LED 12W 24V est\u00e1 dise\u00f1ada para proporcionar una iluminaci\u00f3n potente y uniforme. Ideal para cajas de luz y cajas de luz con profundidades de 40 a 250 mm","robots":{"index":"index","follow":"follow","max-snippet":"max-snippet:-1","max-image-preview":"max-image-preview:large","max-video-preview":"max-video-preview:-1"},"canonical":"https:\/\/www.easyledstore.it\/es\/producto\/barra-led-12w-24v-4000k-con-conector-rapido\/","og_locale":"es_ES","og_type":"article","og_title":"Barra LED 12W 24V 4000K - Con conector r\u00e1pido - Easyledstore","og_description":"La Barra LED 12W 24V est\u00e1 dise\u00f1ada para proporcionar una iluminaci\u00f3n potente y uniforme. Ideal para cajas de luz y cajas de luz con profundidades de 40 a 250 mm","og_url":"https:\/\/www.easyledstore.it\/es\/producto\/barra-led-12w-24v-4000k-con-conector-rapido\/","og_site_name":"Easyledstore","article_publisher":"https:\/\/www.facebook.com\/easyledstore","article_modified_time":"2026-01-19T11:54:53+00:00","og_image":[{"width":2560,"height":2560,"url":"https:\/\/www.easyledstore.it\/wp-content\/uploads\/2025\/05\/Barra-OK-scaled.jpg","type":"image\/jpeg"}],"twitter_card":"summary_large_image","schema":{"@context":"https:\/\/schema.org","@graph":[{"@type":"WebPage","@id":"https:\/\/www.easyledstore.it\/es\/producto\/barra-led-12w-24v-4000k-con-conector-rapido\/","url":"https:\/\/www.easyledstore.it\/es\/producto\/barra-led-12w-24v-4000k-con-conector-rapido\/","name":"Barra LED 12W 24V 4000K - Con conector r\u00e1pido - Easyledstore","isPartOf":{"@id":"https:\/\/www.easyledstore.it\/es\/#website"},"primaryImageOfPage":{"@id":"https:\/\/www.easyledstore.it\/es\/producto\/barra-led-12w-24v-4000k-con-conector-rapido\/#primaryimage"},"image":{"@id":"https:\/\/www.easyledstore.it\/es\/producto\/barra-led-12w-24v-4000k-con-conector-rapido\/#primaryimage"},"thumbnailUrl":"https:\/\/www.easyledstore.it\/wp-content\/uploads\/2025\/05\/Barra-OK-scaled.jpg","datePublished":"2025-08-05T09:55:58+00:00","dateModified":"2026-01-19T11:54:53+00:00","description":"La Barra LED 12W 24V est\u00e1 dise\u00f1ada para proporcionar una iluminaci\u00f3n potente y uniforme. Ideal para cajas de luz y cajas de luz con profundidades de 40 a 250 mm","breadcrumb":{"@id":"https:\/\/www.easyledstore.it\/es\/producto\/barra-led-12w-24v-4000k-con-conector-rapido\/#breadcrumb"},"inLanguage":"es","potentialAction":[{"@type":"ReadAction","target":["https:\/\/www.easyledstore.it\/es\/producto\/barra-led-12w-24v-4000k-con-conector-rapido\/"]}]},{"@type":"ImageObject","inLanguage":"es","@id":"https:\/\/www.easyledstore.it\/es\/producto\/barra-led-12w-24v-4000k-con-conector-rapido\/#primaryimage","url":"https:\/\/www.easyledstore.it\/wp-content\/uploads\/2025\/05\/Barra-OK-scaled.jpg","contentUrl":"https:\/\/www.easyledstore.it\/wp-content\/uploads\/2025\/05\/Barra-OK-scaled.jpg","width":2560,"height":2560,"caption":"Barra con Logotipo"},{"@type":"BreadcrumbList","@id":"https:\/\/www.easyledstore.it\/es\/producto\/barra-led-12w-24v-4000k-con-conector-rapido\/#breadcrumb","itemListElement":[{"@type":"ListItem","position":1,"name":"Home","item":"https:\/\/www.easyledstore.it\/es\/modulos-de-senalizacion-led\/"},{"@type":"ListItem","position":2,"name":"Tienda IT","item":"https:\/\/www.easyledstore.it\/es\/tienda\/"},{"@type":"ListItem","position":3,"name":"Barra LED 12W 24V 4000K &#8211; Con conector r\u00e1pido"}]},{"@type":"WebSite","@id":"https:\/\/www.easyledstore.it\/es\/#website","url":"https:\/\/www.easyledstore.it\/es\/","name":"Easyledstore","description":"Alimentatori e Moduli LED per Insegne Luminose","publisher":{"@id":"https:\/\/www.easyledstore.it\/es\/#organization"},"potentialAction":[{"@type":"SearchAction","target":{"@type":"EntryPoint","urlTemplate":"https:\/\/www.easyledstore.it\/es\/?s={search_term_string}"},"query-input":{"@type":"PropertyValueSpecification","valueRequired":true,"valueName":"search_term_string"}}],"inLanguage":"es"},{"@type":"Organization","@id":"https:\/\/www.easyledstore.it\/es\/#organization","name":"LTC Lighting Trading Company srls","url":"https:\/\/www.easyledstore.it\/es\/","logo":{"@type":"ImageObject","inLanguage":"es","@id":"https:\/\/www.easyledstore.it\/es\/#\/schema\/logo\/image\/","url":"https:\/\/www.easyledstore.it\/wp-content\/uploads\/2018\/03\/Landscape-FullColor-2000.png","contentUrl":"https:\/\/www.easyledstore.it\/wp-content\/uploads\/2018\/03\/Landscape-FullColor-2000.png","width":2000,"height":641,"caption":"LTC Lighting Trading Company srls"},"image":{"@id":"https:\/\/www.easyledstore.it\/es\/#\/schema\/logo\/image\/"},"sameAs":["https:\/\/www.facebook.com\/easyledstore"]}]}},"_links":{"self":[{"href":"https:\/\/www.easyledstore.it\/es\/wp-json\/wp\/v2\/product\/10915","targetHints":{"allow":["GET"]}}],"collection":[{"href":"https:\/\/www.easyledstore.it\/es\/wp-json\/wp\/v2\/product"}],"about":[{"href":"https:\/\/www.easyledstore.it\/es\/wp-json\/wp\/v2\/types\/product"}],"replies":[{"embeddable":true,"href":"https:\/\/www.easyledstore.it\/es\/wp-json\/wp\/v2\/comments?post=10915"}],"wp:featuredmedia":[{"embeddable":true,"href":"https:\/\/www.easyledstore.it\/es\/wp-json\/wp\/v2\/media\/10000"}],"wp:attachment":[{"href":"https:\/\/www.easyledstore.it\/es\/wp-json\/wp\/v2\/media?parent=10915"}],"wp:term":[{"taxonomy":"product_brand","embeddable":true,"href":"https:\/\/www.easyledstore.it\/es\/wp-json\/wp\/v2\/product_brand?post=10915"},{"taxonomy":"product_cat","embeddable":true,"href":"https:\/\/www.easyledstore.it\/es\/wp-json\/wp\/v2\/product_cat?post=10915"},{"taxonomy":"product_tag","embeddable":true,"href":"https:\/\/www.easyledstore.it\/es\/wp-json\/wp\/v2\/product_tag?post=10915"}],"curies":[{"name":"wp","href":"https:\/\/api.w.org\/{rel}","templated":true}]}}