{"id":10852,"date":"2025-07-10T14:40:15","date_gmt":"2025-07-10T12:40:15","guid":{"rendered":"https:\/\/www.easyledstore.it\/prodotto\/controlador-bluetooth-pixel-led-rgb-5-24v-con-mando-a-distancia\/"},"modified":"2026-04-07T08:10:10","modified_gmt":"2026-04-07T06:10:10","slug":"controlador-bluetooth-pixel-led-rgb-5-24v-con-mando-a-distancia","status":"publish","type":"product","link":"https:\/\/www.easyledstore.it\/es\/producto\/controlador-bluetooth-pixel-led-rgb-5-24v-con-mando-a-distancia\/","title":{"rendered":"Controlador Bluetooth Pixel LED RGB 5-24V Con Mando a Distancia"},"content":{"rendered":"<p data-start=\"160\" data-end=\"452\">El <strong data-start=\"163\" data-end=\"193\">Controlador de p\u00edxeles Bluetooth<\/strong> es la soluci\u00f3n ideal para gestionar tiras de LED RGB digitales (WS2811, WS2812B) con facilidad y precisi\u00f3n. Compatible con fuentes de alimentaci\u00f3n de CC de 5 V a 24 V, este controlador compacto admite hasta 2048 p\u00edxeles y ofrece m\u00e1s de 300 efectos din\u00e1micos personalizables. <\/p>\n<p data-start=\"454\" data-end=\"765\">Con dos modos de control -mediante <strong data-start=\"505\" data-end=\"522\">APP Bluetooth<\/strong> o <strong data-start=\"525\" data-end=\"552\">mando a distancia RF inal\u00e1mbrico-<\/strong>, el <strong data-start=\"558\" data-end=\"588\">Controlador Pixel Bluetooth<\/strong> proporciona una experiencia de usuario intuitiva y vers\u00e1til. Puedes ajustar los colores, la velocidad y el brillo directamente desde tu smartphone, con conexi\u00f3n autom\u00e1tica en segundos. <\/p>\n<p data-start=\"767\" data-end=\"969\">Fabricado en pl\u00e1stico ABS resistente y equipado con un conector de 3 patillas, el <strong data-start=\"840\" data-end=\"870\">Controlador de p\u00edxeles Bluetooth<\/strong> es perfecto para r\u00f3tulos luminosos, instalaciones decorativas y proyectos LED profesionales o creativos.<\/p>\n<p data-start=\"135\" data-end=\"159\"><strong data-start=\"135\" data-end=\"159\">Especificaciones t\u00e9cnicas:<\/strong><\/p>\n<ul data-start=\"161\" data-end=\"766\">\n<li data-start=\"161\" data-end=\"283\">\n<p data-start=\"163\" data-end=\"283\"><strong data-start=\"163\" data-end=\"181\">Compatibilidad:<\/strong> s\u00f3lo apto para tiras LED RGB digitales (tipo WS2811 \/ WS2812B) con voltaje de 5V a 24V<\/p>\n<\/li>\n<li data-start=\"284\" data-end=\"352\">\n<p data-start=\"286\" data-end=\"352\"><strong data-start=\"286\" data-end=\"311\">Sistema de control:<\/strong> mediante APP Bluetooth y mando a distancia RF<\/p>\n<\/li>\n<li data-start=\"353\" data-end=\"384\">\n<p data-start=\"355\" data-end=\"384\"><strong data-start=\"355\" data-end=\"373\">Alimentaci\u00f3n:<\/strong> DC 5-24V<\/p>\n<\/li>\n<li data-start=\"385\" data-end=\"423\">\n<p data-start=\"387\" data-end=\"423\"><strong data-start=\"387\" data-end=\"415\">Conector para tira de LED:<\/strong> 3 patillas<\/p>\n<\/li>\n<li data-start=\"424\" data-end=\"453\">\n<p data-start=\"426\" data-end=\"453\"><strong data-start=\"426\" data-end=\"446\">Consumo de energ\u00eda est\u00e1tico:<\/strong> &lt; 1W<\/p>\n<\/li>\n<li data-start=\"454\" data-end=\"494\">\n<p data-start=\"456\" data-end=\"494\"><strong data-start=\"456\" data-end=\"487\">Corriente m\u00e1xima de salida:<\/strong> &lt; 6A<\/p>\n<\/li>\n<li data-start=\"495\" data-end=\"570\">\n<p data-start=\"497\" data-end=\"522\"><strong data-start=\"497\" data-end=\"520\">Potencia soportada:<\/strong><\/p>\n<ul data-start=\"525\" data-end=\"570\">\n<li data-start=\"525\" data-end=\"537\">\n<p data-start=\"527\" data-end=\"537\">5V \/ 30W<\/p>\n<\/li>\n<li data-start=\"540\" data-end=\"553\">\n<p data-start=\"542\" data-end=\"553\">12V \/ 72W<\/p>\n<\/li>\n<li data-start=\"556\" data-end=\"570\">\n<p data-start=\"558\" data-end=\"570\">24V \/ 144W<\/p>\n<\/li>\n<\/ul>\n<\/li>\n<li data-start=\"571\" data-end=\"614\">\n<p data-start=\"573\" data-end=\"614\"><strong data-start=\"573\" data-end=\"594\">P\u00edxeles admitidos:<\/strong> hasta 2048 p\u00edxeles<\/p>\n<\/li>\n<li data-start=\"615\" data-end=\"644\">\n<p data-start=\"617\" data-end=\"644\"><strong data-start=\"617\" data-end=\"636\">Longitud del cable:<\/strong> 15 cm<\/p>\n<\/li>\n<li data-start=\"645\" data-end=\"698\">\n<p data-start=\"647\" data-end=\"698\"><strong data-start=\"647\" data-end=\"661\">Material:<\/strong> pl\u00e1stico ABS resistente y duradero<\/p>\n<\/li>\n<li data-start=\"699\" data-end=\"766\">\n<p data-start=\"701\" data-end=\"766\"><strong data-start=\"701\" data-end=\"732\">Contenido del paquete:<\/strong> 1 mando + 1 mando a distancia RF<\/p>\n<\/li>\n<\/ul>\n<p data-start=\"768\" data-end=\"785\"><strong data-start=\"768\" data-end=\"785\">Funcionalidad:<\/strong><\/p>\n<ul data-start=\"787\" data-end=\"1109\">\n<li data-start=\"787\" data-end=\"863\">\n<p data-start=\"789\" data-end=\"863\">Control r\u00e1pido y sencillo mediante APP Bluetooth o mando a distancia inal\u00e1mbrico<\/p>\n<\/li>\n<li data-start=\"864\" data-end=\"907\">\n<p data-start=\"866\" data-end=\"907\">Conexi\u00f3n autom\u00e1tica en segundos<\/p>\n<\/li>\n<li data-start=\"908\" data-end=\"951\">\n<p data-start=\"910\" data-end=\"951\">M\u00e1s de 300 efectos de iluminaci\u00f3n preestablecidos<\/p>\n<\/li>\n<li data-start=\"952\" data-end=\"1022\">\n<p data-start=\"954\" data-end=\"1022\">Ajustar el color, el brillo y la velocidad directamente desde la app<\/p>\n<\/li>\n<li data-start=\"1023\" data-end=\"1109\">\n<p data-start=\"1025\" data-end=\"1109\">Ideal para r\u00f3tulos LED, tiras digitales, instalaciones luminosas y proyectos creativos<\/p>\n<\/li>\n<\/ul>\n<p><strong style=\"font-size: 18px;\">Sigue a EasyLedStore.co.uk tambi\u00e9n en las redes sociales<\/strong><\/p>\n<ul style=\"list-style: none; padding: 0; font-size: 18px;\">\n<li style=\"text-align: left;\"><a href=\"https:\/\/www.instagram.com\/easyledstore.it\" target=\"_blank\" rel=\"noopener noreferrer nofollow\">Instagram &#8211; <\/a><a href=\"https:\/\/www.facebook.com\/easyledstore\" target=\"_blank\" rel=\"noopener noreferrer nofollow\">Facebook &#8211; <\/a><a href=\"https:\/\/www.tiktok.com\/@easyledstore.it\" target=\"_blank\" rel=\"noopener noreferrer nofollow\">TikTok &#8211; <\/a><a href=\"https:\/\/www.youtube.com\/@easyledstore4589\" target=\"_blank\" rel=\"noopener noreferrer nofollow\">YouTube<\/a><\/li>\n<\/ul>\n","protected":false},"excerpt":{"rendered":"<p data-start=\"160\" data-end=\"452\">El <strong data-start=\"163\" data-end=\"193\">Controlador de p\u00edxeles Bluetooth<\/strong> es la soluci\u00f3n ideal para gestionar tiras de LED RGB digitales (WS2811, WS2812B) con facilidad y precisi\u00f3n. Compatible con fuentes de alimentaci\u00f3n de CC de 5 V a 24 V, este controlador compacto admite hasta 2048 p\u00edxeles y ofrece m\u00e1s de 300 efectos din\u00e1micos personalizables. <\/p>\n<p data-start=\"454\" data-end=\"765\">Con dos modos de control -mediante <strong data-start=\"505\" data-end=\"522\">APP Bluetooth<\/strong> o <strong data-start=\"525\" data-end=\"552\">mando a distancia RF inal\u00e1mbrico-<\/strong>, el <strong data-start=\"558\" data-end=\"588\">Controlador Pixel Bluetooth<\/strong> proporciona una experiencia de usuario intuitiva y vers\u00e1til. Puedes ajustar los colores, la velocidad y el brillo directamente desde tu smartphone, con conexi\u00f3n autom\u00e1tica en segundos. <\/p>\n<p data-start=\"767\" data-end=\"969\">Fabricado en pl\u00e1stico ABS resistente y equipado con un conector de 3 patillas, el <strong data-start=\"840\" data-end=\"870\">Controlador de p\u00edxeles Bluetooth<\/strong> es perfecto para r\u00f3tulos luminosos, instalaciones decorativas y proyectos LED profesionales o creativos.<\/p>\n<p><strong style=\"font-size: 18px;\">Sigue a EasyLedStore.co.uk tambi\u00e9n en las redes sociales<\/strong><\/p>\n<ul style=\"list-style: none; padding: 0; font-size: 18px;\">\n<li style=\"text-align: left;\"><a href=\"https:\/\/www.instagram.com\/easyledstore.it\" target=\"_blank\" rel=\"noopener\">Instagram &#8211; <\/a><a href=\"https:\/\/www.facebook.com\/easyledstore\" target=\"_blank\" rel=\"noopener\">Facebook &#8211; <\/a><a href=\"https:\/\/www.tiktok.com\/@easyledstore.it\" target=\"_blank\" rel=\"noopener\">TikTok &#8211; <\/a><a href=\"https:\/\/www.youtube.com\/@easyledstore4589\" target=\"_blank\" rel=\"noopener\">YouTube<\/a><\/li>\n<\/ul>\n","protected":false},"featured_media":10857,"comment_status":"open","ping_status":"closed","template":"","meta":[],"product_brand":[],"product_cat":[1750,1749],"product_tag":[1070,1213,1702,1751,1287],"class_list":{"0":"post-10852","1":"product","2":"type-product","3":"status-publish","4":"has-post-thumbnail","6":"product_cat-controlador","7":"product_cat-unidades-de-control","8":"product_tag-12v","9":"product_tag-24v","10":"product_tag-5v","11":"product_tag-cc-5v-12v-24v","12":"product_tag-rgb","14":"first","15":"instock","16":"taxable","17":"shipping-taxable","18":"purchasable","19":"product-type-simple"},"yoast_head":"<!-- This site is optimized with the Yoast SEO plugin v27.3 - https:\/\/yoast.com\/product\/yoast-seo-wordpress\/ -->\n<title>Controlador Bluetooth Pixel LED RGB 5-24V Con Mando a Distancia - Easyledstore<\/title>\n<meta name=\"description\" content=\"Controla hasta 2048 p\u00edxeles LED con el Controlador de p\u00edxeles Bluetooth. Compatible con las tiras WS2811\/WS2812B, ofrece control mediante APP y mando a distancia.\" \/>\n<meta name=\"robots\" content=\"index, follow, max-snippet:-1, max-image-preview:large, max-video-preview:-1\" \/>\n<link rel=\"canonical\" href=\"https:\/\/www.easyledstore.it\/es\/producto\/controlador-bluetooth-pixel-led-rgb-5-24v-con-mando-a-distancia\/\" \/>\n<meta property=\"og:locale\" content=\"es_ES\" \/>\n<meta property=\"og:type\" content=\"article\" \/>\n<meta property=\"og:title\" content=\"Controlador Bluetooth Pixel LED RGB 5-24V Con Mando a Distancia - Easyledstore\" \/>\n<meta property=\"og:description\" content=\"Controla hasta 2048 p\u00edxeles LED con el Controlador de p\u00edxeles Bluetooth. Compatible con las tiras WS2811\/WS2812B, ofrece control mediante APP y mando a distancia.\" \/>\n<meta property=\"og:url\" content=\"https:\/\/www.easyledstore.it\/es\/producto\/controlador-bluetooth-pixel-led-rgb-5-24v-con-mando-a-distancia\/\" \/>\n<meta property=\"og:site_name\" content=\"Easyledstore\" \/>\n<meta property=\"article:publisher\" content=\"https:\/\/www.facebook.com\/easyledstore\" \/>\n<meta property=\"article:modified_time\" content=\"2026-04-07T06:10:10+00:00\" \/>\n<meta property=\"og:image\" content=\"https:\/\/www.easyledstore.it\/wp-content\/uploads\/2025\/07\/C-1.jpg\" \/>\n\t<meta property=\"og:image:width\" content=\"2000\" \/>\n\t<meta property=\"og:image:height\" content=\"2000\" \/>\n\t<meta property=\"og:image:type\" content=\"image\/jpeg\" \/>\n<meta name=\"twitter:card\" content=\"summary_large_image\" \/>\n<meta name=\"twitter:label1\" content=\"Tiempo de lectura\" \/>\n\t<meta name=\"twitter:data1\" content=\"1 minuto\" \/>\n<!-- \/ Yoast SEO plugin. -->","yoast_head_json":{"title":"Controlador Bluetooth Pixel LED RGB 5-24V Con Mando a Distancia - Easyledstore","description":"Controla hasta 2048 p\u00edxeles LED con el Controlador de p\u00edxeles Bluetooth. Compatible con las tiras WS2811\/WS2812B, ofrece control mediante APP y mando a distancia.","robots":{"index":"index","follow":"follow","max-snippet":"max-snippet:-1","max-image-preview":"max-image-preview:large","max-video-preview":"max-video-preview:-1"},"canonical":"https:\/\/www.easyledstore.it\/es\/producto\/controlador-bluetooth-pixel-led-rgb-5-24v-con-mando-a-distancia\/","og_locale":"es_ES","og_type":"article","og_title":"Controlador Bluetooth Pixel LED RGB 5-24V Con Mando a Distancia - Easyledstore","og_description":"Controla hasta 2048 p\u00edxeles LED con el Controlador de p\u00edxeles Bluetooth. Compatible con las tiras WS2811\/WS2812B, ofrece control mediante APP y mando a distancia.","og_url":"https:\/\/www.easyledstore.it\/es\/producto\/controlador-bluetooth-pixel-led-rgb-5-24v-con-mando-a-distancia\/","og_site_name":"Easyledstore","article_publisher":"https:\/\/www.facebook.com\/easyledstore","article_modified_time":"2026-04-07T06:10:10+00:00","og_image":[{"width":2000,"height":2000,"url":"https:\/\/www.easyledstore.it\/wp-content\/uploads\/2025\/07\/C-1.jpg","type":"image\/jpeg"}],"twitter_card":"summary_large_image","twitter_misc":{"Tiempo de lectura":"1 minuto"},"schema":{"@context":"https:\/\/schema.org","@graph":[{"@type":"WebPage","@id":"https:\/\/www.easyledstore.it\/es\/producto\/controlador-bluetooth-pixel-led-rgb-5-24v-con-mando-a-distancia\/","url":"https:\/\/www.easyledstore.it\/es\/producto\/controlador-bluetooth-pixel-led-rgb-5-24v-con-mando-a-distancia\/","name":"Controlador Bluetooth Pixel LED RGB 5-24V Con Mando a Distancia - Easyledstore","isPartOf":{"@id":"https:\/\/www.easyledstore.it\/es\/#website"},"primaryImageOfPage":{"@id":"https:\/\/www.easyledstore.it\/es\/producto\/controlador-bluetooth-pixel-led-rgb-5-24v-con-mando-a-distancia\/#primaryimage"},"image":{"@id":"https:\/\/www.easyledstore.it\/es\/producto\/controlador-bluetooth-pixel-led-rgb-5-24v-con-mando-a-distancia\/#primaryimage"},"thumbnailUrl":"https:\/\/www.easyledstore.it\/wp-content\/uploads\/2025\/07\/C-1.jpg","datePublished":"2025-07-10T12:40:15+00:00","dateModified":"2026-04-07T06:10:10+00:00","description":"Controla hasta 2048 p\u00edxeles LED con el Controlador de p\u00edxeles Bluetooth. Compatible con las tiras WS2811\/WS2812B, ofrece control mediante APP y mando a distancia.","breadcrumb":{"@id":"https:\/\/www.easyledstore.it\/es\/producto\/controlador-bluetooth-pixel-led-rgb-5-24v-con-mando-a-distancia\/#breadcrumb"},"inLanguage":"es","potentialAction":[{"@type":"ReadAction","target":["https:\/\/www.easyledstore.it\/es\/producto\/controlador-bluetooth-pixel-led-rgb-5-24v-con-mando-a-distancia\/"]}]},{"@type":"ImageObject","inLanguage":"es","@id":"https:\/\/www.easyledstore.it\/es\/producto\/controlador-bluetooth-pixel-led-rgb-5-24v-con-mando-a-distancia\/#primaryimage","url":"https:\/\/www.easyledstore.it\/wp-content\/uploads\/2025\/07\/C-1.jpg","contentUrl":"https:\/\/www.easyledstore.it\/wp-content\/uploads\/2025\/07\/C-1.jpg","width":2000,"height":2000,"caption":"Bluetooth Pixel Controller LED RGB 5-24V Con Telecomando"},{"@type":"BreadcrumbList","@id":"https:\/\/www.easyledstore.it\/es\/producto\/controlador-bluetooth-pixel-led-rgb-5-24v-con-mando-a-distancia\/#breadcrumb","itemListElement":[{"@type":"ListItem","position":1,"name":"Home","item":"https:\/\/www.easyledstore.it\/es\/modulos-de-senalizacion-led\/"},{"@type":"ListItem","position":2,"name":"Tienda IT","item":"https:\/\/www.easyledstore.it\/es\/tienda\/"},{"@type":"ListItem","position":3,"name":"Controlador Bluetooth Pixel LED RGB 5-24V Con Mando a Distancia"}]},{"@type":"WebSite","@id":"https:\/\/www.easyledstore.it\/es\/#website","url":"https:\/\/www.easyledstore.it\/es\/","name":"Easyledstore","description":"Alimentatori e Moduli LED per Insegne Luminose","publisher":{"@id":"https:\/\/www.easyledstore.it\/es\/#organization"},"potentialAction":[{"@type":"SearchAction","target":{"@type":"EntryPoint","urlTemplate":"https:\/\/www.easyledstore.it\/es\/?s={search_term_string}"},"query-input":{"@type":"PropertyValueSpecification","valueRequired":true,"valueName":"search_term_string"}}],"inLanguage":"es"},{"@type":"Organization","@id":"https:\/\/www.easyledstore.it\/es\/#organization","name":"LTC Lighting Trading Company srls","url":"https:\/\/www.easyledstore.it\/es\/","logo":{"@type":"ImageObject","inLanguage":"es","@id":"https:\/\/www.easyledstore.it\/es\/#\/schema\/logo\/image\/","url":"https:\/\/www.easyledstore.it\/wp-content\/uploads\/2018\/03\/Landscape-FullColor-2000.png","contentUrl":"https:\/\/www.easyledstore.it\/wp-content\/uploads\/2018\/03\/Landscape-FullColor-2000.png","width":2000,"height":641,"caption":"LTC Lighting Trading Company srls"},"image":{"@id":"https:\/\/www.easyledstore.it\/es\/#\/schema\/logo\/image\/"},"sameAs":["https:\/\/www.facebook.com\/easyledstore"]}]}},"_links":{"self":[{"href":"https:\/\/www.easyledstore.it\/es\/wp-json\/wp\/v2\/product\/10852","targetHints":{"allow":["GET"]}}],"collection":[{"href":"https:\/\/www.easyledstore.it\/es\/wp-json\/wp\/v2\/product"}],"about":[{"href":"https:\/\/www.easyledstore.it\/es\/wp-json\/wp\/v2\/types\/product"}],"replies":[{"embeddable":true,"href":"https:\/\/www.easyledstore.it\/es\/wp-json\/wp\/v2\/comments?post=10852"}],"wp:featuredmedia":[{"embeddable":true,"href":"https:\/\/www.easyledstore.it\/es\/wp-json\/wp\/v2\/media\/10857"}],"wp:attachment":[{"href":"https:\/\/www.easyledstore.it\/es\/wp-json\/wp\/v2\/media?parent=10852"}],"wp:term":[{"taxonomy":"product_brand","embeddable":true,"href":"https:\/\/www.easyledstore.it\/es\/wp-json\/wp\/v2\/product_brand?post=10852"},{"taxonomy":"product_cat","embeddable":true,"href":"https:\/\/www.easyledstore.it\/es\/wp-json\/wp\/v2\/product_cat?post=10852"},{"taxonomy":"product_tag","embeddable":true,"href":"https:\/\/www.easyledstore.it\/es\/wp-json\/wp\/v2\/product_tag?post=10852"}],"curies":[{"name":"wp","href":"https:\/\/api.w.org\/{rel}","templated":true}]}}