{"id":10836,"date":"2018-03-22T12:03:18","date_gmt":"2018-03-22T11:03:18","guid":{"rendered":"https:\/\/www.easyledstore.it\/prodotto\/led-pixel-rgb-03w\/"},"modified":"2026-01-19T12:53:54","modified_gmt":"2026-01-19T11:53:54","slug":"led-pixel-rgb-03w","status":"publish","type":"product","link":"https:\/\/www.easyledstore.it\/es\/producto\/led-pixel-rgb-03w\/","title":{"rendered":"LED Pixel RGB &#8211; 0,3W"},"content":{"rendered":"<h3>Color y brillo con LED Pixel RGB<\/h3>\n<p>Estos peque\u00f1os pero potentes p\u00edxeles LED RGB est\u00e1n dise\u00f1ados para llevar tu proyecto de iluminaci\u00f3n a lo m\u00e1s alto.<\/p>\n<p>Por eso deber\u00edas plantearte utilizarlos en tu pr\u00f3ximo proyecto:<\/p>\n<p><strong>1. Brillo y colores asombrosos<\/strong>: Con una potencia de 0,3 W, estos LED Pixel RGB ofrecen un brillo impresionante para su tama\u00f1o. La tecnolog\u00eda RGB te permite crear una amplia gama de colores brillantes y vibrantes, perfectos para llamar la atenci\u00f3n y a\u00f1adir viveza a cualquier entorno. <\/p>\n<p><strong>2. Amplio<\/strong> \u00e1ngulo de <strong>iluminaci\u00f3n<\/strong>: Con un \u00e1ngulo de 90-180 grados, estos LED Pixel garantizan una distribuci\u00f3n uniforme de la luz, iluminando eficazmente incluso las zonas m\u00e1s amplias. Tanto si est\u00e1s iluminando un cartel publicitario como una gran pantalla, estos LED garantizan una cobertura \u00f3ptima. <\/p>\n<p><strong>3. Larga<\/strong> vida \u00fatil: Con una vida \u00fatil de 50.000 horas, puedes estar seguro de que estos LED Pixel durar\u00e1n, ofreciendo un rendimiento fiable y constante sin comprometer la calidad de la luz.<\/p>\n<p><strong>4. Seguridad y facilidad de uso<\/strong>: Alimentados por 5 V CC, estos p\u00edxeles LED garantizan una experiencia de iluminaci\u00f3n segura y sin complicaciones. Adem\u00e1s, su carcasa flexible permite una instalaci\u00f3n sencilla y un mantenimiento f\u00e1cil, lo que los hace ideales para proyectos que requieren comodidad y durabilidad. <\/p>\n<p><strong>5. Versatilidad de uso<\/strong>: Desde letras luminosas a vallas publicitarias, se\u00f1ales de tr\u00e1fico o iluminaci\u00f3n publicitaria, estos LED Pixel RGB son la opci\u00f3n ideal para una amplia gama de aplicaciones de iluminaci\u00f3n comercial y publicitaria. La distancia entre taladros se puede personalizar para adaptarla a tus necesidades espec\u00edficas, lo que te proporciona flexibilidad en el dise\u00f1o y la instalaci\u00f3n. <\/p>\n<p><strong><a href=\"https:\/\/www.easyledstore.it\/es\/categoria-producto\/pixel-led\/\">Descubre la gama Pixel LED de Easyledstore.es<\/a><\/strong> y convierte tu proyecto de iluminaci\u00f3n en una obra de arte luminosa que llame la atenci\u00f3n y deje una impresi\u00f3n duradera.<\/p>\n","protected":false},"excerpt":{"rendered":"<p>LED Pixel RGB empotrable. Muy utilizado para r\u00f3tulos m\u00f3viles con letras y siluetas a los que se puede aplicar despu\u00e9s de taladrar. <\/p>\n","protected":false},"featured_media":10619,"comment_status":"open","ping_status":"closed","template":"","meta":[],"product_brand":[],"product_cat":[1237,1416,1069],"product_tag":[1700,1701,1074,1702,1150,1287],"class_list":{"0":"post-10836","1":"product","2":"type-product","3":"status-publish","4":"has-post-thumbnail","6":"product_cat-modulos-led","7":"product_cat-modulos-rgb","8":"product_cat-pixel-led","9":"product_tag-0-3w","10":"product_tag-120-grados","11":"product_tag-1074","12":"product_tag-5v","13":"product_tag-leds-de-colores","14":"product_tag-rgb","16":"first","17":"instock","18":"taxable","19":"shipping-taxable","20":"purchasable","21":"product-type-simple"},"yoast_head":"<!-- This site is optimized with the Yoast SEO plugin v27.3 - https:\/\/yoast.com\/product\/yoast-seo-wordpress\/ -->\n<title>LED Pixel RGB - 0.3W | Easyledstore<\/title>\n<meta name=\"description\" content=\"LED Pixel RGB empotrable. Muy utilizado para mover letras o plantillas a las que se aplica, despu\u00e9s de taladrarlas.\" \/>\n<meta name=\"robots\" content=\"index, follow, max-snippet:-1, max-image-preview:large, max-video-preview:-1\" \/>\n<link rel=\"canonical\" href=\"https:\/\/www.easyledstore.it\/es\/producto\/led-pixel-rgb-03w\/\" \/>\n<meta property=\"og:locale\" content=\"es_ES\" \/>\n<meta property=\"og:type\" content=\"article\" \/>\n<meta property=\"og:title\" content=\"LED Pixel RGB - 0.3W | Easyledstore\" \/>\n<meta property=\"og:description\" content=\"LED Pixel RGB empotrable. Muy utilizado para mover letras o plantillas a las que se aplica, despu\u00e9s de taladrarlas.\" \/>\n<meta property=\"og:url\" content=\"https:\/\/www.easyledstore.it\/es\/producto\/led-pixel-rgb-03w\/\" \/>\n<meta property=\"og:site_name\" content=\"Easyledstore\" \/>\n<meta property=\"article:publisher\" content=\"https:\/\/www.facebook.com\/easyledstore\" \/>\n<meta property=\"article:modified_time\" content=\"2026-01-19T11:53:54+00:00\" \/>\n<meta property=\"og:image\" content=\"https:\/\/www.easyledstore.it\/wp-content\/uploads\/2018\/03\/pixekrgb-1.png\" \/>\n\t<meta property=\"og:image:width\" content=\"1500\" \/>\n\t<meta property=\"og:image:height\" content=\"1500\" \/>\n\t<meta property=\"og:image:type\" content=\"image\/png\" \/>\n<meta name=\"twitter:card\" content=\"summary_large_image\" \/>\n<meta name=\"twitter:label1\" content=\"Tiempo de lectura\" \/>\n\t<meta name=\"twitter:data1\" content=\"2 minuto\" \/>\n<!-- \/ Yoast SEO plugin. -->","yoast_head_json":{"title":"LED Pixel RGB - 0.3W | Easyledstore","description":"LED Pixel RGB empotrable. Muy utilizado para mover letras o plantillas a las que se aplica, despu\u00e9s de taladrarlas.","robots":{"index":"index","follow":"follow","max-snippet":"max-snippet:-1","max-image-preview":"max-image-preview:large","max-video-preview":"max-video-preview:-1"},"canonical":"https:\/\/www.easyledstore.it\/es\/producto\/led-pixel-rgb-03w\/","og_locale":"es_ES","og_type":"article","og_title":"LED Pixel RGB - 0.3W | Easyledstore","og_description":"LED Pixel RGB empotrable. Muy utilizado para mover letras o plantillas a las que se aplica, despu\u00e9s de taladrarlas.","og_url":"https:\/\/www.easyledstore.it\/es\/producto\/led-pixel-rgb-03w\/","og_site_name":"Easyledstore","article_publisher":"https:\/\/www.facebook.com\/easyledstore","article_modified_time":"2026-01-19T11:53:54+00:00","og_image":[{"width":1500,"height":1500,"url":"https:\/\/www.easyledstore.it\/wp-content\/uploads\/2018\/03\/pixekrgb-1.png","type":"image\/png"}],"twitter_card":"summary_large_image","twitter_misc":{"Tiempo de lectura":"2 minuto"},"schema":{"@context":"https:\/\/schema.org","@graph":[{"@type":"WebPage","@id":"https:\/\/www.easyledstore.it\/es\/producto\/led-pixel-rgb-03w\/","url":"https:\/\/www.easyledstore.it\/es\/producto\/led-pixel-rgb-03w\/","name":"LED Pixel RGB - 0.3W | Easyledstore","isPartOf":{"@id":"https:\/\/www.easyledstore.it\/es\/#website"},"primaryImageOfPage":{"@id":"https:\/\/www.easyledstore.it\/es\/producto\/led-pixel-rgb-03w\/#primaryimage"},"image":{"@id":"https:\/\/www.easyledstore.it\/es\/producto\/led-pixel-rgb-03w\/#primaryimage"},"thumbnailUrl":"https:\/\/www.easyledstore.it\/wp-content\/uploads\/2018\/03\/pixekrgb-1.png","datePublished":"2018-03-22T11:03:18+00:00","dateModified":"2026-01-19T11:53:54+00:00","description":"LED Pixel RGB empotrable. Muy utilizado para mover letras o plantillas a las que se aplica, despu\u00e9s de taladrarlas.","breadcrumb":{"@id":"https:\/\/www.easyledstore.it\/es\/producto\/led-pixel-rgb-03w\/#breadcrumb"},"inLanguage":"es","potentialAction":[{"@type":"ReadAction","target":["https:\/\/www.easyledstore.it\/es\/producto\/led-pixel-rgb-03w\/"]}]},{"@type":"ImageObject","inLanguage":"es","@id":"https:\/\/www.easyledstore.it\/es\/producto\/led-pixel-rgb-03w\/#primaryimage","url":"https:\/\/www.easyledstore.it\/wp-content\/uploads\/2018\/03\/pixekrgb-1.png","contentUrl":"https:\/\/www.easyledstore.it\/wp-content\/uploads\/2018\/03\/pixekrgb-1.png","width":1500,"height":1500,"caption":"P\u00edxel LED RGB"},{"@type":"BreadcrumbList","@id":"https:\/\/www.easyledstore.it\/es\/producto\/led-pixel-rgb-03w\/#breadcrumb","itemListElement":[{"@type":"ListItem","position":1,"name":"Home","item":"https:\/\/www.easyledstore.it\/es\/modulos-de-senalizacion-led\/"},{"@type":"ListItem","position":2,"name":"Tienda IT","item":"https:\/\/www.easyledstore.it\/es\/tienda\/"},{"@type":"ListItem","position":3,"name":"LED Pixel RGB &#8211; 0,3W"}]},{"@type":"WebSite","@id":"https:\/\/www.easyledstore.it\/es\/#website","url":"https:\/\/www.easyledstore.it\/es\/","name":"Easyledstore","description":"Alimentatori e Moduli LED per Insegne Luminose","publisher":{"@id":"https:\/\/www.easyledstore.it\/es\/#organization"},"potentialAction":[{"@type":"SearchAction","target":{"@type":"EntryPoint","urlTemplate":"https:\/\/www.easyledstore.it\/es\/?s={search_term_string}"},"query-input":{"@type":"PropertyValueSpecification","valueRequired":true,"valueName":"search_term_string"}}],"inLanguage":"es"},{"@type":"Organization","@id":"https:\/\/www.easyledstore.it\/es\/#organization","name":"LTC Lighting Trading Company srls","url":"https:\/\/www.easyledstore.it\/es\/","logo":{"@type":"ImageObject","inLanguage":"es","@id":"https:\/\/www.easyledstore.it\/es\/#\/schema\/logo\/image\/","url":"https:\/\/www.easyledstore.it\/wp-content\/uploads\/2018\/03\/Landscape-FullColor-2000.png","contentUrl":"https:\/\/www.easyledstore.it\/wp-content\/uploads\/2018\/03\/Landscape-FullColor-2000.png","width":2000,"height":641,"caption":"LTC Lighting Trading Company srls"},"image":{"@id":"https:\/\/www.easyledstore.it\/es\/#\/schema\/logo\/image\/"},"sameAs":["https:\/\/www.facebook.com\/easyledstore"]}]}},"_links":{"self":[{"href":"https:\/\/www.easyledstore.it\/es\/wp-json\/wp\/v2\/product\/10836","targetHints":{"allow":["GET"]}}],"collection":[{"href":"https:\/\/www.easyledstore.it\/es\/wp-json\/wp\/v2\/product"}],"about":[{"href":"https:\/\/www.easyledstore.it\/es\/wp-json\/wp\/v2\/types\/product"}],"replies":[{"embeddable":true,"href":"https:\/\/www.easyledstore.it\/es\/wp-json\/wp\/v2\/comments?post=10836"}],"wp:featuredmedia":[{"embeddable":true,"href":"https:\/\/www.easyledstore.it\/es\/wp-json\/wp\/v2\/media\/10619"}],"wp:attachment":[{"href":"https:\/\/www.easyledstore.it\/es\/wp-json\/wp\/v2\/media?parent=10836"}],"wp:term":[{"taxonomy":"product_brand","embeddable":true,"href":"https:\/\/www.easyledstore.it\/es\/wp-json\/wp\/v2\/product_brand?post=10836"},{"taxonomy":"product_cat","embeddable":true,"href":"https:\/\/www.easyledstore.it\/es\/wp-json\/wp\/v2\/product_cat?post=10836"},{"taxonomy":"product_tag","embeddable":true,"href":"https:\/\/www.easyledstore.it\/es\/wp-json\/wp\/v2\/product_tag?post=10836"}],"curies":[{"name":"wp","href":"https:\/\/api.w.org\/{rel}","templated":true}]}}