{"id":10819,"date":"2018-03-22T12:03:32","date_gmt":"2018-03-22T11:03:32","guid":{"rendered":"https:\/\/www.easyledstore.it\/prodotto\/led-pixel-rojo-012w\/"},"modified":"2026-04-11T12:26:07","modified_gmt":"2026-04-11T10:26:07","slug":"led-pixel-rojo-012w","status":"publish","type":"product","link":"https:\/\/www.easyledstore.it\/es\/producto\/led-pixel-rojo-012w\/","title":{"rendered":"LED Pixel Rojo &#8211; 0,12W"},"content":{"rendered":"<h3>Sencillez y comodidad con el Pixel LED Rojo<\/h3>\n<p>Dale un toque de color y brillo a tu proyecto con el LED P\u00edxel Rojo de EasyLEDStore.es. Con una potencia de 0,12 W, este peque\u00f1o pero potente LED es un aut\u00e9ntico campe\u00f3n del brillo. <\/p>\n<h3>Especificaciones t\u00e9cnicas:<\/h3>\n<ul>\n<li><strong>Color:<\/strong> Rojo<\/li>\n<li><strong>\u00c1ngulo de apertura:<\/strong> 120<\/li>\n<li><strong>Tensi\u00f3n:<\/strong> 12 <strong>V<\/strong> <\/li>\n<li><strong>Luminosidad:<\/strong> 18-20 l\u00famenes<\/li>\n<li><strong>Protecci\u00f3n IP65:<\/strong> Resistente a la intemperie, este LED es adecuado para su instalaci\u00f3n en exteriores y en entornos h\u00famedos.<\/li>\n<\/ul>\n<h3>Caracter\u00edsticas principales:<\/h3>\n<ul>\n<li><strong>Dise\u00f1o<\/strong> fino y <strong>vers\u00e1til:<\/strong> Gracias a su dise\u00f1o fino y compacto, este LED es ideal para instalarlo en espacios reducidos o donde se requiera discreci\u00f3n est\u00e9tica.<\/li>\n<li><strong>Infinitas aplicaciones:<\/strong> Perfecto para crear letreros luminosos, letras de caj\u00f3n o cajas, este p\u00edxel LED es una excelente elecci\u00f3n para proyectos de iluminaci\u00f3n exterior que requieran un toque de creatividad y estilo.<\/li>\n<li><strong>Compatibilidad universal:<\/strong> Para utilizar con unidades de control adecuadas para LED monocolor, este p\u00edxel LED ofrece la flexibilidad necesaria para crear una gran variedad de movimientos luminosos y efectos din\u00e1micos.<\/li>\n<\/ul>\n<h3>Descubre la gama LED Pixel de Easyledstore<\/h3>\n<p>Tanto si vas a iluminar una tienda, un bar o un evento especial, el LED Pixel Verde est\u00e1 preparado para sacar a la luz tu visi\u00f3n. Elige brillo, elige elegancia, elige EasyLEDStore.es. <strong><a href=\"https:\/\/www.easyledstore.it\/es\/categoria-producto\/pixel-led\/\">Descubre nuestra amplia gama de Pixel LED disponibles<\/a><\/strong> en una gran variedad de colores, incluido el RGB programable. Convierte cualquier habitaci\u00f3n en una luminosa obra de arte.  <\/p>\n","protected":false},"excerpt":{"rendered":"<p>LED Pixel Rojo Empotrable Ideal para dar brillo exterior a letras o cajas. Tambi\u00e9n se utiliza con unidades de control adecuadas para LED monocolor para crear diversos movimientos de luz. <\/p>\n","protected":false},"featured_media":10824,"comment_status":"open","ping_status":"closed","template":"","meta":[],"product_brand":[],"product_cat":[1069],"product_tag":[1075,1070,1071,1074,1076,1620,1150],"class_list":{"0":"post-10819","1":"product","2":"type-product","3":"status-publish","4":"has-post-thumbnail","6":"product_cat-pixel-led","7":"product_tag-0-12w","8":"product_tag-12v","9":"product_tag-160-grados","10":"product_tag-1074","11":"product_tag-certificado-ip65","12":"product_tag-color-rojo","13":"product_tag-leds-de-colores","15":"first","16":"instock","17":"featured","18":"taxable","19":"shipping-taxable","20":"purchasable","21":"product-type-simple"},"yoast_head":"<!-- This site is optimized with the Yoast SEO plugin v27.3 - https:\/\/yoast.com\/product\/yoast-seo-wordpress\/ -->\n<title>LED Pixel Rojo - 0.12W | Easyledstore<\/title>\n<meta name=\"description\" content=\"LED Pixel Rojo Ideal para letras o cajas. Tambi\u00e9n se utiliza con unidades de control adecuadas para LED monocolor para crear diversos movimientos luminosos.\" \/>\n<meta name=\"robots\" content=\"index, follow, max-snippet:-1, max-image-preview:large, max-video-preview:-1\" \/>\n<link rel=\"canonical\" href=\"https:\/\/www.easyledstore.it\/es\/producto\/led-pixel-rojo-012w\/\" \/>\n<meta property=\"og:locale\" content=\"es_ES\" \/>\n<meta property=\"og:type\" content=\"article\" \/>\n<meta property=\"og:title\" content=\"LED Pixel Rojo - 0.12W | Easyledstore\" \/>\n<meta property=\"og:description\" content=\"LED Pixel Rojo Ideal para letras o cajas. Tambi\u00e9n se utiliza con unidades de control adecuadas para LED monocolor para crear diversos movimientos luminosos.\" \/>\n<meta property=\"og:url\" content=\"https:\/\/www.easyledstore.it\/es\/producto\/led-pixel-rojo-012w\/\" \/>\n<meta property=\"og:site_name\" content=\"Easyledstore\" \/>\n<meta property=\"article:publisher\" content=\"https:\/\/www.facebook.com\/easyledstore\" \/>\n<meta property=\"article:modified_time\" content=\"2026-04-11T10:26:07+00:00\" \/>\n<meta property=\"og:image\" content=\"https:\/\/www.easyledstore.it\/wp-content\/uploads\/2018\/03\/pixelrosso.png\" \/>\n\t<meta property=\"og:image:width\" content=\"1500\" \/>\n\t<meta property=\"og:image:height\" content=\"1500\" \/>\n\t<meta property=\"og:image:type\" content=\"image\/png\" \/>\n<meta name=\"twitter:card\" content=\"summary_large_image\" \/>\n<meta name=\"twitter:label1\" content=\"Tiempo de lectura\" \/>\n\t<meta name=\"twitter:data1\" content=\"1 minuto\" \/>\n<!-- \/ Yoast SEO plugin. -->","yoast_head_json":{"title":"LED Pixel Rojo - 0.12W | Easyledstore","description":"LED Pixel Rojo Ideal para letras o cajas. Tambi\u00e9n se utiliza con unidades de control adecuadas para LED monocolor para crear diversos movimientos luminosos.","robots":{"index":"index","follow":"follow","max-snippet":"max-snippet:-1","max-image-preview":"max-image-preview:large","max-video-preview":"max-video-preview:-1"},"canonical":"https:\/\/www.easyledstore.it\/es\/producto\/led-pixel-rojo-012w\/","og_locale":"es_ES","og_type":"article","og_title":"LED Pixel Rojo - 0.12W | Easyledstore","og_description":"LED Pixel Rojo Ideal para letras o cajas. Tambi\u00e9n se utiliza con unidades de control adecuadas para LED monocolor para crear diversos movimientos luminosos.","og_url":"https:\/\/www.easyledstore.it\/es\/producto\/led-pixel-rojo-012w\/","og_site_name":"Easyledstore","article_publisher":"https:\/\/www.facebook.com\/easyledstore","article_modified_time":"2026-04-11T10:26:07+00:00","og_image":[{"width":1500,"height":1500,"url":"https:\/\/www.easyledstore.it\/wp-content\/uploads\/2018\/03\/pixelrosso.png","type":"image\/png"}],"twitter_card":"summary_large_image","twitter_misc":{"Tiempo de lectura":"1 minuto"},"schema":{"@context":"https:\/\/schema.org","@graph":[{"@type":"WebPage","@id":"https:\/\/www.easyledstore.it\/es\/producto\/led-pixel-rojo-012w\/","url":"https:\/\/www.easyledstore.it\/es\/producto\/led-pixel-rojo-012w\/","name":"LED Pixel Rojo - 0.12W | Easyledstore","isPartOf":{"@id":"https:\/\/www.easyledstore.it\/es\/#website"},"primaryImageOfPage":{"@id":"https:\/\/www.easyledstore.it\/es\/producto\/led-pixel-rojo-012w\/#primaryimage"},"image":{"@id":"https:\/\/www.easyledstore.it\/es\/producto\/led-pixel-rojo-012w\/#primaryimage"},"thumbnailUrl":"https:\/\/www.easyledstore.it\/wp-content\/uploads\/2018\/03\/pixelrosso.png","datePublished":"2018-03-22T11:03:32+00:00","dateModified":"2026-04-11T10:26:07+00:00","description":"LED Pixel Rojo Ideal para letras o cajas. Tambi\u00e9n se utiliza con unidades de control adecuadas para LED monocolor para crear diversos movimientos luminosos.","breadcrumb":{"@id":"https:\/\/www.easyledstore.it\/es\/producto\/led-pixel-rojo-012w\/#breadcrumb"},"inLanguage":"es","potentialAction":[{"@type":"ReadAction","target":["https:\/\/www.easyledstore.it\/es\/producto\/led-pixel-rojo-012w\/"]}]},{"@type":"ImageObject","inLanguage":"es","@id":"https:\/\/www.easyledstore.it\/es\/producto\/led-pixel-rojo-012w\/#primaryimage","url":"https:\/\/www.easyledstore.it\/wp-content\/uploads\/2018\/03\/pixelrosso.png","contentUrl":"https:\/\/www.easyledstore.it\/wp-content\/uploads\/2018\/03\/pixelrosso.png","width":1500,"height":1500,"caption":"Led Pixel Rosso"},{"@type":"BreadcrumbList","@id":"https:\/\/www.easyledstore.it\/es\/producto\/led-pixel-rojo-012w\/#breadcrumb","itemListElement":[{"@type":"ListItem","position":1,"name":"Home","item":"https:\/\/www.easyledstore.it\/es\/modulos-de-senalizacion-led\/"},{"@type":"ListItem","position":2,"name":"Tienda IT","item":"https:\/\/www.easyledstore.it\/es\/tienda\/"},{"@type":"ListItem","position":3,"name":"LED Pixel Rojo &#8211; 0,12W"}]},{"@type":"WebSite","@id":"https:\/\/www.easyledstore.it\/es\/#website","url":"https:\/\/www.easyledstore.it\/es\/","name":"Easyledstore","description":"Alimentatori e Moduli LED per Insegne Luminose","publisher":{"@id":"https:\/\/www.easyledstore.it\/es\/#organization"},"potentialAction":[{"@type":"SearchAction","target":{"@type":"EntryPoint","urlTemplate":"https:\/\/www.easyledstore.it\/es\/?s={search_term_string}"},"query-input":{"@type":"PropertyValueSpecification","valueRequired":true,"valueName":"search_term_string"}}],"inLanguage":"es"},{"@type":"Organization","@id":"https:\/\/www.easyledstore.it\/es\/#organization","name":"LTC Lighting Trading Company srls","url":"https:\/\/www.easyledstore.it\/es\/","logo":{"@type":"ImageObject","inLanguage":"es","@id":"https:\/\/www.easyledstore.it\/es\/#\/schema\/logo\/image\/","url":"https:\/\/www.easyledstore.it\/wp-content\/uploads\/2018\/03\/Landscape-FullColor-2000.png","contentUrl":"https:\/\/www.easyledstore.it\/wp-content\/uploads\/2018\/03\/Landscape-FullColor-2000.png","width":2000,"height":641,"caption":"LTC Lighting Trading Company srls"},"image":{"@id":"https:\/\/www.easyledstore.it\/es\/#\/schema\/logo\/image\/"},"sameAs":["https:\/\/www.facebook.com\/easyledstore"]}]}},"_links":{"self":[{"href":"https:\/\/www.easyledstore.it\/es\/wp-json\/wp\/v2\/product\/10819","targetHints":{"allow":["GET"]}}],"collection":[{"href":"https:\/\/www.easyledstore.it\/es\/wp-json\/wp\/v2\/product"}],"about":[{"href":"https:\/\/www.easyledstore.it\/es\/wp-json\/wp\/v2\/types\/product"}],"replies":[{"embeddable":true,"href":"https:\/\/www.easyledstore.it\/es\/wp-json\/wp\/v2\/comments?post=10819"}],"wp:featuredmedia":[{"embeddable":true,"href":"https:\/\/www.easyledstore.it\/es\/wp-json\/wp\/v2\/media\/10824"}],"wp:attachment":[{"href":"https:\/\/www.easyledstore.it\/es\/wp-json\/wp\/v2\/media?parent=10819"}],"wp:term":[{"taxonomy":"product_brand","embeddable":true,"href":"https:\/\/www.easyledstore.it\/es\/wp-json\/wp\/v2\/product_brand?post=10819"},{"taxonomy":"product_cat","embeddable":true,"href":"https:\/\/www.easyledstore.it\/es\/wp-json\/wp\/v2\/product_cat?post=10819"},{"taxonomy":"product_tag","embeddable":true,"href":"https:\/\/www.easyledstore.it\/es\/wp-json\/wp\/v2\/product_tag?post=10819"}],"curies":[{"name":"wp","href":"https:\/\/api.w.org\/{rel}","templated":true}]}}