{"id":10748,"date":"2018-03-22T12:04:14","date_gmt":"2018-03-22T11:04:14","guid":{"rendered":"https:\/\/www.easyledstore.it\/prodotto\/modulo-led-smd2835-amarillo-2-diodos-072w\/"},"modified":"2026-01-19T12:52:59","modified_gmt":"2026-01-19T11:52:59","slug":"modulo-led-smd2835-amarillo-2-diodos-072w","status":"publish","type":"product","link":"https:\/\/www.easyledstore.it\/es\/producto\/modulo-led-smd2835-amarillo-2-diodos-072w\/","title":{"rendered":"M\u00f3dulo LED SMD2835 Amarillo 2 Diodos 0,72W"},"content":{"rendered":"<p>Brillo y estilo para tus r\u00f3tulos e instalaciones con nuestro M\u00f3dulo de Se\u00f1alizaci\u00f3n LED Amarillo SMD2835 2 Diodos &#8211; 0,72W. Con su potencia y su color vivo y brillante, convertir\u00e1 tus r\u00f3tulos en aut\u00e9nticos reclamos. <\/p>\n<h3>Caracter\u00edsticas principales M\u00f3dulo LED SMD2835 Amarillo<\/h3>\n<ul>\n<li><strong>Color<\/strong>: Amarillo<\/li>\n<li><strong>Dimensiones<\/strong>: 49x15x6,8 mm<\/li>\n<li><strong>\u00c1ngulo de apertura<\/strong>: 160<\/li>\n<li><strong>Haz luminoso<\/strong>: 46 Lumen<\/li>\n<li>Recomendado <strong>para carteles de 8-15 cm de grosor<\/strong>.<\/li>\n<\/ul>\n<h3>Brillo y dimensiones optimizados<\/h3>\n<p>Con sus dimensiones compactas de 49x15x6,8 mm, este m\u00f3dulo LED est\u00e1 dise\u00f1ado para encajar perfectamente en tu se\u00f1alizaci\u00f3n, proporcionando una iluminaci\u00f3n uniforme y potente. Con su \u00e1ngulo de haz de 160\u00b0 y 46 l\u00famenes, ofrece una cobertura amplia y brillante. <\/p>\n<h3>Versatilidad en la iluminaci\u00f3n<\/h3>\n<p>Adecuado para r\u00f3tulos<strong> de entre 8 y 15 cm de grosor<\/strong>, este m\u00f3dulo LED es la opci\u00f3n ideal para una amplia gama de aplicaciones. <strong> Desde letras de caj\u00f3n hasta r\u00f3tulos con luz directa o reflejada<\/strong>, nuestro M\u00f3dulo LED SMD2835 encaja perfectamente en cualquier contexto, a\u00f1adiendo un toque de brillo y encanto. <\/p>\n<h3>Rendimiento fiable y duradero, incluso en exteriores<\/h3>\n<p>Dise\u00f1ado para resistir los elementos y desaf\u00edos del entorno exterior, nuestro m\u00f3dulo LED nunca decepciona. La <strong>placa de aluminio para una disipaci\u00f3n t\u00e9rmica<\/strong> superior garantiza que el rendimiento se mantenga constante a lo largo del tiempo, incluso en las condiciones m\u00e1s exigentes. Gracias a <strong>la cinta adhesiva de doble cara 3M<\/strong> y <strong>las lentes de 160\u00b0<\/strong>, la instalaci\u00f3n es un juego de ni\u00f1os, garantizando <strong>una estabilidad y durabilidad superiores<\/strong>. Con un \u00edndice de <strong>protecci\u00f3n IP67<\/strong>, este m\u00f3dulo LED est\u00e1 <strong>preparado para brillar bajo el sol, la lluvia o la nieve<\/strong>, proporcionando un brillo fiable y duradero en cualquier entorno.   <\/p>\n<h3>Descubre la Variada Gama de Colores<\/h3>\n<p>el m\u00f3dulo LED SMD2835 de 0,72 W est\u00e1 <strong><a href=\"https:\/\/www.easyledstore.it\/es\/tag-producto\/0-72w\/\">tambi\u00e9n est\u00e1 disponible en diferentes colores<\/a><\/strong>para adaptarse mejor a tus necesidades de dise\u00f1o e iluminaci\u00f3n.<\/p>\n<p>\u00a1Haz tu pedido ahora y transforma tu se\u00f1alizaci\u00f3n con brillo, elegancia y estilo!<\/p>\n","protected":false},"excerpt":{"rendered":"<p>M\u00f3dulo de se\u00f1alizaci\u00f3n LED SMD2835, de color amarillo, gran luminosidad, vers\u00e1til y f\u00e1cilmente adaptable a se\u00f1ales m\u00e1s peque\u00f1as. Perfecto para letras de caja con luz directa y reflejada. Equipado con placa de aluminio para una mayor disipaci\u00f3n del calor, cinta adhesiva de doble cara de 3 m y lente de 160\u00b0.  <\/p>\n<p>&nbsp;<\/p>\n","protected":false},"featured_media":10759,"comment_status":"open","ping_status":"closed","template":"","meta":[],"product_brand":[],"product_cat":[1237,1238],"product_tag":[1240,1244,1070,1071,1242,1771,1772,1148,1211,1241,1150,1252],"class_list":{"0":"post-10748","1":"product","2":"type-product","3":"status-publish","4":"has-post-thumbnail","6":"product_cat-modulos-led","7":"product_cat-modulos-led-para-una-cara-cajas-y-letras","8":"product_tag-0-72w","9":"product_tag-1244","10":"product_tag-12v","11":"product_tag-160-grados","12":"product_tag-2-led","13":"product_tag-46-lumen","14":"product_tag-8-15cm","15":"product_tag-amarillo","16":"product_tag-certificacion-ip67","17":"product_tag-con-lente","18":"product_tag-leds-de-colores","19":"product_tag-si","21":"first","22":"instock","23":"taxable","24":"shipping-taxable","25":"purchasable","26":"product-type-simple"},"yoast_head":"<!-- This site is optimized with the Yoast SEO plugin v27.3 - https:\/\/yoast.com\/product\/yoast-seo-wordpress\/ -->\n<title>M\u00f3dulo LED SMD2835 Amarillo 2 Diodos - 0,72W | Easyledstore<\/title>\n<meta name=\"description\" content=\"M\u00f3dulo LED SMD2835 amarillo para r\u00f3tulos. Equipado con placa de aluminio para una mayor disipaci\u00f3n del calor, cinta adhesiva de doble cara de 3 m y lente de 160\u00b0.\" \/>\n<meta name=\"robots\" content=\"index, follow, max-snippet:-1, max-image-preview:large, max-video-preview:-1\" \/>\n<link rel=\"canonical\" href=\"https:\/\/www.easyledstore.it\/es\/producto\/modulo-led-smd2835-amarillo-2-diodos-072w\/\" \/>\n<meta property=\"og:locale\" content=\"es_ES\" \/>\n<meta property=\"og:type\" content=\"article\" \/>\n<meta property=\"og:title\" content=\"M\u00f3dulo LED SMD2835 Amarillo 2 Diodos - 0,72W | Easyledstore\" \/>\n<meta property=\"og:description\" content=\"M\u00f3dulo LED SMD2835 amarillo para r\u00f3tulos. Equipado con placa de aluminio para una mayor disipaci\u00f3n del calor, cinta adhesiva de doble cara de 3 m y lente de 160\u00b0.\" \/>\n<meta property=\"og:url\" content=\"https:\/\/www.easyledstore.it\/es\/producto\/modulo-led-smd2835-amarillo-2-diodos-072w\/\" \/>\n<meta property=\"og:site_name\" content=\"Easyledstore\" \/>\n<meta property=\"article:publisher\" content=\"https:\/\/www.facebook.com\/easyledstore\" \/>\n<meta property=\"article:modified_time\" content=\"2026-01-19T11:52:59+00:00\" \/>\n<meta property=\"og:image\" content=\"https:\/\/www.easyledstore.it\/wp-content\/uploads\/2019\/06\/LED-072W-giallo.jpg\" \/>\n\t<meta property=\"og:image:width\" content=\"800\" \/>\n\t<meta property=\"og:image:height\" content=\"800\" \/>\n\t<meta property=\"og:image:type\" content=\"image\/jpeg\" \/>\n<meta name=\"twitter:card\" content=\"summary_large_image\" \/>\n<meta name=\"twitter:label1\" content=\"Tiempo de lectura\" \/>\n\t<meta name=\"twitter:data1\" content=\"2 minuto\" \/>\n<!-- \/ Yoast SEO plugin. -->","yoast_head_json":{"title":"M\u00f3dulo LED SMD2835 Amarillo 2 Diodos - 0,72W | Easyledstore","description":"M\u00f3dulo LED SMD2835 amarillo para r\u00f3tulos. Equipado con placa de aluminio para una mayor disipaci\u00f3n del calor, cinta adhesiva de doble cara de 3 m y lente de 160\u00b0.","robots":{"index":"index","follow":"follow","max-snippet":"max-snippet:-1","max-image-preview":"max-image-preview:large","max-video-preview":"max-video-preview:-1"},"canonical":"https:\/\/www.easyledstore.it\/es\/producto\/modulo-led-smd2835-amarillo-2-diodos-072w\/","og_locale":"es_ES","og_type":"article","og_title":"M\u00f3dulo LED SMD2835 Amarillo 2 Diodos - 0,72W | Easyledstore","og_description":"M\u00f3dulo LED SMD2835 amarillo para r\u00f3tulos. Equipado con placa de aluminio para una mayor disipaci\u00f3n del calor, cinta adhesiva de doble cara de 3 m y lente de 160\u00b0.","og_url":"https:\/\/www.easyledstore.it\/es\/producto\/modulo-led-smd2835-amarillo-2-diodos-072w\/","og_site_name":"Easyledstore","article_publisher":"https:\/\/www.facebook.com\/easyledstore","article_modified_time":"2026-01-19T11:52:59+00:00","og_image":[{"width":800,"height":800,"url":"https:\/\/www.easyledstore.it\/wp-content\/uploads\/2019\/06\/LED-072W-giallo.jpg","type":"image\/jpeg"}],"twitter_card":"summary_large_image","twitter_misc":{"Tiempo de lectura":"2 minuto"},"schema":{"@context":"https:\/\/schema.org","@graph":[{"@type":"WebPage","@id":"https:\/\/www.easyledstore.it\/es\/producto\/modulo-led-smd2835-amarillo-2-diodos-072w\/","url":"https:\/\/www.easyledstore.it\/es\/producto\/modulo-led-smd2835-amarillo-2-diodos-072w\/","name":"M\u00f3dulo LED SMD2835 Amarillo 2 Diodos - 0,72W | Easyledstore","isPartOf":{"@id":"https:\/\/www.easyledstore.it\/es\/#website"},"primaryImageOfPage":{"@id":"https:\/\/www.easyledstore.it\/es\/producto\/modulo-led-smd2835-amarillo-2-diodos-072w\/#primaryimage"},"image":{"@id":"https:\/\/www.easyledstore.it\/es\/producto\/modulo-led-smd2835-amarillo-2-diodos-072w\/#primaryimage"},"thumbnailUrl":"https:\/\/www.easyledstore.it\/wp-content\/uploads\/2019\/06\/LED-072W-giallo.jpg","datePublished":"2018-03-22T11:04:14+00:00","dateModified":"2026-01-19T11:52:59+00:00","description":"M\u00f3dulo LED SMD2835 amarillo para r\u00f3tulos. Equipado con placa de aluminio para una mayor disipaci\u00f3n del calor, cinta adhesiva de doble cara de 3 m y lente de 160\u00b0.","breadcrumb":{"@id":"https:\/\/www.easyledstore.it\/es\/producto\/modulo-led-smd2835-amarillo-2-diodos-072w\/#breadcrumb"},"inLanguage":"es","potentialAction":[{"@type":"ReadAction","target":["https:\/\/www.easyledstore.it\/es\/producto\/modulo-led-smd2835-amarillo-2-diodos-072w\/"]}]},{"@type":"ImageObject","inLanguage":"es","@id":"https:\/\/www.easyledstore.it\/es\/producto\/modulo-led-smd2835-amarillo-2-diodos-072w\/#primaryimage","url":"https:\/\/www.easyledstore.it\/wp-content\/uploads\/2019\/06\/LED-072W-giallo.jpg","contentUrl":"https:\/\/www.easyledstore.it\/wp-content\/uploads\/2019\/06\/LED-072W-giallo.jpg","width":800,"height":800,"caption":"Modulo LED 0.72W - 2 diodi - Giallo"},{"@type":"BreadcrumbList","@id":"https:\/\/www.easyledstore.it\/es\/producto\/modulo-led-smd2835-amarillo-2-diodos-072w\/#breadcrumb","itemListElement":[{"@type":"ListItem","position":1,"name":"Home","item":"https:\/\/www.easyledstore.it\/es\/modulos-de-senalizacion-led\/"},{"@type":"ListItem","position":2,"name":"Tienda IT","item":"https:\/\/www.easyledstore.it\/es\/tienda\/"},{"@type":"ListItem","position":3,"name":"M\u00f3dulo LED SMD2835 Amarillo 2 Diodos 0,72W"}]},{"@type":"WebSite","@id":"https:\/\/www.easyledstore.it\/es\/#website","url":"https:\/\/www.easyledstore.it\/es\/","name":"Easyledstore","description":"Alimentatori e Moduli LED per Insegne Luminose","publisher":{"@id":"https:\/\/www.easyledstore.it\/es\/#organization"},"potentialAction":[{"@type":"SearchAction","target":{"@type":"EntryPoint","urlTemplate":"https:\/\/www.easyledstore.it\/es\/?s={search_term_string}"},"query-input":{"@type":"PropertyValueSpecification","valueRequired":true,"valueName":"search_term_string"}}],"inLanguage":"es"},{"@type":"Organization","@id":"https:\/\/www.easyledstore.it\/es\/#organization","name":"LTC Lighting Trading Company srls","url":"https:\/\/www.easyledstore.it\/es\/","logo":{"@type":"ImageObject","inLanguage":"es","@id":"https:\/\/www.easyledstore.it\/es\/#\/schema\/logo\/image\/","url":"https:\/\/www.easyledstore.it\/wp-content\/uploads\/2018\/03\/Landscape-FullColor-2000.png","contentUrl":"https:\/\/www.easyledstore.it\/wp-content\/uploads\/2018\/03\/Landscape-FullColor-2000.png","width":2000,"height":641,"caption":"LTC Lighting Trading Company srls"},"image":{"@id":"https:\/\/www.easyledstore.it\/es\/#\/schema\/logo\/image\/"},"sameAs":["https:\/\/www.facebook.com\/easyledstore"]}]}},"_links":{"self":[{"href":"https:\/\/www.easyledstore.it\/es\/wp-json\/wp\/v2\/product\/10748","targetHints":{"allow":["GET"]}}],"collection":[{"href":"https:\/\/www.easyledstore.it\/es\/wp-json\/wp\/v2\/product"}],"about":[{"href":"https:\/\/www.easyledstore.it\/es\/wp-json\/wp\/v2\/types\/product"}],"replies":[{"embeddable":true,"href":"https:\/\/www.easyledstore.it\/es\/wp-json\/wp\/v2\/comments?post=10748"}],"wp:featuredmedia":[{"embeddable":true,"href":"https:\/\/www.easyledstore.it\/es\/wp-json\/wp\/v2\/media\/10759"}],"wp:attachment":[{"href":"https:\/\/www.easyledstore.it\/es\/wp-json\/wp\/v2\/media?parent=10748"}],"wp:term":[{"taxonomy":"product_brand","embeddable":true,"href":"https:\/\/www.easyledstore.it\/es\/wp-json\/wp\/v2\/product_brand?post=10748"},{"taxonomy":"product_cat","embeddable":true,"href":"https:\/\/www.easyledstore.it\/es\/wp-json\/wp\/v2\/product_cat?post=10748"},{"taxonomy":"product_tag","embeddable":true,"href":"https:\/\/www.easyledstore.it\/es\/wp-json\/wp\/v2\/product_tag?post=10748"}],"curies":[{"name":"wp","href":"https:\/\/api.w.org\/{rel}","templated":true}]}}