{"id":10735,"date":"2018-03-22T12:04:21","date_gmt":"2018-03-22T11:04:21","guid":{"rendered":"https:\/\/www.easyledstore.it\/prodotto\/amplificador-led-30a-rgb\/"},"modified":"2026-01-20T14:16:31","modified_gmt":"2026-01-20T13:16:31","slug":"amplificador-led-30a-rgb","status":"publish","type":"product","link":"https:\/\/www.easyledstore.it\/es\/producto\/amplificador-led-30a-rgb\/","title":{"rendered":"Amplificador LED 30A RGB"},"content":{"rendered":"<p data-start=\"246\" data-end=\"675\">El<strong data-start=\"325\" data-end=\"354\">Amplificador LED 30A RGB<\/strong> es la elecci\u00f3n ideal para profesionales e instaladores que trabajan en instalaciones de iluminaci\u00f3n a gran escala. Dise\u00f1ado para garantizar una transmisi\u00f3n estable y potente de la se\u00f1al, este dispositivo permite aumentar el amperaje del controlador principal, manteniendo un brillo uniforme incluso a largas distancias.<\/p>\n<p data-start=\"677\" data-end=\"1019\">Equipado con <strong data-start=\"687\" data-end=\"715\">tres canales de 10 A cada uno<\/strong> y capaz de manejar una <strong data-start=\"741\" data-end=\"765\">carga total de 30 A<\/strong>, es compatible con una tensi\u00f3n de salida <strong data-start=\"808\" data-end=\"826\">de CC de 5 V a 24 V<\/strong>, adapt\u00e1ndose perfectamente a una gran variedad de configuraciones RGB. Sus dimensiones compactas<strong data-start=\"913\" data-end=\"929\">(110x90x25 mm)<\/strong> facilitan su colocaci\u00f3n incluso en espacios reducidos, sin sacrificar potencia.<\/p>\n<p data-start=\"1021\" data-end=\"1363\">Gracias a su versatilidad, puede trabajar con <strong data-start=\"1067\" data-end=\"1100\">M\u00f3dulos LED (hasta 500 unidades)<\/strong>, <strong data-start=\"1102\" data-end=\"1137\">Tiras LED RGB (hasta 50 metros)<\/strong> y <strong data-start=\"1140\" data-end=\"1172\">P\u00edxeles LED (hasta 500 piezas)<\/strong>, lo que la convierte en una herramienta indispensable para realizaciones complejas como <strong data-start=\"1247\" data-end=\"1272\">r\u00f3tulos publicitarios<\/strong>, <strong data-start=\"1274\" data-end=\"1307\">instalaciones arquitect\u00f3nicas<\/strong>, <strong data-start=\"1309\" data-end=\"1330\">escaparates din\u00e1micos<\/strong> o <strong data-start=\"1333\" data-end=\"1362\">instalaciones escenogr\u00e1ficas.<\/strong><\/p>\n<p data-start=\"1365\" data-end=\"1646\">La conexi\u00f3n es sencilla y directa, y el dispositivo es compatible con la mayor\u00eda de los controladores RGB del mercado. Est\u00e1 dise\u00f1ado para reproducir fielmente la se\u00f1al de entrada, evitando el parpadeo, la p\u00e9rdida de color o la desincronizaci\u00f3n de la luz a largas distancias. <\/p>\n<p data-start=\"1648\" data-end=\"1959\">Robusto, eficiente y duradero, el<strong data-start=\"1689\" data-end=\"1718\">Amplificador RGB LED 30A<\/strong> garantiza la continuidad operativa incluso en entornos cr\u00edticos o instalaciones expuestas a ciclos de conmutaci\u00f3n intensivos. Si buscas fiabilidad y un rendimiento constante, \u00e9ste es el componente ideal para ampliar tu sistema sin concesiones.<\/p>\n","protected":false},"excerpt":{"rendered":"<p>Amplificador LED RGB de 30 A y 3 canales (10 A x 3). Aumenta el amperaje del controlador y tambi\u00e9n puede funcionar con M\u00f3dulos LED, Tiras y Pixel LED. Ideal para grandes r\u00f3tulos.  <\/p>\n","protected":false},"featured_media":10744,"comment_status":"open","ping_status":"closed","template":"","meta":[],"product_brand":[],"product_cat":[1763,1749],"product_tag":[1751],"class_list":{"0":"post-10735","1":"product","2":"type-product","3":"status-publish","4":"has-post-thumbnail","6":"product_cat-amplificadores","7":"product_cat-unidades-de-control","8":"product_tag-cc-5v-12v-24v","10":"first","11":"instock","12":"taxable","13":"shipping-taxable","14":"purchasable","15":"product-type-simple"},"yoast_head":"<!-- This site is optimized with the Yoast SEO plugin v27.3 - https:\/\/yoast.com\/product\/yoast-seo-wordpress\/ -->\n<title>Amplificador LED 30A RGB -<\/title>\n<meta name=\"description\" content=\"Amplificador LED RGB 30A, 3 canales. Admite hasta 500 m\u00f3dulos, tiras de 50 m o 500 p\u00edxeles. Ideal para grandes instalaciones de LED.\" \/>\n<meta name=\"robots\" content=\"index, follow, max-snippet:-1, max-image-preview:large, max-video-preview:-1\" \/>\n<link rel=\"canonical\" href=\"https:\/\/www.easyledstore.it\/es\/producto\/amplificador-led-30a-rgb\/\" \/>\n<meta property=\"og:locale\" content=\"es_ES\" \/>\n<meta property=\"og:type\" content=\"article\" \/>\n<meta property=\"og:title\" content=\"Amplificador LED 30A RGB -\" \/>\n<meta property=\"og:description\" content=\"Amplificador LED RGB 30A, 3 canales. Admite hasta 500 m\u00f3dulos, tiras de 50 m o 500 p\u00edxeles. Ideal para grandes instalaciones de LED.\" \/>\n<meta property=\"og:url\" content=\"https:\/\/www.easyledstore.it\/es\/producto\/amplificador-led-30a-rgb\/\" \/>\n<meta property=\"og:site_name\" content=\"Easyledstore\" \/>\n<meta property=\"article:publisher\" content=\"https:\/\/www.facebook.com\/easyledstore\" \/>\n<meta property=\"article:modified_time\" content=\"2026-01-20T13:16:31+00:00\" \/>\n<meta property=\"og:image\" content=\"https:\/\/www.easyledstore.it\/wp-content\/uploads\/2018\/03\/a.jpg\" \/>\n\t<meta property=\"og:image:width\" content=\"2000\" \/>\n\t<meta property=\"og:image:height\" content=\"2000\" \/>\n\t<meta property=\"og:image:type\" content=\"image\/jpeg\" \/>\n<meta name=\"twitter:card\" content=\"summary_large_image\" \/>\n<meta name=\"twitter:label1\" content=\"Tiempo de lectura\" \/>\n\t<meta name=\"twitter:data1\" content=\"1 minuto\" \/>\n<!-- \/ Yoast SEO plugin. -->","yoast_head_json":{"title":"Amplificador LED 30A RGB -","description":"Amplificador LED RGB 30A, 3 canales. Admite hasta 500 m\u00f3dulos, tiras de 50 m o 500 p\u00edxeles. Ideal para grandes instalaciones de LED.","robots":{"index":"index","follow":"follow","max-snippet":"max-snippet:-1","max-image-preview":"max-image-preview:large","max-video-preview":"max-video-preview:-1"},"canonical":"https:\/\/www.easyledstore.it\/es\/producto\/amplificador-led-30a-rgb\/","og_locale":"es_ES","og_type":"article","og_title":"Amplificador LED 30A RGB -","og_description":"Amplificador LED RGB 30A, 3 canales. Admite hasta 500 m\u00f3dulos, tiras de 50 m o 500 p\u00edxeles. Ideal para grandes instalaciones de LED.","og_url":"https:\/\/www.easyledstore.it\/es\/producto\/amplificador-led-30a-rgb\/","og_site_name":"Easyledstore","article_publisher":"https:\/\/www.facebook.com\/easyledstore","article_modified_time":"2026-01-20T13:16:31+00:00","og_image":[{"width":2000,"height":2000,"url":"https:\/\/www.easyledstore.it\/wp-content\/uploads\/2018\/03\/a.jpg","type":"image\/jpeg"}],"twitter_card":"summary_large_image","twitter_misc":{"Tiempo de lectura":"1 minuto"},"schema":{"@context":"https:\/\/schema.org","@graph":[{"@type":"WebPage","@id":"https:\/\/www.easyledstore.it\/es\/producto\/amplificador-led-30a-rgb\/","url":"https:\/\/www.easyledstore.it\/es\/producto\/amplificador-led-30a-rgb\/","name":"Amplificador LED 30A RGB -","isPartOf":{"@id":"https:\/\/www.easyledstore.it\/es\/#website"},"primaryImageOfPage":{"@id":"https:\/\/www.easyledstore.it\/es\/producto\/amplificador-led-30a-rgb\/#primaryimage"},"image":{"@id":"https:\/\/www.easyledstore.it\/es\/producto\/amplificador-led-30a-rgb\/#primaryimage"},"thumbnailUrl":"https:\/\/www.easyledstore.it\/wp-content\/uploads\/2018\/03\/a.jpg","datePublished":"2018-03-22T11:04:21+00:00","dateModified":"2026-01-20T13:16:31+00:00","description":"Amplificador LED RGB 30A, 3 canales. Admite hasta 500 m\u00f3dulos, tiras de 50 m o 500 p\u00edxeles. Ideal para grandes instalaciones de LED.","breadcrumb":{"@id":"https:\/\/www.easyledstore.it\/es\/producto\/amplificador-led-30a-rgb\/#breadcrumb"},"inLanguage":"es","potentialAction":[{"@type":"ReadAction","target":["https:\/\/www.easyledstore.it\/es\/producto\/amplificador-led-30a-rgb\/"]}]},{"@type":"ImageObject","inLanguage":"es","@id":"https:\/\/www.easyledstore.it\/es\/producto\/amplificador-led-30a-rgb\/#primaryimage","url":"https:\/\/www.easyledstore.it\/wp-content\/uploads\/2018\/03\/a.jpg","contentUrl":"https:\/\/www.easyledstore.it\/wp-content\/uploads\/2018\/03\/a.jpg","width":2000,"height":2000,"caption":"Amplificador LED 30A RGB"},{"@type":"BreadcrumbList","@id":"https:\/\/www.easyledstore.it\/es\/producto\/amplificador-led-30a-rgb\/#breadcrumb","itemListElement":[{"@type":"ListItem","position":1,"name":"Home","item":"https:\/\/www.easyledstore.it\/es\/modulos-de-senalizacion-led\/"},{"@type":"ListItem","position":2,"name":"Tienda IT","item":"https:\/\/www.easyledstore.it\/es\/tienda\/"},{"@type":"ListItem","position":3,"name":"Amplificador LED 30A RGB"}]},{"@type":"WebSite","@id":"https:\/\/www.easyledstore.it\/es\/#website","url":"https:\/\/www.easyledstore.it\/es\/","name":"Easyledstore","description":"Alimentatori e Moduli LED per Insegne Luminose","publisher":{"@id":"https:\/\/www.easyledstore.it\/es\/#organization"},"potentialAction":[{"@type":"SearchAction","target":{"@type":"EntryPoint","urlTemplate":"https:\/\/www.easyledstore.it\/es\/?s={search_term_string}"},"query-input":{"@type":"PropertyValueSpecification","valueRequired":true,"valueName":"search_term_string"}}],"inLanguage":"es"},{"@type":"Organization","@id":"https:\/\/www.easyledstore.it\/es\/#organization","name":"LTC Lighting Trading Company srls","url":"https:\/\/www.easyledstore.it\/es\/","logo":{"@type":"ImageObject","inLanguage":"es","@id":"https:\/\/www.easyledstore.it\/es\/#\/schema\/logo\/image\/","url":"https:\/\/www.easyledstore.it\/wp-content\/uploads\/2018\/03\/Landscape-FullColor-2000.png","contentUrl":"https:\/\/www.easyledstore.it\/wp-content\/uploads\/2018\/03\/Landscape-FullColor-2000.png","width":2000,"height":641,"caption":"LTC Lighting Trading Company srls"},"image":{"@id":"https:\/\/www.easyledstore.it\/es\/#\/schema\/logo\/image\/"},"sameAs":["https:\/\/www.facebook.com\/easyledstore"]}]}},"_links":{"self":[{"href":"https:\/\/www.easyledstore.it\/es\/wp-json\/wp\/v2\/product\/10735","targetHints":{"allow":["GET"]}}],"collection":[{"href":"https:\/\/www.easyledstore.it\/es\/wp-json\/wp\/v2\/product"}],"about":[{"href":"https:\/\/www.easyledstore.it\/es\/wp-json\/wp\/v2\/types\/product"}],"replies":[{"embeddable":true,"href":"https:\/\/www.easyledstore.it\/es\/wp-json\/wp\/v2\/comments?post=10735"}],"wp:featuredmedia":[{"embeddable":true,"href":"https:\/\/www.easyledstore.it\/es\/wp-json\/wp\/v2\/media\/10744"}],"wp:attachment":[{"href":"https:\/\/www.easyledstore.it\/es\/wp-json\/wp\/v2\/media?parent=10735"}],"wp:term":[{"taxonomy":"product_brand","embeddable":true,"href":"https:\/\/www.easyledstore.it\/es\/wp-json\/wp\/v2\/product_brand?post=10735"},{"taxonomy":"product_cat","embeddable":true,"href":"https:\/\/www.easyledstore.it\/es\/wp-json\/wp\/v2\/product_cat?post=10735"},{"taxonomy":"product_tag","embeddable":true,"href":"https:\/\/www.easyledstore.it\/es\/wp-json\/wp\/v2\/product_tag?post=10735"}],"curies":[{"name":"wp","href":"https:\/\/api.w.org\/{rel}","templated":true}]}}