{"id":10673,"date":"2018-04-09T17:09:18","date_gmt":"2018-04-09T15:09:18","guid":{"rendered":"https:\/\/www.easyledstore.it\/prodotto\/controlador-led-con-mando-a-distancia-por-infrarrojos-6a\/"},"modified":"2026-01-19T12:51:54","modified_gmt":"2026-01-19T11:51:54","slug":"controlador-led-con-mando-a-distancia-por-infrarrojos-6a","status":"publish","type":"product","link":"https:\/\/www.easyledstore.it\/es\/producto\/controlador-led-con-mando-a-distancia-por-infrarrojos-6a\/","title":{"rendered":"Controlador LED con mando a distancia por infrarrojos &#8211; 6A"},"content":{"rendered":"<p>Dimensiones: 62x40x93 mm<\/p>\n<p>Voltios de salida: CC 12-24 V<\/p>\n<p>Amperios de salida: 6A (2Ax3)<\/p>\n","protected":false},"excerpt":{"rendered":"<p>Controlador LED por infrarrojos de 3 canales con mando a distancia. \u00datil y vers\u00e1til gracias a su peque\u00f1o tama\u00f1o. Puede utilizarse para tiras peque\u00f1as, m\u00f3dulos o p\u00edxeles. (consulta la hoja de datos para saber el amperaje y la cantidad)   <\/p>\n","protected":false},"featured_media":10677,"comment_status":"open","ping_status":"closed","template":"","meta":[],"product_brand":[],"product_cat":[1750,1749],"product_tag":[1751],"class_list":{"0":"post-10673","1":"product","2":"type-product","3":"status-publish","4":"has-post-thumbnail","6":"product_cat-controlador","7":"product_cat-unidades-de-control","8":"product_tag-cc-5v-12v-24v","10":"first","11":"instock","12":"taxable","13":"shipping-taxable","14":"purchasable","15":"product-type-simple"},"yoast_head":"<!-- This site is optimized with the Yoast SEO plugin v27.3 - https:\/\/yoast.com\/product\/yoast-seo-wordpress\/ -->\n<title>Controlador Led - Mando a distancia IR - 6A | Easyledstore<\/title>\n<meta name=\"description\" content=\"Controlador LED por infrarrojos de 3 canales con mando a distancia. \u00datil y vers\u00e1til gracias a su peque\u00f1o tama\u00f1o. Puede utilizarse para tiras peque\u00f1as, m\u00f3dulos o p\u00edxeles. (consulta la hoja de datos para saber el amperaje y la cantidad)\" \/>\n<meta name=\"robots\" content=\"index, follow, max-snippet:-1, max-image-preview:large, max-video-preview:-1\" \/>\n<link rel=\"canonical\" href=\"https:\/\/www.easyledstore.it\/es\/producto\/controlador-led-con-mando-a-distancia-por-infrarrojos-6a\/\" \/>\n<meta property=\"og:locale\" content=\"es_ES\" \/>\n<meta property=\"og:type\" content=\"article\" \/>\n<meta property=\"og:title\" content=\"Controlador Led - Mando a distancia IR - 6A | Easyledstore\" \/>\n<meta property=\"og:description\" content=\"Controlador LED por infrarrojos de 3 canales con mando a distancia. \u00datil y vers\u00e1til gracias a su peque\u00f1o tama\u00f1o. Puede utilizarse para tiras peque\u00f1as, m\u00f3dulos o p\u00edxeles. (consulta la hoja de datos para saber el amperaje y la cantidad)\" \/>\n<meta property=\"og:url\" content=\"https:\/\/www.easyledstore.it\/es\/producto\/controlador-led-con-mando-a-distancia-por-infrarrojos-6a\/\" \/>\n<meta property=\"og:site_name\" content=\"Easyledstore\" \/>\n<meta property=\"article:publisher\" content=\"https:\/\/www.facebook.com\/easyledstore\" \/>\n<meta property=\"article:modified_time\" content=\"2026-01-19T11:51:54+00:00\" \/>\n<meta property=\"og:image\" content=\"https:\/\/www.easyledstore.it\/wp-content\/uploads\/2018\/04\/CTT6A-OK.jpg\" \/>\n\t<meta property=\"og:image:width\" content=\"800\" \/>\n\t<meta property=\"og:image:height\" content=\"800\" \/>\n\t<meta property=\"og:image:type\" content=\"image\/jpeg\" \/>\n<meta name=\"twitter:card\" content=\"summary_large_image\" \/>\n<!-- \/ Yoast SEO plugin. -->","yoast_head_json":{"title":"Controlador Led - Mando a distancia IR - 6A | Easyledstore","description":"Controlador LED por infrarrojos de 3 canales con mando a distancia. \u00datil y vers\u00e1til gracias a su peque\u00f1o tama\u00f1o. Puede utilizarse para tiras peque\u00f1as, m\u00f3dulos o p\u00edxeles. (consulta la hoja de datos para saber el amperaje y la cantidad)","robots":{"index":"index","follow":"follow","max-snippet":"max-snippet:-1","max-image-preview":"max-image-preview:large","max-video-preview":"max-video-preview:-1"},"canonical":"https:\/\/www.easyledstore.it\/es\/producto\/controlador-led-con-mando-a-distancia-por-infrarrojos-6a\/","og_locale":"es_ES","og_type":"article","og_title":"Controlador Led - Mando a distancia IR - 6A | Easyledstore","og_description":"Controlador LED por infrarrojos de 3 canales con mando a distancia. \u00datil y vers\u00e1til gracias a su peque\u00f1o tama\u00f1o. Puede utilizarse para tiras peque\u00f1as, m\u00f3dulos o p\u00edxeles. (consulta la hoja de datos para saber el amperaje y la cantidad)","og_url":"https:\/\/www.easyledstore.it\/es\/producto\/controlador-led-con-mando-a-distancia-por-infrarrojos-6a\/","og_site_name":"Easyledstore","article_publisher":"https:\/\/www.facebook.com\/easyledstore","article_modified_time":"2026-01-19T11:51:54+00:00","og_image":[{"width":800,"height":800,"url":"https:\/\/www.easyledstore.it\/wp-content\/uploads\/2018\/04\/CTT6A-OK.jpg","type":"image\/jpeg"}],"twitter_card":"summary_large_image","schema":{"@context":"https:\/\/schema.org","@graph":[{"@type":"WebPage","@id":"https:\/\/www.easyledstore.it\/es\/producto\/controlador-led-con-mando-a-distancia-por-infrarrojos-6a\/","url":"https:\/\/www.easyledstore.it\/es\/producto\/controlador-led-con-mando-a-distancia-por-infrarrojos-6a\/","name":"Controlador Led - Mando a distancia IR - 6A | Easyledstore","isPartOf":{"@id":"https:\/\/www.easyledstore.it\/es\/#website"},"primaryImageOfPage":{"@id":"https:\/\/www.easyledstore.it\/es\/producto\/controlador-led-con-mando-a-distancia-por-infrarrojos-6a\/#primaryimage"},"image":{"@id":"https:\/\/www.easyledstore.it\/es\/producto\/controlador-led-con-mando-a-distancia-por-infrarrojos-6a\/#primaryimage"},"thumbnailUrl":"https:\/\/www.easyledstore.it\/wp-content\/uploads\/2018\/04\/CTT6A-OK.jpg","datePublished":"2018-04-09T15:09:18+00:00","dateModified":"2026-01-19T11:51:54+00:00","description":"Controlador LED por infrarrojos de 3 canales con mando a distancia. \u00datil y vers\u00e1til gracias a su peque\u00f1o tama\u00f1o. Puede utilizarse para tiras peque\u00f1as, m\u00f3dulos o p\u00edxeles. (consulta la hoja de datos para saber el amperaje y la cantidad)","breadcrumb":{"@id":"https:\/\/www.easyledstore.it\/es\/producto\/controlador-led-con-mando-a-distancia-por-infrarrojos-6a\/#breadcrumb"},"inLanguage":"es","potentialAction":[{"@type":"ReadAction","target":["https:\/\/www.easyledstore.it\/es\/producto\/controlador-led-con-mando-a-distancia-por-infrarrojos-6a\/"]}]},{"@type":"ImageObject","inLanguage":"es","@id":"https:\/\/www.easyledstore.it\/es\/producto\/controlador-led-con-mando-a-distancia-por-infrarrojos-6a\/#primaryimage","url":"https:\/\/www.easyledstore.it\/wp-content\/uploads\/2018\/04\/CTT6A-OK.jpg","contentUrl":"https:\/\/www.easyledstore.it\/wp-content\/uploads\/2018\/04\/CTT6A-OK.jpg","width":800,"height":800,"caption":"Controller Led con telecomando IR - 6A"},{"@type":"BreadcrumbList","@id":"https:\/\/www.easyledstore.it\/es\/producto\/controlador-led-con-mando-a-distancia-por-infrarrojos-6a\/#breadcrumb","itemListElement":[{"@type":"ListItem","position":1,"name":"Home","item":"https:\/\/www.easyledstore.it\/es\/modulos-de-senalizacion-led\/"},{"@type":"ListItem","position":2,"name":"Tienda IT","item":"https:\/\/www.easyledstore.it\/es\/tienda\/"},{"@type":"ListItem","position":3,"name":"Controlador LED con mando a distancia por infrarrojos &#8211; 6A"}]},{"@type":"WebSite","@id":"https:\/\/www.easyledstore.it\/es\/#website","url":"https:\/\/www.easyledstore.it\/es\/","name":"Easyledstore","description":"Alimentatori e Moduli LED per Insegne Luminose","publisher":{"@id":"https:\/\/www.easyledstore.it\/es\/#organization"},"potentialAction":[{"@type":"SearchAction","target":{"@type":"EntryPoint","urlTemplate":"https:\/\/www.easyledstore.it\/es\/?s={search_term_string}"},"query-input":{"@type":"PropertyValueSpecification","valueRequired":true,"valueName":"search_term_string"}}],"inLanguage":"es"},{"@type":"Organization","@id":"https:\/\/www.easyledstore.it\/es\/#organization","name":"LTC Lighting Trading Company srls","url":"https:\/\/www.easyledstore.it\/es\/","logo":{"@type":"ImageObject","inLanguage":"es","@id":"https:\/\/www.easyledstore.it\/es\/#\/schema\/logo\/image\/","url":"https:\/\/www.easyledstore.it\/wp-content\/uploads\/2018\/03\/Landscape-FullColor-2000.png","contentUrl":"https:\/\/www.easyledstore.it\/wp-content\/uploads\/2018\/03\/Landscape-FullColor-2000.png","width":2000,"height":641,"caption":"LTC Lighting Trading Company srls"},"image":{"@id":"https:\/\/www.easyledstore.it\/es\/#\/schema\/logo\/image\/"},"sameAs":["https:\/\/www.facebook.com\/easyledstore"]}]}},"_links":{"self":[{"href":"https:\/\/www.easyledstore.it\/es\/wp-json\/wp\/v2\/product\/10673","targetHints":{"allow":["GET"]}}],"collection":[{"href":"https:\/\/www.easyledstore.it\/es\/wp-json\/wp\/v2\/product"}],"about":[{"href":"https:\/\/www.easyledstore.it\/es\/wp-json\/wp\/v2\/types\/product"}],"replies":[{"embeddable":true,"href":"https:\/\/www.easyledstore.it\/es\/wp-json\/wp\/v2\/comments?post=10673"}],"wp:featuredmedia":[{"embeddable":true,"href":"https:\/\/www.easyledstore.it\/es\/wp-json\/wp\/v2\/media\/10677"}],"wp:attachment":[{"href":"https:\/\/www.easyledstore.it\/es\/wp-json\/wp\/v2\/media?parent=10673"}],"wp:term":[{"taxonomy":"product_brand","embeddable":true,"href":"https:\/\/www.easyledstore.it\/es\/wp-json\/wp\/v2\/product_brand?post=10673"},{"taxonomy":"product_cat","embeddable":true,"href":"https:\/\/www.easyledstore.it\/es\/wp-json\/wp\/v2\/product_cat?post=10673"},{"taxonomy":"product_tag","embeddable":true,"href":"https:\/\/www.easyledstore.it\/es\/wp-json\/wp\/v2\/product_tag?post=10673"}],"curies":[{"name":"wp","href":"https:\/\/api.w.org\/{rel}","templated":true}]}}