{"id":10640,"date":"2018-04-09T17:09:19","date_gmt":"2018-04-09T15:09:19","guid":{"rendered":"https:\/\/www.easyledstore.it\/prodotto\/modulo-led-smd3030-blanco-6500k-15w\/"},"modified":"2026-01-19T12:51:26","modified_gmt":"2026-01-19T11:51:26","slug":"modulo-led-smd3030-blanco-6500k-15w","status":"publish","type":"product","link":"https:\/\/www.easyledstore.it\/es\/producto\/modulo-led-smd3030-blanco-6500k-15w\/","title":{"rendered":"M\u00f3dulo LED SMD3030 Blanco 6500K &#8211; 1,5W"},"content":{"rendered":"<p>Color: blanco fr\u00edo (6500k)<\/p>\n<p>Dimensiones: 48&#215;29,7&#215;4 mm<\/p>\n<p>\u00c1ngulo de apertura: 160\u00b0<\/p>\n<p>Haz luminoso: 120-140 Lumen<\/p>\n","protected":false},"excerpt":{"rendered":"<p>M\u00f3dulo de se\u00f1alizaci\u00f3n de gran tama\u00f1o, equipado con un LED con una lente de 160\u00b0. Se necesitan unas 35 unidades por metro cuadrado para iluminar un r\u00f3tulo. Recomendado para optimizar el tiempo de construcci\u00f3n.  <\/p>\n","protected":false},"featured_media":10647,"comment_status":"open","ping_status":"closed","template":"","meta":[],"product_brand":[],"product_cat":[1237,1238],"product_tag":[1649,1733,1244,1734,1070,1071,1466,1735,1239,1211,1241,1251],"class_list":{"0":"post-10640","1":"product","2":"type-product","3":"status-publish","4":"has-post-thumbnail","6":"product_cat-modulos-led","7":"product_cat-modulos-led-para-una-cara-cajas-y-letras","8":"product_tag-1-led","9":"product_tag-1-5w","10":"product_tag-1244","11":"product_tag-120-140-lumenes","12":"product_tag-12v","13":"product_tag-160-grados","14":"product_tag-6500k","15":"product_tag-8-20cm","16":"product_tag-blanco-frio","17":"product_tag-certificacion-ip67","18":"product_tag-con-lente","19":"product_tag-leds-blancos","21":"first","22":"instock","23":"taxable","24":"shipping-taxable","25":"purchasable","26":"product-type-simple"},"yoast_head":"<!-- This site is optimized with the Yoast SEO plugin v27.3 - https:\/\/yoast.com\/product\/yoast-seo-wordpress\/ -->\n<title>LED SMD3030 Blanco 6500K - 1.5W | Easyledstore<\/title>\n<meta name=\"description\" content=\"M\u00f3dulo LED SMD3030 para grandes r\u00f3tulos, equipado con un LED con lente de 160\u00b0. Se necesitan aproximadamente 35 unidades para iluminar un r\u00f3tulo.\" \/>\n<meta name=\"robots\" content=\"index, follow, max-snippet:-1, max-image-preview:large, max-video-preview:-1\" \/>\n<link rel=\"canonical\" href=\"https:\/\/www.easyledstore.it\/es\/producto\/modulo-led-smd3030-blanco-6500k-15w\/\" \/>\n<meta property=\"og:locale\" content=\"es_ES\" \/>\n<meta property=\"og:type\" content=\"article\" \/>\n<meta property=\"og:title\" content=\"LED SMD3030 Blanco 6500K - 1.5W | Easyledstore\" \/>\n<meta property=\"og:description\" content=\"M\u00f3dulo LED SMD3030 para grandes r\u00f3tulos, equipado con un LED con lente de 160\u00b0. Se necesitan aproximadamente 35 unidades para iluminar un r\u00f3tulo.\" \/>\n<meta property=\"og:url\" content=\"https:\/\/www.easyledstore.it\/es\/producto\/modulo-led-smd3030-blanco-6500k-15w\/\" \/>\n<meta property=\"og:site_name\" content=\"Easyledstore\" \/>\n<meta property=\"article:publisher\" content=\"https:\/\/www.facebook.com\/easyledstore\" \/>\n<meta property=\"article:modified_time\" content=\"2026-01-19T11:51:26+00:00\" \/>\n<meta property=\"og:image\" content=\"https:\/\/www.easyledstore.it\/wp-content\/uploads\/2018\/04\/modulo-led-LIL0115.jpg\" \/>\n\t<meta property=\"og:image:width\" content=\"800\" \/>\n\t<meta property=\"og:image:height\" content=\"800\" \/>\n\t<meta property=\"og:image:type\" content=\"image\/jpeg\" \/>\n<meta name=\"twitter:card\" content=\"summary_large_image\" \/>\n<!-- \/ Yoast SEO plugin. -->","yoast_head_json":{"title":"LED SMD3030 Blanco 6500K - 1.5W | Easyledstore","description":"M\u00f3dulo LED SMD3030 para grandes r\u00f3tulos, equipado con un LED con lente de 160\u00b0. Se necesitan aproximadamente 35 unidades para iluminar un r\u00f3tulo.","robots":{"index":"index","follow":"follow","max-snippet":"max-snippet:-1","max-image-preview":"max-image-preview:large","max-video-preview":"max-video-preview:-1"},"canonical":"https:\/\/www.easyledstore.it\/es\/producto\/modulo-led-smd3030-blanco-6500k-15w\/","og_locale":"es_ES","og_type":"article","og_title":"LED SMD3030 Blanco 6500K - 1.5W | Easyledstore","og_description":"M\u00f3dulo LED SMD3030 para grandes r\u00f3tulos, equipado con un LED con lente de 160\u00b0. Se necesitan aproximadamente 35 unidades para iluminar un r\u00f3tulo.","og_url":"https:\/\/www.easyledstore.it\/es\/producto\/modulo-led-smd3030-blanco-6500k-15w\/","og_site_name":"Easyledstore","article_publisher":"https:\/\/www.facebook.com\/easyledstore","article_modified_time":"2026-01-19T11:51:26+00:00","og_image":[{"width":800,"height":800,"url":"https:\/\/www.easyledstore.it\/wp-content\/uploads\/2018\/04\/modulo-led-LIL0115.jpg","type":"image\/jpeg"}],"twitter_card":"summary_large_image","schema":{"@context":"https:\/\/schema.org","@graph":[{"@type":"WebPage","@id":"https:\/\/www.easyledstore.it\/es\/producto\/modulo-led-smd3030-blanco-6500k-15w\/","url":"https:\/\/www.easyledstore.it\/es\/producto\/modulo-led-smd3030-blanco-6500k-15w\/","name":"LED SMD3030 Blanco 6500K - 1.5W | Easyledstore","isPartOf":{"@id":"https:\/\/www.easyledstore.it\/es\/#website"},"primaryImageOfPage":{"@id":"https:\/\/www.easyledstore.it\/es\/producto\/modulo-led-smd3030-blanco-6500k-15w\/#primaryimage"},"image":{"@id":"https:\/\/www.easyledstore.it\/es\/producto\/modulo-led-smd3030-blanco-6500k-15w\/#primaryimage"},"thumbnailUrl":"https:\/\/www.easyledstore.it\/wp-content\/uploads\/2018\/04\/modulo-led-LIL0115.jpg","datePublished":"2018-04-09T15:09:19+00:00","dateModified":"2026-01-19T11:51:26+00:00","description":"M\u00f3dulo LED SMD3030 para grandes r\u00f3tulos, equipado con un LED con lente de 160\u00b0. Se necesitan aproximadamente 35 unidades para iluminar un r\u00f3tulo.","breadcrumb":{"@id":"https:\/\/www.easyledstore.it\/es\/producto\/modulo-led-smd3030-blanco-6500k-15w\/#breadcrumb"},"inLanguage":"es","potentialAction":[{"@type":"ReadAction","target":["https:\/\/www.easyledstore.it\/es\/producto\/modulo-led-smd3030-blanco-6500k-15w\/"]}]},{"@type":"ImageObject","inLanguage":"es","@id":"https:\/\/www.easyledstore.it\/es\/producto\/modulo-led-smd3030-blanco-6500k-15w\/#primaryimage","url":"https:\/\/www.easyledstore.it\/wp-content\/uploads\/2018\/04\/modulo-led-LIL0115.jpg","contentUrl":"https:\/\/www.easyledstore.it\/wp-content\/uploads\/2018\/04\/modulo-led-LIL0115.jpg","width":800,"height":800,"caption":"LED SMD3030 modulo led LIL0115"},{"@type":"BreadcrumbList","@id":"https:\/\/www.easyledstore.it\/es\/producto\/modulo-led-smd3030-blanco-6500k-15w\/#breadcrumb","itemListElement":[{"@type":"ListItem","position":1,"name":"Home","item":"https:\/\/www.easyledstore.it\/es\/modulos-de-senalizacion-led\/"},{"@type":"ListItem","position":2,"name":"Tienda IT","item":"https:\/\/www.easyledstore.it\/es\/tienda\/"},{"@type":"ListItem","position":3,"name":"M\u00f3dulo LED SMD3030 Blanco 6500K &#8211; 1,5W"}]},{"@type":"WebSite","@id":"https:\/\/www.easyledstore.it\/es\/#website","url":"https:\/\/www.easyledstore.it\/es\/","name":"Easyledstore","description":"Alimentatori e Moduli LED per Insegne Luminose","publisher":{"@id":"https:\/\/www.easyledstore.it\/es\/#organization"},"potentialAction":[{"@type":"SearchAction","target":{"@type":"EntryPoint","urlTemplate":"https:\/\/www.easyledstore.it\/es\/?s={search_term_string}"},"query-input":{"@type":"PropertyValueSpecification","valueRequired":true,"valueName":"search_term_string"}}],"inLanguage":"es"},{"@type":"Organization","@id":"https:\/\/www.easyledstore.it\/es\/#organization","name":"LTC Lighting Trading Company srls","url":"https:\/\/www.easyledstore.it\/es\/","logo":{"@type":"ImageObject","inLanguage":"es","@id":"https:\/\/www.easyledstore.it\/es\/#\/schema\/logo\/image\/","url":"https:\/\/www.easyledstore.it\/wp-content\/uploads\/2018\/03\/Landscape-FullColor-2000.png","contentUrl":"https:\/\/www.easyledstore.it\/wp-content\/uploads\/2018\/03\/Landscape-FullColor-2000.png","width":2000,"height":641,"caption":"LTC Lighting Trading Company srls"},"image":{"@id":"https:\/\/www.easyledstore.it\/es\/#\/schema\/logo\/image\/"},"sameAs":["https:\/\/www.facebook.com\/easyledstore"]}]}},"_links":{"self":[{"href":"https:\/\/www.easyledstore.it\/es\/wp-json\/wp\/v2\/product\/10640","targetHints":{"allow":["GET"]}}],"collection":[{"href":"https:\/\/www.easyledstore.it\/es\/wp-json\/wp\/v2\/product"}],"about":[{"href":"https:\/\/www.easyledstore.it\/es\/wp-json\/wp\/v2\/types\/product"}],"replies":[{"embeddable":true,"href":"https:\/\/www.easyledstore.it\/es\/wp-json\/wp\/v2\/comments?post=10640"}],"wp:featuredmedia":[{"embeddable":true,"href":"https:\/\/www.easyledstore.it\/es\/wp-json\/wp\/v2\/media\/10647"}],"wp:attachment":[{"href":"https:\/\/www.easyledstore.it\/es\/wp-json\/wp\/v2\/media?parent=10640"}],"wp:term":[{"taxonomy":"product_brand","embeddable":true,"href":"https:\/\/www.easyledstore.it\/es\/wp-json\/wp\/v2\/product_brand?post=10640"},{"taxonomy":"product_cat","embeddable":true,"href":"https:\/\/www.easyledstore.it\/es\/wp-json\/wp\/v2\/product_cat?post=10640"},{"taxonomy":"product_tag","embeddable":true,"href":"https:\/\/www.easyledstore.it\/es\/wp-json\/wp\/v2\/product_tag?post=10640"}],"curies":[{"name":"wp","href":"https:\/\/api.w.org\/{rel}","templated":true}]}}