{"id":10434,"date":"2024-04-24T11:59:15","date_gmt":"2024-04-24T09:59:15","guid":{"rendered":"https:\/\/www.easyledstore.it\/prodotto\/modulo-led-para-rotulos-de-doble-cara-blanco-calido-2w\/"},"modified":"2026-03-09T15:51:17","modified_gmt":"2026-03-09T14:51:17","slug":"modulo-led-para-rotulos-de-doble-cara-blanco-calido-2w","status":"publish","type":"product","link":"https:\/\/www.easyledstore.it\/es\/producto\/modulo-led-para-rotulos-de-doble-cara-blanco-calido-2w\/","title":{"rendered":"M\u00f3dulo LED para r\u00f3tulos de doble cara Blanco c\u00e1lido &#8211; 2W"},"content":{"rendered":"<h3>Led para r\u00f3tulos de doble cara<\/h3>\n<p>Color: Blanco c\u00e1lido (3000k)<\/p>\n<p>Dimensiones: 53x31x14,6 mm<\/p>\n<p>\u00c1ngulo de apertura: 20\u00b0x 45<\/p>\n<p>Haz de luz: 160-180 l\u00famenes<\/p>\n","protected":false},"excerpt":{"rendered":"<p>M\u00f3dulo LED para r\u00f3tulos de doble cara en color blanco c\u00e1lido, equipado con una lente de 45\u00b0, que estrecha el flujo luminoso. Equipado con una placa base de aluminio para aumentar la disipaci\u00f3n del calor. <\/p>\n","protected":false},"featured_media":10440,"comment_status":"open","ping_status":"closed","template":"","meta":[],"product_brand":[],"product_cat":[1237,1342],"product_tag":[1649,1070,1651,1652,1650,1073,1346,1653,1072,1211,1241,1251,1252],"class_list":{"0":"post-10434","1":"product","2":"type-product","3":"status-publish","4":"has-post-thumbnail","6":"product_cat-modulos-led","7":"product_cat-modulos-para-doble-cara","8":"product_tag-1-led","9":"product_tag-12v","10":"product_tag-160-180-lumenes","11":"product_tag-20-x-45-grados","12":"product_tag-2w","13":"product_tag-3000k","14":"product_tag-1346","15":"product_tag-70cm","16":"product_tag-blanco-calido","17":"product_tag-certificacion-ip67","18":"product_tag-con-lente","19":"product_tag-leds-blancos","20":"product_tag-si","22":"first","23":"onbackorder","24":"taxable","25":"shipping-taxable","26":"purchasable","27":"product-type-simple"},"yoast_head":"<!-- This site is optimized with the Yoast SEO plugin v27.3 - https:\/\/yoast.com\/product\/yoast-seo-wordpress\/ -->\n<title>M\u00f3dulo LED para r\u00f3tulos de doble cara Blanco c\u00e1lido - 2W - Easyledstore<\/title>\n<meta name=\"description\" content=\"LED para se\u00f1ales de doble cara color blanco c\u00e1lido. Lente de 45\u00b0. Placa base de aluminio para una mayor disipaci\u00f3n del calor. IP67\" \/>\n<meta name=\"robots\" content=\"index, follow, max-snippet:-1, max-image-preview:large, max-video-preview:-1\" \/>\n<link rel=\"canonical\" href=\"https:\/\/www.easyledstore.it\/es\/producto\/modulo-led-para-rotulos-de-doble-cara-blanco-calido-2w\/\" \/>\n<meta property=\"og:locale\" content=\"es_ES\" \/>\n<meta property=\"og:type\" content=\"article\" \/>\n<meta property=\"og:title\" content=\"M\u00f3dulo LED para r\u00f3tulos de doble cara Blanco c\u00e1lido - 2W - Easyledstore\" \/>\n<meta property=\"og:description\" content=\"LED para se\u00f1ales de doble cara color blanco c\u00e1lido. Lente de 45\u00b0. Placa base de aluminio para una mayor disipaci\u00f3n del calor. IP67\" \/>\n<meta property=\"og:url\" content=\"https:\/\/www.easyledstore.it\/es\/producto\/modulo-led-para-rotulos-de-doble-cara-blanco-calido-2w\/\" \/>\n<meta property=\"og:site_name\" content=\"Easyledstore\" \/>\n<meta property=\"article:publisher\" content=\"https:\/\/www.facebook.com\/easyledstore\" \/>\n<meta property=\"article:modified_time\" content=\"2026-03-09T14:51:17+00:00\" \/>\n<meta property=\"og:image\" content=\"https:\/\/www.easyledstore.it\/wp-content\/uploads\/2018\/04\/LIB012-1.jpg\" \/>\n\t<meta property=\"og:image:width\" content=\"800\" \/>\n\t<meta property=\"og:image:height\" content=\"800\" \/>\n\t<meta property=\"og:image:type\" content=\"image\/jpeg\" \/>\n<meta name=\"twitter:card\" content=\"summary_large_image\" \/>\n<!-- \/ Yoast SEO plugin. -->","yoast_head_json":{"title":"M\u00f3dulo LED para r\u00f3tulos de doble cara Blanco c\u00e1lido - 2W - Easyledstore","description":"LED para se\u00f1ales de doble cara color blanco c\u00e1lido. Lente de 45\u00b0. Placa base de aluminio para una mayor disipaci\u00f3n del calor. IP67","robots":{"index":"index","follow":"follow","max-snippet":"max-snippet:-1","max-image-preview":"max-image-preview:large","max-video-preview":"max-video-preview:-1"},"canonical":"https:\/\/www.easyledstore.it\/es\/producto\/modulo-led-para-rotulos-de-doble-cara-blanco-calido-2w\/","og_locale":"es_ES","og_type":"article","og_title":"M\u00f3dulo LED para r\u00f3tulos de doble cara Blanco c\u00e1lido - 2W - Easyledstore","og_description":"LED para se\u00f1ales de doble cara color blanco c\u00e1lido. Lente de 45\u00b0. Placa base de aluminio para una mayor disipaci\u00f3n del calor. IP67","og_url":"https:\/\/www.easyledstore.it\/es\/producto\/modulo-led-para-rotulos-de-doble-cara-blanco-calido-2w\/","og_site_name":"Easyledstore","article_publisher":"https:\/\/www.facebook.com\/easyledstore","article_modified_time":"2026-03-09T14:51:17+00:00","og_image":[{"width":800,"height":800,"url":"https:\/\/www.easyledstore.it\/wp-content\/uploads\/2018\/04\/LIB012-1.jpg","type":"image\/jpeg"}],"twitter_card":"summary_large_image","schema":{"@context":"https:\/\/schema.org","@graph":[{"@type":"WebPage","@id":"https:\/\/www.easyledstore.it\/es\/producto\/modulo-led-para-rotulos-de-doble-cara-blanco-calido-2w\/","url":"https:\/\/www.easyledstore.it\/es\/producto\/modulo-led-para-rotulos-de-doble-cara-blanco-calido-2w\/","name":"M\u00f3dulo LED para r\u00f3tulos de doble cara Blanco c\u00e1lido - 2W - Easyledstore","isPartOf":{"@id":"https:\/\/www.easyledstore.it\/es\/#website"},"primaryImageOfPage":{"@id":"https:\/\/www.easyledstore.it\/es\/producto\/modulo-led-para-rotulos-de-doble-cara-blanco-calido-2w\/#primaryimage"},"image":{"@id":"https:\/\/www.easyledstore.it\/es\/producto\/modulo-led-para-rotulos-de-doble-cara-blanco-calido-2w\/#primaryimage"},"thumbnailUrl":"https:\/\/www.easyledstore.it\/wp-content\/uploads\/2018\/04\/LIB012-1.jpg","datePublished":"2024-04-24T09:59:15+00:00","dateModified":"2026-03-09T14:51:17+00:00","description":"LED para se\u00f1ales de doble cara color blanco c\u00e1lido. Lente de 45\u00b0. Placa base de aluminio para una mayor disipaci\u00f3n del calor. IP67","breadcrumb":{"@id":"https:\/\/www.easyledstore.it\/es\/producto\/modulo-led-para-rotulos-de-doble-cara-blanco-calido-2w\/#breadcrumb"},"inLanguage":"es","potentialAction":[{"@type":"ReadAction","target":["https:\/\/www.easyledstore.it\/es\/producto\/modulo-led-para-rotulos-de-doble-cara-blanco-calido-2w\/"]}]},{"@type":"ImageObject","inLanguage":"es","@id":"https:\/\/www.easyledstore.it\/es\/producto\/modulo-led-para-rotulos-de-doble-cara-blanco-calido-2w\/#primaryimage","url":"https:\/\/www.easyledstore.it\/wp-content\/uploads\/2018\/04\/LIB012-1.jpg","contentUrl":"https:\/\/www.easyledstore.it\/wp-content\/uploads\/2018\/04\/LIB012-1.jpg","width":800,"height":800,"caption":"LIB012"},{"@type":"BreadcrumbList","@id":"https:\/\/www.easyledstore.it\/es\/producto\/modulo-led-para-rotulos-de-doble-cara-blanco-calido-2w\/#breadcrumb","itemListElement":[{"@type":"ListItem","position":1,"name":"Home","item":"https:\/\/www.easyledstore.it\/es\/modulos-de-senalizacion-led\/"},{"@type":"ListItem","position":2,"name":"Tienda IT","item":"https:\/\/www.easyledstore.it\/es\/tienda\/"},{"@type":"ListItem","position":3,"name":"M\u00f3dulo LED para r\u00f3tulos de doble cara Blanco c\u00e1lido &#8211; 2W"}]},{"@type":"WebSite","@id":"https:\/\/www.easyledstore.it\/es\/#website","url":"https:\/\/www.easyledstore.it\/es\/","name":"Easyledstore","description":"Alimentatori e Moduli LED per Insegne Luminose","publisher":{"@id":"https:\/\/www.easyledstore.it\/es\/#organization"},"potentialAction":[{"@type":"SearchAction","target":{"@type":"EntryPoint","urlTemplate":"https:\/\/www.easyledstore.it\/es\/?s={search_term_string}"},"query-input":{"@type":"PropertyValueSpecification","valueRequired":true,"valueName":"search_term_string"}}],"inLanguage":"es"},{"@type":"Organization","@id":"https:\/\/www.easyledstore.it\/es\/#organization","name":"LTC Lighting Trading Company srls","url":"https:\/\/www.easyledstore.it\/es\/","logo":{"@type":"ImageObject","inLanguage":"es","@id":"https:\/\/www.easyledstore.it\/es\/#\/schema\/logo\/image\/","url":"https:\/\/www.easyledstore.it\/wp-content\/uploads\/2018\/03\/Landscape-FullColor-2000.png","contentUrl":"https:\/\/www.easyledstore.it\/wp-content\/uploads\/2018\/03\/Landscape-FullColor-2000.png","width":2000,"height":641,"caption":"LTC Lighting Trading Company srls"},"image":{"@id":"https:\/\/www.easyledstore.it\/es\/#\/schema\/logo\/image\/"},"sameAs":["https:\/\/www.facebook.com\/easyledstore"]}]}},"_links":{"self":[{"href":"https:\/\/www.easyledstore.it\/es\/wp-json\/wp\/v2\/product\/10434","targetHints":{"allow":["GET"]}}],"collection":[{"href":"https:\/\/www.easyledstore.it\/es\/wp-json\/wp\/v2\/product"}],"about":[{"href":"https:\/\/www.easyledstore.it\/es\/wp-json\/wp\/v2\/types\/product"}],"replies":[{"embeddable":true,"href":"https:\/\/www.easyledstore.it\/es\/wp-json\/wp\/v2\/comments?post=10434"}],"wp:featuredmedia":[{"embeddable":true,"href":"https:\/\/www.easyledstore.it\/es\/wp-json\/wp\/v2\/media\/10440"}],"wp:attachment":[{"href":"https:\/\/www.easyledstore.it\/es\/wp-json\/wp\/v2\/media?parent=10434"}],"wp:term":[{"taxonomy":"product_brand","embeddable":true,"href":"https:\/\/www.easyledstore.it\/es\/wp-json\/wp\/v2\/product_brand?post=10434"},{"taxonomy":"product_cat","embeddable":true,"href":"https:\/\/www.easyledstore.it\/es\/wp-json\/wp\/v2\/product_cat?post=10434"},{"taxonomy":"product_tag","embeddable":true,"href":"https:\/\/www.easyledstore.it\/es\/wp-json\/wp\/v2\/product_tag?post=10434"}],"curies":[{"name":"wp","href":"https:\/\/api.w.org\/{rel}","templated":true}]}}