{"id":10428,"date":"2024-05-10T11:06:28","date_gmt":"2024-05-10T09:06:28","guid":{"rendered":"https:\/\/www.easyledstore.it\/prodotto\/tira-led-cob-verde-5m\/"},"modified":"2026-01-19T12:46:23","modified_gmt":"2026-01-19T11:46:23","slug":"tira-led-cob-verde-5m","status":"publish","type":"product","link":"https:\/\/www.easyledstore.it\/es\/producto\/tira-led-cob-verde-5m\/","title":{"rendered":"Tira LED COB &#8211; Verde &#8211; 5m"},"content":{"rendered":"<p><strong>Tira LED COB &#8211; 5m<\/strong><\/p>\n<p><strong>Tipo de LED:<\/strong> COB<\/p>\n<p><strong>N\u00famero de LED:<\/strong> 480<\/p>\n<p><strong>Tensi\u00f3n:<\/strong> 12 <strong>V<\/strong> <\/p>\n<p><strong>Potencia:<\/strong> 11 W por metro<\/p>\n<p><strong>Protecci\u00f3n:<\/strong> IP20<\/p>\n<p><strong>Anchura:<\/strong> 8 mm<\/p>\n<p><strong>Color:<\/strong> Verde<\/p>\n","protected":false},"excerpt":{"rendered":"<p>Tira LED COB &#8211; Verde &#8211; 5m<\/p>\n","protected":false},"featured_media":10429,"comment_status":"open","ping_status":"closed","template":"","meta":[],"product_brand":[],"product_cat":[1285,1286],"product_tag":[1627,1149,1367],"class_list":{"0":"post-10428","1":"product","2":"type-product","3":"status-publish","4":"has-post-thumbnail","6":"product_cat-tira-de-led","7":"product_cat-tiras-cob","8":"product_tag-11w-m","9":"product_tag-certificacion-ip20","10":"product_tag-color-verde","12":"first","13":"instock","14":"taxable","15":"shipping-taxable","16":"purchasable","17":"product-type-simple"},"yoast_head":"<!-- This site is optimized with the Yoast SEO plugin v27.3 - https:\/\/yoast.com\/product\/yoast-seo-wordpress\/ -->\n<title>Tira LED COB - Verde - 5m - Easyledstore<\/title>\n<meta name=\"description\" content=\"Tira de LED COB - N\u00famero de LED: 480 Tensi\u00f3n: 12V Potencia: 11W por metro Protecci\u00f3n: IP20 Anchura: 8mm Color: Verde - Disponible\" \/>\n<meta name=\"robots\" content=\"index, follow, max-snippet:-1, max-image-preview:large, max-video-preview:-1\" \/>\n<link rel=\"canonical\" href=\"https:\/\/www.easyledstore.it\/es\/producto\/tira-led-cob-verde-5m\/\" \/>\n<meta property=\"og:locale\" content=\"es_ES\" \/>\n<meta property=\"og:type\" content=\"article\" \/>\n<meta property=\"og:title\" content=\"Tira LED COB - Verde - 5m - Easyledstore\" \/>\n<meta property=\"og:description\" content=\"Tira de LED COB - N\u00famero de LED: 480 Tensi\u00f3n: 12V Potencia: 11W por metro Protecci\u00f3n: IP20 Anchura: 8mm Color: Verde - Disponible\" \/>\n<meta property=\"og:url\" content=\"https:\/\/www.easyledstore.it\/es\/producto\/tira-led-cob-verde-5m\/\" \/>\n<meta property=\"og:site_name\" content=\"Easyledstore\" \/>\n<meta property=\"article:publisher\" content=\"https:\/\/www.facebook.com\/easyledstore\" \/>\n<meta property=\"article:modified_time\" content=\"2026-01-19T11:46:23+00:00\" \/>\n<meta property=\"og:image\" content=\"https:\/\/www.easyledstore.it\/wp-content\/uploads\/2024\/05\/SCOB-11W-G.jpg\" \/>\n\t<meta property=\"og:image:width\" content=\"800\" \/>\n\t<meta property=\"og:image:height\" content=\"800\" \/>\n\t<meta property=\"og:image:type\" content=\"image\/jpeg\" \/>\n<meta name=\"twitter:card\" content=\"summary_large_image\" \/>\n<!-- \/ Yoast SEO plugin. -->","yoast_head_json":{"title":"Tira LED COB - Verde - 5m - Easyledstore","description":"Tira de LED COB - N\u00famero de LED: 480 Tensi\u00f3n: 12V Potencia: 11W por metro Protecci\u00f3n: IP20 Anchura: 8mm Color: Verde - Disponible","robots":{"index":"index","follow":"follow","max-snippet":"max-snippet:-1","max-image-preview":"max-image-preview:large","max-video-preview":"max-video-preview:-1"},"canonical":"https:\/\/www.easyledstore.it\/es\/producto\/tira-led-cob-verde-5m\/","og_locale":"es_ES","og_type":"article","og_title":"Tira LED COB - Verde - 5m - Easyledstore","og_description":"Tira de LED COB - N\u00famero de LED: 480 Tensi\u00f3n: 12V Potencia: 11W por metro Protecci\u00f3n: IP20 Anchura: 8mm Color: Verde - Disponible","og_url":"https:\/\/www.easyledstore.it\/es\/producto\/tira-led-cob-verde-5m\/","og_site_name":"Easyledstore","article_publisher":"https:\/\/www.facebook.com\/easyledstore","article_modified_time":"2026-01-19T11:46:23+00:00","og_image":[{"width":800,"height":800,"url":"https:\/\/www.easyledstore.it\/wp-content\/uploads\/2024\/05\/SCOB-11W-G.jpg","type":"image\/jpeg"}],"twitter_card":"summary_large_image","schema":{"@context":"https:\/\/schema.org","@graph":[{"@type":"WebPage","@id":"https:\/\/www.easyledstore.it\/es\/producto\/tira-led-cob-verde-5m\/","url":"https:\/\/www.easyledstore.it\/es\/producto\/tira-led-cob-verde-5m\/","name":"Tira LED COB - Verde - 5m - Easyledstore","isPartOf":{"@id":"https:\/\/www.easyledstore.it\/es\/#website"},"primaryImageOfPage":{"@id":"https:\/\/www.easyledstore.it\/es\/producto\/tira-led-cob-verde-5m\/#primaryimage"},"image":{"@id":"https:\/\/www.easyledstore.it\/es\/producto\/tira-led-cob-verde-5m\/#primaryimage"},"thumbnailUrl":"https:\/\/www.easyledstore.it\/wp-content\/uploads\/2024\/05\/SCOB-11W-G.jpg","datePublished":"2024-05-10T09:06:28+00:00","dateModified":"2026-01-19T11:46:23+00:00","description":"Tira de LED COB - N\u00famero de LED: 480 Tensi\u00f3n: 12V Potencia: 11W por metro Protecci\u00f3n: IP20 Anchura: 8mm Color: Verde - Disponible","breadcrumb":{"@id":"https:\/\/www.easyledstore.it\/es\/producto\/tira-led-cob-verde-5m\/#breadcrumb"},"inLanguage":"es","potentialAction":[{"@type":"ReadAction","target":["https:\/\/www.easyledstore.it\/es\/producto\/tira-led-cob-verde-5m\/"]}]},{"@type":"ImageObject","inLanguage":"es","@id":"https:\/\/www.easyledstore.it\/es\/producto\/tira-led-cob-verde-5m\/#primaryimage","url":"https:\/\/www.easyledstore.it\/wp-content\/uploads\/2024\/05\/SCOB-11W-G.jpg","contentUrl":"https:\/\/www.easyledstore.it\/wp-content\/uploads\/2024\/05\/SCOB-11W-G.jpg","width":800,"height":800,"caption":"Striscia LED COB Verde"},{"@type":"BreadcrumbList","@id":"https:\/\/www.easyledstore.it\/es\/producto\/tira-led-cob-verde-5m\/#breadcrumb","itemListElement":[{"@type":"ListItem","position":1,"name":"Home","item":"https:\/\/www.easyledstore.it\/es\/modulos-de-senalizacion-led\/"},{"@type":"ListItem","position":2,"name":"Tienda IT","item":"https:\/\/www.easyledstore.it\/es\/tienda\/"},{"@type":"ListItem","position":3,"name":"Tira LED COB &#8211; Verde &#8211; 5m"}]},{"@type":"WebSite","@id":"https:\/\/www.easyledstore.it\/es\/#website","url":"https:\/\/www.easyledstore.it\/es\/","name":"Easyledstore","description":"Alimentatori e Moduli LED per Insegne Luminose","publisher":{"@id":"https:\/\/www.easyledstore.it\/es\/#organization"},"potentialAction":[{"@type":"SearchAction","target":{"@type":"EntryPoint","urlTemplate":"https:\/\/www.easyledstore.it\/es\/?s={search_term_string}"},"query-input":{"@type":"PropertyValueSpecification","valueRequired":true,"valueName":"search_term_string"}}],"inLanguage":"es"},{"@type":"Organization","@id":"https:\/\/www.easyledstore.it\/es\/#organization","name":"LTC Lighting Trading Company srls","url":"https:\/\/www.easyledstore.it\/es\/","logo":{"@type":"ImageObject","inLanguage":"es","@id":"https:\/\/www.easyledstore.it\/es\/#\/schema\/logo\/image\/","url":"https:\/\/www.easyledstore.it\/wp-content\/uploads\/2018\/03\/Landscape-FullColor-2000.png","contentUrl":"https:\/\/www.easyledstore.it\/wp-content\/uploads\/2018\/03\/Landscape-FullColor-2000.png","width":2000,"height":641,"caption":"LTC Lighting Trading Company srls"},"image":{"@id":"https:\/\/www.easyledstore.it\/es\/#\/schema\/logo\/image\/"},"sameAs":["https:\/\/www.facebook.com\/easyledstore"]}]}},"_links":{"self":[{"href":"https:\/\/www.easyledstore.it\/es\/wp-json\/wp\/v2\/product\/10428","targetHints":{"allow":["GET"]}}],"collection":[{"href":"https:\/\/www.easyledstore.it\/es\/wp-json\/wp\/v2\/product"}],"about":[{"href":"https:\/\/www.easyledstore.it\/es\/wp-json\/wp\/v2\/types\/product"}],"replies":[{"embeddable":true,"href":"https:\/\/www.easyledstore.it\/es\/wp-json\/wp\/v2\/comments?post=10428"}],"wp:featuredmedia":[{"embeddable":true,"href":"https:\/\/www.easyledstore.it\/es\/wp-json\/wp\/v2\/media\/10429"}],"wp:attachment":[{"href":"https:\/\/www.easyledstore.it\/es\/wp-json\/wp\/v2\/media?parent=10428"}],"wp:term":[{"taxonomy":"product_brand","embeddable":true,"href":"https:\/\/www.easyledstore.it\/es\/wp-json\/wp\/v2\/product_brand?post=10428"},{"taxonomy":"product_cat","embeddable":true,"href":"https:\/\/www.easyledstore.it\/es\/wp-json\/wp\/v2\/product_cat?post=10428"},{"taxonomy":"product_tag","embeddable":true,"href":"https:\/\/www.easyledstore.it\/es\/wp-json\/wp\/v2\/product_tag?post=10428"}],"curies":[{"name":"wp","href":"https:\/\/api.w.org\/{rel}","templated":true}]}}