{"id":10407,"date":"2024-05-10T11:06:27","date_gmt":"2024-05-10T09:06:27","guid":{"rendered":"https:\/\/www.easyledstore.it\/prodotto\/tira-led-cob-rgb-blanco-frio-5m\/"},"modified":"2026-03-23T10:20:23","modified_gmt":"2026-03-23T09:20:23","slug":"tira-led-cob-rgb-blanco-frio-5m","status":"publish","type":"product","link":"https:\/\/www.easyledstore.it\/es\/producto\/tira-led-cob-rgb-blanco-frio-5m\/","title":{"rendered":"Tira LED COB &#8211; RGB + Blanco Fr\u00edo &#8211; 5m"},"content":{"rendered":"<p><strong>Tira de LED COB RGB + Blanco Fr\u00edo &#8211; 5m<\/strong><\/p>\n<p><strong>Tipo de LED:<\/strong> COB<\/p>\n<p><strong>N\u00famero de LED:<\/strong> 784<\/p>\n<p><strong>Tensi\u00f3n:<\/strong> 24 V<\/p>\n<p><strong>Potencia:<\/strong> 19 W por metro<\/p>\n<p><strong>Protecci\u00f3n:<\/strong> IP20<\/p>\n<p><strong>Anchura:<\/strong> 12 mm<\/p>\n<p><strong>Color:<\/strong> RGB y Blanco Fr\u00edo 6500K<\/p>\n","protected":false},"excerpt":{"rendered":"<p>Tira LED COB &#8211; RGB Magic Programable &#8211; 5m<\/p>\n","protected":false},"featured_media":9643,"comment_status":"open","ping_status":"closed","template":"","meta":[],"product_brand":[],"product_cat":[1285,1286],"product_tag":[1635,1213,1466,1239,1149,1150,1287],"class_list":{"0":"post-10407","1":"product","2":"type-product","3":"status-publish","4":"has-post-thumbnail","6":"product_cat-tira-de-led","7":"product_cat-tiras-cob","8":"product_tag-19w-m","9":"product_tag-24v","10":"product_tag-6500k","11":"product_tag-blanco-frio","12":"product_tag-certificacion-ip20","13":"product_tag-leds-de-colores","14":"product_tag-rgb","16":"first","17":"onbackorder","18":"taxable","19":"shipping-taxable","20":"purchasable","21":"product-type-simple"},"yoast_head":"<!-- This site is optimized with the Yoast SEO plugin v27.3 - https:\/\/yoast.com\/product\/yoast-seo-wordpress\/ -->\n<title>Tira LED COB - RGB + Blanco Fr\u00edo - 5m - Easyledstore<\/title>\n<meta name=\"description\" content=\"Tira de LED COB - RGB + Blanco Fr\u00edo - N\u00famero de LED: 784 Tensi\u00f3n: 24V Potencia: 19W por metro Protecci\u00f3n: IP20 Anchura: 12 mm - disponible\" \/>\n<meta name=\"robots\" content=\"index, follow, max-snippet:-1, max-image-preview:large, max-video-preview:-1\" \/>\n<link rel=\"canonical\" href=\"https:\/\/www.easyledstore.it\/es\/producto\/tira-led-cob-rgb-blanco-frio-5m\/\" \/>\n<meta property=\"og:locale\" content=\"es_ES\" \/>\n<meta property=\"og:type\" content=\"article\" \/>\n<meta property=\"og:title\" content=\"Tira LED COB - RGB + Blanco Fr\u00edo - 5m - Easyledstore\" \/>\n<meta property=\"og:description\" content=\"Tira de LED COB - RGB + Blanco Fr\u00edo - N\u00famero de LED: 784 Tensi\u00f3n: 24V Potencia: 19W por metro Protecci\u00f3n: IP20 Anchura: 12 mm - disponible\" \/>\n<meta property=\"og:url\" content=\"https:\/\/www.easyledstore.it\/es\/producto\/tira-led-cob-rgb-blanco-frio-5m\/\" \/>\n<meta property=\"og:site_name\" content=\"Easyledstore\" \/>\n<meta property=\"article:publisher\" content=\"https:\/\/www.facebook.com\/easyledstore\" \/>\n<meta property=\"article:modified_time\" content=\"2026-03-23T09:20:23+00:00\" \/>\n<meta property=\"og:image\" content=\"https:\/\/www.easyledstore.it\/wp-content\/uploads\/2024\/05\/SCOB-19W-RGBW.jpg\" \/>\n\t<meta property=\"og:image:width\" content=\"800\" \/>\n\t<meta property=\"og:image:height\" content=\"800\" \/>\n\t<meta property=\"og:image:type\" content=\"image\/jpeg\" \/>\n<meta name=\"twitter:card\" content=\"summary_large_image\" \/>\n<!-- \/ Yoast SEO plugin. -->","yoast_head_json":{"title":"Tira LED COB - RGB + Blanco Fr\u00edo - 5m - Easyledstore","description":"Tira de LED COB - RGB + Blanco Fr\u00edo - N\u00famero de LED: 784 Tensi\u00f3n: 24V Potencia: 19W por metro Protecci\u00f3n: IP20 Anchura: 12 mm - disponible","robots":{"index":"index","follow":"follow","max-snippet":"max-snippet:-1","max-image-preview":"max-image-preview:large","max-video-preview":"max-video-preview:-1"},"canonical":"https:\/\/www.easyledstore.it\/es\/producto\/tira-led-cob-rgb-blanco-frio-5m\/","og_locale":"es_ES","og_type":"article","og_title":"Tira LED COB - RGB + Blanco Fr\u00edo - 5m - Easyledstore","og_description":"Tira de LED COB - RGB + Blanco Fr\u00edo - N\u00famero de LED: 784 Tensi\u00f3n: 24V Potencia: 19W por metro Protecci\u00f3n: IP20 Anchura: 12 mm - disponible","og_url":"https:\/\/www.easyledstore.it\/es\/producto\/tira-led-cob-rgb-blanco-frio-5m\/","og_site_name":"Easyledstore","article_publisher":"https:\/\/www.facebook.com\/easyledstore","article_modified_time":"2026-03-23T09:20:23+00:00","og_image":[{"width":800,"height":800,"url":"https:\/\/www.easyledstore.it\/wp-content\/uploads\/2024\/05\/SCOB-19W-RGBW.jpg","type":"image\/jpeg"}],"twitter_card":"summary_large_image","schema":{"@context":"https:\/\/schema.org","@graph":[{"@type":"WebPage","@id":"https:\/\/www.easyledstore.it\/es\/producto\/tira-led-cob-rgb-blanco-frio-5m\/","url":"https:\/\/www.easyledstore.it\/es\/producto\/tira-led-cob-rgb-blanco-frio-5m\/","name":"Tira LED COB - RGB + Blanco Fr\u00edo - 5m - Easyledstore","isPartOf":{"@id":"https:\/\/www.easyledstore.it\/es\/#website"},"primaryImageOfPage":{"@id":"https:\/\/www.easyledstore.it\/es\/producto\/tira-led-cob-rgb-blanco-frio-5m\/#primaryimage"},"image":{"@id":"https:\/\/www.easyledstore.it\/es\/producto\/tira-led-cob-rgb-blanco-frio-5m\/#primaryimage"},"thumbnailUrl":"https:\/\/www.easyledstore.it\/wp-content\/uploads\/2024\/05\/SCOB-19W-RGBW.jpg","datePublished":"2024-05-10T09:06:27+00:00","dateModified":"2026-03-23T09:20:23+00:00","description":"Tira de LED COB - RGB + Blanco Fr\u00edo - N\u00famero de LED: 784 Tensi\u00f3n: 24V Potencia: 19W por metro Protecci\u00f3n: IP20 Anchura: 12 mm - disponible","breadcrumb":{"@id":"https:\/\/www.easyledstore.it\/es\/producto\/tira-led-cob-rgb-blanco-frio-5m\/#breadcrumb"},"inLanguage":"es","potentialAction":[{"@type":"ReadAction","target":["https:\/\/www.easyledstore.it\/es\/producto\/tira-led-cob-rgb-blanco-frio-5m\/"]}]},{"@type":"ImageObject","inLanguage":"es","@id":"https:\/\/www.easyledstore.it\/es\/producto\/tira-led-cob-rgb-blanco-frio-5m\/#primaryimage","url":"https:\/\/www.easyledstore.it\/wp-content\/uploads\/2024\/05\/SCOB-19W-RGBW.jpg","contentUrl":"https:\/\/www.easyledstore.it\/wp-content\/uploads\/2024\/05\/SCOB-19W-RGBW.jpg","width":800,"height":800,"caption":"Tira de LED COB - RGB + Blanco Fr\u00edo"},{"@type":"BreadcrumbList","@id":"https:\/\/www.easyledstore.it\/es\/producto\/tira-led-cob-rgb-blanco-frio-5m\/#breadcrumb","itemListElement":[{"@type":"ListItem","position":1,"name":"Home","item":"https:\/\/www.easyledstore.it\/es\/modulos-de-senalizacion-led\/"},{"@type":"ListItem","position":2,"name":"Tienda IT","item":"https:\/\/www.easyledstore.it\/es\/tienda\/"},{"@type":"ListItem","position":3,"name":"Tira LED COB &#8211; RGB + Blanco Fr\u00edo &#8211; 5m"}]},{"@type":"WebSite","@id":"https:\/\/www.easyledstore.it\/es\/#website","url":"https:\/\/www.easyledstore.it\/es\/","name":"Easyledstore","description":"Alimentatori e Moduli LED per Insegne Luminose","publisher":{"@id":"https:\/\/www.easyledstore.it\/es\/#organization"},"potentialAction":[{"@type":"SearchAction","target":{"@type":"EntryPoint","urlTemplate":"https:\/\/www.easyledstore.it\/es\/?s={search_term_string}"},"query-input":{"@type":"PropertyValueSpecification","valueRequired":true,"valueName":"search_term_string"}}],"inLanguage":"es"},{"@type":"Organization","@id":"https:\/\/www.easyledstore.it\/es\/#organization","name":"LTC Lighting Trading Company srls","url":"https:\/\/www.easyledstore.it\/es\/","logo":{"@type":"ImageObject","inLanguage":"es","@id":"https:\/\/www.easyledstore.it\/es\/#\/schema\/logo\/image\/","url":"https:\/\/www.easyledstore.it\/wp-content\/uploads\/2018\/03\/Landscape-FullColor-2000.png","contentUrl":"https:\/\/www.easyledstore.it\/wp-content\/uploads\/2018\/03\/Landscape-FullColor-2000.png","width":2000,"height":641,"caption":"LTC Lighting Trading Company srls"},"image":{"@id":"https:\/\/www.easyledstore.it\/es\/#\/schema\/logo\/image\/"},"sameAs":["https:\/\/www.facebook.com\/easyledstore"]}]}},"_links":{"self":[{"href":"https:\/\/www.easyledstore.it\/es\/wp-json\/wp\/v2\/product\/10407","targetHints":{"allow":["GET"]}}],"collection":[{"href":"https:\/\/www.easyledstore.it\/es\/wp-json\/wp\/v2\/product"}],"about":[{"href":"https:\/\/www.easyledstore.it\/es\/wp-json\/wp\/v2\/types\/product"}],"replies":[{"embeddable":true,"href":"https:\/\/www.easyledstore.it\/es\/wp-json\/wp\/v2\/comments?post=10407"}],"wp:featuredmedia":[{"embeddable":true,"href":"https:\/\/www.easyledstore.it\/es\/wp-json\/wp\/v2\/media\/9643"}],"wp:attachment":[{"href":"https:\/\/www.easyledstore.it\/es\/wp-json\/wp\/v2\/media?parent=10407"}],"wp:term":[{"taxonomy":"product_brand","embeddable":true,"href":"https:\/\/www.easyledstore.it\/es\/wp-json\/wp\/v2\/product_brand?post=10407"},{"taxonomy":"product_cat","embeddable":true,"href":"https:\/\/www.easyledstore.it\/es\/wp-json\/wp\/v2\/product_cat?post=10407"},{"taxonomy":"product_tag","embeddable":true,"href":"https:\/\/www.easyledstore.it\/es\/wp-json\/wp\/v2\/product_tag?post=10407"}],"curies":[{"name":"wp","href":"https:\/\/api.w.org\/{rel}","templated":true}]}}