{"id":10391,"date":"2024-05-10T10:12:15","date_gmt":"2024-05-10T08:12:15","guid":{"rendered":"https:\/\/www.easyledstore.it\/prodotto\/hilos-para-soldar-led-neon-split-15cm\/"},"modified":"2026-01-19T12:44:56","modified_gmt":"2026-01-19T11:44:56","slug":"hilos-para-soldar-led-neon-split-15cm","status":"publish","type":"product","link":"https:\/\/www.easyledstore.it\/es\/producto\/hilos-para-soldar-led-neon-split-15cm\/","title":{"rendered":"Hilos para soldar LED ne\u00f3n SPLIT &#8211; 15cm"},"content":{"rendered":"<p>Paquete de 1000 hilos de soldadura de 15 cm para conectar las distintas partes de las letras creadas con LEDs de ne\u00f3n SPLIT<\/p>\n<p><img loading=\"lazy\" decoding=\"async\" class=\"alignnone wp-image-4207 size-full\" src=\"https:\/\/www.easyledstore.it\/wp-content\/uploads\/2024\/05\/fili-saldatura-split.jpg\" alt=\"\" width=\"640\" height=\"256\" srcset=\"https:\/\/www.easyledstore.it\/wp-content\/uploads\/2024\/05\/fili-saldatura-split.jpg 640w, https:\/\/www.easyledstore.it\/wp-content\/uploads\/2024\/05\/fili-saldatura-split-480x192.jpg 480w\" sizes=\"(min-width: 0px) and (max-width: 480px) 480px, (min-width: 481px) 640px, 100vw\" \/><\/p>\n<p>&nbsp;<\/p>\n","protected":false},"excerpt":{"rendered":"<p>Hilos para soldar 1000 LED de ne\u00f3n SPLIT &#8211; longitud: 15cm<\/p>\n","protected":false},"featured_media":9651,"comment_status":"open","ping_status":"closed","template":"","meta":[],"product_brand":[],"product_cat":[1206,1289],"product_tag":[1208,1210,1212,1209],"class_list":{"0":"post-10391","1":"product","2":"type-product","3":"status-publish","4":"has-post-thumbnail","6":"product_cat-accesorios","7":"product_cat-accesorios-flex-neon-split","8":"product_tag-accesorios","9":"product_tag-accesorios-de-senalizacion","10":"product_tag-herramientas-profesores","11":"product_tag-led-neon-split","13":"first","14":"instock","15":"taxable","16":"shipping-taxable","17":"purchasable","18":"product-type-simple"},"yoast_head":"<!-- This site is optimized with the Yoast SEO plugin v27.3 - https:\/\/yoast.com\/product\/yoast-seo-wordpress\/ -->\n<title>Hilos para soldar LED ne\u00f3n SPLIT - 15cm - Easyledstore<\/title>\n<meta name=\"description\" content=\"Paquete de 1000 hilos de soldadura de 15 cm para ne\u00f3n LED SPLIT. Para conectar piezas de rotulaci\u00f3n creadas con ne\u00f3n LED SPLIT\" \/>\n<meta name=\"robots\" content=\"index, follow, max-snippet:-1, max-image-preview:large, max-video-preview:-1\" \/>\n<link rel=\"canonical\" href=\"https:\/\/www.easyledstore.it\/es\/producto\/hilos-para-soldar-led-neon-split-15cm\/\" \/>\n<meta property=\"og:locale\" content=\"es_ES\" \/>\n<meta property=\"og:type\" content=\"article\" \/>\n<meta property=\"og:title\" content=\"Hilos para soldar LED ne\u00f3n SPLIT - 15cm - Easyledstore\" \/>\n<meta property=\"og:description\" content=\"Paquete de 1000 hilos de soldadura de 15 cm para ne\u00f3n LED SPLIT. Para conectar piezas de rotulaci\u00f3n creadas con ne\u00f3n LED SPLIT\" \/>\n<meta property=\"og:url\" content=\"https:\/\/www.easyledstore.it\/es\/producto\/hilos-para-soldar-led-neon-split-15cm\/\" \/>\n<meta property=\"og:site_name\" content=\"Easyledstore\" \/>\n<meta property=\"article:publisher\" content=\"https:\/\/www.facebook.com\/easyledstore\" \/>\n<meta property=\"article:modified_time\" content=\"2026-01-19T11:44:56+00:00\" \/>\n<meta property=\"og:image\" content=\"https:\/\/www.easyledstore.it\/wp-content\/uploads\/2024\/05\/Fili-saldatura-led-split-neon.jpg\" \/>\n\t<meta property=\"og:image:width\" content=\"800\" \/>\n\t<meta property=\"og:image:height\" content=\"800\" \/>\n\t<meta property=\"og:image:type\" content=\"image\/jpeg\" \/>\n<meta name=\"twitter:card\" content=\"summary_large_image\" \/>\n<!-- \/ Yoast SEO plugin. -->","yoast_head_json":{"title":"Hilos para soldar LED ne\u00f3n SPLIT - 15cm - Easyledstore","description":"Paquete de 1000 hilos de soldadura de 15 cm para ne\u00f3n LED SPLIT. Para conectar piezas de rotulaci\u00f3n creadas con ne\u00f3n LED SPLIT","robots":{"index":"index","follow":"follow","max-snippet":"max-snippet:-1","max-image-preview":"max-image-preview:large","max-video-preview":"max-video-preview:-1"},"canonical":"https:\/\/www.easyledstore.it\/es\/producto\/hilos-para-soldar-led-neon-split-15cm\/","og_locale":"es_ES","og_type":"article","og_title":"Hilos para soldar LED ne\u00f3n SPLIT - 15cm - Easyledstore","og_description":"Paquete de 1000 hilos de soldadura de 15 cm para ne\u00f3n LED SPLIT. Para conectar piezas de rotulaci\u00f3n creadas con ne\u00f3n LED SPLIT","og_url":"https:\/\/www.easyledstore.it\/es\/producto\/hilos-para-soldar-led-neon-split-15cm\/","og_site_name":"Easyledstore","article_publisher":"https:\/\/www.facebook.com\/easyledstore","article_modified_time":"2026-01-19T11:44:56+00:00","og_image":[{"width":800,"height":800,"url":"https:\/\/www.easyledstore.it\/wp-content\/uploads\/2024\/05\/Fili-saldatura-led-split-neon.jpg","type":"image\/jpeg"}],"twitter_card":"summary_large_image","schema":{"@context":"https:\/\/schema.org","@graph":[{"@type":"WebPage","@id":"https:\/\/www.easyledstore.it\/es\/producto\/hilos-para-soldar-led-neon-split-15cm\/","url":"https:\/\/www.easyledstore.it\/es\/producto\/hilos-para-soldar-led-neon-split-15cm\/","name":"Hilos para soldar LED ne\u00f3n SPLIT - 15cm - Easyledstore","isPartOf":{"@id":"https:\/\/www.easyledstore.it\/es\/#website"},"primaryImageOfPage":{"@id":"https:\/\/www.easyledstore.it\/es\/producto\/hilos-para-soldar-led-neon-split-15cm\/#primaryimage"},"image":{"@id":"https:\/\/www.easyledstore.it\/es\/producto\/hilos-para-soldar-led-neon-split-15cm\/#primaryimage"},"thumbnailUrl":"https:\/\/www.easyledstore.it\/wp-content\/uploads\/2024\/05\/Fili-saldatura-led-split-neon.jpg","datePublished":"2024-05-10T08:12:15+00:00","dateModified":"2026-01-19T11:44:56+00:00","description":"Paquete de 1000 hilos de soldadura de 15 cm para ne\u00f3n LED SPLIT. Para conectar piezas de rotulaci\u00f3n creadas con ne\u00f3n LED SPLIT","breadcrumb":{"@id":"https:\/\/www.easyledstore.it\/es\/producto\/hilos-para-soldar-led-neon-split-15cm\/#breadcrumb"},"inLanguage":"es","potentialAction":[{"@type":"ReadAction","target":["https:\/\/www.easyledstore.it\/es\/producto\/hilos-para-soldar-led-neon-split-15cm\/"]}]},{"@type":"ImageObject","inLanguage":"es","@id":"https:\/\/www.easyledstore.it\/es\/producto\/hilos-para-soldar-led-neon-split-15cm\/#primaryimage","url":"https:\/\/www.easyledstore.it\/wp-content\/uploads\/2024\/05\/Fili-saldatura-led-split-neon.jpg","contentUrl":"https:\/\/www.easyledstore.it\/wp-content\/uploads\/2024\/05\/Fili-saldatura-led-split-neon.jpg","width":800,"height":800},{"@type":"BreadcrumbList","@id":"https:\/\/www.easyledstore.it\/es\/producto\/hilos-para-soldar-led-neon-split-15cm\/#breadcrumb","itemListElement":[{"@type":"ListItem","position":1,"name":"Home","item":"https:\/\/www.easyledstore.it\/es\/modulos-de-senalizacion-led\/"},{"@type":"ListItem","position":2,"name":"Tienda IT","item":"https:\/\/www.easyledstore.it\/es\/tienda\/"},{"@type":"ListItem","position":3,"name":"Hilos para soldar LED ne\u00f3n SPLIT &#8211; 15cm"}]},{"@type":"WebSite","@id":"https:\/\/www.easyledstore.it\/es\/#website","url":"https:\/\/www.easyledstore.it\/es\/","name":"Easyledstore","description":"Alimentatori e Moduli LED per Insegne Luminose","publisher":{"@id":"https:\/\/www.easyledstore.it\/es\/#organization"},"potentialAction":[{"@type":"SearchAction","target":{"@type":"EntryPoint","urlTemplate":"https:\/\/www.easyledstore.it\/es\/?s={search_term_string}"},"query-input":{"@type":"PropertyValueSpecification","valueRequired":true,"valueName":"search_term_string"}}],"inLanguage":"es"},{"@type":"Organization","@id":"https:\/\/www.easyledstore.it\/es\/#organization","name":"LTC Lighting Trading Company srls","url":"https:\/\/www.easyledstore.it\/es\/","logo":{"@type":"ImageObject","inLanguage":"es","@id":"https:\/\/www.easyledstore.it\/es\/#\/schema\/logo\/image\/","url":"https:\/\/www.easyledstore.it\/wp-content\/uploads\/2018\/03\/Landscape-FullColor-2000.png","contentUrl":"https:\/\/www.easyledstore.it\/wp-content\/uploads\/2018\/03\/Landscape-FullColor-2000.png","width":2000,"height":641,"caption":"LTC Lighting Trading Company srls"},"image":{"@id":"https:\/\/www.easyledstore.it\/es\/#\/schema\/logo\/image\/"},"sameAs":["https:\/\/www.facebook.com\/easyledstore"]}]}},"_links":{"self":[{"href":"https:\/\/www.easyledstore.it\/es\/wp-json\/wp\/v2\/product\/10391","targetHints":{"allow":["GET"]}}],"collection":[{"href":"https:\/\/www.easyledstore.it\/es\/wp-json\/wp\/v2\/product"}],"about":[{"href":"https:\/\/www.easyledstore.it\/es\/wp-json\/wp\/v2\/types\/product"}],"replies":[{"embeddable":true,"href":"https:\/\/www.easyledstore.it\/es\/wp-json\/wp\/v2\/comments?post=10391"}],"wp:featuredmedia":[{"embeddable":true,"href":"https:\/\/www.easyledstore.it\/es\/wp-json\/wp\/v2\/media\/9651"}],"wp:attachment":[{"href":"https:\/\/www.easyledstore.it\/es\/wp-json\/wp\/v2\/media?parent=10391"}],"wp:term":[{"taxonomy":"product_brand","embeddable":true,"href":"https:\/\/www.easyledstore.it\/es\/wp-json\/wp\/v2\/product_brand?post=10391"},{"taxonomy":"product_cat","embeddable":true,"href":"https:\/\/www.easyledstore.it\/es\/wp-json\/wp\/v2\/product_cat?post=10391"},{"taxonomy":"product_tag","embeddable":true,"href":"https:\/\/www.easyledstore.it\/es\/wp-json\/wp\/v2\/product_tag?post=10391"}],"curies":[{"name":"wp","href":"https:\/\/api.w.org\/{rel}","templated":true}]}}