{"id":10178,"date":"2024-06-20T09:31:04","date_gmt":"2024-06-20T07:31:04","guid":{"rendered":"https:\/\/www.easyledstore.it\/prodotto\/modulo-led-supersonic-24v-160lm\/"},"modified":"2026-03-23T10:10:54","modified_gmt":"2026-03-23T09:10:54","slug":"modulo-led-supersonic-24v-160lm","status":"publish","type":"product","link":"https:\/\/www.easyledstore.it\/es\/producto\/modulo-led-supersonic-24v-160lm\/","title":{"rendered":"M\u00f3dulo LED SuperSonic 24V &#8211; 160lm"},"content":{"rendered":"<p><strong>M\u00f3dulo LED 24V alta eficiencia 160lm &#8211; Perfecto para grandes r\u00f3tulos<\/strong><\/p>\n<p>Con una extraordinaria potencia luminosa de <strong>160 lm\/W<\/strong> y una luz <strong>blanca fr\u00eda (6500K)<\/strong>, este m\u00f3dulo LED es ideal para proyectos de iluminaci\u00f3n que requieran gran eficacia, fiabilidad y uniformidad. El dise\u00f1o con <strong>3 LED por m\u00f3dulo<\/strong> garantiza una difusi\u00f3n \u00f3ptima de la luz, incluso en r\u00f3tulos grandes. <\/p>\n<h2><strong>Caracter\u00edsticas principales<\/strong><\/h2>\n<p><strong>Eficacia excepcional: <\/strong>Un m\u00f3dulo LED que ofrece m\u00e1s de <strong>160 lm\/W<\/strong>, reduciendo el consumo de energ\u00eda y maximizando el rendimiento.<\/p>\n<p><strong>\u00d3ptica de 175\u00b0: <\/strong>Garantiza una iluminaci\u00f3n uniforme, perfecta para letras de caj\u00f3n y cajas de luz con una profundidad <strong>de 5 a 25 cm.<\/strong><\/p>\n<p><strong>Protecci\u00f3n IP68: <\/strong>Dise\u00f1ado para resistir el polvo, el agua y las condiciones clim\u00e1ticas adversas, lo que garantiza la fiabilidad en entornos exteriores.<\/p>\n<p><strong>Certificaciones de calidad: <\/strong>Probado seg\u00fan las normas <strong>LM80<\/strong> y <strong>con certificaci\u00f3n CE<\/strong>, garantizando seguridad y durabilidad.<\/p>\n<p><strong>Dise\u00f1ado para durar: <\/strong>Funciona en un amplio rango de temperaturas, de <strong>-40\u00b0C a +60\u00b0C<\/strong>, para afrontar cualquier reto medioambiental.<\/p>\n<h2><strong>Especificaciones t\u00e9cnicas<\/strong><\/h2>\n<ul>\n<li><strong>\u00c1ngulo del haz<\/strong>: 175<\/li>\n<li><strong>Tensi\u00f3n de funcionamiento<\/strong>: DC 24V<\/li>\n<li><strong>Consumo<\/strong>: 0,72 W por m\u00f3dulo<\/li>\n<li><strong>Eficacia luminosa<\/strong>: 160 lm\/W (Blanco fr\u00edo)<\/li>\n<li><strong>Temperatura de color<\/strong>: 6500K<\/li>\n<li><strong>Temperatura de funcionamiento<\/strong>: de -40\u00b0C a +60\u00b0C<\/li>\n<li><strong>Temperatura de almacenamiento<\/strong>: -40\u00b0C a -70\u00b0C<\/li>\n<li><strong>Cascada<\/strong>: Conexi\u00f3n en serie de hasta <strong>50 m\u00f3dulos<\/strong> con alimentaci\u00f3n de 24 V CC.<\/li>\n<\/ul>\n<h2><strong>Carga m\u00e1xima recomendada de <a href=\"https:\/\/www.easyledstore.it\/es\/categoria-producto\/fuentes-de-alimentacion\/\">la fuente de alimentaci\u00f3n<\/a> <\/strong><\/h2>\n<ul>\n<li>Fuente de alimentaci\u00f3n <strong>de 60 W<\/strong>: admite hasta <strong>60 m\u00f3dulos<\/strong>.<\/li>\n<li>Fuente de alimentaci\u00f3n <strong>de 100 W<\/strong>: admite hasta <strong>100 m\u00f3dulos<\/strong>.<\/li>\n<li>Fuente de alimentaci\u00f3n <strong>de 150 W<\/strong>: admite hasta <strong>150 m\u00f3dulos<\/strong>.<\/li>\n<li>Fuente de alimentaci\u00f3n <strong>de 200 W<\/strong>: admite hasta <strong>200 m\u00f3dulos<\/strong>.<\/li>\n<\/ul>\n<h2><strong>Aplicaciones recomendadas del m\u00f3dulo LED 24V alta eficiencia 160lm<\/strong><\/h2>\n<ul>\n<li><strong>Letras de caja<\/strong>: Ideales para proyectos que requieren una gran uniformidad y un brillo intenso.<\/li>\n<li><strong>Cajas de luz<\/strong>: Perfectas para grandes r\u00f3tulos y aplicaciones publicitarias de alta visibilidad.<\/li>\n<li><strong>Instalaciones exteriores<\/strong>: resistentes y fiables incluso en entornos clim\u00e1ticos extremos.<\/li>\n<\/ul>\n<h2><strong>Ventajas<\/strong><\/h2>\n<p>Gracias a sus <strong>3 LED por m\u00f3dulo<\/strong>, este producto ofrece una cobertura luminosa m\u00e1s amplia y uniforme que los modelos est\u00e1ndar. Su alt\u00edsima eficacia lo hace ideal para los profesionales que buscan una soluci\u00f3n de vanguardia para aplicaciones comerciales y publicitarias de alta gama. <\/p>\n","protected":false},"excerpt":{"rendered":"<p>M\u00f3dulo LED <strong>de muy alta eficiencia 160 lm\/W<\/strong> &#8211; \u00a1Perfecto para grandes r\u00f3tulos!<\/p>\n<ul>\n<li>\u00c1ngulo del haz: 175<\/li>\n<li>Tensi\u00f3n de funcionamiento: DC 24V<\/li>\n<li>Consumo: 0,72 W por m\u00f3dulo<\/li>\n<li>Eficacia luminosa: 160 lm\/W (Blanco fr\u00edo)<\/li>\n<li>Temperatura de color: 6500K<\/li>\n<\/ul>\n","protected":false},"featured_media":10157,"comment_status":"open","ping_status":"closed","template":"","meta":[],"product_brand":[],"product_cat":[1237,1238],"product_tag":[1244,1345,1246,1571,1213,1344,1466,1239,1247,1241,1251,1252],"class_list":{"0":"post-10178","1":"product","2":"type-product","3":"status-publish","4":"has-post-thumbnail","6":"product_cat-modulos-led","7":"product_cat-modulos-led-para-una-cara-cajas-y-letras","8":"product_tag-1244","9":"product_tag-160-lumen","10":"product_tag-175-grados","11":"product_tag-1w","12":"product_tag-24v","13":"product_tag-3-led","14":"product_tag-6500k","15":"product_tag-blanco-frio","16":"product_tag-certificado-ip68","17":"product_tag-con-lente","18":"product_tag-leds-blancos","19":"product_tag-si","21":"first","22":"instock","23":"taxable","24":"shipping-taxable","25":"purchasable","26":"product-type-simple"},"yoast_head":"<!-- This site is optimized with the Yoast SEO plugin v27.3 - https:\/\/yoast.com\/product\/yoast-seo-wordpress\/ -->\n<title>M\u00f3dulo LED 24V alta eficiencia 160lm - Easyledstore%<\/title>\n<meta name=\"description\" content=\"M\u00f3dulo LED 24V de alta eficiencia 160lm para retroiluminaci\u00f3n, r\u00f3tulos, t\u00f3tems y mucho m\u00e1s.Potencia de 1W y tensi\u00f3n de 24V. Lente de 175\u00b0 y flujo luminoso de 160lm\" \/>\n<meta name=\"robots\" content=\"index, follow, max-snippet:-1, max-image-preview:large, max-video-preview:-1\" \/>\n<link rel=\"canonical\" href=\"https:\/\/www.easyledstore.it\/es\/producto\/modulo-led-supersonic-24v-160lm\/\" \/>\n<meta property=\"og:locale\" content=\"es_ES\" \/>\n<meta property=\"og:type\" content=\"article\" \/>\n<meta property=\"og:title\" content=\"M\u00f3dulo LED 24V alta eficiencia 160lm - Easyledstore%\" \/>\n<meta property=\"og:description\" content=\"M\u00f3dulo LED 24V de alta eficiencia 160lm para retroiluminaci\u00f3n, r\u00f3tulos, t\u00f3tems y mucho m\u00e1s.Potencia de 1W y tensi\u00f3n de 24V. Lente de 175\u00b0 y flujo luminoso de 160lm\" \/>\n<meta property=\"og:url\" content=\"https:\/\/www.easyledstore.it\/es\/producto\/modulo-led-supersonic-24v-160lm\/\" \/>\n<meta property=\"og:site_name\" content=\"Easyledstore\" \/>\n<meta property=\"article:publisher\" content=\"https:\/\/www.facebook.com\/easyledstore\" \/>\n<meta property=\"article:modified_time\" content=\"2026-03-23T09:10:54+00:00\" \/>\n<meta property=\"og:image\" content=\"https:\/\/www.easyledstore.it\/wp-content\/uploads\/2025\/12\/6700k-1.png\" \/>\n\t<meta property=\"og:image:width\" content=\"2000\" \/>\n\t<meta property=\"og:image:height\" content=\"2000\" \/>\n\t<meta property=\"og:image:type\" content=\"image\/png\" \/>\n<meta name=\"twitter:card\" content=\"summary_large_image\" \/>\n<meta name=\"twitter:label1\" content=\"Tiempo de lectura\" \/>\n\t<meta name=\"twitter:data1\" content=\"2 minuto\" \/>\n<!-- \/ Yoast SEO plugin. -->","yoast_head_json":{"title":"M\u00f3dulo LED 24V alta eficiencia 160lm - Easyledstore%","description":"M\u00f3dulo LED 24V de alta eficiencia 160lm para retroiluminaci\u00f3n, r\u00f3tulos, t\u00f3tems y mucho m\u00e1s.Potencia de 1W y tensi\u00f3n de 24V. Lente de 175\u00b0 y flujo luminoso de 160lm","robots":{"index":"index","follow":"follow","max-snippet":"max-snippet:-1","max-image-preview":"max-image-preview:large","max-video-preview":"max-video-preview:-1"},"canonical":"https:\/\/www.easyledstore.it\/es\/producto\/modulo-led-supersonic-24v-160lm\/","og_locale":"es_ES","og_type":"article","og_title":"M\u00f3dulo LED 24V alta eficiencia 160lm - Easyledstore%","og_description":"M\u00f3dulo LED 24V de alta eficiencia 160lm para retroiluminaci\u00f3n, r\u00f3tulos, t\u00f3tems y mucho m\u00e1s.Potencia de 1W y tensi\u00f3n de 24V. Lente de 175\u00b0 y flujo luminoso de 160lm","og_url":"https:\/\/www.easyledstore.it\/es\/producto\/modulo-led-supersonic-24v-160lm\/","og_site_name":"Easyledstore","article_publisher":"https:\/\/www.facebook.com\/easyledstore","article_modified_time":"2026-03-23T09:10:54+00:00","og_image":[{"width":2000,"height":2000,"url":"https:\/\/www.easyledstore.it\/wp-content\/uploads\/2025\/12\/6700k-1.png","type":"image\/png"}],"twitter_card":"summary_large_image","twitter_misc":{"Tiempo de lectura":"2 minuto"},"schema":{"@context":"https:\/\/schema.org","@graph":[{"@type":"WebPage","@id":"https:\/\/www.easyledstore.it\/es\/producto\/modulo-led-supersonic-24v-160lm\/","url":"https:\/\/www.easyledstore.it\/es\/producto\/modulo-led-supersonic-24v-160lm\/","name":"M\u00f3dulo LED 24V alta eficiencia 160lm - Easyledstore%","isPartOf":{"@id":"https:\/\/www.easyledstore.it\/es\/#website"},"primaryImageOfPage":{"@id":"https:\/\/www.easyledstore.it\/es\/producto\/modulo-led-supersonic-24v-160lm\/#primaryimage"},"image":{"@id":"https:\/\/www.easyledstore.it\/es\/producto\/modulo-led-supersonic-24v-160lm\/#primaryimage"},"thumbnailUrl":"https:\/\/www.easyledstore.it\/wp-content\/uploads\/2025\/12\/6700k-1.png","datePublished":"2024-06-20T07:31:04+00:00","dateModified":"2026-03-23T09:10:54+00:00","description":"M\u00f3dulo LED 24V de alta eficiencia 160lm para retroiluminaci\u00f3n, r\u00f3tulos, t\u00f3tems y mucho m\u00e1s.Potencia de 1W y tensi\u00f3n de 24V. Lente de 175\u00b0 y flujo luminoso de 160lm","breadcrumb":{"@id":"https:\/\/www.easyledstore.it\/es\/producto\/modulo-led-supersonic-24v-160lm\/#breadcrumb"},"inLanguage":"es","potentialAction":[{"@type":"ReadAction","target":["https:\/\/www.easyledstore.it\/es\/producto\/modulo-led-supersonic-24v-160lm\/"]}]},{"@type":"ImageObject","inLanguage":"es","@id":"https:\/\/www.easyledstore.it\/es\/producto\/modulo-led-supersonic-24v-160lm\/#primaryimage","url":"https:\/\/www.easyledstore.it\/wp-content\/uploads\/2025\/12\/6700k-1.png","contentUrl":"https:\/\/www.easyledstore.it\/wp-content\/uploads\/2025\/12\/6700k-1.png","width":2000,"height":2000,"caption":"m\u00f3dulo de 3 diodos 6700k"},{"@type":"BreadcrumbList","@id":"https:\/\/www.easyledstore.it\/es\/producto\/modulo-led-supersonic-24v-160lm\/#breadcrumb","itemListElement":[{"@type":"ListItem","position":1,"name":"Home","item":"https:\/\/www.easyledstore.it\/es\/modulos-de-senalizacion-led\/"},{"@type":"ListItem","position":2,"name":"Tienda IT","item":"https:\/\/www.easyledstore.it\/es\/tienda\/"},{"@type":"ListItem","position":3,"name":"M\u00f3dulo LED SuperSonic 24V &#8211; 160lm"}]},{"@type":"WebSite","@id":"https:\/\/www.easyledstore.it\/es\/#website","url":"https:\/\/www.easyledstore.it\/es\/","name":"Easyledstore","description":"Alimentatori e Moduli LED per Insegne Luminose","publisher":{"@id":"https:\/\/www.easyledstore.it\/es\/#organization"},"potentialAction":[{"@type":"SearchAction","target":{"@type":"EntryPoint","urlTemplate":"https:\/\/www.easyledstore.it\/es\/?s={search_term_string}"},"query-input":{"@type":"PropertyValueSpecification","valueRequired":true,"valueName":"search_term_string"}}],"inLanguage":"es"},{"@type":"Organization","@id":"https:\/\/www.easyledstore.it\/es\/#organization","name":"LTC Lighting Trading Company srls","url":"https:\/\/www.easyledstore.it\/es\/","logo":{"@type":"ImageObject","inLanguage":"es","@id":"https:\/\/www.easyledstore.it\/es\/#\/schema\/logo\/image\/","url":"https:\/\/www.easyledstore.it\/wp-content\/uploads\/2018\/03\/Landscape-FullColor-2000.png","contentUrl":"https:\/\/www.easyledstore.it\/wp-content\/uploads\/2018\/03\/Landscape-FullColor-2000.png","width":2000,"height":641,"caption":"LTC Lighting Trading Company srls"},"image":{"@id":"https:\/\/www.easyledstore.it\/es\/#\/schema\/logo\/image\/"},"sameAs":["https:\/\/www.facebook.com\/easyledstore"]}]}},"_links":{"self":[{"href":"https:\/\/www.easyledstore.it\/es\/wp-json\/wp\/v2\/product\/10178","targetHints":{"allow":["GET"]}}],"collection":[{"href":"https:\/\/www.easyledstore.it\/es\/wp-json\/wp\/v2\/product"}],"about":[{"href":"https:\/\/www.easyledstore.it\/es\/wp-json\/wp\/v2\/types\/product"}],"replies":[{"embeddable":true,"href":"https:\/\/www.easyledstore.it\/es\/wp-json\/wp\/v2\/comments?post=10178"}],"wp:featuredmedia":[{"embeddable":true,"href":"https:\/\/www.easyledstore.it\/es\/wp-json\/wp\/v2\/media\/10157"}],"wp:attachment":[{"href":"https:\/\/www.easyledstore.it\/es\/wp-json\/wp\/v2\/media?parent=10178"}],"wp:term":[{"taxonomy":"product_brand","embeddable":true,"href":"https:\/\/www.easyledstore.it\/es\/wp-json\/wp\/v2\/product_brand?post=10178"},{"taxonomy":"product_cat","embeddable":true,"href":"https:\/\/www.easyledstore.it\/es\/wp-json\/wp\/v2\/product_cat?post=10178"},{"taxonomy":"product_tag","embeddable":true,"href":"https:\/\/www.easyledstore.it\/es\/wp-json\/wp\/v2\/product_tag?post=10178"}],"curies":[{"name":"wp","href":"https:\/\/api.w.org\/{rel}","templated":true}]}}