{"id":10142,"date":"2024-12-09T13:10:48","date_gmt":"2024-12-09T12:10:48","guid":{"rendered":"https:\/\/www.easyledstore.it\/prodotto\/modulo-led-24v-alta-eficacia-160lm-072w\/"},"modified":"2026-01-19T12:40:33","modified_gmt":"2026-01-19T11:40:33","slug":"modulo-led-24v-alta-eficacia-160lm-072w","status":"publish","type":"product","link":"https:\/\/www.easyledstore.it\/es\/producto\/modulo-led-24v-alta-eficacia-160lm-072w\/","title":{"rendered":"M\u00f3dulo LED 24V Alta Eficacia &#8211; 160lm &#8211; 0,72W"},"content":{"rendered":"<p>Cuando la eficiencia y la calidad son primordiales, este m\u00f3dulo LED de 0,72 W y 160 lm\/W de eficiencia ultraalta es la soluci\u00f3n perfecta. Con una extraordinaria eficiencia luminosa de 160 lm\/W y luz blanca fr\u00eda (6700K), ofrece una iluminaci\u00f3n clara, potente y uniforme para cualquier proyecto de iluminaci\u00f3n comercial o publicitaria. <\/p>\n<h2>Caracter\u00edsticas principales<\/h2>\n<p><strong>Eficacia excepcional:<\/strong> Con una potencia luminosa de 160 lm\/W, reduce el consumo de energ\u00eda sin comprometer el rendimiento.<\/p>\n<p><strong>\u00d3ptica de 175\u00b0:<\/strong> Garantiza una distribuci\u00f3n uniforme de la luz, ideal para letras de caj\u00f3n y cajas de luz con una profundidad de 5 a 25 cm.<\/p>\n<p><strong>Resistencia a la intemperie:<\/strong> El grado de protecci\u00f3n IP68 garantiza la m\u00e1xima fiabilidad incluso en condiciones ambientales adversas.<\/p>\n<p><strong>Certificaciones de calidad:<\/strong> Cumple las normas LM80 y CE, sin\u00f3nimo de durabilidad y seguridad.<\/p>\n<p><strong>Rendimiento en condiciones extremas:<\/strong> Dise\u00f1ado para funcionar a temperaturas entre -40\u00b0C y +60\u00b0C, adecuado para las aplicaciones m\u00e1s exigentes.<\/p>\n<h3>Especificaciones t\u00e9cnicas del LED de alta eficiencia 160 lm\/W<\/h3>\n<ul>\n<li><strong>\u00c1ngulo del haz:<\/strong> 175<\/li>\n<li><strong>Tensi\u00f3n de funcionamiento: <\/strong>DC 24V<\/li>\n<li><strong>Consumo:<\/strong> 0,72 W por m\u00f3dulo<\/li>\n<li><strong>Eficacia luminosa: <\/strong>160 lm\/W (Blanco fr\u00edo)<\/li>\n<li><strong>Temperatura de color:<\/strong> 6700K<\/li>\n<li><strong>Temperatura de funcionamiento:<\/strong> de -40\u00b0C a +60\u00b0C<\/li>\n<li><strong>Temperatura de almacenamiento:<\/strong> -40\u00b0C a -70\u00b0C<\/li>\n<li><strong>Cascada: <\/strong>Conexi\u00f3n en serie de hasta 50 m\u00f3dulos con alimentaci\u00f3n de 24 V CC.<\/li>\n<\/ul>\n<h2>Carga m\u00e1xima recomendada de la fuente de alimentaci\u00f3n<\/h2>\n<ul>\n<li><strong><a href=\"https:\/\/www.easyledstore.it\/prodotto\/alimentatore-led-novadrive-36w-24v\/\">Fuente de alimentaci\u00f3n de 36 W<\/a>:<\/strong> admite hasta 50 m\u00f3dulos.<\/li>\n<li><strong><a href=\"https:\/\/www.easyledstore.it\/prodotto\/alimentatore-led-novadrive-60w-24v\/\">Fuente de alimentaci\u00f3n de 60 W<\/a>:<\/strong> admite hasta 80 m\u00f3dulos.<\/li>\n<li><strong><a href=\"https:\/\/www.easyledstore.it\/prodotto\/alimentatore-led-novadrive-100w-24v\/\">Fuente de alimentaci\u00f3n de 100 W<\/a>:<\/strong> admite hasta 130 m\u00f3dulos.<\/li>\n<li><strong><a href=\"https:\/\/www.easyledstore.it\/prodotto\/alimentatore-led-novadrive-150w-24v\/\">Fuente de alimentaci\u00f3n de 150 W<\/a>:<\/strong> admite hasta 200 m\u00f3dulos.<\/li>\n<li><strong><a href=\"https:\/\/www.easyledstore.it\/prodotto\/alimentatore-led-novadrive-200w-24v\/\">Fuente de alimentaci\u00f3n de 200 W<\/a>:<\/strong> admite hasta 260 m\u00f3dulos.<\/li>\n<li><strong><a href=\"https:\/\/www.easyledstore.it\/prodotto\/alimentatore-led-novadrive-250w-24v\/\">Fuente de alimentaci\u00f3n de 250 W<\/a>:<\/strong> admite hasta 340 m\u00f3dulos.<\/li>\n<li><strong><a href=\"https:\/\/www.easyledstore.it\/prodotto\/alimentatore-led-novadrive-300w-24v\/\">Fuente de alimentaci\u00f3n de 300 W<\/a>:<\/strong> admite hasta 390 m\u00f3dulos.<\/li>\n<\/ul>\n<h2>Aplicaciones recomendadas para el LED de alta eficiencia 160 lm\/W<\/h2>\n<p><strong>Letras de caja:<\/strong> Perfectas para crear r\u00f3tulos con una iluminaci\u00f3n precisa y uniforme.<\/p>\n<p><strong>Cajas de luz:<\/strong> Ideales para instalaciones comerciales y publicitarias de gran visibilidad.<\/p>\n<p><strong>Proyectos de exterior:<\/strong> Resistente al polvo, el agua y las temperaturas extremas gracias a la clasificaci\u00f3n IP68.<\/p>\n","protected":false},"excerpt":{"rendered":"<h2>M\u00f3dulo LED 24V de ultra alta eficiencia 160 lm\/W<\/h2>\n<p>El <strong>M\u00f3dulo LED de<\/strong> <strong>alta eficiencia de 160 lm\/W<\/strong> <strong>y 24 V<\/strong> es la elecci\u00f3n perfecta para aplicaciones profesionales en las que se requiere alto rendimiento, larga duraci\u00f3n y bajo consumo. Dise\u00f1ado para instalaciones en r\u00f3tulos, letras de caj\u00f3n e iluminaci\u00f3n difusa tanto en interiores como en exteriores. <\/p>\n<h3>Caracter\u00edsticas principales<\/h3>\n<ul>\n<li><strong>Dimensiones compactas:<\/strong> 41,5 x 13 x 10,1 mm<\/li>\n<li><strong>\u00c1ngulo<\/strong> del haz<strong>:<\/strong> 175\u00b0, para una distribuci\u00f3n uniforme de la luz<\/li>\n<li><strong>Tensi\u00f3n:<\/strong> 24 V CC<\/li>\n<li><strong>Consumo:<\/strong> 0,72 W por m\u00f3dulo<\/li>\n<li><strong>Eficacia luminosa:<\/strong> hasta 160 lm\/W<\/li>\n<li><strong>Temperatura de color:<\/strong> 6700K<\/li>\n<li><strong>Protecci\u00f3n IP68:<\/strong> perfecta para exteriores y entornos cr\u00edticos<\/li>\n<\/ul>\n<p>Para un rendimiento \u00f3ptimo y una larga vida \u00fatil, se recomienda combinar este m\u00f3dulo con una <strong>fuente de alimentaci\u00f3n NovaDrive de 24 V de alta eficiencia<\/strong>.<\/p>\n<p><a href=\"https:\/\/www.easyledstore.it\/categoria-prodotto\/alimentatori\/?av2_pa_voltaggio=251&amp;av2_filter_id=2\" target=\"_blank\" rel=\"noopener\">\ud83d\udd0c Descubre aqu\u00ed todas las fuentes de alimentaci\u00f3n de 24 V compatibles<\/a><\/p>\n","protected":false},"featured_media":9617,"comment_status":"open","ping_status":"closed","template":"","meta":[],"product_brand":[],"product_cat":[1237,1238],"product_tag":[1240,1244,1345,1246,1242,1213,1250,1248,1239,1247,1241,1251,1252],"class_list":{"0":"post-10142","1":"product","2":"type-product","3":"status-publish","4":"has-post-thumbnail","6":"product_cat-modulos-led","7":"product_cat-modulos-led-para-una-cara-cajas-y-letras","8":"product_tag-0-72w","9":"product_tag-1244","10":"product_tag-160-lumen","11":"product_tag-175-grados","12":"product_tag-2-led","13":"product_tag-24v","14":"product_tag-5-15cm","15":"product_tag-6700k","16":"product_tag-blanco-frio","17":"product_tag-certificado-ip68","18":"product_tag-con-lente","19":"product_tag-leds-blancos","20":"product_tag-si","22":"first","23":"instock","24":"taxable","25":"shipping-taxable","26":"purchasable","27":"product-type-simple"},"yoast_head":"<!-- This site is optimized with the Yoast SEO plugin v27.3 - https:\/\/yoast.com\/product\/yoast-seo-wordpress\/ -->\n<title>LED de alta eficiencia 160 lm\/W - Easyledstore%<\/title>\n<meta name=\"description\" content=\"M\u00f3dulo LED de 0,72 W y 160 lm\/W de eficiencia ultra alta - Con \u00e1ngulo de haz de 175\u00b0.Temperatura de color: 6700K (Blanco fr\u00edo)\" \/>\n<meta name=\"robots\" content=\"index, follow, max-snippet:-1, max-image-preview:large, max-video-preview:-1\" \/>\n<link rel=\"canonical\" href=\"https:\/\/www.easyledstore.it\/es\/producto\/modulo-led-24v-alta-eficacia-160lm-072w\/\" \/>\n<meta property=\"og:locale\" content=\"es_ES\" \/>\n<meta property=\"og:type\" content=\"article\" \/>\n<meta property=\"og:title\" content=\"LED de alta eficiencia 160 lm\/W - Easyledstore%\" \/>\n<meta property=\"og:description\" content=\"M\u00f3dulo LED de 0,72 W y 160 lm\/W de eficiencia ultra alta - Con \u00e1ngulo de haz de 175\u00b0.Temperatura de color: 6700K (Blanco fr\u00edo)\" \/>\n<meta property=\"og:url\" content=\"https:\/\/www.easyledstore.it\/es\/producto\/modulo-led-24v-alta-eficacia-160lm-072w\/\" \/>\n<meta property=\"og:site_name\" content=\"Easyledstore\" \/>\n<meta property=\"article:publisher\" content=\"https:\/\/www.facebook.com\/easyledstore\" \/>\n<meta property=\"article:modified_time\" content=\"2026-01-19T11:40:33+00:00\" \/>\n<meta property=\"og:image\" content=\"https:\/\/www.easyledstore.it\/wp-content\/uploads\/2024\/12\/6700k-1.png\" \/>\n\t<meta property=\"og:image:width\" content=\"2000\" \/>\n\t<meta property=\"og:image:height\" content=\"2000\" \/>\n\t<meta property=\"og:image:type\" content=\"image\/png\" \/>\n<meta name=\"twitter:card\" content=\"summary_large_image\" \/>\n<meta name=\"twitter:label1\" content=\"Tiempo de lectura\" \/>\n\t<meta name=\"twitter:data1\" content=\"2 minuto\" \/>\n<!-- \/ Yoast SEO plugin. -->","yoast_head_json":{"title":"LED de alta eficiencia 160 lm\/W - Easyledstore%","description":"M\u00f3dulo LED de 0,72 W y 160 lm\/W de eficiencia ultra alta - Con \u00e1ngulo de haz de 175\u00b0.Temperatura de color: 6700K (Blanco fr\u00edo)","robots":{"index":"index","follow":"follow","max-snippet":"max-snippet:-1","max-image-preview":"max-image-preview:large","max-video-preview":"max-video-preview:-1"},"canonical":"https:\/\/www.easyledstore.it\/es\/producto\/modulo-led-24v-alta-eficacia-160lm-072w\/","og_locale":"es_ES","og_type":"article","og_title":"LED de alta eficiencia 160 lm\/W - Easyledstore%","og_description":"M\u00f3dulo LED de 0,72 W y 160 lm\/W de eficiencia ultra alta - Con \u00e1ngulo de haz de 175\u00b0.Temperatura de color: 6700K (Blanco fr\u00edo)","og_url":"https:\/\/www.easyledstore.it\/es\/producto\/modulo-led-24v-alta-eficacia-160lm-072w\/","og_site_name":"Easyledstore","article_publisher":"https:\/\/www.facebook.com\/easyledstore","article_modified_time":"2026-01-19T11:40:33+00:00","og_image":[{"width":2000,"height":2000,"url":"https:\/\/www.easyledstore.it\/wp-content\/uploads\/2024\/12\/6700k-1.png","type":"image\/png"}],"twitter_card":"summary_large_image","twitter_misc":{"Tiempo de lectura":"2 minuto"},"schema":{"@context":"https:\/\/schema.org","@graph":[{"@type":"WebPage","@id":"https:\/\/www.easyledstore.it\/es\/producto\/modulo-led-24v-alta-eficacia-160lm-072w\/","url":"https:\/\/www.easyledstore.it\/es\/producto\/modulo-led-24v-alta-eficacia-160lm-072w\/","name":"LED de alta eficiencia 160 lm\/W - Easyledstore%","isPartOf":{"@id":"https:\/\/www.easyledstore.it\/es\/#website"},"primaryImageOfPage":{"@id":"https:\/\/www.easyledstore.it\/es\/producto\/modulo-led-24v-alta-eficacia-160lm-072w\/#primaryimage"},"image":{"@id":"https:\/\/www.easyledstore.it\/es\/producto\/modulo-led-24v-alta-eficacia-160lm-072w\/#primaryimage"},"thumbnailUrl":"https:\/\/www.easyledstore.it\/wp-content\/uploads\/2024\/12\/6700k-1.png","datePublished":"2024-12-09T12:10:48+00:00","dateModified":"2026-01-19T11:40:33+00:00","description":"M\u00f3dulo LED de 0,72 W y 160 lm\/W de eficiencia ultra alta - Con \u00e1ngulo de haz de 175\u00b0.Temperatura de color: 6700K (Blanco fr\u00edo)","breadcrumb":{"@id":"https:\/\/www.easyledstore.it\/es\/producto\/modulo-led-24v-alta-eficacia-160lm-072w\/#breadcrumb"},"inLanguage":"es","potentialAction":[{"@type":"ReadAction","target":["https:\/\/www.easyledstore.it\/es\/producto\/modulo-led-24v-alta-eficacia-160lm-072w\/"]}]},{"@type":"ImageObject","inLanguage":"es","@id":"https:\/\/www.easyledstore.it\/es\/producto\/modulo-led-24v-alta-eficacia-160lm-072w\/#primaryimage","url":"https:\/\/www.easyledstore.it\/wp-content\/uploads\/2024\/12\/6700k-1.png","contentUrl":"https:\/\/www.easyledstore.it\/wp-content\/uploads\/2024\/12\/6700k-1.png","width":2000,"height":2000,"caption":"Led 2 M\u00f3dulos 6700K"},{"@type":"BreadcrumbList","@id":"https:\/\/www.easyledstore.it\/es\/producto\/modulo-led-24v-alta-eficacia-160lm-072w\/#breadcrumb","itemListElement":[{"@type":"ListItem","position":1,"name":"Home","item":"https:\/\/www.easyledstore.it\/es\/modulos-de-senalizacion-led\/"},{"@type":"ListItem","position":2,"name":"Tienda IT","item":"https:\/\/www.easyledstore.it\/es\/tienda\/"},{"@type":"ListItem","position":3,"name":"M\u00f3dulo LED 24V Alta Eficacia &#8211; 160lm &#8211; 0,72W"}]},{"@type":"WebSite","@id":"https:\/\/www.easyledstore.it\/es\/#website","url":"https:\/\/www.easyledstore.it\/es\/","name":"Easyledstore","description":"Alimentatori e Moduli LED per Insegne Luminose","publisher":{"@id":"https:\/\/www.easyledstore.it\/es\/#organization"},"potentialAction":[{"@type":"SearchAction","target":{"@type":"EntryPoint","urlTemplate":"https:\/\/www.easyledstore.it\/es\/?s={search_term_string}"},"query-input":{"@type":"PropertyValueSpecification","valueRequired":true,"valueName":"search_term_string"}}],"inLanguage":"es"},{"@type":"Organization","@id":"https:\/\/www.easyledstore.it\/es\/#organization","name":"LTC Lighting Trading Company srls","url":"https:\/\/www.easyledstore.it\/es\/","logo":{"@type":"ImageObject","inLanguage":"es","@id":"https:\/\/www.easyledstore.it\/es\/#\/schema\/logo\/image\/","url":"https:\/\/www.easyledstore.it\/wp-content\/uploads\/2018\/03\/Landscape-FullColor-2000.png","contentUrl":"https:\/\/www.easyledstore.it\/wp-content\/uploads\/2018\/03\/Landscape-FullColor-2000.png","width":2000,"height":641,"caption":"LTC Lighting Trading Company srls"},"image":{"@id":"https:\/\/www.easyledstore.it\/es\/#\/schema\/logo\/image\/"},"sameAs":["https:\/\/www.facebook.com\/easyledstore"]}]}},"_links":{"self":[{"href":"https:\/\/www.easyledstore.it\/es\/wp-json\/wp\/v2\/product\/10142","targetHints":{"allow":["GET"]}}],"collection":[{"href":"https:\/\/www.easyledstore.it\/es\/wp-json\/wp\/v2\/product"}],"about":[{"href":"https:\/\/www.easyledstore.it\/es\/wp-json\/wp\/v2\/types\/product"}],"replies":[{"embeddable":true,"href":"https:\/\/www.easyledstore.it\/es\/wp-json\/wp\/v2\/comments?post=10142"}],"wp:featuredmedia":[{"embeddable":true,"href":"https:\/\/www.easyledstore.it\/es\/wp-json\/wp\/v2\/media\/9617"}],"wp:attachment":[{"href":"https:\/\/www.easyledstore.it\/es\/wp-json\/wp\/v2\/media?parent=10142"}],"wp:term":[{"taxonomy":"product_brand","embeddable":true,"href":"https:\/\/www.easyledstore.it\/es\/wp-json\/wp\/v2\/product_brand?post=10142"},{"taxonomy":"product_cat","embeddable":true,"href":"https:\/\/www.easyledstore.it\/es\/wp-json\/wp\/v2\/product_cat?post=10142"},{"taxonomy":"product_tag","embeddable":true,"href":"https:\/\/www.easyledstore.it\/es\/wp-json\/wp\/v2\/product_tag?post=10142"}],"curies":[{"name":"wp","href":"https:\/\/api.w.org\/{rel}","templated":true}]}}