{"id":10132,"date":"2024-12-09T13:08:38","date_gmt":"2024-12-09T12:08:38","guid":{"rendered":"https:\/\/www.easyledstore.it\/prodotto\/modulo-led-12v-alta-eficiencia-100lm-072w-6700k\/"},"modified":"2026-03-23T14:55:50","modified_gmt":"2026-03-23T13:55:50","slug":"modulo-led-12v-alta-eficiencia-100lm-072w-6700k","status":"publish","type":"product","link":"https:\/\/www.easyledstore.it\/es\/producto\/modulo-led-12v-alta-eficiencia-100lm-072w-6700k\/","title":{"rendered":"M\u00f3dulo LED 12V Alta eficiencia &#8211; 100lm &#8211; 0,72W &#8211; 6700K"},"content":{"rendered":"<p>El m\u00f3dulo LED 12V de alta eficiencia con 100 lm\/W 0,72W &#8211; Soluci\u00f3n de se\u00f1alizaci\u00f3n compacta<\/p>\n<p>Dise\u00f1ado para satisfacer las necesidades de las instalaciones de iluminaci\u00f3n profesionales, este m\u00f3dulo LED ofrece un rendimiento excelente con una luz blanca fr\u00eda (6700K) que garantiza brillo y claridad en todos los proyectos.<\/p>\n<h2>Caracter\u00edsticas principales<\/h2>\n<p><strong>Alta eficacia luminosa:<\/strong> Con m\u00e1s de 100 lm\/W, garantiza una iluminaci\u00f3n brillante y un bajo consumo de energ\u00eda.<\/p>\n<p><strong>\u00d3ptica de 175\u00b0:<\/strong> Perfecta para una distribuci\u00f3n uniforme de la luz, ideal para letras de caj\u00f3n y cajas de luz con una profundidad de 5 a 25 cm.<\/p>\n<p><strong>Protecci\u00f3n IP68:<\/strong> Resistente al polvo y al agua, es ideal para aplicaciones en exteriores y entornos dif\u00edciles.<\/p>\n<p><strong>Certificaciones de calidad:<\/strong> Probado seg\u00fan la norma LM80 y certificado CE, sin\u00f3nimo de fiabilidad y seguridad.<\/p>\n<p><strong>Compacto y pr\u00e1ctico: <\/strong>Cada m\u00f3dulo est\u00e1 equipado con 2 LED, con unas dimensiones compactas para integrarlo f\u00e1cilmente en cualquier dise\u00f1o.<\/p>\n<h2>Especificaciones t\u00e9cnicas del m\u00f3dulo LED de alta eficiencia de 12 V<\/h2>\n<ul>\n<li><strong>Dimensiones:<\/strong> 41,5 x 13 x 10,1 mm<\/li>\n<li><strong>\u00c1ngulo del haz: <\/strong>175<\/li>\n<li><strong>Tensi\u00f3n de funcionamiento: <\/strong>12 V CC<\/li>\n<li><strong>Consumo: <\/strong>0,72 W por m\u00f3dulo<\/li>\n<li><strong>Temperatura de color:<\/strong> 6700K (Blanco fr\u00edo)<\/li>\n<li><strong>Temperatura de funcionamiento:<\/strong> de -20\u00b0C a +45\u00b0C<\/li>\n<li><strong>Temperatura de almacenamiento:<\/strong> de -30\u00b0C a +70\u00b0C<\/li>\n<li><strong>Cascada:<\/strong> Conexi\u00f3n en serie de hasta 50 m\u00f3dulos con <a href=\"https:\/\/www.easyledstore.it\/es\/categoria-producto\/fuentes-de-alimentacion\/?av2_pa_voltaggio=250&#038;av2_filter_id=2\">alimentaci\u00f3n de 12 V CC.<\/a><\/li>\n<\/ul>\n<h2>Aplicaciones recomendadas<\/h2>\n<ul>\n<li><strong>Letras en caja: <\/strong>Ideales para poca y media profundidad.<\/li>\n<li><strong>Cajas de luz: <\/strong>Garantizan una iluminaci\u00f3n uniforme y sin sombras.<\/li>\n<li><strong>Instalaciones exteriores:<\/strong> soporta condiciones clim\u00e1ticas extremas gracias a la protecci\u00f3n IP68.<\/li>\n<\/ul>\n<h2>Ventajas<\/h2>\n<p>Este m\u00f3dulo LED de 12 V de alta eficiencia es la elecci\u00f3n perfecta para quienes buscan un producto compacto, f\u00e1cil de instalar y de alto rendimiento. El blanco fr\u00edo de 6700K proporciona una iluminaci\u00f3n brillante, ideal para aplicaciones comerciales y publicitarias, realzando cualquier proyecto. <\/p>\n","protected":false},"excerpt":{"rendered":"<p>M\u00f3dulo LED de alta eficiencia 100 lm\/W &#8211; Soluci\u00f3n compacta para se\u00f1alizaci\u00f3n.<\/p>\n<ul>\n<li>\u00c1ngulo del haz: 175<\/li>\n<li>Tensi\u00f3n de funcionamiento: 12 V CC<\/li>\n<li>Consumo: 0,72 W por m\u00f3dulo<\/li>\n<li>Temperatura de color: 6700K (Blanco fr\u00edo)<\/li>\n<\/ul>\n","protected":false},"featured_media":9617,"comment_status":"open","ping_status":"closed","template":"","meta":[],"product_brand":[],"product_cat":[1237,1238],"product_tag":[1240,1244,1249,1070,1246,1242,1250,1248,1239,1247,1241,1251,1252],"class_list":{"0":"post-10132","1":"product","2":"type-product","3":"status-publish","4":"has-post-thumbnail","6":"product_cat-modulos-led","7":"product_cat-modulos-led-para-una-cara-cajas-y-letras","8":"product_tag-0-72w","9":"product_tag-1244","10":"product_tag-100-lumenes","11":"product_tag-12v","12":"product_tag-175-grados","13":"product_tag-2-led","14":"product_tag-5-15cm","15":"product_tag-6700k","16":"product_tag-blanco-frio","17":"product_tag-certificado-ip68","18":"product_tag-con-lente","19":"product_tag-leds-blancos","20":"product_tag-si","22":"first","23":"instock","24":"taxable","25":"shipping-taxable","26":"purchasable","27":"product-type-simple"},"yoast_head":"<!-- This site is optimized with the Yoast SEO plugin v27.3 - https:\/\/yoast.com\/product\/yoast-seo-wordpress\/ -->\n<title>M\u00f3dulo LED 12V Alta eficiencia - 100lm - 0,72W - 6700K - Easyledstore<\/title>\n<meta name=\"description\" content=\"M\u00f3dulo LED 12V de alta eficiencia 100 lm\/W 0,72W - \u00c1ngulo del haz: 175\u00b0Tensi\u00f3n de funcionamiento: DC 12V - Temperatura de color: 6700K (Blanco fr\u00edo)\" \/>\n<meta name=\"robots\" content=\"index, follow, max-snippet:-1, max-image-preview:large, max-video-preview:-1\" \/>\n<link rel=\"canonical\" href=\"https:\/\/www.easyledstore.it\/es\/producto\/modulo-led-12v-alta-eficiencia-100lm-072w-6700k\/\" \/>\n<meta property=\"og:locale\" content=\"es_ES\" \/>\n<meta property=\"og:type\" content=\"article\" \/>\n<meta property=\"og:title\" content=\"M\u00f3dulo LED 12V Alta eficiencia - 100lm - 0,72W - 6700K - Easyledstore\" \/>\n<meta property=\"og:description\" content=\"M\u00f3dulo LED 12V de alta eficiencia 100 lm\/W 0,72W - \u00c1ngulo del haz: 175\u00b0Tensi\u00f3n de funcionamiento: DC 12V - Temperatura de color: 6700K (Blanco fr\u00edo)\" \/>\n<meta property=\"og:url\" content=\"https:\/\/www.easyledstore.it\/es\/producto\/modulo-led-12v-alta-eficiencia-100lm-072w-6700k\/\" \/>\n<meta property=\"og:site_name\" content=\"Easyledstore\" \/>\n<meta property=\"article:publisher\" content=\"https:\/\/www.facebook.com\/easyledstore\" \/>\n<meta property=\"article:modified_time\" content=\"2026-03-23T13:55:50+00:00\" \/>\n<meta property=\"og:image\" content=\"https:\/\/www.easyledstore.it\/wp-content\/uploads\/2024\/12\/6700k-1.png\" \/>\n\t<meta property=\"og:image:width\" content=\"2000\" \/>\n\t<meta property=\"og:image:height\" content=\"2000\" \/>\n\t<meta property=\"og:image:type\" content=\"image\/png\" \/>\n<meta name=\"twitter:card\" content=\"summary_large_image\" \/>\n<meta name=\"twitter:label1\" content=\"Tiempo de lectura\" \/>\n\t<meta name=\"twitter:data1\" content=\"2 minuto\" \/>\n<!-- \/ Yoast SEO plugin. -->","yoast_head_json":{"title":"M\u00f3dulo LED 12V Alta eficiencia - 100lm - 0,72W - 6700K - Easyledstore","description":"M\u00f3dulo LED 12V de alta eficiencia 100 lm\/W 0,72W - \u00c1ngulo del haz: 175\u00b0Tensi\u00f3n de funcionamiento: DC 12V - Temperatura de color: 6700K (Blanco fr\u00edo)","robots":{"index":"index","follow":"follow","max-snippet":"max-snippet:-1","max-image-preview":"max-image-preview:large","max-video-preview":"max-video-preview:-1"},"canonical":"https:\/\/www.easyledstore.it\/es\/producto\/modulo-led-12v-alta-eficiencia-100lm-072w-6700k\/","og_locale":"es_ES","og_type":"article","og_title":"M\u00f3dulo LED 12V Alta eficiencia - 100lm - 0,72W - 6700K - Easyledstore","og_description":"M\u00f3dulo LED 12V de alta eficiencia 100 lm\/W 0,72W - \u00c1ngulo del haz: 175\u00b0Tensi\u00f3n de funcionamiento: DC 12V - Temperatura de color: 6700K (Blanco fr\u00edo)","og_url":"https:\/\/www.easyledstore.it\/es\/producto\/modulo-led-12v-alta-eficiencia-100lm-072w-6700k\/","og_site_name":"Easyledstore","article_publisher":"https:\/\/www.facebook.com\/easyledstore","article_modified_time":"2026-03-23T13:55:50+00:00","og_image":[{"width":2000,"height":2000,"url":"https:\/\/www.easyledstore.it\/wp-content\/uploads\/2024\/12\/6700k-1.png","type":"image\/png"}],"twitter_card":"summary_large_image","twitter_misc":{"Tiempo de lectura":"2 minuto"},"schema":{"@context":"https:\/\/schema.org","@graph":[{"@type":"WebPage","@id":"https:\/\/www.easyledstore.it\/es\/producto\/modulo-led-12v-alta-eficiencia-100lm-072w-6700k\/","url":"https:\/\/www.easyledstore.it\/es\/producto\/modulo-led-12v-alta-eficiencia-100lm-072w-6700k\/","name":"M\u00f3dulo LED 12V Alta eficiencia - 100lm - 0,72W - 6700K - Easyledstore","isPartOf":{"@id":"https:\/\/www.easyledstore.it\/es\/#website"},"primaryImageOfPage":{"@id":"https:\/\/www.easyledstore.it\/es\/producto\/modulo-led-12v-alta-eficiencia-100lm-072w-6700k\/#primaryimage"},"image":{"@id":"https:\/\/www.easyledstore.it\/es\/producto\/modulo-led-12v-alta-eficiencia-100lm-072w-6700k\/#primaryimage"},"thumbnailUrl":"https:\/\/www.easyledstore.it\/wp-content\/uploads\/2024\/12\/6700k-1.png","datePublished":"2024-12-09T12:08:38+00:00","dateModified":"2026-03-23T13:55:50+00:00","description":"M\u00f3dulo LED 12V de alta eficiencia 100 lm\/W 0,72W - \u00c1ngulo del haz: 175\u00b0Tensi\u00f3n de funcionamiento: DC 12V - Temperatura de color: 6700K (Blanco fr\u00edo)","breadcrumb":{"@id":"https:\/\/www.easyledstore.it\/es\/producto\/modulo-led-12v-alta-eficiencia-100lm-072w-6700k\/#breadcrumb"},"inLanguage":"es","potentialAction":[{"@type":"ReadAction","target":["https:\/\/www.easyledstore.it\/es\/producto\/modulo-led-12v-alta-eficiencia-100lm-072w-6700k\/"]}]},{"@type":"ImageObject","inLanguage":"es","@id":"https:\/\/www.easyledstore.it\/es\/producto\/modulo-led-12v-alta-eficiencia-100lm-072w-6700k\/#primaryimage","url":"https:\/\/www.easyledstore.it\/wp-content\/uploads\/2024\/12\/6700k-1.png","contentUrl":"https:\/\/www.easyledstore.it\/wp-content\/uploads\/2024\/12\/6700k-1.png","width":2000,"height":2000,"caption":"Led 2 M\u00f3dulos 6700K"},{"@type":"BreadcrumbList","@id":"https:\/\/www.easyledstore.it\/es\/producto\/modulo-led-12v-alta-eficiencia-100lm-072w-6700k\/#breadcrumb","itemListElement":[{"@type":"ListItem","position":1,"name":"Home","item":"https:\/\/www.easyledstore.it\/es\/modulos-de-senalizacion-led\/"},{"@type":"ListItem","position":2,"name":"Tienda IT","item":"https:\/\/www.easyledstore.it\/es\/tienda\/"},{"@type":"ListItem","position":3,"name":"M\u00f3dulo LED 12V Alta eficiencia &#8211; 100lm &#8211; 0,72W &#8211; 6700K"}]},{"@type":"WebSite","@id":"https:\/\/www.easyledstore.it\/es\/#website","url":"https:\/\/www.easyledstore.it\/es\/","name":"Easyledstore","description":"Alimentatori e Moduli LED per Insegne Luminose","publisher":{"@id":"https:\/\/www.easyledstore.it\/es\/#organization"},"potentialAction":[{"@type":"SearchAction","target":{"@type":"EntryPoint","urlTemplate":"https:\/\/www.easyledstore.it\/es\/?s={search_term_string}"},"query-input":{"@type":"PropertyValueSpecification","valueRequired":true,"valueName":"search_term_string"}}],"inLanguage":"es"},{"@type":"Organization","@id":"https:\/\/www.easyledstore.it\/es\/#organization","name":"LTC Lighting Trading Company srls","url":"https:\/\/www.easyledstore.it\/es\/","logo":{"@type":"ImageObject","inLanguage":"es","@id":"https:\/\/www.easyledstore.it\/es\/#\/schema\/logo\/image\/","url":"https:\/\/www.easyledstore.it\/wp-content\/uploads\/2018\/03\/Landscape-FullColor-2000.png","contentUrl":"https:\/\/www.easyledstore.it\/wp-content\/uploads\/2018\/03\/Landscape-FullColor-2000.png","width":2000,"height":641,"caption":"LTC Lighting Trading Company srls"},"image":{"@id":"https:\/\/www.easyledstore.it\/es\/#\/schema\/logo\/image\/"},"sameAs":["https:\/\/www.facebook.com\/easyledstore"]}]}},"_links":{"self":[{"href":"https:\/\/www.easyledstore.it\/es\/wp-json\/wp\/v2\/product\/10132","targetHints":{"allow":["GET"]}}],"collection":[{"href":"https:\/\/www.easyledstore.it\/es\/wp-json\/wp\/v2\/product"}],"about":[{"href":"https:\/\/www.easyledstore.it\/es\/wp-json\/wp\/v2\/types\/product"}],"replies":[{"embeddable":true,"href":"https:\/\/www.easyledstore.it\/es\/wp-json\/wp\/v2\/comments?post=10132"}],"wp:featuredmedia":[{"embeddable":true,"href":"https:\/\/www.easyledstore.it\/es\/wp-json\/wp\/v2\/media\/9617"}],"wp:attachment":[{"href":"https:\/\/www.easyledstore.it\/es\/wp-json\/wp\/v2\/media?parent=10132"}],"wp:term":[{"taxonomy":"product_brand","embeddable":true,"href":"https:\/\/www.easyledstore.it\/es\/wp-json\/wp\/v2\/product_brand?post=10132"},{"taxonomy":"product_cat","embeddable":true,"href":"https:\/\/www.easyledstore.it\/es\/wp-json\/wp\/v2\/product_cat?post=10132"},{"taxonomy":"product_tag","embeddable":true,"href":"https:\/\/www.easyledstore.it\/es\/wp-json\/wp\/v2\/product_tag?post=10132"}],"curies":[{"name":"wp","href":"https:\/\/api.w.org\/{rel}","templated":true}]}}