{"id":9937,"date":"2018-03-22T10:57:40","date_gmt":"2018-03-22T09:57:40","guid":{"rendered":"https:\/\/www.easyledstore.it\/modulos-de-senalizacion-led\/"},"modified":"2026-02-27T17:29:06","modified_gmt":"2026-02-27T16:29:06","slug":"modulos-de-senalizacion-led","status":"publish","type":"page","link":"https:\/\/www.easyledstore.it\/es\/","title":{"rendered":"M\u00f3dulos de se\u00f1alizaci\u00f3n LED"},"content":{"rendered":"<div class=\"et_pb_section_0 et_pb_section et_section_regular et_flex_section et-dark-mode-capable preset--module--divi-section--57786d5c-347b-4809-a686-8b51e51a0365\">\n<div class=\"et_pb_row_0 et_pb_row et_block_row\">\n<div class=\"et_pb_column_0 et_pb_column et_pb_column_4_4 et-last-child et_block_column et_pb_css_mix_blend_mode_passthrough\">\n<div class=\"et_pb_group_carousel_0 et_pb_group_carousel et_pb_group et_pb_module et_pb_group_carousel_arrows_inside et_pb_group_carousel_dots_center et_pb_group_carousel_dots_below\"><div class=\"et_pb_group_carousel_container\"><div class=\"et_pb_group_carousel_track\"><div class=\"et_pb_group_carousel_slide\"><div class=\"et_pb_group_0 et_pb_group et_pb_module et_flex_group et_pb_css_mix_blend_mode_passthrough et_clickable\">\n<div class=\"et_pb_image_0 et_pb_image et_pb_module et_flex_module\"><span class=\"et_pb_image_wrap\"><img loading=\"lazy\" decoding=\"async\" src=\"https:\/\/www.easyledstore.it\/wp-content\/uploads\/2025\/12\/Banner1-desk.jpg\" title=\"Banner1-mob\" width=\"1920\" height=\"350\" srcset=\"https:\/\/www.easyledstore.it\/wp-content\/uploads\/2025\/12\/Banner1-desk.jpg 1920w, https:\/\/www.easyledstore.it\/wp-content\/uploads\/2025\/12\/Banner1-desk-1280x233.jpg 1280w, https:\/\/www.easyledstore.it\/wp-content\/uploads\/2025\/12\/Banner1-desk-980x179.jpg 980w, https:\/\/www.easyledstore.it\/wp-content\/uploads\/2025\/12\/Banner1-desk-480x88.jpg 480w\" sizes=\"(min-width: 0px) and (max-width: 480px) 480px, (min-width: 481px) and (max-width: 980px) 980px, (min-width: 981px) and (max-width: 1280px) 1280px, (min-width: 1281px) 1920px, 100vw\" class=\"wp-image-8976 wp-image-8982\" \/><\/span><\/div>\n<\/div><\/div><div class=\"et_pb_group_carousel_slide\"><div class=\"et_pb_group_1 et_pb_group et_pb_module et_flex_group et_pb_css_mix_blend_mode_passthrough et_clickable\">\n<div class=\"et_pb_image_1 et_pb_image et_pb_module et_flex_module\"><span class=\"et_pb_image_wrap\"><img loading=\"lazy\" decoding=\"async\" src=\"https:\/\/www.easyledstore.it\/wp-content\/uploads\/2026\/01\/Banner-DESK3.jpg\" title=\"Banner-MOB\" width=\"1920\" height=\"350\" srcset=\"https:\/\/www.easyledstore.it\/wp-content\/uploads\/2026\/01\/Banner-DESK3.jpg 1920w, https:\/\/www.easyledstore.it\/wp-content\/uploads\/2026\/01\/Banner-DESK3-1280x233.jpg 1280w, https:\/\/www.easyledstore.it\/wp-content\/uploads\/2026\/01\/Banner-DESK3-980x179.jpg 980w, https:\/\/www.easyledstore.it\/wp-content\/uploads\/2026\/01\/Banner-DESK3-480x88.jpg 480w\" sizes=\"(min-width: 0px) and (max-width: 480px) 480px, (min-width: 481px) and (max-width: 980px) 980px, (min-width: 981px) and (max-width: 1280px) 1280px, (min-width: 1281px) 1920px, 100vw\" class=\"wp-image-12524 wp-image-12529\" \/><\/span><\/div>\n<\/div><\/div><div class=\"et_pb_group_carousel_slide\"><div class=\"et_pb_group_2 et_pb_group et_pb_module et_flex_group et_pb_css_mix_blend_mode_passthrough et_clickable\">\n<div class=\"et_pb_image_2 et_pb_image et_pb_module et_flex_module\"><a href=\"https:\/\/www.easyledstore.it\/mio-account\/\"><span class=\"et_pb_image_wrap\"><img loading=\"lazy\" decoding=\"async\" src=\"https:\/\/www.easyledstore.it\/wp-content\/uploads\/2026\/01\/Banner-Iscrizione-2.jpg\" title=\"Banner-Iscrizione\" width=\"1920\" height=\"350\" srcset=\"https:\/\/www.easyledstore.it\/wp-content\/uploads\/2026\/01\/Banner-Iscrizione-2.jpg 1920w, https:\/\/www.easyledstore.it\/wp-content\/uploads\/2026\/01\/Banner-Iscrizione-2-1280x233.jpg 1280w, https:\/\/www.easyledstore.it\/wp-content\/uploads\/2026\/01\/Banner-Iscrizione-2-980x179.jpg 980w, https:\/\/www.easyledstore.it\/wp-content\/uploads\/2026\/01\/Banner-Iscrizione-2-480x88.jpg 480w\" sizes=\"(min-width: 0px) and (max-width: 480px) 480px, (min-width: 481px) and (max-width: 980px) 980px, (min-width: 981px) and (max-width: 1280px) 1280px, (min-width: 1281px) 1920px, 100vw\" class=\"wp-image-9400 wp-image-8982\" \/><\/span><\/a><\/div>\n<\/div><\/div><div class=\"et_pb_group_carousel_slide\"><div class=\"et_pb_group_3 et_pb_group et-last-child et_pb_module et_flex_group et_pb_css_mix_blend_mode_passthrough et_clickable\">\n<div class=\"et_pb_image_3 et_pb_image et_pb_module et_flex_module\"><span class=\"et_pb_image_wrap\"><img loading=\"lazy\" decoding=\"async\" src=\"https:\/\/www.easyledstore.it\/wp-content\/uploads\/2025\/12\/Banner-DESK2.jpg\" title=\"Banner-MOB2\" width=\"1920\" height=\"350\" srcset=\"https:\/\/www.easyledstore.it\/wp-content\/uploads\/2025\/12\/Banner-DESK2.jpg 1920w, https:\/\/www.easyledstore.it\/wp-content\/uploads\/2025\/12\/Banner-DESK2-1280x233.jpg 1280w, https:\/\/www.easyledstore.it\/wp-content\/uploads\/2025\/12\/Banner-DESK2-980x179.jpg 980w, https:\/\/www.easyledstore.it\/wp-content\/uploads\/2025\/12\/Banner-DESK2-480x88.jpg 480w\" sizes=\"(min-width: 0px) and (max-width: 480px) 480px, (min-width: 481px) and (max-width: 980px) 980px, (min-width: 981px) and (max-width: 1280px) 1280px, (min-width: 1281px) 1920px, 100vw\" class=\"wp-image-8978 wp-image-8980\" \/><\/span><\/div>\n<\/div><\/div><\/div><\/div><span class=\"et_pb_group_carousel_arrow et_pb_group_carousel_arrow_prev\" role=\"button\" tabindex=\"0\" aria-label=\"Previous slide\"><span class=\"et-pb-icon\">4<\/span><\/span><span class=\"et_pb_group_carousel_arrow et_pb_group_carousel_arrow_next\" role=\"button\" tabindex=\"0\" aria-label=\"Next slide\"><span class=\"et-pb-icon\">5<\/span><\/span><div class=\"et_pb_group_carousel_dots\"><\/div><\/div>\n<\/div>\n<\/div>\n\n<div class=\"et_pb_row_1 et_pb_row et_flex_row\">\n<div class=\"et_pb_column_1 et_pb_column et-last-child et_flex_column et_pb_css_mix_blend_mode_passthrough et_flex_column_24_24 et_flex_column_24_24_tablet et_flex_column_24_24_phone\">\n<div class=\"et_pb_divider_0 et_pb_divider et_pb_space et_pb_divider_position_center et_pb_module\"><div class=\"et_pb_divider_internal\"><\/div><\/div>\n\n<div class=\"et_pb_code_0 et_pb_code et_pb_module\"><div class=\"et_pb_code_inner\">\t\t<div class=\"wc-helper-category-loop\">\n\t\t\t\t\t\t\t<a href=\"https:\/\/www.easyledstore.it\/es\/categoria-producto\/modulos-led\/\" class=\"wc-helper-category-item\">\n\t\t\t\t\t<img decoding=\"async\" src=\"https:\/\/www.easyledstore.it\/wp-content\/uploads\/2024\/08\/12.jpg\" alt=\"M\u00f3dulos LED\">\n\t\t\t\t\t<h3 class=\"wc-helper-category-name\">M\u00f3dulos LED<\/h3>\n\t\t\t\t<\/a>\n\t\t\t\t\t\t\t<a href=\"https:\/\/www.easyledstore.it\/es\/categoria-producto\/modulos-led\/modulos-led-pequenos\/\" class=\"wc-helper-category-item\">\n\t\t\t\t\t<img decoding=\"async\" src=\"https:\/\/www.easyledstore.it\/wp-content\/uploads\/2026\/01\/Car.-Mini.jpg\" alt=\"M\u00f3dulos LED peque\u00f1os\">\n\t\t\t\t\t<h3 class=\"wc-helper-category-name\">M\u00f3dulos LED peque\u00f1os<\/h3>\n\t\t\t\t<\/a>\n\t\t\t\t\t\t\t<a href=\"https:\/\/www.easyledstore.it\/es\/categoria-producto\/modulos-led\/modulos-para-doble-cara\/\" class=\"wc-helper-category-item\">\n\t\t\t\t\t<img decoding=\"async\" src=\"https:\/\/www.easyledstore.it\/wp-content\/uploads\/2026\/01\/Categoria-Bifacciale-1.jpg\" alt=\"M\u00f3dulos para doble cara\">\n\t\t\t\t\t<h3 class=\"wc-helper-category-name\">M\u00f3dulos para doble cara<\/h3>\n\t\t\t\t<\/a>\n\t\t\t\t\t\t\t<a href=\"https:\/\/www.easyledstore.it\/es\/categoria-producto\/modulos-led\/modulos-rgb\/\" class=\"wc-helper-category-item\">\n\t\t\t\t\t<img decoding=\"async\" src=\"https:\/\/www.easyledstore.it\/wp-content\/uploads\/2025\/12\/categoria-RGB.jpg\" alt=\"M\u00f3dulos RGB\">\n\t\t\t\t\t<h3 class=\"wc-helper-category-name\">M\u00f3dulos RGB<\/h3>\n\t\t\t\t<\/a>\n\t\t\t\t\t\t\t<a href=\"https:\/\/www.easyledstore.it\/es\/categoria-producto\/barras-led\/\" class=\"wc-helper-category-item\">\n\t\t\t\t\t<img decoding=\"async\" src=\"https:\/\/www.easyledstore.it\/wp-content\/uploads\/2026\/01\/Cat-Barre-IP65.jpg\" alt=\"Barras LED\">\n\t\t\t\t\t<h3 class=\"wc-helper-category-name\">Barras LED<\/h3>\n\t\t\t\t<\/a>\n\t\t\t\t\t\t\t<a href=\"https:\/\/www.easyledstore.it\/es\/categoria-producto\/barras-led\/barras-de-la-caja-de-luz\/\" class=\"wc-helper-category-item\">\n\t\t\t\t\t<img decoding=\"async\" src=\"https:\/\/www.easyledstore.it\/wp-content\/uploads\/2026\/01\/Cat-Lightbox.jpg\" alt=\"Barras de la caja de luz\">\n\t\t\t\t\t<h3 class=\"wc-helper-category-name\">Barras de la caja de luz<\/h3>\n\t\t\t\t<\/a>\n\t\t\t\t\t\t\t<a href=\"https:\/\/www.easyledstore.it\/es\/categoria-producto\/pixel-led\/\" class=\"wc-helper-category-item\">\n\t\t\t\t\t<img decoding=\"async\" src=\"https:\/\/www.easyledstore.it\/wp-content\/uploads\/2026\/01\/Cat.-Pixel.jpg\" alt=\"P\u00edxel LED\">\n\t\t\t\t\t<h3 class=\"wc-helper-category-name\">P\u00edxel LED<\/h3>\n\t\t\t\t<\/a>\n\t\t\t\t\t\t\t<a href=\"https:\/\/www.easyledstore.it\/es\/categoria-producto\/flex-led\/flex-neon-split\/\" class=\"wc-helper-category-item\">\n\t\t\t\t\t<img decoding=\"async\" src=\"https:\/\/www.easyledstore.it\/wp-content\/uploads\/2025\/04\/Photoroom-20250611_122147.png\" alt=\"Flex Ne\u00f3n Split\">\n\t\t\t\t\t<h3 class=\"wc-helper-category-name\">Flex Ne\u00f3n Split<\/h3>\n\t\t\t\t<\/a>\n\t\t\t\t\t\t\t<a href=\"https:\/\/www.easyledstore.it\/es\/categoria-producto\/flex-led\/neon-flex\/\" class=\"wc-helper-category-item\">\n\t\t\t\t\t<img decoding=\"async\" src=\"https:\/\/www.easyledstore.it\/wp-content\/uploads\/2026\/01\/Cat.-Flex-Neon.jpg\" alt=\"Ne\u00f3n Flex\">\n\t\t\t\t\t<h3 class=\"wc-helper-category-name\">Ne\u00f3n Flex<\/h3>\n\t\t\t\t<\/a>\n\t\t\t\t\t\t\t<a href=\"https:\/\/www.easyledstore.it\/es\/categoria-producto\/fuentes-de-alimentacion\/fuentes-de-alimentacion-de-interior\/\" class=\"wc-helper-category-item\">\n\t\t\t\t\t<img decoding=\"async\" src=\"https:\/\/www.easyledstore.it\/wp-content\/uploads\/2026\/01\/Categoria-Alimentatori-Interno.jpg\" alt=\"Fuentes de alimentaci\u00f3n de interior\">\n\t\t\t\t\t<h3 class=\"wc-helper-category-name\">Fuentes de alimentaci\u00f3n de interior<\/h3>\n\t\t\t\t<\/a>\n\t\t\t\t\t\t\t<a href=\"https:\/\/www.easyledstore.it\/es\/categoria-producto\/fuentes-de-alimentacion\/fuentes-de-alimentacion-ip68\/\" class=\"wc-helper-category-item\">\n\t\t\t\t\t<img decoding=\"async\" src=\"https:\/\/www.easyledstore.it\/wp-content\/uploads\/2026\/01\/Categoria-Alimentatori-Esterno.jpg\" alt=\"Fuentes de alimentaci\u00f3n IP68\">\n\t\t\t\t\t<h3 class=\"wc-helper-category-name\">Fuentes de alimentaci\u00f3n IP68<\/h3>\n\t\t\t\t<\/a>\n\t\t\t\t\t\t\t<a href=\"https:\/\/www.easyledstore.it\/es\/categoria-producto\/fuentes-de-alimentacion\/fuentes-de-alimentacion-ultrafinas\/\" class=\"wc-helper-category-item\">\n\t\t\t\t\t<img decoding=\"async\" src=\"https:\/\/www.easyledstore.it\/wp-content\/uploads\/2026\/01\/Categoria-Ultra-Slim.jpg\" alt=\"Fuentes de alimentaci\u00f3n ultrafinas\">\n\t\t\t\t\t<h3 class=\"wc-helper-category-name\">Fuentes de alimentaci\u00f3n ultrafinas<\/h3>\n\t\t\t\t<\/a>\n\t\t\t\t\t\t\t<a href=\"https:\/\/www.easyledstore.it\/es\/categoria-producto\/tira-de-led\/\" class=\"wc-helper-category-item\">\n\t\t\t\t\t<img decoding=\"async\" src=\"https:\/\/www.easyledstore.it\/wp-content\/uploads\/2026\/01\/Categoria-Zig-Zag-Esterno.jpg\" alt=\"Tira de LED\">\n\t\t\t\t\t<h3 class=\"wc-helper-category-name\">Tira de LED<\/h3>\n\t\t\t\t<\/a>\n\t\t\t\t\t\t\t<a href=\"https:\/\/www.easyledstore.it\/es\/categoria-producto\/unidades-de-control\/\" class=\"wc-helper-category-item\">\n\t\t\t\t\t<img decoding=\"async\" src=\"https:\/\/www.easyledstore.it\/wp-content\/uploads\/2026\/01\/Centraline-1.jpg\" alt=\"Unidades de control\">\n\t\t\t\t\t<h3 class=\"wc-helper-category-name\">Unidades de control<\/h3>\n\t\t\t\t<\/a>\n\t\t\t\t\t<\/div>\n\t\t<\/div><\/div>\n\n<div class=\"et_pb_divider_1 et_pb_divider et_pb_space et_pb_divider_position_center et_pb_module\"><div class=\"et_pb_divider_internal\"><\/div><\/div>\n<\/div>\n<\/div>\n\n\n<\/div>","protected":false},"excerpt":{"rendered":"<p>M\u00f3dulos Led para Se\u00f1alizaci\u00f3n Doble Cara Carteles Luminosos Letras Encajadas Instalaciones<\/p>\n","protected":false},"author":2,"featured_media":9951,"parent":0,"menu_order":0,"comment_status":"closed","ping_status":"closed","template":"","meta":{"footnotes":""},"class_list":["post-9937","page","type-page","status-publish","has-post-thumbnail","hentry"],"yoast_head":"<!-- This site is optimized with the Yoast SEO plugin v27.3 - https:\/\/yoast.com\/product\/yoast-seo-wordpress\/ -->\n<title>M\u00f3dulos y Accesorios de Se\u00f1alizaci\u00f3n Led - Easyledstore%<\/title>\n<meta name=\"description\" content=\"M\u00f3dulos de se\u00f1alizaci\u00f3n LED, fuentes de alimentaci\u00f3n y accesorios para la tecnolog\u00eda de iluminaci\u00f3n LED. LED para rotulaci\u00f3n en caja, a doble cara y a una cara.\" \/>\n<meta name=\"robots\" content=\"index, follow, max-snippet:-1, max-image-preview:large, max-video-preview:-1\" \/>\n<link rel=\"canonical\" href=\"https:\/\/www.easyledstore.it\/es\/\" \/>\n<meta property=\"og:locale\" content=\"es_ES\" \/>\n<meta property=\"og:type\" content=\"article\" \/>\n<meta property=\"og:title\" content=\"M\u00f3dulos y Accesorios de Se\u00f1alizaci\u00f3n Led - Easyledstore%\" \/>\n<meta property=\"og:description\" content=\"M\u00f3dulos de se\u00f1alizaci\u00f3n LED, fuentes de alimentaci\u00f3n y accesorios para la tecnolog\u00eda de iluminaci\u00f3n LED. LED para rotulaci\u00f3n en caja, a doble cara y a una cara.\" \/>\n<meta property=\"og:url\" content=\"https:\/\/www.easyledstore.it\/es\/\" \/>\n<meta property=\"og:site_name\" content=\"Easyledstore\" \/>\n<meta property=\"article:publisher\" content=\"https:\/\/www.facebook.com\/easyledstore\" \/>\n<meta property=\"article:modified_time\" content=\"2026-02-27T16:29:06+00:00\" \/>\n<meta property=\"og:image\" content=\"https:\/\/www.easyledstore.it\/wp-content\/uploads\/2025\/07\/BG.jpg\" \/>\n\t<meta property=\"og:image:width\" content=\"1080\" \/>\n\t<meta property=\"og:image:height\" content=\"1080\" \/>\n\t<meta property=\"og:image:type\" content=\"image\/jpeg\" \/>\n<meta name=\"twitter:card\" content=\"summary_large_image\" \/>\n<!-- \/ Yoast SEO plugin. -->","yoast_head_json":{"title":"M\u00f3dulos y Accesorios de Se\u00f1alizaci\u00f3n Led - Easyledstore%","description":"M\u00f3dulos de se\u00f1alizaci\u00f3n LED, fuentes de alimentaci\u00f3n y accesorios para la tecnolog\u00eda de iluminaci\u00f3n LED. LED para rotulaci\u00f3n en caja, a doble cara y a una cara.","robots":{"index":"index","follow":"follow","max-snippet":"max-snippet:-1","max-image-preview":"max-image-preview:large","max-video-preview":"max-video-preview:-1"},"canonical":"https:\/\/www.easyledstore.it\/es\/","og_locale":"es_ES","og_type":"article","og_title":"M\u00f3dulos y Accesorios de Se\u00f1alizaci\u00f3n Led - Easyledstore%","og_description":"M\u00f3dulos de se\u00f1alizaci\u00f3n LED, fuentes de alimentaci\u00f3n y accesorios para la tecnolog\u00eda de iluminaci\u00f3n LED. LED para rotulaci\u00f3n en caja, a doble cara y a una cara.","og_url":"https:\/\/www.easyledstore.it\/es\/","og_site_name":"Easyledstore","article_publisher":"https:\/\/www.facebook.com\/easyledstore","article_modified_time":"2026-02-27T16:29:06+00:00","og_image":[{"width":1080,"height":1080,"url":"https:\/\/www.easyledstore.it\/wp-content\/uploads\/2025\/07\/BG.jpg","type":"image\/jpeg"}],"twitter_card":"summary_large_image","schema":{"@context":"https:\/\/schema.org","@graph":[{"@type":"WebPage","@id":"https:\/\/www.easyledstore.it\/es\/","url":"https:\/\/www.easyledstore.it\/es\/","name":"M\u00f3dulos y Accesorios de Se\u00f1alizaci\u00f3n Led - Easyledstore%","isPartOf":{"@id":"https:\/\/www.easyledstore.it\/es\/#website"},"primaryImageOfPage":{"@id":"https:\/\/www.easyledstore.it\/es\/#primaryimage"},"image":{"@id":"https:\/\/www.easyledstore.it\/es\/#primaryimage"},"thumbnailUrl":"https:\/\/www.easyledstore.it\/wp-content\/uploads\/2025\/07\/BG.jpg","datePublished":"2018-03-22T09:57:40+00:00","dateModified":"2026-02-27T16:29:06+00:00","description":"M\u00f3dulos de se\u00f1alizaci\u00f3n LED, fuentes de alimentaci\u00f3n y accesorios para la tecnolog\u00eda de iluminaci\u00f3n LED. LED para rotulaci\u00f3n en caja, a doble cara y a una cara.","breadcrumb":{"@id":"https:\/\/www.easyledstore.it\/es\/#breadcrumb"},"inLanguage":"es","potentialAction":[{"@type":"ReadAction","target":["https:\/\/www.easyledstore.it\/es\/"]}]},{"@type":"ImageObject","inLanguage":"es","@id":"https:\/\/www.easyledstore.it\/es\/#primaryimage","url":"https:\/\/www.easyledstore.it\/wp-content\/uploads\/2025\/07\/BG.jpg","contentUrl":"https:\/\/www.easyledstore.it\/wp-content\/uploads\/2025\/07\/BG.jpg","width":1080,"height":1080},{"@type":"BreadcrumbList","@id":"https:\/\/www.easyledstore.it\/es\/#breadcrumb","itemListElement":[{"@type":"ListItem","position":1,"name":"Home","item":"https:\/\/www.easyledstore.it\/es\/modulos-de-senalizacion-led\/"},{"@type":"ListItem","position":2,"name":"M\u00f3dulos de se\u00f1alizaci\u00f3n LED"}]},{"@type":"WebSite","@id":"https:\/\/www.easyledstore.it\/es\/#website","url":"https:\/\/www.easyledstore.it\/es\/","name":"Easyledstore","description":"Alimentatori e Moduli LED per Insegne Luminose","publisher":{"@id":"https:\/\/www.easyledstore.it\/es\/#organization"},"potentialAction":[{"@type":"SearchAction","target":{"@type":"EntryPoint","urlTemplate":"https:\/\/www.easyledstore.it\/es\/?s={search_term_string}"},"query-input":{"@type":"PropertyValueSpecification","valueRequired":true,"valueName":"search_term_string"}}],"inLanguage":"es"},{"@type":"Organization","@id":"https:\/\/www.easyledstore.it\/es\/#organization","name":"LTC Lighting Trading Company srls","url":"https:\/\/www.easyledstore.it\/es\/","logo":{"@type":"ImageObject","inLanguage":"es","@id":"https:\/\/www.easyledstore.it\/es\/#\/schema\/logo\/image\/","url":"https:\/\/www.easyledstore.it\/wp-content\/uploads\/2018\/03\/Landscape-FullColor-2000.png","contentUrl":"https:\/\/www.easyledstore.it\/wp-content\/uploads\/2018\/03\/Landscape-FullColor-2000.png","width":2000,"height":641,"caption":"LTC Lighting Trading Company srls"},"image":{"@id":"https:\/\/www.easyledstore.it\/es\/#\/schema\/logo\/image\/"},"sameAs":["https:\/\/www.facebook.com\/easyledstore"]}]}},"_links":{"self":[{"href":"https:\/\/www.easyledstore.it\/es\/wp-json\/wp\/v2\/pages\/9937","targetHints":{"allow":["GET"]}}],"collection":[{"href":"https:\/\/www.easyledstore.it\/es\/wp-json\/wp\/v2\/pages"}],"about":[{"href":"https:\/\/www.easyledstore.it\/es\/wp-json\/wp\/v2\/types\/page"}],"author":[{"embeddable":true,"href":"https:\/\/www.easyledstore.it\/es\/wp-json\/wp\/v2\/users\/2"}],"replies":[{"embeddable":true,"href":"https:\/\/www.easyledstore.it\/es\/wp-json\/wp\/v2\/comments?post=9937"}],"version-history":[{"count":11,"href":"https:\/\/www.easyledstore.it\/es\/wp-json\/wp\/v2\/pages\/9937\/revisions"}],"predecessor-version":[{"id":13270,"href":"https:\/\/www.easyledstore.it\/es\/wp-json\/wp\/v2\/pages\/9937\/revisions\/13270"}],"wp:featuredmedia":[{"embeddable":true,"href":"https:\/\/www.easyledstore.it\/es\/wp-json\/wp\/v2\/media\/9951"}],"wp:attachment":[{"href":"https:\/\/www.easyledstore.it\/es\/wp-json\/wp\/v2\/media?parent=9937"}],"curies":[{"name":"wp","href":"https:\/\/api.w.org\/{rel}","templated":true}]}}