{"id":9686,"date":"2025-04-14T16:38:58","date_gmt":"2025-04-14T14:38:58","guid":{"rendered":"https:\/\/www.easyledstore.it\/prodotto\/led-split-neon-natural-white-6mm-led-streifen-und-silikonschlauch\/"},"modified":"2026-01-19T12:39:39","modified_gmt":"2026-01-19T11:39:39","slug":"led-split-neon-natural-white-6mm-led-streifen-und-silikonschlauch","status":"publish","type":"product","link":"https:\/\/www.easyledstore.it\/de\/Produkt\/led-split-neon-natural-white-6mm-led-streifen-und-silikonschlauch\/","title":{"rendered":"LED Split Neon Natural White 6mm &#8211; LED-Streifen und Silikonschlauch"},"content":{"rendered":"<p>LED Split Neon Natural White 6mm &#8211; Komplettset mit LED-Streifen und Silikonschlauch<\/p>\n<p>Die <strong>LED Split Neon Natural White<\/strong> ist eine professionelle dekorative Beleuchtungsl\u00f6sung f\u00fcr alle, die einen kontinuierlichen, eleganten und anpassbaren Lichteffekt w\u00fcnschen. Dieses komplette 10-Meter-Kit enth\u00e4lt einen hochdichten 12-V-LED-Streifen und einen flexiblen Silikonschlauch gleicher L\u00e4nge im Farbton Natural White, mit dem sich geschwungene Formen, leuchtende Schriftz\u00fcge und moderne Dekorationen sowohl f\u00fcr den Innen- als auch f\u00fcr den Au\u00dfenbereich realisieren lassen. <\/p>\n<h2>Was ist LED Split Neon und wof\u00fcr wird es verwendet?<\/h2>\n<p>Im Gegensatz zu herk\u00f6mmlichen LED-Streifen besteht das Split Neon-System aus zwei separaten Elementen: einem flexiblen LED-Streifen mit sehr hoher Leuchtdichte und einem farbigen Silikonschlauch, der als Diffusor dient. Diese Art der Konfiguration garantiert eine kontinuierliche Beleuchtung ohne Fleckenbildung, ideal um neonartige Effekte zu erzeugen, aber mit geringerem Verbrauch und erh\u00f6hter Sicherheit. <\/p>\n<h2>Inhalt des Bausatzes LED Neon Natural White<\/h2>\n<ul>\n<li>10 Meter naturwei\u00dfer 12V-LED-Streifen mit Kleber\u00fcckseite<\/li>\n<li>10 Meter 6&#215;8 mm flexibler Silikonschlauch<\/li>\n<li>Kompatibilit\u00e4t mit Zubeh\u00f6r f\u00fcr Winkelschnitte, Splei\u00dfe und Endst\u00fccke (nicht im Lieferumfang enthalten)<\/li>\n<\/ul>\n<h2>Warum sollten Sie sich f\u00fcr das EasyLEDStore LED Neon Kit entscheiden?<\/h2>\n<ul>\n<li>Kontinuierliches, diffuses Licht ohne visuelle Unterbrechung<\/li>\n<li>Einfache Installation auf gebogenen oder linearen Oberfl\u00e4chen<\/li>\n<li>Hohe Energieeffizienz und lange Lebensdauer<\/li>\n<li>Modernes Design und professionelle Verarbeitung<\/li>\n<li>Kompatibel mit allen Split LED-Zubeh\u00f6rteilen<\/li>\n<\/ul>\n<h2>So montieren Sie das LED Split Neon<\/h2>\n<p>Die Montage des LED Split Neon ist einfach, erfordert aber Pr\u00e4zision. F\u00fcr ein perfektes Ergebnis: <\/p>\n<ol>\n<li>Fr\u00e4sen Sie mit einem geeigneten Fr\u00e4ser eine 6-mm-Rille.<\/li>\n<li>F\u00fchren Sie den LED-Streifen in den Silikonschlauch ein und achten Sie dabei darauf, dass die Kontakte nicht besch\u00e4digt werden.<\/li>\n<li>Befestigen Sie das Rohr in dem so entstandenen Sitz und achten Sie darauf, dass es gut ausgerichtet ist.<\/li>\n<li>Verwenden Sie Eck- und Endbeschl\u00e4ge, um die Installation abzuschlie\u00dfen.<\/li>\n<\/ol>\n<p><img loading=\"lazy\" decoding=\"async\" class=\"alignnone size-full wp-image-4213\" src=\"https:\/\/www.easyledstore.it\/wp-content\/uploads\/2024\/05\/montaggio-led-split-neon.jpg\" alt=\"Montage LED Split Neon Rose Rot\" width=\"640\" height=\"307\" srcset=\"https:\/\/www.easyledstore.it\/wp-content\/uploads\/2024\/05\/montaggio-led-split-neon.jpg 640w, https:\/\/www.easyledstore.it\/wp-content\/uploads\/2024\/05\/montaggio-led-split-neon-480x230.jpg 480w\" sizes=\"(min-width: 0px) and (max-width: 480px) 480px, (min-width: 481px) 640px, 100vw\" \/><\/p>\n<h3 style=\"color: #ff3800;\"><a href=\"https:\/\/www.easyledstore.it\/de\/produktkategorien\/zubehor\/\">Entdecken Sie das kompatible Montagezubeh\u00f6r<\/a><\/h3>\n<h2>Anwendungen von LED Split Neon<\/h2>\n<p>Diese Art der Beleuchtung ist perfekt f\u00fcr:<\/p>\n<ul>\n<li>Herstellung von Leuchtreklamen nach Ma\u00df<\/li>\n<li>Dekorieren von W\u00e4nden, Decken, M\u00f6beln oder Vitrinen<\/li>\n<li>Beleuchtung f\u00fcr Gesch\u00e4ftsr\u00e4ume, Ausstellungsr\u00e4ume und Restaurants<\/li>\n<li>Lichteffekte f\u00fcr Events, Messen, Veranstaltungsorte und St\u00e4nde<\/li>\n<\/ul>\n<h2>Verwandte Produkte und Alternativen<\/h2>\n<ul>\n<li><a href=\"https:\/\/www.easyledstore.it\/?s=split+neon&amp;lang=it\">Entdecken Sie die anderen Farben der LED Split Neon Linie<\/a><\/li>\n<li><a href=\"https:\/\/www.easyledstore.it\/de\/produktkategorien\/zubehor\/\">Zubeh\u00f6r f\u00fcr LEDs: Schnitte, Biegungen, Klemmen<\/a><\/li>\n<li><a href=\"https:\/\/www.easyledstore.it\/?s=neon+flex&amp;lang=it\">Vormontierte Neon Flex<\/a><\/li>\n<\/ul>\n<h2>Weitere Informationen<\/h2>\n<p>Um mehr \u00fcber die LED-Technologie und ihre Vorteile gegen\u00fcber herk\u00f6mmlichem Neon zu erfahren, besuchen Sie diese <a href=\"https:\/\/it.wikipedia.org\/wiki\/LED\" target=\"_blank\" rel=\"nofollow noopener\">Informationsseite auf Wikipedia.<\/a><\/p>\n<p><em>Mit der <strong>Natural White Split Neon LED<\/strong> von EasyLEDStore k\u00f6nnen Sie dem Licht eine Form geben und jeden Raum in eine einzigartige und visuell beeindruckende Umgebung verwandeln.<\/em><\/p>\n","protected":false},"excerpt":{"rendered":"<h2>Split Neon Natural White &#8211; LED-Kit f\u00fcr individuelle Beschriftungen<\/h2>\n<p>Das <strong>Split Neon Natural White<\/strong> ist ein komplettes 10-Meter-Set, das sich ideal f\u00fcr individuelle Leuchtschriften, dekorative Beschilderungen oder kreative Installationen im Innen- und Au\u00dfenbereich eignet. Das System besteht aus LED-Streifen und Silikonschlauch, die separat geliefert werden und maximale Freiheit bei Design und Montage erm\u00f6glichen. <\/p>\n<p>Mit einem konkurrenzf\u00e4higen Preis von <strong>nur 4 \u20ac pro Meter<\/strong> ist dieses Set die perfekte L\u00f6sung f\u00fcr Handwerker, Kreative, Unternehmen oder Lichtdesign-Enthusiasten, die einzigartige und professionelle Projekte realisieren m\u00f6chten.<\/p>\n<h3>Inhalt des Kits<\/h3>\n<ul>\n<li><strong>10 Meter<\/strong> flexibler Silikonschlauch in Naturwei\u00df (Gr\u00f6\u00dfe: 6\u00d78 mm), perfekt zum Einbetten des LED-Streifens und zum Erzielen eines glatten, gleichm\u00e4\u00dfigen Neoneffekts.<\/li>\n<li><strong>10 Meter<\/strong> heller, naturwei\u00dfer LED-Streifen, der bereits mit einer selbstklebenden R\u00fcckseite f\u00fcr eine einfache Anbringung auf glatten Oberfl\u00e4chen ausgestattet ist.<\/li>\n<\/ul>\n<h3>Hauptmerkmale<\/h3>\n<ul>\n<li>Kontinuierliche, punktfreie Beleuchtung dank der High-Density-LED-Technologie.<\/li>\n<li>Haltbarer Silikonschlauch, ideal f\u00fcr Biegungen, Ecken und komplexe Designs.<\/li>\n<li>Kompatibel mit Schneidewerkzeugen f\u00fcr pr\u00e4zise Winkel und professionelle Befestigungen (Zubeh\u00f6r separat erh\u00e4ltlich).<\/li>\n<li>Einfache Installation: F\u00fcgen Sie einfach eine 6 mm breite Rille in das Silikon ein und setzen Sie den LED-Streifen ein.<\/li>\n<\/ul>\n<h3>Zubeh\u00f6r und n\u00fctzliche Ressourcen<\/h3>\n<p>Um Ihre Installation optimal zu vervollst\u00e4ndigen, empfehlen wir Ihnen einige Zubeh\u00f6rteile und Ressourcen:<\/p>\n<ul>\n<li><a href=\"https:\/\/www.easyledstore.it\/prodotto\/punta-per-fresa-6mm\" target=\"_blank\" rel=\"noopener\">6 mm Fr\u00e4ser<\/a> zur Herstellung des Geh\u00e4uses<\/li>\n<li><a href=\"https:\/\/www.easyledstore.it\/categoria-prodotto\/strip-led\/flex-neon-split\/accessori-flex-neon-split\/\">Zubeh\u00f6r<\/a> f\u00fcr die professionelle Verarbeitung<\/li>\n<\/ul>\n<p><strong>Split Neon Natural White<\/strong> eignet sich perfekt f\u00fcr individuelle Schilder, Firmenlogos, Veranstaltungsdekorationen oder Kunstinstallationen. Es bietet Qualit\u00e4t, Vielseitigkeit und eine auff\u00e4llige \u00c4sthetik.<\/p>\n<h2>Entdecken Sie alle verf\u00fcgbaren Varianten<\/h2>\n<ul>\n<li><a href=\"https:\/\/www.easyledstore.it\/prodotto\/led-split-6mm-b\/\">Geteilte LED Blau<\/a><\/li>\n<li><a href=\"https:\/\/www.easyledstore.it\/prodotto\/led-split-6mm-r\/\">Geteilte LED Rot<\/a><\/li>\n<li><a href=\"https:\/\/www.easyledstore.it\/prodotto\/led-split-neon-con-tubo-in-silicone-rose-red-6mm\/\">Split LED Rose Rot<\/a><\/li>\n<li><a href=\"https:\/\/www.easyledstore.it\/prodotto\/led-split-neon-con-tubo-in-silicone-warm-white-6mm\/\">Split LED Warmwei\u00df<\/a><\/li>\n<li><a href=\"https:\/\/www.easyledstore.it\/prodotto\/led-split-neon-con-tubo-in-silicone-natural-white-6mm\/\">Split LED Nat\u00fcrlich Wei\u00df<\/a><\/li>\n<li><a href=\"https:\/\/www.easyledstore.it\/prodotto\/led-split-neon-con-tubo-in-silicone-pure-white-6mm\/\">Split LED Reinwei\u00df<\/a><\/li>\n<li><a href=\"https:\/\/www.easyledstore.it\/prodotto\/led-split-neon-con-tubo-in-silicone-cool-white-6mm\/\">Split LED Kaltwei\u00df<\/a><\/li>\n<li><a href=\"https:\/\/www.easyledstore.it\/prodotto\/led-split-neon-con-tubo-in-silicone-mars-green-6mm\/\">Split LED Mars Gr\u00fcn<\/a><\/li>\n<li><a href=\"https:\/\/www.easyledstore.it\/prodotto\/led-split-6mm-v\/\">Split-LED Gr\u00fcn<\/a><\/li>\n<li><a href=\"https:\/\/www.easyledstore.it\/prodotto\/led-split-neon-con-tubo-in-silicone-ice-blue-6mm\/\">Split LED Eisblau<\/a><\/li>\n<li><a href=\"https:\/\/www.easyledstore.it\/prodotto\/led-split-neon-con-tubo-in-silicone-purple-6mm\/\">Geteilte LED Lila<\/a><\/li>\n<li><a href=\"https:\/\/www.easyledstore.it\/prodotto\/led-split-neon-con-tubo-in-silicone-gold-yellow-6mm\/\">Split LED Gold Gelb<\/a><\/li>\n<li><a href=\"https:\/\/www.easyledstore.it\/prodotto\/led-split-neon-con-tubo-in-silicone-orange-6mm\/\">Geteilte LED Orange<\/a><\/li>\n<li><a href=\"https:\/\/www.easyledstore.it\/prodotto\/led-split-6mm-g\/\">Split LED Zitronengelb<\/a><\/li>\n<li><a href=\"https:\/\/www.easyledstore.it\/prodotto\/led-split-6mm-rs\/\">Geteilte LED Rosa<\/a><\/li>\n<\/ul>\n<p>Spannung: 12V<br \/>\nLED-Streifen Farbe: Naturwei\u00df<br \/>\nTemperatur: 4000K<br \/>\nSilikonfarbe: Naturwei\u00df<br \/>\nWatt pro Meter: 9 W \/ m<br \/>\nLED-Typ: 2835<br \/>\nAnzahl der LEDs \/ Meter: 120<br \/>\nSchutzgrad IP: IP20<\/p>\n","protected":false},"featured_media":9689,"comment_status":"open","ping_status":"closed","template":"","meta":[],"product_brand":[],"product_cat":[1298,1297],"product_tag":[1103,1360,1200,1362],"class_list":{"0":"post-9686","1":"product","2":"type-product","3":"status-publish","4":"has-post-thumbnail","6":"product_cat-flex-led","7":"product_cat-flex-neon-split","8":"product_tag-12v","9":"product_tag-4000k","10":"product_tag-ip20-zertifizierung","11":"product_tag-naturlich-weis","13":"first","14":"instock","15":"taxable","16":"shipping-taxable","17":"purchasable","18":"product-type-simple"},"yoast_head":"<!-- This site is optimized with the Yoast SEO plugin v27.3 - https:\/\/yoast.com\/product\/yoast-seo-wordpress\/ -->\n<title>LED Split Neon Natural White 6mm - LED-Streifen und Silikonschlauch - Easyledstore<\/title>\n<meta name=\"description\" content=\"LED Split Neon Natural White 6mm: Kit mit selbstklebendem LED-Streifen und 10m Silikonschlauch. Perfekt f\u00fcr \u00e4sthetische Installationen. Kaufen Sie es bei EasyLEDStore!\" \/>\n<meta name=\"robots\" content=\"index, follow, max-snippet:-1, max-image-preview:large, max-video-preview:-1\" \/>\n<link rel=\"canonical\" href=\"https:\/\/www.easyledstore.it\/de\/Produkt\/led-split-neon-natural-white-6mm-led-streifen-und-silikonschlauch\/\" \/>\n<meta property=\"og:locale\" content=\"de_DE\" \/>\n<meta property=\"og:type\" content=\"article\" \/>\n<meta property=\"og:title\" content=\"LED Split Neon Natural White 6mm - LED-Streifen und Silikonschlauch - Easyledstore\" \/>\n<meta property=\"og:description\" content=\"LED Split Neon Natural White 6mm: Kit mit selbstklebendem LED-Streifen und 10m Silikonschlauch. Perfekt f\u00fcr \u00e4sthetische Installationen. Kaufen Sie es bei EasyLEDStore!\" \/>\n<meta property=\"og:url\" content=\"https:\/\/www.easyledstore.it\/de\/Produkt\/led-split-neon-natural-white-6mm-led-streifen-und-silikonschlauch\/\" \/>\n<meta property=\"og:site_name\" content=\"Easyledstore\" \/>\n<meta property=\"article:publisher\" content=\"https:\/\/www.facebook.com\/easyledstore\" \/>\n<meta property=\"article:modified_time\" content=\"2026-01-19T11:39:39+00:00\" \/>\n<meta property=\"og:image\" content=\"https:\/\/www.easyledstore.it\/wp-content\/uploads\/2025\/04\/Photoroom-20250611_122147.png\" \/>\n\t<meta property=\"og:image:width\" content=\"800\" \/>\n\t<meta property=\"og:image:height\" content=\"800\" \/>\n\t<meta property=\"og:image:type\" content=\"image\/png\" \/>\n<meta name=\"twitter:card\" content=\"summary_large_image\" \/>\n<meta name=\"twitter:label1\" content=\"Gesch\u00e4tzte Lesezeit\" \/>\n\t<meta name=\"twitter:data1\" content=\"2\u00a0Minute\" \/>\n<!-- \/ Yoast SEO plugin. -->","yoast_head_json":{"title":"LED Split Neon Natural White 6mm - LED-Streifen und Silikonschlauch - Easyledstore","description":"LED Split Neon Natural White 6mm: Kit mit selbstklebendem LED-Streifen und 10m Silikonschlauch. Perfekt f\u00fcr \u00e4sthetische Installationen. Kaufen Sie es bei EasyLEDStore!","robots":{"index":"index","follow":"follow","max-snippet":"max-snippet:-1","max-image-preview":"max-image-preview:large","max-video-preview":"max-video-preview:-1"},"canonical":"https:\/\/www.easyledstore.it\/de\/Produkt\/led-split-neon-natural-white-6mm-led-streifen-und-silikonschlauch\/","og_locale":"de_DE","og_type":"article","og_title":"LED Split Neon Natural White 6mm - LED-Streifen und Silikonschlauch - Easyledstore","og_description":"LED Split Neon Natural White 6mm: Kit mit selbstklebendem LED-Streifen und 10m Silikonschlauch. Perfekt f\u00fcr \u00e4sthetische Installationen. Kaufen Sie es bei EasyLEDStore!","og_url":"https:\/\/www.easyledstore.it\/de\/Produkt\/led-split-neon-natural-white-6mm-led-streifen-und-silikonschlauch\/","og_site_name":"Easyledstore","article_publisher":"https:\/\/www.facebook.com\/easyledstore","article_modified_time":"2026-01-19T11:39:39+00:00","og_image":[{"width":800,"height":800,"url":"https:\/\/www.easyledstore.it\/wp-content\/uploads\/2025\/04\/Photoroom-20250611_122147.png","type":"image\/png"}],"twitter_card":"summary_large_image","twitter_misc":{"Gesch\u00e4tzte Lesezeit":"2\u00a0Minute"},"schema":{"@context":"https:\/\/schema.org","@graph":[{"@type":"WebPage","@id":"https:\/\/www.easyledstore.it\/de\/Produkt\/led-split-neon-natural-white-6mm-led-streifen-und-silikonschlauch\/","url":"https:\/\/www.easyledstore.it\/de\/Produkt\/led-split-neon-natural-white-6mm-led-streifen-und-silikonschlauch\/","name":"LED Split Neon Natural White 6mm - LED-Streifen und Silikonschlauch - Easyledstore","isPartOf":{"@id":"https:\/\/www.easyledstore.it\/de\/#website"},"primaryImageOfPage":{"@id":"https:\/\/www.easyledstore.it\/de\/Produkt\/led-split-neon-natural-white-6mm-led-streifen-und-silikonschlauch\/#primaryimage"},"image":{"@id":"https:\/\/www.easyledstore.it\/de\/Produkt\/led-split-neon-natural-white-6mm-led-streifen-und-silikonschlauch\/#primaryimage"},"thumbnailUrl":"https:\/\/www.easyledstore.it\/wp-content\/uploads\/2025\/04\/Photoroom-20250611_122147.png","datePublished":"2025-04-14T14:38:58+00:00","dateModified":"2026-01-19T11:39:39+00:00","description":"LED Split Neon Natural White 6mm: Kit mit selbstklebendem LED-Streifen und 10m Silikonschlauch. Perfekt f\u00fcr \u00e4sthetische Installationen. Kaufen Sie es bei EasyLEDStore!","breadcrumb":{"@id":"https:\/\/www.easyledstore.it\/de\/Produkt\/led-split-neon-natural-white-6mm-led-streifen-und-silikonschlauch\/#breadcrumb"},"inLanguage":"de","potentialAction":[{"@type":"ReadAction","target":["https:\/\/www.easyledstore.it\/de\/Produkt\/led-split-neon-natural-white-6mm-led-streifen-und-silikonschlauch\/"]}]},{"@type":"ImageObject","inLanguage":"de","@id":"https:\/\/www.easyledstore.it\/de\/Produkt\/led-split-neon-natural-white-6mm-led-streifen-und-silikonschlauch\/#primaryimage","url":"https:\/\/www.easyledstore.it\/wp-content\/uploads\/2025\/04\/Photoroom-20250611_122147.png","contentUrl":"https:\/\/www.easyledstore.it\/wp-content\/uploads\/2025\/04\/Photoroom-20250611_122147.png","width":800,"height":800,"caption":"LED Split Neon 6mm - LED-Streifen und Silikonschlauch"},{"@type":"BreadcrumbList","@id":"https:\/\/www.easyledstore.it\/de\/Produkt\/led-split-neon-natural-white-6mm-led-streifen-und-silikonschlauch\/#breadcrumb","itemListElement":[{"@type":"ListItem","position":1,"name":"Home","item":"https:\/\/www.easyledstore.it\/de\/led-beschilderungsmodule\/"},{"@type":"ListItem","position":2,"name":"IT einkaufen","item":"https:\/\/www.easyledstore.it\/de\/shop\/"},{"@type":"ListItem","position":3,"name":"LED Split Neon Natural White 6mm &#8211; LED-Streifen und Silikonschlauch"}]},{"@type":"WebSite","@id":"https:\/\/www.easyledstore.it\/de\/#website","url":"https:\/\/www.easyledstore.it\/de\/","name":"Easyledstore","description":"Alimentatori e Moduli LED per Insegne Luminose","publisher":{"@id":"https:\/\/www.easyledstore.it\/de\/#organization"},"potentialAction":[{"@type":"SearchAction","target":{"@type":"EntryPoint","urlTemplate":"https:\/\/www.easyledstore.it\/de\/?s={search_term_string}"},"query-input":{"@type":"PropertyValueSpecification","valueRequired":true,"valueName":"search_term_string"}}],"inLanguage":"de"},{"@type":"Organization","@id":"https:\/\/www.easyledstore.it\/de\/#organization","name":"LTC Lighting Trading Company srls","url":"https:\/\/www.easyledstore.it\/de\/","logo":{"@type":"ImageObject","inLanguage":"de","@id":"https:\/\/www.easyledstore.it\/de\/#\/schema\/logo\/image\/","url":"https:\/\/www.easyledstore.it\/wp-content\/uploads\/2018\/03\/Landscape-FullColor-2000.png","contentUrl":"https:\/\/www.easyledstore.it\/wp-content\/uploads\/2018\/03\/Landscape-FullColor-2000.png","width":2000,"height":641,"caption":"LTC Lighting Trading Company srls"},"image":{"@id":"https:\/\/www.easyledstore.it\/de\/#\/schema\/logo\/image\/"},"sameAs":["https:\/\/www.facebook.com\/easyledstore"]}]}},"_links":{"self":[{"href":"https:\/\/www.easyledstore.it\/de\/wp-json\/wp\/v2\/product\/9686","targetHints":{"allow":["GET"]}}],"collection":[{"href":"https:\/\/www.easyledstore.it\/de\/wp-json\/wp\/v2\/product"}],"about":[{"href":"https:\/\/www.easyledstore.it\/de\/wp-json\/wp\/v2\/types\/product"}],"replies":[{"embeddable":true,"href":"https:\/\/www.easyledstore.it\/de\/wp-json\/wp\/v2\/comments?post=9686"}],"wp:featuredmedia":[{"embeddable":true,"href":"https:\/\/www.easyledstore.it\/de\/wp-json\/wp\/v2\/media\/9689"}],"wp:attachment":[{"href":"https:\/\/www.easyledstore.it\/de\/wp-json\/wp\/v2\/media?parent=9686"}],"wp:term":[{"taxonomy":"product_brand","embeddable":true,"href":"https:\/\/www.easyledstore.it\/de\/wp-json\/wp\/v2\/product_brand?post=9686"},{"taxonomy":"product_cat","embeddable":true,"href":"https:\/\/www.easyledstore.it\/de\/wp-json\/wp\/v2\/product_cat?post=9686"},{"taxonomy":"product_tag","embeddable":true,"href":"https:\/\/www.easyledstore.it\/de\/wp-json\/wp\/v2\/product_tag?post=9686"}],"curies":[{"name":"wp","href":"https:\/\/api.w.org\/{rel}","templated":true}]}}