{"id":9653,"date":"2024-12-09T13:02:14","date_gmt":"2024-12-09T12:02:14","guid":{"rendered":"https:\/\/www.easyledstore.it\/prodotto\/led-modul-24v-3000k-hohe-effizienz-100lm-0-72w\/"},"modified":"2026-01-19T12:40:11","modified_gmt":"2026-01-19T11:40:11","slug":"led-modul-24v-3000k-hohe-effizienz-100lm-0-72w","status":"publish","type":"product","link":"https:\/\/www.easyledstore.it\/de\/Produkt\/led-modul-24v-3000k-hohe-effizienz-100lm-0-72w\/","title":{"rendered":"LED-Modul 24V 3000K &#8211; Hohe Effizienz &#8211; 100lm &#8211; 0.72W"},"content":{"rendered":"<p>Hocheffiziente LED 100 lm\/W 0.72W Warm White &#8211; Kompaktheit und W\u00e4rme f\u00fcr Ihre Beschilderung<\/p>\n<p>Dieses LED-Modul mit warmwei\u00dfem Licht (3000K) ist die ideale L\u00f6sung, um gem\u00fctliche und raffinierte Atmosph\u00e4ren zu schaffen. Es wurde f\u00fcr eine gleichm\u00e4\u00dfige und zuverl\u00e4ssige Beleuchtung entwickelt und kombiniert Energieeffizienz, Wetterbest\u00e4ndigkeit und einfache Installation. <\/p>\n<h2>Hauptmerkmale<\/h2>\n<p><strong>Lichtausbeute von 100 lm\/W:<\/strong> Perfekt f\u00fcr brillante, energiesparende Beleuchtung.<\/p>\n<p><strong>175\u00b0-Optik: <\/strong>Sorgt f\u00fcr eine gleichm\u00e4\u00dfige Lichtstreuung, ideal f\u00fcr Kastenbuchstaben und Leuchtk\u00e4sten mit einer Tiefe von 5 bis 25 cm.<\/p>\n<p><strong>Widerstandsf\u00e4higkeit im Au\u00dfenbereich: <\/strong>Dank der Schutzklasse IP68 ist das Ger\u00e4t f\u00fcr Installationen im Au\u00dfenbereich geeignet und garantiert Widerstandsf\u00e4higkeit gegen Staub und Wasser.<\/p>\n<p><strong>Qualit\u00e4tszertifikate:<\/strong> Getestet nach der LM80-Norm und CE-zertifiziert, ein Synonym f\u00fcr Zuverl\u00e4ssigkeit und Sicherheit.<\/p>\n<p><strong>Kompaktes Design: <\/strong>Ausgestattet mit 2 LEDs pro Modul, passt es selbst in die engsten R\u00e4ume.<\/p>\n<h2>Technische Daten<\/h2>\n<ul>\n<li><strong>Abmessungen:<\/strong> 41,5 x 13 x 10,1 mm<\/li>\n<li><strong>Abstrahlwinkel:<\/strong> 175\u00b0<\/li>\n<li><strong>Betriebsspannung: <\/strong>DC 24V<\/li>\n<li><strong>Leistungsaufnahme:<\/strong> 0,72 W pro Modul<\/li>\n<li><strong>Farbtemperatur:<\/strong> 3000K (Warmes Wei\u00df)<\/li>\n<li><strong>Betriebstemperatur:<\/strong> -20\u00b0C bis +45\u00b0C<\/li>\n<li><strong>Lagertemperatur: <\/strong>-30\u00b0C bis +70\u00b0C<\/li>\n<li><strong>Kaskade:<\/strong> Reihenschaltung von bis zu 100 Modulen mit <a href=\"https:\/\/www.easyledstore.it\/de\/produktkategorien\/stromversorgungen\/\">24-V-DC-Stromversorgung<\/a>.<\/li>\n<\/ul>\n<h2>Empfohlene Anwendungen<\/h2>\n<p><strong>Kastenbuchstaben:<\/strong> Ideal f\u00fcr die Gestaltung von Schildern mit warmer, gleichm\u00e4\u00dfiger Beleuchtung.<\/p>\n<p><strong>Leuchtk\u00e4sten:<\/strong> F\u00fcr Projekte, die ein weicheres, gem\u00fctlicheres Licht erfordern.<\/p>\n<p><strong>Installationen im Freien: Die<\/strong> Schutzart IP68 macht ihn perfekt f\u00fcr Au\u00dfenanwendungen unter allen Wetterbedingungen.<\/p>\n<h2>Warum eine hocheffiziente LED?<\/h2>\n<p>Dieses hocheffiziente LED-Modul 100 lm\/W 0,72W Warm White kombiniert fortschrittliche Technologie mit einem warmen Licht, ideal f\u00fcr die Schaffung einer einzigartigen und gem\u00fctlichen Atmosph\u00e4re. Seine Energieeffizienz und Langlebigkeit machen es zu einer ausgezeichneten Wahl f\u00fcr Beleuchtungsprofis. <\/p>\n<p>W\u00e4hlen Sie das Beste f\u00fcr Ihre Projekte und bereichern Sie Ihre Kreationen mit einem professionellen, zuverl\u00e4ssigen und hochwertigen LED-Modul!<\/p>\n","protected":false},"excerpt":{"rendered":"<p>Hocheffizientes LED-Modul 100 lm\/W mit einem Abstrahlwinkel von 175\u00b0. Farbe Warmwei\u00df ab 3000K <\/p>\n","protected":false},"featured_media":9656,"comment_status":"open","ping_status":"closed","template":"","meta":[],"product_brand":[],"product_cat":[1098,1117],"product_tag":[1118,1107,1162,1138,1120,1159,1293,1163,1160,1111,1104,1292,1110],"class_list":{"0":"post-9653","1":"product","2":"type-product","3":"status-publish","4":"has-post-thumbnail","6":"product_cat-led-module","7":"product_cat-led-module-fur-einseitige-beschriftungen-boxen-und-schriftzuge","8":"product_tag-0-72w","9":"product_tag-1107","10":"product_tag-100-lumen","11":"product_tag-175-grad","12":"product_tag-2-led","13":"product_tag-24v","14":"product_tag-3000k","15":"product_tag-5-15cm","16":"product_tag-ip68-zertifiziert","17":"product_tag-ja","18":"product_tag-mit-objektiv","19":"product_tag-warmes-weis","20":"product_tag-weise-leds","22":"first","23":"instock","24":"taxable","25":"shipping-taxable","26":"purchasable","27":"product-type-simple"},"yoast_head":"<!-- This site is optimized with the Yoast SEO plugin v27.3 - https:\/\/yoast.com\/product\/yoast-seo-wordpress\/ -->\n<title>LED hohe Effizienz 100 lm\/W 0.72W Warm White - Easyledstore<\/title>\n<meta name=\"description\" content=\"Hocheffiziente 100 lm\/W 0,72W Warm White LED mit einem Abstrahlwinkel von 175\u00b0. Warmwei\u00dfe Farbe ab 3000K - Schutzart IP68\" \/>\n<meta name=\"robots\" content=\"index, follow, max-snippet:-1, max-image-preview:large, max-video-preview:-1\" \/>\n<link rel=\"canonical\" href=\"https:\/\/www.easyledstore.it\/de\/Produkt\/led-modul-24v-3000k-hohe-effizienz-100lm-0-72w\/\" \/>\n<meta property=\"og:locale\" content=\"de_DE\" \/>\n<meta property=\"og:type\" content=\"article\" \/>\n<meta property=\"og:title\" content=\"LED hohe Effizienz 100 lm\/W 0.72W Warm White - Easyledstore\" \/>\n<meta property=\"og:description\" content=\"Hocheffiziente 100 lm\/W 0,72W Warm White LED mit einem Abstrahlwinkel von 175\u00b0. Warmwei\u00dfe Farbe ab 3000K - Schutzart IP68\" \/>\n<meta property=\"og:url\" content=\"https:\/\/www.easyledstore.it\/de\/Produkt\/led-modul-24v-3000k-hohe-effizienz-100lm-0-72w\/\" \/>\n<meta property=\"og:site_name\" content=\"Easyledstore\" \/>\n<meta property=\"article:publisher\" content=\"https:\/\/www.facebook.com\/easyledstore\" \/>\n<meta property=\"article:modified_time\" content=\"2026-01-19T11:40:11+00:00\" \/>\n<meta property=\"og:image\" content=\"https:\/\/www.easyledstore.it\/wp-content\/uploads\/2024\/12\/3000k-1.png\" \/>\n\t<meta property=\"og:image:width\" content=\"2000\" \/>\n\t<meta property=\"og:image:height\" content=\"2000\" \/>\n\t<meta property=\"og:image:type\" content=\"image\/png\" \/>\n<meta name=\"twitter:card\" content=\"summary_large_image\" \/>\n<meta name=\"twitter:label1\" content=\"Gesch\u00e4tzte Lesezeit\" \/>\n\t<meta name=\"twitter:data1\" content=\"1\u00a0Minute\" \/>\n<!-- \/ Yoast SEO plugin. -->","yoast_head_json":{"title":"LED hohe Effizienz 100 lm\/W 0.72W Warm White - Easyledstore","description":"Hocheffiziente 100 lm\/W 0,72W Warm White LED mit einem Abstrahlwinkel von 175\u00b0. Warmwei\u00dfe Farbe ab 3000K - Schutzart IP68","robots":{"index":"index","follow":"follow","max-snippet":"max-snippet:-1","max-image-preview":"max-image-preview:large","max-video-preview":"max-video-preview:-1"},"canonical":"https:\/\/www.easyledstore.it\/de\/Produkt\/led-modul-24v-3000k-hohe-effizienz-100lm-0-72w\/","og_locale":"de_DE","og_type":"article","og_title":"LED hohe Effizienz 100 lm\/W 0.72W Warm White - Easyledstore","og_description":"Hocheffiziente 100 lm\/W 0,72W Warm White LED mit einem Abstrahlwinkel von 175\u00b0. Warmwei\u00dfe Farbe ab 3000K - Schutzart IP68","og_url":"https:\/\/www.easyledstore.it\/de\/Produkt\/led-modul-24v-3000k-hohe-effizienz-100lm-0-72w\/","og_site_name":"Easyledstore","article_publisher":"https:\/\/www.facebook.com\/easyledstore","article_modified_time":"2026-01-19T11:40:11+00:00","og_image":[{"width":2000,"height":2000,"url":"https:\/\/www.easyledstore.it\/wp-content\/uploads\/2024\/12\/3000k-1.png","type":"image\/png"}],"twitter_card":"summary_large_image","twitter_misc":{"Gesch\u00e4tzte Lesezeit":"1\u00a0Minute"},"schema":{"@context":"https:\/\/schema.org","@graph":[{"@type":"WebPage","@id":"https:\/\/www.easyledstore.it\/de\/Produkt\/led-modul-24v-3000k-hohe-effizienz-100lm-0-72w\/","url":"https:\/\/www.easyledstore.it\/de\/Produkt\/led-modul-24v-3000k-hohe-effizienz-100lm-0-72w\/","name":"LED hohe Effizienz 100 lm\/W 0.72W Warm White - Easyledstore","isPartOf":{"@id":"https:\/\/www.easyledstore.it\/de\/#website"},"primaryImageOfPage":{"@id":"https:\/\/www.easyledstore.it\/de\/Produkt\/led-modul-24v-3000k-hohe-effizienz-100lm-0-72w\/#primaryimage"},"image":{"@id":"https:\/\/www.easyledstore.it\/de\/Produkt\/led-modul-24v-3000k-hohe-effizienz-100lm-0-72w\/#primaryimage"},"thumbnailUrl":"https:\/\/www.easyledstore.it\/wp-content\/uploads\/2024\/12\/3000k-1.png","datePublished":"2024-12-09T12:02:14+00:00","dateModified":"2026-01-19T11:40:11+00:00","description":"Hocheffiziente 100 lm\/W 0,72W Warm White LED mit einem Abstrahlwinkel von 175\u00b0. Warmwei\u00dfe Farbe ab 3000K - Schutzart IP68","breadcrumb":{"@id":"https:\/\/www.easyledstore.it\/de\/Produkt\/led-modul-24v-3000k-hohe-effizienz-100lm-0-72w\/#breadcrumb"},"inLanguage":"de","potentialAction":[{"@type":"ReadAction","target":["https:\/\/www.easyledstore.it\/de\/Produkt\/led-modul-24v-3000k-hohe-effizienz-100lm-0-72w\/"]}]},{"@type":"ImageObject","inLanguage":"de","@id":"https:\/\/www.easyledstore.it\/de\/Produkt\/led-modul-24v-3000k-hohe-effizienz-100lm-0-72w\/#primaryimage","url":"https:\/\/www.easyledstore.it\/wp-content\/uploads\/2024\/12\/3000k-1.png","contentUrl":"https:\/\/www.easyledstore.it\/wp-content\/uploads\/2024\/12\/3000k-1.png","width":2000,"height":2000,"caption":"Led 2 Module 3000K"},{"@type":"BreadcrumbList","@id":"https:\/\/www.easyledstore.it\/de\/Produkt\/led-modul-24v-3000k-hohe-effizienz-100lm-0-72w\/#breadcrumb","itemListElement":[{"@type":"ListItem","position":1,"name":"Home","item":"https:\/\/www.easyledstore.it\/de\/led-beschilderungsmodule\/"},{"@type":"ListItem","position":2,"name":"IT einkaufen","item":"https:\/\/www.easyledstore.it\/de\/shop\/"},{"@type":"ListItem","position":3,"name":"LED-Modul 24V 3000K &#8211; Hohe Effizienz &#8211; 100lm &#8211; 0.72W"}]},{"@type":"WebSite","@id":"https:\/\/www.easyledstore.it\/de\/#website","url":"https:\/\/www.easyledstore.it\/de\/","name":"Easyledstore","description":"Alimentatori e Moduli LED per Insegne Luminose","publisher":{"@id":"https:\/\/www.easyledstore.it\/de\/#organization"},"potentialAction":[{"@type":"SearchAction","target":{"@type":"EntryPoint","urlTemplate":"https:\/\/www.easyledstore.it\/de\/?s={search_term_string}"},"query-input":{"@type":"PropertyValueSpecification","valueRequired":true,"valueName":"search_term_string"}}],"inLanguage":"de"},{"@type":"Organization","@id":"https:\/\/www.easyledstore.it\/de\/#organization","name":"LTC Lighting Trading Company srls","url":"https:\/\/www.easyledstore.it\/de\/","logo":{"@type":"ImageObject","inLanguage":"de","@id":"https:\/\/www.easyledstore.it\/de\/#\/schema\/logo\/image\/","url":"https:\/\/www.easyledstore.it\/wp-content\/uploads\/2018\/03\/Landscape-FullColor-2000.png","contentUrl":"https:\/\/www.easyledstore.it\/wp-content\/uploads\/2018\/03\/Landscape-FullColor-2000.png","width":2000,"height":641,"caption":"LTC Lighting Trading Company srls"},"image":{"@id":"https:\/\/www.easyledstore.it\/de\/#\/schema\/logo\/image\/"},"sameAs":["https:\/\/www.facebook.com\/easyledstore"]}]}},"_links":{"self":[{"href":"https:\/\/www.easyledstore.it\/de\/wp-json\/wp\/v2\/product\/9653","targetHints":{"allow":["GET"]}}],"collection":[{"href":"https:\/\/www.easyledstore.it\/de\/wp-json\/wp\/v2\/product"}],"about":[{"href":"https:\/\/www.easyledstore.it\/de\/wp-json\/wp\/v2\/types\/product"}],"replies":[{"embeddable":true,"href":"https:\/\/www.easyledstore.it\/de\/wp-json\/wp\/v2\/comments?post=9653"}],"wp:featuredmedia":[{"embeddable":true,"href":"https:\/\/www.easyledstore.it\/de\/wp-json\/wp\/v2\/media\/9656"}],"wp:attachment":[{"href":"https:\/\/www.easyledstore.it\/de\/wp-json\/wp\/v2\/media?parent=9653"}],"wp:term":[{"taxonomy":"product_brand","embeddable":true,"href":"https:\/\/www.easyledstore.it\/de\/wp-json\/wp\/v2\/product_brand?post=9653"},{"taxonomy":"product_cat","embeddable":true,"href":"https:\/\/www.easyledstore.it\/de\/wp-json\/wp\/v2\/product_cat?post=9653"},{"taxonomy":"product_tag","embeddable":true,"href":"https:\/\/www.easyledstore.it\/de\/wp-json\/wp\/v2\/product_tag?post=9653"}],"curies":[{"name":"wp","href":"https:\/\/api.w.org\/{rel}","templated":true}]}}