{"id":11387,"date":"2025-09-11T09:48:59","date_gmt":"2025-09-11T07:48:59","guid":{"rendered":"https:\/\/www.easyledstore.it\/prodotto\/novadrive-12v-netzteil-100w-nwp\/"},"modified":"2025-09-11T09:48:59","modified_gmt":"2025-09-11T07:48:59","slug":"novadrive-12v-netzteil-100w-nwp","status":"publish","type":"product","link":"https:\/\/www.easyledstore.it\/de\/Produkt\/novadrive-12v-netzteil-100w-nwp\/","title":{"rendered":"NovaDrive 12V-Netzteil &#8211; 100W &#8211; NWP"},"content":{"rendered":"<p data-start=\"200\" data-end=\"633\">Das<strong data-start=\"202\" data-end=\"268\">nicht wasserdichte Netzteil ND-12V-100W-NWP 12V 100W von Novadrive<\/strong> ist ein Ger\u00e4t, das f\u00fcr Zuverl\u00e4ssigkeit, Stabilit\u00e4t und Sicherheit bei der Stromversorgung von Niederspannungsanlagen sorgt. Mit einem konstanten Ausgang von <strong data-start=\"421\" data-end=\"439\">12V DC &#8211; 8,33A<\/strong> und einer maximalen Ausgangsleistung von <strong data-start=\"465\" data-end=\"473\">100W<\/strong> ist es die ideale L\u00f6sung f\u00fcr die sichere Stromversorgung von <strong data-start=\"527\" data-end=\"630\">LED-Streifen, Leuchtschildern, LED-Modulen, elektronischen Ger\u00e4ten und kleinen Industrieger\u00e4ten<\/strong>. <\/p>\n<p data-start=\"635\" data-end=\"965\">Dieses nicht wasserdichte 12V 100W-Netzteil wurde f\u00fcr den <strong data-start=\"706\" data-end=\"716\">Innenbereich<\/strong> entwickelt und eignet sich daher nicht f\u00fcr die Installation im Freien oder in der N\u00e4he von Wasser und Feuchtigkeit. Seine kompakten Abmessungen von <strong data-start=\"834\" data-end=\"854\">110 x 35 x 80 mm<\/strong> erm\u00f6glichen eine praktische Installation auch auf kleinem Raum, ohne Kompromisse bei Leistung und Zuverl\u00e4ssigkeit einzugehen. <\/p>\n<p data-start=\"967\" data-end=\"1306\">Das Metallgeh\u00e4use sorgt f\u00fcr eine hervorragende W\u00e4rmeableitung und eine lange Lebensdauer, w\u00e4hrend der <strong data-start=\"1060\" data-end=\"1084\">eingebaute<\/strong> Kurzschluss-, \u00dcberlast- und <strong data-start=\"1060\" data-end=\"1084\">\u00dcberhitzungsschutz<\/strong> maximale Sicherheit garantiert. Dank des universellen <strong data-start=\"1203\" data-end=\"1217\">170-250VAC-Eingangs<\/strong> ist es mit Standard-Stromnetzen kompatibel und gew\u00e4hrleistet einen niedrigen Stromverbrauch (1A bei 230V). <\/p>\n<p data-start=\"1308\" data-end=\"1681\">Eine weitere St\u00e4rke des nicht wasserdichten 12V 100W-Netzteils ist seine Stabilit\u00e4t: es h\u00e4lt die Spannung auch bei Lastschwankungen konstant und sch\u00fctzt die angeschlossenen Ger\u00e4te vor Stromst\u00f6\u00dfen. Das macht es perfekt f\u00fcr <strong data-start=\"1560\" data-end=\"1678\">professionelle LED-Installationen, Video\u00fcberwachungssysteme, elektronische Steuerger\u00e4te und kleine Automatisierungssysteme.<\/strong> <\/p>\n<p data-start=\"1683\" data-end=\"1971\">Die Installation ist dank der vorgebohrten Befestigungsl\u00f6cher und der klaren, intuitiven Anschl\u00fcsse einfach. Dank seiner kompakten und robusten Bauweise ist er f\u00fcr den Dauereinsatz geeignet, ohne an Leistung einzub\u00fc\u00dfen, und gew\u00e4hrleistet Zuverl\u00e4ssigkeit sowohl in <strong data-start=\"1937\" data-end=\"1968\">privaten als auch in professionellen<\/strong> Umgebungen. <\/p>\n<p data-start=\"1973\" data-end=\"2235\">Zusammenfassend l\u00e4sst sich sagen, dass das nicht wasserdichte 12V 100W-Netzteil von Novadrive <strong data-start=\"2045\" data-end=\"2083\">Effizienz, Schutz und Komfort<\/strong> in einem kompakten Format vereint. Ein Qualit\u00e4tsprodukt f\u00fcr alle, die eine sichere und langlebige L\u00f6sung f\u00fcr die Stromversorgung ihrer elektronischen Ger\u00e4te suchen. <\/p>\n<p><strong style=\"font-size: 18px;\">Folgen Sie EasyLedStore.co.uk auch auf den sozialen Medien<\/strong><\/p>\n<ul style=\"list-style: none; padding: 0; font-size: 18px;\">\n<li style=\"text-align: left;\"><a href=\"https:\/\/www.instagram.com\/easyledstore.it\" target=\"_blank\" rel=\"noopener noreferrer nofollow\">Instagram &#8211; <\/a><a href=\"https:\/\/www.facebook.com\/easyledstore\" target=\"_blank\" rel=\"noopener noreferrer nofollow\">Facebook &#8211; <\/a><a href=\"https:\/\/www.tiktok.com\/@easyledstore.it\" target=\"_blank\" rel=\"noopener noreferrer nofollow\">TikTok &#8211; <\/a><a href=\"https:\/\/www.youtube.com\/@easyledstore4589\" target=\"_blank\" rel=\"noopener noreferrer nofollow\">YouTube<\/a><\/li>\n<\/ul>\n","protected":false},"excerpt":{"rendered":"<p>12V 100W nicht wasserdichtes Novadrive-Netzteil, ideal f\u00fcr LED-Streifen und elektronische Ger\u00e4te. Ausgang 12V DC 8,33A, integrierte Schutzvorrichtungen und Metallgeh\u00e4use f\u00fcr lange Lebensdauer und Sicherheit. <\/p>\n","protected":false},"featured_media":11315,"comment_status":"open","ping_status":"closed","template":"","meta":[],"product_brand":[],"product_cat":[1189,1846],"product_tag":[1676,1103],"class_list":{"0":"post-11387","1":"product","2":"type-product","3":"status-publish","4":"has-post-thumbnail","6":"product_cat-stromversorgungen","7":"product_cat-stromversorgungen-fur-innenraume","8":"product_tag-100w","9":"product_tag-12v","11":"first","12":"instock","13":"taxable","14":"shipping-taxable","15":"purchasable","16":"product-type-simple"},"yoast_head":"<!-- This site is optimized with the Yoast SEO plugin v27.3 - https:\/\/yoast.com\/product\/yoast-seo-wordpress\/ -->\n<title>NovaDrive 12V-Netzteil - 100W - NWP - Easyledstore<\/title>\n<meta name=\"description\" content=\"12V 100W nicht wasserdichtes Novadrive-Netzteil. 12V DC 8,33A Ausgang, ideal f\u00fcr LEDs und elektronische Ger\u00e4te. Zuverl\u00e4ssig, sicher und einfach zu installieren.\" \/>\n<meta name=\"robots\" content=\"index, follow, max-snippet:-1, max-image-preview:large, max-video-preview:-1\" \/>\n<link rel=\"canonical\" href=\"https:\/\/www.easyledstore.it\/de\/Produkt\/novadrive-12v-netzteil-100w-nwp\/\" \/>\n<meta property=\"og:locale\" content=\"de_DE\" \/>\n<meta property=\"og:type\" content=\"article\" \/>\n<meta property=\"og:title\" content=\"NovaDrive 12V-Netzteil - 100W - NWP - Easyledstore\" \/>\n<meta property=\"og:description\" content=\"12V 100W nicht wasserdichtes Novadrive-Netzteil. 12V DC 8,33A Ausgang, ideal f\u00fcr LEDs und elektronische Ger\u00e4te. Zuverl\u00e4ssig, sicher und einfach zu installieren.\" \/>\n<meta property=\"og:url\" content=\"https:\/\/www.easyledstore.it\/de\/Produkt\/novadrive-12v-netzteil-100w-nwp\/\" \/>\n<meta property=\"og:site_name\" content=\"Easyledstore\" \/>\n<meta property=\"article:publisher\" content=\"https:\/\/www.facebook.com\/easyledstore\" \/>\n<meta property=\"og:image\" content=\"https:\/\/www.easyledstore.it\/wp-content\/uploads\/2025\/08\/100-12v.jpg\" \/>\n\t<meta property=\"og:image:width\" content=\"2000\" \/>\n\t<meta property=\"og:image:height\" content=\"2000\" \/>\n\t<meta property=\"og:image:type\" content=\"image\/jpeg\" \/>\n<meta name=\"twitter:card\" content=\"summary_large_image\" \/>\n<meta name=\"twitter:label1\" content=\"Gesch\u00e4tzte Lesezeit\" \/>\n\t<meta name=\"twitter:data1\" content=\"2\u00a0Minute\" \/>\n<!-- \/ Yoast SEO plugin. -->","yoast_head_json":{"title":"NovaDrive 12V-Netzteil - 100W - NWP - Easyledstore","description":"12V 100W nicht wasserdichtes Novadrive-Netzteil. 12V DC 8,33A Ausgang, ideal f\u00fcr LEDs und elektronische Ger\u00e4te. Zuverl\u00e4ssig, sicher und einfach zu installieren.","robots":{"index":"index","follow":"follow","max-snippet":"max-snippet:-1","max-image-preview":"max-image-preview:large","max-video-preview":"max-video-preview:-1"},"canonical":"https:\/\/www.easyledstore.it\/de\/Produkt\/novadrive-12v-netzteil-100w-nwp\/","og_locale":"de_DE","og_type":"article","og_title":"NovaDrive 12V-Netzteil - 100W - NWP - Easyledstore","og_description":"12V 100W nicht wasserdichtes Novadrive-Netzteil. 12V DC 8,33A Ausgang, ideal f\u00fcr LEDs und elektronische Ger\u00e4te. Zuverl\u00e4ssig, sicher und einfach zu installieren.","og_url":"https:\/\/www.easyledstore.it\/de\/Produkt\/novadrive-12v-netzteil-100w-nwp\/","og_site_name":"Easyledstore","article_publisher":"https:\/\/www.facebook.com\/easyledstore","og_image":[{"width":2000,"height":2000,"url":"https:\/\/www.easyledstore.it\/wp-content\/uploads\/2025\/08\/100-12v.jpg","type":"image\/jpeg"}],"twitter_card":"summary_large_image","twitter_misc":{"Gesch\u00e4tzte Lesezeit":"2\u00a0Minute"},"schema":{"@context":"https:\/\/schema.org","@graph":[{"@type":"WebPage","@id":"https:\/\/www.easyledstore.it\/de\/Produkt\/novadrive-12v-netzteil-100w-nwp\/","url":"https:\/\/www.easyledstore.it\/de\/Produkt\/novadrive-12v-netzteil-100w-nwp\/","name":"NovaDrive 12V-Netzteil - 100W - NWP - Easyledstore","isPartOf":{"@id":"https:\/\/www.easyledstore.it\/de\/#website"},"primaryImageOfPage":{"@id":"https:\/\/www.easyledstore.it\/de\/Produkt\/novadrive-12v-netzteil-100w-nwp\/#primaryimage"},"image":{"@id":"https:\/\/www.easyledstore.it\/de\/Produkt\/novadrive-12v-netzteil-100w-nwp\/#primaryimage"},"thumbnailUrl":"https:\/\/www.easyledstore.it\/wp-content\/uploads\/2025\/08\/100-12v.jpg","datePublished":"2025-09-11T07:48:59+00:00","description":"12V 100W nicht wasserdichtes Novadrive-Netzteil. 12V DC 8,33A Ausgang, ideal f\u00fcr LEDs und elektronische Ger\u00e4te. Zuverl\u00e4ssig, sicher und einfach zu installieren.","breadcrumb":{"@id":"https:\/\/www.easyledstore.it\/de\/Produkt\/novadrive-12v-netzteil-100w-nwp\/#breadcrumb"},"inLanguage":"de","potentialAction":[{"@type":"ReadAction","target":["https:\/\/www.easyledstore.it\/de\/Produkt\/novadrive-12v-netzteil-100w-nwp\/"]}]},{"@type":"ImageObject","inLanguage":"de","@id":"https:\/\/www.easyledstore.it\/de\/Produkt\/novadrive-12v-netzteil-100w-nwp\/#primaryimage","url":"https:\/\/www.easyledstore.it\/wp-content\/uploads\/2025\/08\/100-12v.jpg","contentUrl":"https:\/\/www.easyledstore.it\/wp-content\/uploads\/2025\/08\/100-12v.jpg","width":2000,"height":2000,"caption":"ND-12V-100W-NWP Netzger\u00e4t"},{"@type":"BreadcrumbList","@id":"https:\/\/www.easyledstore.it\/de\/Produkt\/novadrive-12v-netzteil-100w-nwp\/#breadcrumb","itemListElement":[{"@type":"ListItem","position":1,"name":"Home","item":"https:\/\/www.easyledstore.it\/de\/led-beschilderungsmodule\/"},{"@type":"ListItem","position":2,"name":"IT einkaufen","item":"https:\/\/www.easyledstore.it\/de\/shop\/"},{"@type":"ListItem","position":3,"name":"NovaDrive 12V-Netzteil &#8211; 100W &#8211; NWP"}]},{"@type":"WebSite","@id":"https:\/\/www.easyledstore.it\/de\/#website","url":"https:\/\/www.easyledstore.it\/de\/","name":"Easyledstore","description":"Alimentatori e Moduli LED per Insegne Luminose","publisher":{"@id":"https:\/\/www.easyledstore.it\/de\/#organization"},"potentialAction":[{"@type":"SearchAction","target":{"@type":"EntryPoint","urlTemplate":"https:\/\/www.easyledstore.it\/de\/?s={search_term_string}"},"query-input":{"@type":"PropertyValueSpecification","valueRequired":true,"valueName":"search_term_string"}}],"inLanguage":"de"},{"@type":"Organization","@id":"https:\/\/www.easyledstore.it\/de\/#organization","name":"LTC Lighting Trading Company srls","url":"https:\/\/www.easyledstore.it\/de\/","logo":{"@type":"ImageObject","inLanguage":"de","@id":"https:\/\/www.easyledstore.it\/de\/#\/schema\/logo\/image\/","url":"https:\/\/www.easyledstore.it\/wp-content\/uploads\/2018\/03\/Landscape-FullColor-2000.png","contentUrl":"https:\/\/www.easyledstore.it\/wp-content\/uploads\/2018\/03\/Landscape-FullColor-2000.png","width":2000,"height":641,"caption":"LTC Lighting Trading Company srls"},"image":{"@id":"https:\/\/www.easyledstore.it\/de\/#\/schema\/logo\/image\/"},"sameAs":["https:\/\/www.facebook.com\/easyledstore"]}]}},"_links":{"self":[{"href":"https:\/\/www.easyledstore.it\/de\/wp-json\/wp\/v2\/product\/11387","targetHints":{"allow":["GET"]}}],"collection":[{"href":"https:\/\/www.easyledstore.it\/de\/wp-json\/wp\/v2\/product"}],"about":[{"href":"https:\/\/www.easyledstore.it\/de\/wp-json\/wp\/v2\/types\/product"}],"replies":[{"embeddable":true,"href":"https:\/\/www.easyledstore.it\/de\/wp-json\/wp\/v2\/comments?post=11387"}],"wp:featuredmedia":[{"embeddable":true,"href":"https:\/\/www.easyledstore.it\/de\/wp-json\/wp\/v2\/media\/11315"}],"wp:attachment":[{"href":"https:\/\/www.easyledstore.it\/de\/wp-json\/wp\/v2\/media?parent=11387"}],"wp:term":[{"taxonomy":"product_brand","embeddable":true,"href":"https:\/\/www.easyledstore.it\/de\/wp-json\/wp\/v2\/product_brand?post=11387"},{"taxonomy":"product_cat","embeddable":true,"href":"https:\/\/www.easyledstore.it\/de\/wp-json\/wp\/v2\/product_cat?post=11387"},{"taxonomy":"product_tag","embeddable":true,"href":"https:\/\/www.easyledstore.it\/de\/wp-json\/wp\/v2\/product_tag?post=11387"}],"curies":[{"name":"wp","href":"https:\/\/api.w.org\/{rel}","templated":true}]}}