{"id":11289,"date":"2025-09-11T09:21:26","date_gmt":"2025-09-11T07:21:26","guid":{"rendered":"https:\/\/www.easyledstore.it\/prodotto\/novadrive-ultra-slim-netzteil-ultra-slim-60w-12v\/"},"modified":"2025-09-11T09:21:26","modified_gmt":"2025-09-11T07:21:26","slug":"novadrive-ultra-slim-netzteil-ultra-slim-60w-12v","status":"publish","type":"product","link":"https:\/\/www.easyledstore.it\/de\/Produkt\/novadrive-ultra-slim-netzteil-ultra-slim-60w-12v\/","title":{"rendered":"NovaDrive Ultra Slim Netzteil &#8211; Ultra Slim 60W &#8211; 12V"},"content":{"rendered":"<p data-start=\"78\" data-end=\"123\"><strong data-start=\"78\" data-end=\"121\">Ultraslim LED-Netzteil 12V 60W &#8211; 5A<\/strong><\/p>\n<p data-start=\"125\" data-end=\"436\">Das ultraschlanke 12V 60W 5A-Netzteil ist die ideale L\u00f6sung f\u00fcr alle, die Zuverl\u00e4ssigkeit, Sicherheit und Kompaktheit in einem Produkt suchen. Es eignet sich perfekt f\u00fcr die Stromversorgung von LED-Leisten, Lichtmodulen, Werbeschildern und anderen elektronischen 12V-Ger\u00e4ten und garantiert in jeder Situation eine konstante und stabile Spannung. <\/p>\n<p data-start=\"438\" data-end=\"644\">Dank seines <strong data-start=\"448\" data-end=\"486\">ultraflachen Designs (17x17x294 mm)<\/strong> l\u00e4sst er sich auch in sehr kleinen R\u00e4umen wie Aluminiumprofilen, Zwischendecken oder Strukturen, in denen Platz ein kritischer Faktor ist, problemlos installieren.<\/p>\n<p data-start=\"646\" data-end=\"879\">Dieser LED-Transformator liefert <strong data-start=\"680\" data-end=\"712\">60W Leistung (12V DC &#8211; 5A)<\/strong> und verf\u00fcgt \u00fcber fortschrittliche elektronische Schutzvorrichtungen gegen \u00dcberlast, Kurzschluss und \u00dcberhitzung, die einen sicheren Betrieb und eine lange Lebensdauer gew\u00e4hrleisten.<\/p>\n<hr data-start=\"881\" data-end=\"884\">\n<h3 data-start=\"886\" data-end=\"918\"><strong data-start=\"890\" data-end=\"918\">Technische Daten<\/strong><\/h3>\n<ul data-start=\"919\" data-end=\"1174\">\n<li data-start=\"919\" data-end=\"950\">\n<p data-start=\"921\" data-end=\"950\"><strong data-start=\"921\" data-end=\"933\">Modell:<\/strong> ND-12V-60W-SLM<\/p>\n<\/li>\n<li data-start=\"951\" data-end=\"987\">\n<p data-start=\"953\" data-end=\"987\"><strong data-start=\"953\" data-end=\"966\">Eingang:<\/strong> 170-250V AC &#8211; 0,6A<\/p>\n<\/li>\n<li data-start=\"988\" data-end=\"1021\">\n<p data-start=\"990\" data-end=\"1021\"><strong data-start=\"990\" data-end=\"1001\">Ausgang:<\/strong> 12V DC &#8211; 5A &#8211; 60W<\/p>\n<\/li>\n<li data-start=\"1022\" data-end=\"1058\">\n<p data-start=\"1024\" data-end=\"1058\"><strong data-start=\"1024\" data-end=\"1039\">Abmessungen:<\/strong> 17 x 17 x 294 mm<\/p>\n<\/li>\n<li data-start=\"1059\" data-end=\"1119\">\n<p data-start=\"1061\" data-end=\"1119\"><strong data-start=\"1061\" data-end=\"1075\">Struktur:<\/strong> kompakt und ultraschlank, einfach zu integrieren<\/p>\n<\/li>\n<li data-start=\"1120\" data-end=\"1174\">\n<p data-start=\"1122\" data-end=\"1174\"><strong data-start=\"1122\" data-end=\"1137\">Effizienz:<\/strong> hoch, mit reduziertem Verbrauch<\/p>\n<\/li>\n<\/ul>\n<hr data-start=\"1176\" data-end=\"1179\">\n<h3 data-start=\"1181\" data-end=\"1197\"><strong data-start=\"1185\" data-end=\"1197\">Vorteile<\/strong><\/h3>\n<p data-start=\"1198\" data-end=\"1581\">\u2714\ufe0f <strong data-start=\"1201\" data-end=\"1229\">Universelle Kompatibilit\u00e4t<\/strong> mit den meisten 12-V-LED-Streifen und -Lichtmodulen<br data-start=\"1292\" data-end=\"1295\">\u2714\ufe0f <strong data-start=\"1298\" data-end=\"1313\">Schlankes Design<\/strong>, ideal f\u00fcr Installationen auf kleinem Raum<br data-start=\"1356\" data-end=\"1359\">\u2714\ufe0f <strong data-start=\"1362\" data-end=\"1385\">Garantierte Sicherheit<\/strong> dank integrierter Schutzvorrichtungen und Zertifizierungen<br data-start=\"1441\" data-end=\"1444\">\u2714\ufe0f <strong data-start=\"1447\" data-end=\"1460\">Vielseitig einsetzbar<\/strong>, sowohl f\u00fcr professionelle als auch f\u00fcr private Anwendungen<br data-start=\"1517\" data-end=\"1520\">\u2714\ufe0f <strong data-start=\"1523\" data-end=\"1546\">Stabile Leistung<\/strong>, entwickelt f\u00fcr eine lange Lebensdauer<\/p>\n<hr data-start=\"1583\" data-end=\"1586\">\n<p data-start=\"1588\" data-end=\"1799\">Dieses Netzteil ist ideal f\u00fcr <strong data-start=\"1619\" data-end=\"1686\">Leuchtreklamen, Schaufenster, LED-M\u00f6bel und Heimwerkerprojekte<\/strong>. Es ist die perfekte Wahl f\u00fcr alle, die eine gleichm\u00e4\u00dfige, konstante und energieeffiziente Beleuchtung w\u00fcnschen.<\/p>\n<p data-start=\"1801\" data-end=\"1929\">\ud83d\udc49 <strong data-start=\"1804\" data-end=\"1927\">Mit dem ultraschlanken 12V 60W-Netzteil von EasyLedStore.de erhalten Sie ein sicheres, leistungsstarkes und einfach zu handhabendes LED-System!<\/strong><\/p>\n<p><strong style=\"font-size: 18px;\">Folgen Sie EasyLedStore.co.uk auch auf den sozialen Medien<\/strong><\/p>\n<ul style=\"list-style: none; padding: 0; font-size: 18px;\">\n<li style=\"text-align: left;\"><a href=\"https:\/\/www.instagram.com\/easyledstore.it\" target=\"_blank\" rel=\"noopener noreferrer nofollow\">Instagram &#8211; <\/a><a href=\"https:\/\/www.facebook.com\/easyledstore\" target=\"_blank\" rel=\"noopener noreferrer nofollow\">Facebook &#8211; <\/a><a href=\"https:\/\/www.tiktok.com\/@easyledstore.it\" target=\"_blank\" rel=\"noopener noreferrer nofollow\">TikTok &#8211; <\/a><a href=\"https:\/\/www.youtube.com\/@easyledstore4589\" target=\"_blank\" rel=\"noopener noreferrer nofollow\">YouTube<\/a><\/li>\n<\/ul>\n","protected":false},"excerpt":{"rendered":"<p>Ultraflaches 12V 60W 4A-Netzteil mit CE-Zertifizierung, kompaktem Design und \u00dcberlastschutz. Perfekt f\u00fcr LEDs, Schilder und Lichtinstallationen. <\/p>\n","protected":false},"featured_media":11290,"comment_status":"open","ping_status":"closed","template":"","meta":[],"product_brand":[],"product_cat":[1189,1844],"product_tag":[1103,1682],"class_list":{"0":"post-11289","1":"product","2":"type-product","3":"status-publish","4":"has-post-thumbnail","6":"product_cat-stromversorgungen","7":"product_cat-ultraflache-stromversorgungen","8":"product_tag-12v","9":"product_tag-60w","11":"first","12":"onbackorder","13":"taxable","14":"shipping-taxable","15":"purchasable","16":"product-type-simple"},"yoast_head":"<!-- This site is optimized with the Yoast SEO plugin v27.3 - https:\/\/yoast.com\/product\/yoast-seo-wordpress\/ -->\n<title>NovaDrive Ultra Slim Netzteil - Ultra Slim 60W - 12V - Easyledstore<\/title>\n<meta name=\"description\" content=\"Ultraflaches 12V 60W 5A CE-zertifiziertes Netzteil. Ideal f\u00fcr LED-Streifen, Schilder und Lichtmodule. Kompaktes, sicheres und hocheffizientes Design.\" \/>\n<meta name=\"robots\" content=\"index, follow, max-snippet:-1, max-image-preview:large, max-video-preview:-1\" \/>\n<link rel=\"canonical\" href=\"https:\/\/www.easyledstore.it\/de\/Produkt\/novadrive-ultra-slim-netzteil-ultra-slim-60w-12v\/\" \/>\n<meta property=\"og:locale\" content=\"de_DE\" \/>\n<meta property=\"og:type\" content=\"article\" \/>\n<meta property=\"og:title\" content=\"NovaDrive Ultra Slim Netzteil - Ultra Slim 60W - 12V - Easyledstore\" \/>\n<meta property=\"og:description\" content=\"Ultraflaches 12V 60W 5A CE-zertifiziertes Netzteil. Ideal f\u00fcr LED-Streifen, Schilder und Lichtmodule. Kompaktes, sicheres und hocheffizientes Design.\" \/>\n<meta property=\"og:url\" content=\"https:\/\/www.easyledstore.it\/de\/Produkt\/novadrive-ultra-slim-netzteil-ultra-slim-60w-12v\/\" \/>\n<meta property=\"og:site_name\" content=\"Easyledstore\" \/>\n<meta property=\"article:publisher\" content=\"https:\/\/www.facebook.com\/easyledstore\" \/>\n<meta property=\"og:image\" content=\"https:\/\/www.easyledstore.it\/wp-content\/uploads\/2025\/09\/60.jpg\" \/>\n\t<meta property=\"og:image:width\" content=\"2000\" \/>\n\t<meta property=\"og:image:height\" content=\"2000\" \/>\n\t<meta property=\"og:image:type\" content=\"image\/jpeg\" \/>\n<meta name=\"twitter:card\" content=\"summary_large_image\" \/>\n<meta name=\"twitter:label1\" content=\"Gesch\u00e4tzte Lesezeit\" \/>\n\t<meta name=\"twitter:data1\" content=\"1\u00a0Minute\" \/>\n<!-- \/ Yoast SEO plugin. -->","yoast_head_json":{"title":"NovaDrive Ultra Slim Netzteil - Ultra Slim 60W - 12V - Easyledstore","description":"Ultraflaches 12V 60W 5A CE-zertifiziertes Netzteil. Ideal f\u00fcr LED-Streifen, Schilder und Lichtmodule. Kompaktes, sicheres und hocheffizientes Design.","robots":{"index":"index","follow":"follow","max-snippet":"max-snippet:-1","max-image-preview":"max-image-preview:large","max-video-preview":"max-video-preview:-1"},"canonical":"https:\/\/www.easyledstore.it\/de\/Produkt\/novadrive-ultra-slim-netzteil-ultra-slim-60w-12v\/","og_locale":"de_DE","og_type":"article","og_title":"NovaDrive Ultra Slim Netzteil - Ultra Slim 60W - 12V - Easyledstore","og_description":"Ultraflaches 12V 60W 5A CE-zertifiziertes Netzteil. Ideal f\u00fcr LED-Streifen, Schilder und Lichtmodule. Kompaktes, sicheres und hocheffizientes Design.","og_url":"https:\/\/www.easyledstore.it\/de\/Produkt\/novadrive-ultra-slim-netzteil-ultra-slim-60w-12v\/","og_site_name":"Easyledstore","article_publisher":"https:\/\/www.facebook.com\/easyledstore","og_image":[{"width":2000,"height":2000,"url":"https:\/\/www.easyledstore.it\/wp-content\/uploads\/2025\/09\/60.jpg","type":"image\/jpeg"}],"twitter_card":"summary_large_image","twitter_misc":{"Gesch\u00e4tzte Lesezeit":"1\u00a0Minute"},"schema":{"@context":"https:\/\/schema.org","@graph":[{"@type":"WebPage","@id":"https:\/\/www.easyledstore.it\/de\/Produkt\/novadrive-ultra-slim-netzteil-ultra-slim-60w-12v\/","url":"https:\/\/www.easyledstore.it\/de\/Produkt\/novadrive-ultra-slim-netzteil-ultra-slim-60w-12v\/","name":"NovaDrive Ultra Slim Netzteil - Ultra Slim 60W - 12V - Easyledstore","isPartOf":{"@id":"https:\/\/www.easyledstore.it\/de\/#website"},"primaryImageOfPage":{"@id":"https:\/\/www.easyledstore.it\/de\/Produkt\/novadrive-ultra-slim-netzteil-ultra-slim-60w-12v\/#primaryimage"},"image":{"@id":"https:\/\/www.easyledstore.it\/de\/Produkt\/novadrive-ultra-slim-netzteil-ultra-slim-60w-12v\/#primaryimage"},"thumbnailUrl":"https:\/\/www.easyledstore.it\/wp-content\/uploads\/2025\/09\/60.jpg","datePublished":"2025-09-11T07:21:26+00:00","description":"Ultraflaches 12V 60W 5A CE-zertifiziertes Netzteil. Ideal f\u00fcr LED-Streifen, Schilder und Lichtmodule. Kompaktes, sicheres und hocheffizientes Design.","breadcrumb":{"@id":"https:\/\/www.easyledstore.it\/de\/Produkt\/novadrive-ultra-slim-netzteil-ultra-slim-60w-12v\/#breadcrumb"},"inLanguage":"de","potentialAction":[{"@type":"ReadAction","target":["https:\/\/www.easyledstore.it\/de\/Produkt\/novadrive-ultra-slim-netzteil-ultra-slim-60w-12v\/"]}]},{"@type":"ImageObject","inLanguage":"de","@id":"https:\/\/www.easyledstore.it\/de\/Produkt\/novadrive-ultra-slim-netzteil-ultra-slim-60w-12v\/#primaryimage","url":"https:\/\/www.easyledstore.it\/wp-content\/uploads\/2025\/09\/60.jpg","contentUrl":"https:\/\/www.easyledstore.it\/wp-content\/uploads\/2025\/09\/60.jpg","width":2000,"height":2000,"caption":"Alimentatore"},{"@type":"BreadcrumbList","@id":"https:\/\/www.easyledstore.it\/de\/Produkt\/novadrive-ultra-slim-netzteil-ultra-slim-60w-12v\/#breadcrumb","itemListElement":[{"@type":"ListItem","position":1,"name":"Home","item":"https:\/\/www.easyledstore.it\/de\/led-beschilderungsmodule\/"},{"@type":"ListItem","position":2,"name":"IT einkaufen","item":"https:\/\/www.easyledstore.it\/de\/shop\/"},{"@type":"ListItem","position":3,"name":"NovaDrive Ultra Slim Netzteil &#8211; Ultra Slim 60W &#8211; 12V"}]},{"@type":"WebSite","@id":"https:\/\/www.easyledstore.it\/de\/#website","url":"https:\/\/www.easyledstore.it\/de\/","name":"Easyledstore","description":"Alimentatori e Moduli LED per Insegne Luminose","publisher":{"@id":"https:\/\/www.easyledstore.it\/de\/#organization"},"potentialAction":[{"@type":"SearchAction","target":{"@type":"EntryPoint","urlTemplate":"https:\/\/www.easyledstore.it\/de\/?s={search_term_string}"},"query-input":{"@type":"PropertyValueSpecification","valueRequired":true,"valueName":"search_term_string"}}],"inLanguage":"de"},{"@type":"Organization","@id":"https:\/\/www.easyledstore.it\/de\/#organization","name":"LTC Lighting Trading Company srls","url":"https:\/\/www.easyledstore.it\/de\/","logo":{"@type":"ImageObject","inLanguage":"de","@id":"https:\/\/www.easyledstore.it\/de\/#\/schema\/logo\/image\/","url":"https:\/\/www.easyledstore.it\/wp-content\/uploads\/2018\/03\/Landscape-FullColor-2000.png","contentUrl":"https:\/\/www.easyledstore.it\/wp-content\/uploads\/2018\/03\/Landscape-FullColor-2000.png","width":2000,"height":641,"caption":"LTC Lighting Trading Company srls"},"image":{"@id":"https:\/\/www.easyledstore.it\/de\/#\/schema\/logo\/image\/"},"sameAs":["https:\/\/www.facebook.com\/easyledstore"]}]}},"_links":{"self":[{"href":"https:\/\/www.easyledstore.it\/de\/wp-json\/wp\/v2\/product\/11289","targetHints":{"allow":["GET"]}}],"collection":[{"href":"https:\/\/www.easyledstore.it\/de\/wp-json\/wp\/v2\/product"}],"about":[{"href":"https:\/\/www.easyledstore.it\/de\/wp-json\/wp\/v2\/types\/product"}],"replies":[{"embeddable":true,"href":"https:\/\/www.easyledstore.it\/de\/wp-json\/wp\/v2\/comments?post=11289"}],"wp:featuredmedia":[{"embeddable":true,"href":"https:\/\/www.easyledstore.it\/de\/wp-json\/wp\/v2\/media\/11290"}],"wp:attachment":[{"href":"https:\/\/www.easyledstore.it\/de\/wp-json\/wp\/v2\/media?parent=11289"}],"wp:term":[{"taxonomy":"product_brand","embeddable":true,"href":"https:\/\/www.easyledstore.it\/de\/wp-json\/wp\/v2\/product_brand?post=11289"},{"taxonomy":"product_cat","embeddable":true,"href":"https:\/\/www.easyledstore.it\/de\/wp-json\/wp\/v2\/product_cat?post=11289"},{"taxonomy":"product_tag","embeddable":true,"href":"https:\/\/www.easyledstore.it\/de\/wp-json\/wp\/v2\/product_tag?post=11289"}],"curies":[{"name":"wp","href":"https:\/\/api.w.org\/{rel}","templated":true}]}}