{"id":11278,"date":"2025-09-29T10:28:02","date_gmt":"2025-09-29T08:28:02","guid":{"rendered":"https:\/\/www.easyledstore.it\/prodotto\/zigzag-led-streifen-ip20-5-meter-warmweiss\/"},"modified":"2025-09-29T10:28:02","modified_gmt":"2025-09-29T08:28:02","slug":"zigzag-led-streifen-ip20-5-meter-warmweiss","status":"publish","type":"product","link":"https:\/\/www.easyledstore.it\/de\/Produkt\/zigzag-led-streifen-ip20-5-meter-warmweiss\/","title":{"rendered":"ZigZag LED-Streifen &#8211; IP20 &#8211; 5 Meter &#8211; Warmwei\u00df"},"content":{"rendered":"<p><strong>ZigZag LED-Streifen f\u00fcr Innenr\u00e4ume<\/strong><\/p>\n<p>TECHNISCHE DATEN<\/p>\n<ul>\n<li>L\u00e4nge: <strong>5 Meter<\/strong><\/li>\n<li>Spannung: <strong>12<\/strong> V<\/li>\n<li>Farbe: Warmwei\u00df <strong>3000\u00b0K<\/strong><\/li>\n<li>Watt pro Meter: <strong>7,2 W\/m<\/strong><\/li>\n<li>IP-Schutzgrad: <strong>IP20<\/strong><\/li>\n<\/ul>\n","protected":false},"excerpt":{"rendered":"<p>Warmwei\u00dfer 3000K Zick-Zack-LED-Streifen f\u00fcr den Innenbereich &#8211; f\u00fcr Beschilderung und Innendekoration<\/p>\n<p>5-Meter-Rolle<\/p>\n","protected":false},"featured_media":10237,"comment_status":"open","ping_status":"closed","template":"","meta":[],"product_brand":[],"product_cat":[1197,1598,1407],"product_tag":[1103,1293,1409,1200,1320,1292],"class_list":{"0":"post-11278","1":"product","2":"type-product","3":"status-publish","4":"has-post-thumbnail","6":"product_cat-led-streifen","7":"product_cat-zigzag-innen","8":"product_cat-zigzag-streifen","9":"product_tag-12v","10":"product_tag-3000k","11":"product_tag-7-2w-m","12":"product_tag-ip20-zertifizierung","13":"product_tag-reines-weis","14":"product_tag-warmes-weis","16":"first","17":"instock","18":"taxable","19":"shipping-taxable","20":"purchasable","21":"product-type-simple"},"yoast_head":"<!-- This site is optimized with the Yoast SEO plugin v27.3 - https:\/\/yoast.com\/product\/yoast-seo-wordpress\/ -->\n<title>ZigZag LED-Streifen - IP20 - 5 Meter - Warmwei\u00df - Easyledstore<\/title>\n<meta name=\"description\" content=\"Warmwei\u00dfer 3000K ZigZag LED-Streifen f\u00fcr den Innenbereich - f\u00fcr Beschilderung und Innendekoration 5-Meter-Rolle\" \/>\n<meta name=\"robots\" content=\"index, follow, max-snippet:-1, max-image-preview:large, max-video-preview:-1\" \/>\n<link rel=\"canonical\" href=\"https:\/\/www.easyledstore.it\/de\/Produkt\/zigzag-led-streifen-ip20-5-meter-warmweiss\/\" \/>\n<meta property=\"og:locale\" content=\"de_DE\" \/>\n<meta property=\"og:type\" content=\"article\" \/>\n<meta property=\"og:title\" content=\"ZigZag LED-Streifen - IP20 - 5 Meter - Warmwei\u00df - Easyledstore\" \/>\n<meta property=\"og:description\" content=\"Warmwei\u00dfer 3000K ZigZag LED-Streifen f\u00fcr den Innenbereich - f\u00fcr Beschilderung und Innendekoration 5-Meter-Rolle\" \/>\n<meta property=\"og:url\" content=\"https:\/\/www.easyledstore.it\/de\/Produkt\/zigzag-led-streifen-ip20-5-meter-warmweiss\/\" \/>\n<meta property=\"og:site_name\" content=\"Easyledstore\" \/>\n<meta property=\"article:publisher\" content=\"https:\/\/www.facebook.com\/easyledstore\" \/>\n<meta property=\"og:image\" content=\"https:\/\/www.easyledstore.it\/wp-content\/uploads\/2024\/05\/strisciaLed-zigzag-IP20-scaled.jpg\" \/>\n\t<meta property=\"og:image:width\" content=\"2560\" \/>\n\t<meta property=\"og:image:height\" content=\"2560\" \/>\n\t<meta property=\"og:image:type\" content=\"image\/jpeg\" \/>\n<meta name=\"twitter:card\" content=\"summary_large_image\" \/>\n<!-- \/ Yoast SEO plugin. -->","yoast_head_json":{"title":"ZigZag LED-Streifen - IP20 - 5 Meter - Warmwei\u00df - Easyledstore","description":"Warmwei\u00dfer 3000K ZigZag LED-Streifen f\u00fcr den Innenbereich - f\u00fcr Beschilderung und Innendekoration 5-Meter-Rolle","robots":{"index":"index","follow":"follow","max-snippet":"max-snippet:-1","max-image-preview":"max-image-preview:large","max-video-preview":"max-video-preview:-1"},"canonical":"https:\/\/www.easyledstore.it\/de\/Produkt\/zigzag-led-streifen-ip20-5-meter-warmweiss\/","og_locale":"de_DE","og_type":"article","og_title":"ZigZag LED-Streifen - IP20 - 5 Meter - Warmwei\u00df - Easyledstore","og_description":"Warmwei\u00dfer 3000K ZigZag LED-Streifen f\u00fcr den Innenbereich - f\u00fcr Beschilderung und Innendekoration 5-Meter-Rolle","og_url":"https:\/\/www.easyledstore.it\/de\/Produkt\/zigzag-led-streifen-ip20-5-meter-warmweiss\/","og_site_name":"Easyledstore","article_publisher":"https:\/\/www.facebook.com\/easyledstore","og_image":[{"width":2560,"height":2560,"url":"https:\/\/www.easyledstore.it\/wp-content\/uploads\/2024\/05\/strisciaLed-zigzag-IP20-scaled.jpg","type":"image\/jpeg"}],"twitter_card":"summary_large_image","schema":{"@context":"https:\/\/schema.org","@graph":[{"@type":"WebPage","@id":"https:\/\/www.easyledstore.it\/de\/Produkt\/zigzag-led-streifen-ip20-5-meter-warmweiss\/","url":"https:\/\/www.easyledstore.it\/de\/Produkt\/zigzag-led-streifen-ip20-5-meter-warmweiss\/","name":"ZigZag LED-Streifen - IP20 - 5 Meter - Warmwei\u00df - Easyledstore","isPartOf":{"@id":"https:\/\/www.easyledstore.it\/de\/#website"},"primaryImageOfPage":{"@id":"https:\/\/www.easyledstore.it\/de\/Produkt\/zigzag-led-streifen-ip20-5-meter-warmweiss\/#primaryimage"},"image":{"@id":"https:\/\/www.easyledstore.it\/de\/Produkt\/zigzag-led-streifen-ip20-5-meter-warmweiss\/#primaryimage"},"thumbnailUrl":"https:\/\/www.easyledstore.it\/wp-content\/uploads\/2024\/05\/strisciaLed-zigzag-IP20-scaled.jpg","datePublished":"2025-09-29T08:28:02+00:00","description":"Warmwei\u00dfer 3000K ZigZag LED-Streifen f\u00fcr den Innenbereich - f\u00fcr Beschilderung und Innendekoration 5-Meter-Rolle","breadcrumb":{"@id":"https:\/\/www.easyledstore.it\/de\/Produkt\/zigzag-led-streifen-ip20-5-meter-warmweiss\/#breadcrumb"},"inLanguage":"de","potentialAction":[{"@type":"ReadAction","target":["https:\/\/www.easyledstore.it\/de\/Produkt\/zigzag-led-streifen-ip20-5-meter-warmweiss\/"]}]},{"@type":"ImageObject","inLanguage":"de","@id":"https:\/\/www.easyledstore.it\/de\/Produkt\/zigzag-led-streifen-ip20-5-meter-warmweiss\/#primaryimage","url":"https:\/\/www.easyledstore.it\/wp-content\/uploads\/2024\/05\/strisciaLed-zigzag-IP20-scaled.jpg","contentUrl":"https:\/\/www.easyledstore.it\/wp-content\/uploads\/2024\/05\/strisciaLed-zigzag-IP20-scaled.jpg","width":2560,"height":2560,"caption":"ZigZag LED-Streifen IP20 - 5 Meter"},{"@type":"BreadcrumbList","@id":"https:\/\/www.easyledstore.it\/de\/Produkt\/zigzag-led-streifen-ip20-5-meter-warmweiss\/#breadcrumb","itemListElement":[{"@type":"ListItem","position":1,"name":"Home","item":"https:\/\/www.easyledstore.it\/de\/led-beschilderungsmodule\/"},{"@type":"ListItem","position":2,"name":"IT einkaufen","item":"https:\/\/www.easyledstore.it\/de\/shop\/"},{"@type":"ListItem","position":3,"name":"ZigZag LED-Streifen &#8211; IP20 &#8211; 5 Meter &#8211; Warmwei\u00df"}]},{"@type":"WebSite","@id":"https:\/\/www.easyledstore.it\/de\/#website","url":"https:\/\/www.easyledstore.it\/de\/","name":"Easyledstore","description":"Alimentatori e Moduli LED per Insegne Luminose","publisher":{"@id":"https:\/\/www.easyledstore.it\/de\/#organization"},"potentialAction":[{"@type":"SearchAction","target":{"@type":"EntryPoint","urlTemplate":"https:\/\/www.easyledstore.it\/de\/?s={search_term_string}"},"query-input":{"@type":"PropertyValueSpecification","valueRequired":true,"valueName":"search_term_string"}}],"inLanguage":"de"},{"@type":"Organization","@id":"https:\/\/www.easyledstore.it\/de\/#organization","name":"LTC Lighting Trading Company srls","url":"https:\/\/www.easyledstore.it\/de\/","logo":{"@type":"ImageObject","inLanguage":"de","@id":"https:\/\/www.easyledstore.it\/de\/#\/schema\/logo\/image\/","url":"https:\/\/www.easyledstore.it\/wp-content\/uploads\/2018\/03\/Landscape-FullColor-2000.png","contentUrl":"https:\/\/www.easyledstore.it\/wp-content\/uploads\/2018\/03\/Landscape-FullColor-2000.png","width":2000,"height":641,"caption":"LTC Lighting Trading Company srls"},"image":{"@id":"https:\/\/www.easyledstore.it\/de\/#\/schema\/logo\/image\/"},"sameAs":["https:\/\/www.facebook.com\/easyledstore"]}]}},"_links":{"self":[{"href":"https:\/\/www.easyledstore.it\/de\/wp-json\/wp\/v2\/product\/11278","targetHints":{"allow":["GET"]}}],"collection":[{"href":"https:\/\/www.easyledstore.it\/de\/wp-json\/wp\/v2\/product"}],"about":[{"href":"https:\/\/www.easyledstore.it\/de\/wp-json\/wp\/v2\/types\/product"}],"replies":[{"embeddable":true,"href":"https:\/\/www.easyledstore.it\/de\/wp-json\/wp\/v2\/comments?post=11278"}],"wp:featuredmedia":[{"embeddable":true,"href":"https:\/\/www.easyledstore.it\/de\/wp-json\/wp\/v2\/media\/10237"}],"wp:attachment":[{"href":"https:\/\/www.easyledstore.it\/de\/wp-json\/wp\/v2\/media?parent=11278"}],"wp:term":[{"taxonomy":"product_brand","embeddable":true,"href":"https:\/\/www.easyledstore.it\/de\/wp-json\/wp\/v2\/product_brand?post=11278"},{"taxonomy":"product_cat","embeddable":true,"href":"https:\/\/www.easyledstore.it\/de\/wp-json\/wp\/v2\/product_cat?post=11278"},{"taxonomy":"product_tag","embeddable":true,"href":"https:\/\/www.easyledstore.it\/de\/wp-json\/wp\/v2\/product_tag?post=11278"}],"curies":[{"name":"wp","href":"https:\/\/api.w.org\/{rel}","templated":true}]}}