{"id":11271,"date":"2025-09-30T15:12:47","date_gmt":"2025-09-30T13:12:47","guid":{"rendered":"https:\/\/www.easyledstore.it\/prodotto\/led-leiste-fuer-doppelseitigen-leuchtkasten-12v-27w-45-linse-zuschneidbar\/"},"modified":"2025-09-30T15:12:47","modified_gmt":"2025-09-30T13:12:47","slug":"led-leiste-fuer-doppelseitigen-leuchtkasten-12v-27w-45-linse-zuschneidbar","status":"publish","type":"product","link":"https:\/\/www.easyledstore.it\/de\/Produkt\/led-leiste-fuer-doppelseitigen-leuchtkasten-12v-27w-45-linse-zuschneidbar\/","title":{"rendered":"LED-Leiste f\u00fcr doppelseitigen Leuchtkasten 12V 27W &#8211; 45\u00b0 Linse &#8211; Zuschneidbar"},"content":{"rendered":"<p data-start=\"315\" data-end=\"703\">Der <strong data-start=\"318\" data-end=\"362\">doppelseitige LED-Balken 12V 27W<\/strong> wurde ausschlie\u00dflich f\u00fcr eine maximale Lichtleistung bei doppelseitigen Schildern, wie Totems und beidseitig sichtbaren Werbek\u00e4sten, entwickelt. Dank seines kompakten und robusten Designs, 94 cm lang und nur 25 mm breit, bietet dieser LED-Balken Leistung, Pr\u00e4zision und Zuverl\u00e4ssigkeit in einem einzigen professionellen Produkt. <\/p>\n<p data-start=\"705\" data-end=\"1085\">Die Beleuchtungstechnologie basiert auf <strong data-start=\"748\" data-end=\"797\">18 hocheffizienten LEDs mit einer integrierten Linse<\/strong>, die einen gleichm\u00e4\u00dfigen und direkten Lichtstrahl erzeugt. Die 45\u00b0-Linsen\u00f6ffnung wurde speziell f\u00fcr doppelseitige Schilder entwickelt: Sie vermeidet Lichtstreuung, reduziert Schattenbereiche und sorgt daf\u00fcr, dass beide Seiten des Schildes gleichm\u00e4\u00dfig und attraktiv beleuchtet werden. <\/p>\n<p data-start=\"1087\" data-end=\"1434\">Einer der von den Installateuren am meisten gesch\u00e4tzten Vorteile ist die <strong data-start=\"1143\" data-end=\"1199\">M\u00f6glichkeit, die Leiste an jeder einzelnen LED abzuschneiden<\/strong>, eine Funktion, mit der die L\u00e4nge des Moduls perfekt an die tats\u00e4chliche Gr\u00f6\u00dfe des Schildes angepasst werden kann. Das Ergebnis ist eine saubere, abfallfreie Installation mit erheblichen Zeit- und Materialeinsparungen. <\/p>\n<p data-start=\"1436\" data-end=\"1715\">Die Kombination aus <strong data-start=\"1455\" data-end=\"1468\">12V und 27W<\/strong> bietet einen hervorragenden Kompromiss zwischen Energieeffizienz und Lichtleistung. Der niedrige Verbrauch senkt die Betriebskosten, w\u00e4hrend die Leistung daf\u00fcr sorgt, dass das Schild immer hell und gut sichtbar ist, Tag und Nacht. <\/p>\n<p data-start=\"1717\" data-end=\"2047\">Die in die Linse integrierten LEDs sind f\u00fcr eine lange Lebensdauer ausgelegt. Die optimierte W\u00e4rmeableitung sorgt f\u00fcr Stabilit\u00e4t und Zuverl\u00e4ssigkeit auch bei l\u00e4ngerer und intensiver Nutzung. Dies reduziert den Wartungsbedarf und sorgt f\u00fcr ein robustes und kosteneffizientes Produkt im Laufe der Zeit. <\/p>\n<p data-start=\"2049\" data-end=\"2375\">Dank seiner geringen Abmessungen (25 mm Breite) l\u00e4sst sich der LED-Balken auch in d\u00fcnnen doppelseitigen Schildern leicht installieren, ohne dass die Beleuchtungsqualit\u00e4t darunter leidet. Au\u00dferdem ist sie perfekt mit 12 V-Stromversorgungen kompatibel, wodurch sie vielseitig einsetzbar ist und sich leicht in bestehende Designs integrieren l\u00e4sst. <\/p>\n<p data-start=\"2377\" data-end=\"2754\">Zusammenfassend l\u00e4sst sich sagen, dass die <strong data-start=\"2396\" data-end=\"2440\">LED-Leiste f\u00fcr doppelseitige Schilder 12V 27W<\/strong> mit 45\u00b0 Linse, 94 cm lang und an jeder einzelnen LED schneidbar, die ideale L\u00f6sung f\u00fcr alle ist, die helle, professionelle und wirkungsvolle doppelseitige Schilder realisieren m\u00f6chten. Er kombiniert Effizienz, Einsparungen und Qualit\u00e4t und wird so zum Ma\u00dfstab f\u00fcr Installateure und Unternehmen im Werbesektor. <\/p>\n","protected":false},"excerpt":{"rendered":"<p data-start=\"2794\" data-end=\"3101\">Die <strong data-start=\"2797\" data-end=\"2841\">12V 27W doppelseitige LED-Leiste<\/strong> ist die perfekte L\u00f6sung, um doppelseitige Totems und K\u00e4sten gleichm\u00e4\u00dfig und professionell zu beleuchten. Mit einer L\u00e4nge von 94 cm und einer Breite von nur 25 mm besteht er aus 18 LEDs mit einer 45\u00b0-Linse, die das Licht optimal auf beide Seiten streuen. <\/p>\n<p data-start=\"3103\" data-end=\"3465\">Seine Besonderheit besteht darin, dass es <strong data-start=\"3151\" data-end=\"3183\">auf jede einzelne LED zugeschnitten<\/strong> werden kann, wodurch es an die exakte Gr\u00f6\u00dfe des Schildes angepasst werden kann und die Installation einfach und individuell gestaltet wird. Die 12-Volt-Stromversorgung und die 27-Watt-Leistung bieten ein ideales Gleichgewicht zwischen niedrigem Stromverbrauch und hoher Helligkeit, so dass das Schild immer gut sichtbar ist und ins Auge sticht. <\/p>\n<p data-start=\"3467\" data-end=\"3688\">Dank seines speziellen Designs f\u00fcr doppelseitige Schilder gew\u00e4hrleistet dieser LED-Balken Langlebigkeit, Effizienz und Zuverl\u00e4ssigkeit auch im Dauereinsatz und minimiert den Wartungsaufwand.<\/p>\n","protected":false},"featured_media":11272,"comment_status":"open","ping_status":"closed","template":"","meta":[],"product_brand":[],"product_cat":[1478,1837],"product_tag":[1137,1103,1663,1838,1102],"class_list":{"0":"post-11271","1":"product","2":"type-product","3":"status-publish","4":"has-post-thumbnail","6":"product_cat-led-balken","7":"product_cat-leuchtkasten","8":"product_tag-1137","9":"product_tag-12v","10":"product_tag-20-x-45-grad","11":"product_tag-27w-m","12":"product_tag-6500k","14":"first","15":"instock","16":"taxable","17":"shipping-taxable","18":"purchasable","19":"product-type-simple"},"yoast_head":"<!-- This site is optimized with the Yoast SEO plugin v27.3 - https:\/\/yoast.com\/product\/yoast-seo-wordpress\/ -->\n<title>Doppelseitiges Schild LED-Leiste 12V 27W - 45\u00b0 Linse<\/title>\n<meta name=\"description\" content=\"12V 27W LED-Leiste f\u00fcr doppelseitige Schilder, 94cm mit 18 LEDs und 45\u00b0 Linse. Kann auf jede LED zugeschnitten werden, leistungsstark, effizient und geeignet f\u00fcr Totems und Beh\u00e4lter.\" \/>\n<meta name=\"robots\" content=\"index, follow, max-snippet:-1, max-image-preview:large, max-video-preview:-1\" \/>\n<link rel=\"canonical\" href=\"https:\/\/www.easyledstore.it\/de\/Produkt\/led-leiste-fuer-doppelseitigen-leuchtkasten-12v-27w-45-linse-zuschneidbar\/\" \/>\n<meta property=\"og:locale\" content=\"de_DE\" \/>\n<meta property=\"og:type\" content=\"article\" \/>\n<meta property=\"og:title\" content=\"Doppelseitiges Schild LED-Leiste 12V 27W - 45\u00b0 Linse\" \/>\n<meta property=\"og:description\" content=\"12V 27W LED-Leiste f\u00fcr doppelseitige Schilder, 94cm mit 18 LEDs und 45\u00b0 Linse. Kann auf jede LED zugeschnitten werden, leistungsstark, effizient und geeignet f\u00fcr Totems und Beh\u00e4lter.\" \/>\n<meta property=\"og:url\" content=\"https:\/\/www.easyledstore.it\/de\/Produkt\/led-leiste-fuer-doppelseitigen-leuchtkasten-12v-27w-45-linse-zuschneidbar\/\" \/>\n<meta property=\"og:site_name\" content=\"Easyledstore\" \/>\n<meta property=\"article:publisher\" content=\"https:\/\/www.facebook.com\/easyledstore\" \/>\n<meta property=\"og:image\" content=\"https:\/\/www.easyledstore.it\/wp-content\/uploads\/2025\/09\/4-scaled.jpg\" \/>\n\t<meta property=\"og:image:width\" content=\"2560\" \/>\n\t<meta property=\"og:image:height\" content=\"2560\" \/>\n\t<meta property=\"og:image:type\" content=\"image\/jpeg\" \/>\n<meta name=\"twitter:card\" content=\"summary_large_image\" \/>\n<meta name=\"twitter:label1\" content=\"Gesch\u00e4tzte Lesezeit\" \/>\n\t<meta name=\"twitter:data1\" content=\"2\u00a0Minute\" \/>\n<!-- \/ Yoast SEO plugin. -->","yoast_head_json":{"title":"Doppelseitiges Schild LED-Leiste 12V 27W - 45\u00b0 Linse","description":"12V 27W LED-Leiste f\u00fcr doppelseitige Schilder, 94cm mit 18 LEDs und 45\u00b0 Linse. Kann auf jede LED zugeschnitten werden, leistungsstark, effizient und geeignet f\u00fcr Totems und Beh\u00e4lter.","robots":{"index":"index","follow":"follow","max-snippet":"max-snippet:-1","max-image-preview":"max-image-preview:large","max-video-preview":"max-video-preview:-1"},"canonical":"https:\/\/www.easyledstore.it\/de\/Produkt\/led-leiste-fuer-doppelseitigen-leuchtkasten-12v-27w-45-linse-zuschneidbar\/","og_locale":"de_DE","og_type":"article","og_title":"Doppelseitiges Schild LED-Leiste 12V 27W - 45\u00b0 Linse","og_description":"12V 27W LED-Leiste f\u00fcr doppelseitige Schilder, 94cm mit 18 LEDs und 45\u00b0 Linse. Kann auf jede LED zugeschnitten werden, leistungsstark, effizient und geeignet f\u00fcr Totems und Beh\u00e4lter.","og_url":"https:\/\/www.easyledstore.it\/de\/Produkt\/led-leiste-fuer-doppelseitigen-leuchtkasten-12v-27w-45-linse-zuschneidbar\/","og_site_name":"Easyledstore","article_publisher":"https:\/\/www.facebook.com\/easyledstore","og_image":[{"width":2560,"height":2560,"url":"https:\/\/www.easyledstore.it\/wp-content\/uploads\/2025\/09\/4-scaled.jpg","type":"image\/jpeg"}],"twitter_card":"summary_large_image","twitter_misc":{"Gesch\u00e4tzte Lesezeit":"2\u00a0Minute"},"schema":{"@context":"https:\/\/schema.org","@graph":[{"@type":"WebPage","@id":"https:\/\/www.easyledstore.it\/de\/Produkt\/led-leiste-fuer-doppelseitigen-leuchtkasten-12v-27w-45-linse-zuschneidbar\/","url":"https:\/\/www.easyledstore.it\/de\/Produkt\/led-leiste-fuer-doppelseitigen-leuchtkasten-12v-27w-45-linse-zuschneidbar\/","name":"Doppelseitiges Schild LED-Leiste 12V 27W - 45\u00b0 Linse","isPartOf":{"@id":"https:\/\/www.easyledstore.it\/de\/#website"},"primaryImageOfPage":{"@id":"https:\/\/www.easyledstore.it\/de\/Produkt\/led-leiste-fuer-doppelseitigen-leuchtkasten-12v-27w-45-linse-zuschneidbar\/#primaryimage"},"image":{"@id":"https:\/\/www.easyledstore.it\/de\/Produkt\/led-leiste-fuer-doppelseitigen-leuchtkasten-12v-27w-45-linse-zuschneidbar\/#primaryimage"},"thumbnailUrl":"https:\/\/www.easyledstore.it\/wp-content\/uploads\/2025\/09\/4-scaled.jpg","datePublished":"2025-09-30T13:12:47+00:00","description":"12V 27W LED-Leiste f\u00fcr doppelseitige Schilder, 94cm mit 18 LEDs und 45\u00b0 Linse. Kann auf jede LED zugeschnitten werden, leistungsstark, effizient und geeignet f\u00fcr Totems und Beh\u00e4lter.","breadcrumb":{"@id":"https:\/\/www.easyledstore.it\/de\/Produkt\/led-leiste-fuer-doppelseitigen-leuchtkasten-12v-27w-45-linse-zuschneidbar\/#breadcrumb"},"inLanguage":"de","potentialAction":[{"@type":"ReadAction","target":["https:\/\/www.easyledstore.it\/de\/Produkt\/led-leiste-fuer-doppelseitigen-leuchtkasten-12v-27w-45-linse-zuschneidbar\/"]}]},{"@type":"ImageObject","inLanguage":"de","@id":"https:\/\/www.easyledstore.it\/de\/Produkt\/led-leiste-fuer-doppelseitigen-leuchtkasten-12v-27w-45-linse-zuschneidbar\/#primaryimage","url":"https:\/\/www.easyledstore.it\/wp-content\/uploads\/2025\/09\/4-scaled.jpg","contentUrl":"https:\/\/www.easyledstore.it\/wp-content\/uploads\/2025\/09\/4-scaled.jpg","width":2560,"height":2560,"caption":"Barra Led Bifacciale"},{"@type":"BreadcrumbList","@id":"https:\/\/www.easyledstore.it\/de\/Produkt\/led-leiste-fuer-doppelseitigen-leuchtkasten-12v-27w-45-linse-zuschneidbar\/#breadcrumb","itemListElement":[{"@type":"ListItem","position":1,"name":"Home","item":"https:\/\/www.easyledstore.it\/de\/led-beschilderungsmodule\/"},{"@type":"ListItem","position":2,"name":"IT einkaufen","item":"https:\/\/www.easyledstore.it\/de\/shop\/"},{"@type":"ListItem","position":3,"name":"LED-Leiste f\u00fcr doppelseitigen Leuchtkasten 12V 27W &#8211; 45\u00b0 Linse &#8211; Zuschneidbar"}]},{"@type":"WebSite","@id":"https:\/\/www.easyledstore.it\/de\/#website","url":"https:\/\/www.easyledstore.it\/de\/","name":"Easyledstore","description":"Alimentatori e Moduli LED per Insegne Luminose","publisher":{"@id":"https:\/\/www.easyledstore.it\/de\/#organization"},"potentialAction":[{"@type":"SearchAction","target":{"@type":"EntryPoint","urlTemplate":"https:\/\/www.easyledstore.it\/de\/?s={search_term_string}"},"query-input":{"@type":"PropertyValueSpecification","valueRequired":true,"valueName":"search_term_string"}}],"inLanguage":"de"},{"@type":"Organization","@id":"https:\/\/www.easyledstore.it\/de\/#organization","name":"LTC Lighting Trading Company srls","url":"https:\/\/www.easyledstore.it\/de\/","logo":{"@type":"ImageObject","inLanguage":"de","@id":"https:\/\/www.easyledstore.it\/de\/#\/schema\/logo\/image\/","url":"https:\/\/www.easyledstore.it\/wp-content\/uploads\/2018\/03\/Landscape-FullColor-2000.png","contentUrl":"https:\/\/www.easyledstore.it\/wp-content\/uploads\/2018\/03\/Landscape-FullColor-2000.png","width":2000,"height":641,"caption":"LTC Lighting Trading Company srls"},"image":{"@id":"https:\/\/www.easyledstore.it\/de\/#\/schema\/logo\/image\/"},"sameAs":["https:\/\/www.facebook.com\/easyledstore"]}]}},"_links":{"self":[{"href":"https:\/\/www.easyledstore.it\/de\/wp-json\/wp\/v2\/product\/11271","targetHints":{"allow":["GET"]}}],"collection":[{"href":"https:\/\/www.easyledstore.it\/de\/wp-json\/wp\/v2\/product"}],"about":[{"href":"https:\/\/www.easyledstore.it\/de\/wp-json\/wp\/v2\/types\/product"}],"replies":[{"embeddable":true,"href":"https:\/\/www.easyledstore.it\/de\/wp-json\/wp\/v2\/comments?post=11271"}],"wp:featuredmedia":[{"embeddable":true,"href":"https:\/\/www.easyledstore.it\/de\/wp-json\/wp\/v2\/media\/11272"}],"wp:attachment":[{"href":"https:\/\/www.easyledstore.it\/de\/wp-json\/wp\/v2\/media?parent=11271"}],"wp:term":[{"taxonomy":"product_brand","embeddable":true,"href":"https:\/\/www.easyledstore.it\/de\/wp-json\/wp\/v2\/product_brand?post=11271"},{"taxonomy":"product_cat","embeddable":true,"href":"https:\/\/www.easyledstore.it\/de\/wp-json\/wp\/v2\/product_cat?post=11271"},{"taxonomy":"product_tag","embeddable":true,"href":"https:\/\/www.easyledstore.it\/de\/wp-json\/wp\/v2\/product_tag?post=11271"}],"curies":[{"name":"wp","href":"https:\/\/api.w.org\/{rel}","templated":true}]}}