{"id":11250,"date":"2025-11-25T16:36:20","date_gmt":"2025-11-25T15:36:20","guid":{"rendered":"https:\/\/www.easyledstore.it\/prodotto\/led-modul-24v-hohe-effizienz-100lm-1w-4000k\/"},"modified":"2025-11-25T16:36:20","modified_gmt":"2025-11-25T15:36:20","slug":"led-modul-24v-hohe-effizienz-100lm-1w-4000k","status":"publish","type":"product","link":"https:\/\/www.easyledstore.it\/de\/Produkt\/led-modul-24v-hohe-effizienz-100lm-1w-4000k\/","title":{"rendered":"LED-Modul 24V &#8211; Hohe Effizienz &#8211; 100lm &#8211; 1W &#8211; 4000k"},"content":{"rendered":"<p>Wenn Sie auf der Suche nach einem zuverl\u00e4ssigen und leistungsstarken <strong>LED 24V High-Efficiency 100 lm\/W Modul<\/strong> f\u00fcr Ihre Beleuchtungsprojekte sind, sind Sie hier genau richtig. Mit einer Lichtausbeute von mehr als 100 lm\/W garantiert dieses Modul eine brillante, homogene und energieeffiziente Beleuchtung, ideal f\u00fcr Innen- und Au\u00dfeninstallationen. <\/p>\n<h2>Hauptmerkmale des LED-Moduls 24V hohe Effizienz 100 lm\/W<\/h2>\n<ul>\n<li><strong>175\u00b0 Linse:<\/strong> die Lichtstreuung ist breit und gleichm\u00e4\u00dfig, perfekt f\u00fcr Briefk\u00e4sten und Schachteln mit einer Tiefe von 5 bis 25 cm.<\/li>\n<li><strong>Hohe Widerstandsf\u00e4higkeit:<\/strong> Schutzart IP68, ideal f\u00fcr Au\u00dfenbereiche und raue Bedingungen. Das Produkt wurde nach dem <strong>LM80-Standard<\/strong> getestet. <\/li>\n<li><strong>CE-Zertifizierung:<\/strong> Entspricht den europ\u00e4ischen Normen und ist ein Synonym f\u00fcr Qualit\u00e4t und Sicherheit.<\/li>\n<li><strong>Kompaktes Design:<\/strong> mit Abmessungen von nur 63,5 x 13 x 10,1 mm, perfekt auch in engen R\u00e4umen.<\/li>\n<\/ul>\n<h2>Technische Daten<\/h2>\n<ul>\n<li><strong>Betriebsspannung:<\/strong> DC 24V<\/li>\n<li><strong>Leistungsaufnahme:<\/strong> 1W pro Modul<\/li>\n<li><strong>Abstrahlwinkel:<\/strong> 175\u00b0<\/li>\n<li><strong>Betriebstemperatur:<\/strong> -20\u00b0C bis +45\u00b0C<\/li>\n<li><strong>Lagertemperatur:<\/strong> -30\u00b0C bis +70\u00b0C<\/li>\n<li><strong>Kaskade:<\/strong> bis zu 100 Module in Reihe schaltbar bei 24V DC<\/li>\n<\/ul>\n<h2>Empfohlene Anwendungen<\/h2>\n<p>Das <strong>LED-Modul 24V hohe Effizienz 100 lm\/W<\/strong> ist perfekt f\u00fcr: <\/p>\n<ul>\n<li>Flache bis mitteltiefe Kastenbuchstaben<\/li>\n<li>Leuchtk\u00e4sten f\u00fcr Werbeschilder<\/li>\n<li>Installationen im Freien, die Regen, Staub und Witterungseinfl\u00fcssen ausgesetzt sind<\/li>\n<\/ul>\n<h2>Empfohlene Netzteile f\u00fcr das LED-Modul<\/h2>\n<p>F\u00fcr einen optimalen und sicheren Betrieb empfehlen wir, dieses LED-Modul mit einem <a href=\"https:\/\/www.easyledstore.it\/de\/produktkategorien\/stromversorgungen\/?av2_pa_voltaggio=251&#038;av2_filter_id=2\" target=\"_blank\" rel=\"noopener\">NovaDrive 24V-Netzteil<\/a> zu kombinieren. Sehen Sie sich unsere Auswahl an <a href=\"https:\/\/www.easyledstore.it\/de\/produktkategorien\/stromversorgungen\/?av2_pa_voltaggio=251&#038;av2_filter_id=2\" target=\"_blank\" rel=\"noopener\">hocheffizienten NovaDrive-Netzteilen<\/a> an, um eine stabile und langlebige Stromversorgung zu gew\u00e4hrleisten. <\/p>\n<h2>Warum dieses LED-Modul w\u00e4hlen<\/h2>\n<p>Kompakt, leistungsstark und effizient: Das 24V-LED-Modul ist eine fortschrittliche L\u00f6sung f\u00fcr alle, die hohe Leistung bei niedrigem Stromverbrauch suchen. Die robuste Konstruktion und die 175\u00b0-Optik garantieren ein gleichm\u00e4\u00dfiges und professionelles Beleuchtungsergebnis und reduzieren langfristig die Wartungskosten und den Verbrauch. <\/p>\n","protected":false},"excerpt":{"rendered":"<p><strong>Hocheffizientes<\/strong> LED-Modul <strong>100 lm\/W<\/strong> &#8211; Ideal f\u00fcr Innen- und Au\u00dfenanwendungen<\/p>\n<ul>\n<li><strong>Abmessungen:<\/strong> 63,5 x 13 x 10,1 mm<\/li>\n<li><strong>Abstrahlwinkel: <\/strong>175\u00b0<\/li>\n<li><strong>Betriebsspannung:<\/strong> DC 24V<\/li>\n<li><strong>Leistungsaufnahme: <\/strong>1W pro Modul<\/li>\n<li><strong>Lichtausbeute:<\/strong> 100 lm\/W (wei\u00df)<\/li>\n<li><strong>Farbtemperatur:<\/strong> 4000K<\/li>\n<\/ul>\n<p>Um einen stabilen und sicheren Betrieb Ihres 24V LED-Moduls zu gew\u00e4hrleisten, empfehlen wir die Verwendung eines hocheffizienten NovaDrive-Netzteils.<br \/>\n<a href=\"https:\/\/www.easyledstore.it\/categoria-prodotto\/alimentatori\/?av2_pa_voltaggio=251&amp;av2_filter_id=2\" target=\"_blank\" rel=\"noopener\">Entdecken Sie hier alle kompatiblen 24V-Netzteile<br \/>\n<\/a><\/p>\n","protected":false},"featured_media":11242,"comment_status":"open","ping_status":"closed","template":"","meta":[],"product_brand":[],"product_cat":[1098,1117],"product_tag":[1107,1162,1138,1139,1159,1158,1360,1163,1160,1111,1101,1104,1362,1110],"class_list":{"0":"post-11250","1":"product","2":"type-product","3":"status-publish","4":"has-post-thumbnail","6":"product_cat-led-module","7":"product_cat-led-module-fur-einseitige-beschriftungen-boxen-und-schriftzuge","8":"product_tag-1107","9":"product_tag-100-lumen","10":"product_tag-175-grad","11":"product_tag-1w","12":"product_tag-24v","13":"product_tag-3-gefuhrt","14":"product_tag-4000k","15":"product_tag-5-15cm","16":"product_tag-ip68-zertifiziert","17":"product_tag-ja","18":"product_tag-kuhles-weis","19":"product_tag-mit-objektiv","20":"product_tag-naturlich-weis","21":"product_tag-weise-leds","23":"first","24":"onbackorder","25":"taxable","26":"shipping-taxable","27":"purchasable","28":"product-type-simple"},"yoast_head":"<!-- This site is optimized with the Yoast SEO plugin v27.3 - https:\/\/yoast.com\/product\/yoast-seo-wordpress\/ -->\n<title>LED-Modul 24V hohe Effizienz 100 lm\/W - Easyledstore<\/title>\n<meta name=\"description\" content=\"LED-Modul 24V hohe Effizienz 100 lm\/W f\u00fcr Schilder und Leuchtk\u00e4sten. Abstrahlwinkel: 175\u00b0. Betriebsspannung: 24V\" \/>\n<meta name=\"robots\" content=\"index, follow, max-snippet:-1, max-image-preview:large, max-video-preview:-1\" \/>\n<link rel=\"canonical\" href=\"https:\/\/www.easyledstore.it\/de\/Produkt\/led-modul-24v-hohe-effizienz-100lm-1w-4000k\/\" \/>\n<meta property=\"og:locale\" content=\"de_DE\" \/>\n<meta property=\"og:type\" content=\"article\" \/>\n<meta property=\"og:title\" content=\"LED-Modul 24V hohe Effizienz 100 lm\/W - Easyledstore\" \/>\n<meta property=\"og:description\" content=\"LED-Modul 24V hohe Effizienz 100 lm\/W f\u00fcr Schilder und Leuchtk\u00e4sten. Abstrahlwinkel: 175\u00b0. Betriebsspannung: 24V\" \/>\n<meta property=\"og:url\" content=\"https:\/\/www.easyledstore.it\/de\/Produkt\/led-modul-24v-hohe-effizienz-100lm-1w-4000k\/\" \/>\n<meta property=\"og:site_name\" content=\"Easyledstore\" \/>\n<meta property=\"article:publisher\" content=\"https:\/\/www.facebook.com\/easyledstore\" \/>\n<meta property=\"og:image\" content=\"https:\/\/www.easyledstore.it\/wp-content\/uploads\/2025\/12\/4000k-1.png\" \/>\n\t<meta property=\"og:image:width\" content=\"2000\" \/>\n\t<meta property=\"og:image:height\" content=\"2000\" \/>\n\t<meta property=\"og:image:type\" content=\"image\/png\" \/>\n<meta name=\"twitter:card\" content=\"summary_large_image\" \/>\n<meta name=\"twitter:label1\" content=\"Gesch\u00e4tzte Lesezeit\" \/>\n\t<meta name=\"twitter:data1\" content=\"1\u00a0Minute\" \/>\n<!-- \/ Yoast SEO plugin. -->","yoast_head_json":{"title":"LED-Modul 24V hohe Effizienz 100 lm\/W - Easyledstore","description":"LED-Modul 24V hohe Effizienz 100 lm\/W f\u00fcr Schilder und Leuchtk\u00e4sten. Abstrahlwinkel: 175\u00b0. Betriebsspannung: 24V","robots":{"index":"index","follow":"follow","max-snippet":"max-snippet:-1","max-image-preview":"max-image-preview:large","max-video-preview":"max-video-preview:-1"},"canonical":"https:\/\/www.easyledstore.it\/de\/Produkt\/led-modul-24v-hohe-effizienz-100lm-1w-4000k\/","og_locale":"de_DE","og_type":"article","og_title":"LED-Modul 24V hohe Effizienz 100 lm\/W - Easyledstore","og_description":"LED-Modul 24V hohe Effizienz 100 lm\/W f\u00fcr Schilder und Leuchtk\u00e4sten. Abstrahlwinkel: 175\u00b0. Betriebsspannung: 24V","og_url":"https:\/\/www.easyledstore.it\/de\/Produkt\/led-modul-24v-hohe-effizienz-100lm-1w-4000k\/","og_site_name":"Easyledstore","article_publisher":"https:\/\/www.facebook.com\/easyledstore","og_image":[{"width":2000,"height":2000,"url":"https:\/\/www.easyledstore.it\/wp-content\/uploads\/2025\/12\/4000k-1.png","type":"image\/png"}],"twitter_card":"summary_large_image","twitter_misc":{"Gesch\u00e4tzte Lesezeit":"1\u00a0Minute"},"schema":{"@context":"https:\/\/schema.org","@graph":[{"@type":"WebPage","@id":"https:\/\/www.easyledstore.it\/de\/Produkt\/led-modul-24v-hohe-effizienz-100lm-1w-4000k\/","url":"https:\/\/www.easyledstore.it\/de\/Produkt\/led-modul-24v-hohe-effizienz-100lm-1w-4000k\/","name":"LED-Modul 24V hohe Effizienz 100 lm\/W - Easyledstore","isPartOf":{"@id":"https:\/\/www.easyledstore.it\/de\/#website"},"primaryImageOfPage":{"@id":"https:\/\/www.easyledstore.it\/de\/Produkt\/led-modul-24v-hohe-effizienz-100lm-1w-4000k\/#primaryimage"},"image":{"@id":"https:\/\/www.easyledstore.it\/de\/Produkt\/led-modul-24v-hohe-effizienz-100lm-1w-4000k\/#primaryimage"},"thumbnailUrl":"https:\/\/www.easyledstore.it\/wp-content\/uploads\/2025\/12\/4000k-1.png","datePublished":"2025-11-25T15:36:20+00:00","description":"LED-Modul 24V hohe Effizienz 100 lm\/W f\u00fcr Schilder und Leuchtk\u00e4sten. Abstrahlwinkel: 175\u00b0. Betriebsspannung: 24V","breadcrumb":{"@id":"https:\/\/www.easyledstore.it\/de\/Produkt\/led-modul-24v-hohe-effizienz-100lm-1w-4000k\/#breadcrumb"},"inLanguage":"de","potentialAction":[{"@type":"ReadAction","target":["https:\/\/www.easyledstore.it\/de\/Produkt\/led-modul-24v-hohe-effizienz-100lm-1w-4000k\/"]}]},{"@type":"ImageObject","inLanguage":"de","@id":"https:\/\/www.easyledstore.it\/de\/Produkt\/led-modul-24v-hohe-effizienz-100lm-1w-4000k\/#primaryimage","url":"https:\/\/www.easyledstore.it\/wp-content\/uploads\/2025\/12\/4000k-1.png","contentUrl":"https:\/\/www.easyledstore.it\/wp-content\/uploads\/2025\/12\/4000k-1.png","width":2000,"height":2000,"caption":"3 Dioden Modul 4000k"},{"@type":"BreadcrumbList","@id":"https:\/\/www.easyledstore.it\/de\/Produkt\/led-modul-24v-hohe-effizienz-100lm-1w-4000k\/#breadcrumb","itemListElement":[{"@type":"ListItem","position":1,"name":"Home","item":"https:\/\/www.easyledstore.it\/de\/led-beschilderungsmodule\/"},{"@type":"ListItem","position":2,"name":"IT einkaufen","item":"https:\/\/www.easyledstore.it\/de\/shop\/"},{"@type":"ListItem","position":3,"name":"LED-Modul 24V &#8211; Hohe Effizienz &#8211; 100lm &#8211; 1W &#8211; 4000k"}]},{"@type":"WebSite","@id":"https:\/\/www.easyledstore.it\/de\/#website","url":"https:\/\/www.easyledstore.it\/de\/","name":"Easyledstore","description":"Alimentatori e Moduli LED per Insegne Luminose","publisher":{"@id":"https:\/\/www.easyledstore.it\/de\/#organization"},"potentialAction":[{"@type":"SearchAction","target":{"@type":"EntryPoint","urlTemplate":"https:\/\/www.easyledstore.it\/de\/?s={search_term_string}"},"query-input":{"@type":"PropertyValueSpecification","valueRequired":true,"valueName":"search_term_string"}}],"inLanguage":"de"},{"@type":"Organization","@id":"https:\/\/www.easyledstore.it\/de\/#organization","name":"LTC Lighting Trading Company srls","url":"https:\/\/www.easyledstore.it\/de\/","logo":{"@type":"ImageObject","inLanguage":"de","@id":"https:\/\/www.easyledstore.it\/de\/#\/schema\/logo\/image\/","url":"https:\/\/www.easyledstore.it\/wp-content\/uploads\/2018\/03\/Landscape-FullColor-2000.png","contentUrl":"https:\/\/www.easyledstore.it\/wp-content\/uploads\/2018\/03\/Landscape-FullColor-2000.png","width":2000,"height":641,"caption":"LTC Lighting Trading Company srls"},"image":{"@id":"https:\/\/www.easyledstore.it\/de\/#\/schema\/logo\/image\/"},"sameAs":["https:\/\/www.facebook.com\/easyledstore"]}]}},"_links":{"self":[{"href":"https:\/\/www.easyledstore.it\/de\/wp-json\/wp\/v2\/product\/11250","targetHints":{"allow":["GET"]}}],"collection":[{"href":"https:\/\/www.easyledstore.it\/de\/wp-json\/wp\/v2\/product"}],"about":[{"href":"https:\/\/www.easyledstore.it\/de\/wp-json\/wp\/v2\/types\/product"}],"replies":[{"embeddable":true,"href":"https:\/\/www.easyledstore.it\/de\/wp-json\/wp\/v2\/comments?post=11250"}],"wp:featuredmedia":[{"embeddable":true,"href":"https:\/\/www.easyledstore.it\/de\/wp-json\/wp\/v2\/media\/11242"}],"wp:attachment":[{"href":"https:\/\/www.easyledstore.it\/de\/wp-json\/wp\/v2\/media?parent=11250"}],"wp:term":[{"taxonomy":"product_brand","embeddable":true,"href":"https:\/\/www.easyledstore.it\/de\/wp-json\/wp\/v2\/product_brand?post=11250"},{"taxonomy":"product_cat","embeddable":true,"href":"https:\/\/www.easyledstore.it\/de\/wp-json\/wp\/v2\/product_cat?post=11250"},{"taxonomy":"product_tag","embeddable":true,"href":"https:\/\/www.easyledstore.it\/de\/wp-json\/wp\/v2\/product_tag?post=11250"}],"curies":[{"name":"wp","href":"https:\/\/api.w.org\/{rel}","templated":true}]}}