{"id":11103,"date":"2025-05-23T16:01:45","date_gmt":"2025-05-23T14:01:45","guid":{"rendered":"https:\/\/www.easyledstore.it\/prodotto\/zigzag-led-streifen-ip65-rot-5-meter\/"},"modified":"2026-04-11T12:26:06","modified_gmt":"2026-04-11T10:26:06","slug":"zigzag-led-streifen-ip65-rot-5-meter","status":"publish","type":"product","link":"https:\/\/www.easyledstore.it\/de\/Produkt\/zigzag-led-streifen-ip65-rot-5-meter\/","title":{"rendered":"ZigZag LED-Streifen &#8211; IP65 &#8211; Rot &#8211; 5 Meter"},"content":{"rendered":"<p>LED-Streifen f\u00fcr drau\u00dfen Zig Zag Rot<\/p>\n<p>TECHNISCHE DATEN<\/p>\n<ul>\n<li>L\u00e4nge: <strong>5 Meter<\/strong><\/li>\n<li>Spannung: <strong>12<\/strong> V<\/li>\n<li>Farbe: Rot<\/li>\n<li>Watt pro Meter: <strong>7,2 W\/m<\/strong><\/li>\n<li>IP-Schutzgrad:<strong> IP65<\/strong><\/li>\n<\/ul>\n","protected":false},"excerpt":{"rendered":"<p>Roter Zick-Zack-LED-Streifen f\u00fcr den Au\u00dfenbereich &#8211; f\u00fcr Beschilderung und Au\u00dfendekoration<\/p>\n","protected":false},"featured_media":9810,"comment_status":"open","ping_status":"closed","template":"","meta":[],"product_brand":[],"product_cat":[1197,1408,1407],"product_tag":[1103,1409,1622,1123,1143],"class_list":{"0":"post-11103","1":"product","2":"type-product","3":"status-publish","4":"has-post-thumbnail","6":"product_cat-led-streifen","7":"product_cat-zigzag-outdoor","8":"product_cat-zigzag-streifen","9":"product_tag-12v","10":"product_tag-7-2w-m","11":"product_tag-farbe-rot","12":"product_tag-farbige-leds","13":"product_tag-ip65-zertifiziert","15":"first","16":"instock","17":"taxable","18":"shipping-taxable","19":"purchasable","20":"product-type-simple"},"yoast_head":"<!-- This site is optimized with the Yoast SEO plugin v27.3 - https:\/\/yoast.com\/product\/yoast-seo-wordpress\/ -->\n<title>ZigZag LED-Streifen - IP65 - Rot - 5 Meter - Easyledstore<\/title>\n<meta name=\"robots\" content=\"index, follow, max-snippet:-1, max-image-preview:large, max-video-preview:-1\" \/>\n<link rel=\"canonical\" href=\"https:\/\/www.easyledstore.it\/de\/Produkt\/zigzag-led-streifen-ip65-rot-5-meter\/\" \/>\n<meta property=\"og:locale\" content=\"de_DE\" \/>\n<meta property=\"og:type\" content=\"article\" \/>\n<meta property=\"og:title\" content=\"ZigZag LED-Streifen - IP65 - Rot - 5 Meter - Easyledstore\" \/>\n<meta property=\"og:description\" content=\"Roter Zick-Zack-LED-Streifen f\u00fcr den Au\u00dfenbereich - f\u00fcr Beschilderung und Au\u00dfendekoration\" \/>\n<meta property=\"og:url\" content=\"https:\/\/www.easyledstore.it\/de\/Produkt\/zigzag-led-streifen-ip65-rot-5-meter\/\" \/>\n<meta property=\"og:site_name\" content=\"Easyledstore\" \/>\n<meta property=\"article:publisher\" content=\"https:\/\/www.facebook.com\/easyledstore\" \/>\n<meta property=\"article:modified_time\" content=\"2026-04-11T10:26:06+00:00\" \/>\n<meta property=\"og:image\" content=\"https:\/\/www.easyledstore.it\/wp-content\/uploads\/2024\/05\/strisciaLed-zigzag-IP65.jpg\" \/>\n\t<meta property=\"og:image:width\" content=\"800\" \/>\n\t<meta property=\"og:image:height\" content=\"800\" \/>\n\t<meta property=\"og:image:type\" content=\"image\/jpeg\" \/>\n<meta name=\"twitter:card\" content=\"summary_large_image\" \/>\n<!-- \/ Yoast SEO plugin. -->","yoast_head_json":{"title":"ZigZag LED-Streifen - IP65 - Rot - 5 Meter - Easyledstore","robots":{"index":"index","follow":"follow","max-snippet":"max-snippet:-1","max-image-preview":"max-image-preview:large","max-video-preview":"max-video-preview:-1"},"canonical":"https:\/\/www.easyledstore.it\/de\/Produkt\/zigzag-led-streifen-ip65-rot-5-meter\/","og_locale":"de_DE","og_type":"article","og_title":"ZigZag LED-Streifen - IP65 - Rot - 5 Meter - Easyledstore","og_description":"Roter Zick-Zack-LED-Streifen f\u00fcr den Au\u00dfenbereich - f\u00fcr Beschilderung und Au\u00dfendekoration","og_url":"https:\/\/www.easyledstore.it\/de\/Produkt\/zigzag-led-streifen-ip65-rot-5-meter\/","og_site_name":"Easyledstore","article_publisher":"https:\/\/www.facebook.com\/easyledstore","article_modified_time":"2026-04-11T10:26:06+00:00","og_image":[{"width":800,"height":800,"url":"https:\/\/www.easyledstore.it\/wp-content\/uploads\/2024\/05\/strisciaLed-zigzag-IP65.jpg","type":"image\/jpeg"}],"twitter_card":"summary_large_image","schema":{"@context":"https:\/\/schema.org","@graph":[{"@type":"WebPage","@id":"https:\/\/www.easyledstore.it\/de\/Produkt\/zigzag-led-streifen-ip65-rot-5-meter\/","url":"https:\/\/www.easyledstore.it\/de\/Produkt\/zigzag-led-streifen-ip65-rot-5-meter\/","name":"ZigZag LED-Streifen - IP65 - Rot - 5 Meter - Easyledstore","isPartOf":{"@id":"https:\/\/www.easyledstore.it\/de\/#website"},"primaryImageOfPage":{"@id":"https:\/\/www.easyledstore.it\/de\/Produkt\/zigzag-led-streifen-ip65-rot-5-meter\/#primaryimage"},"image":{"@id":"https:\/\/www.easyledstore.it\/de\/Produkt\/zigzag-led-streifen-ip65-rot-5-meter\/#primaryimage"},"thumbnailUrl":"https:\/\/www.easyledstore.it\/wp-content\/uploads\/2024\/05\/strisciaLed-zigzag-IP65.jpg","datePublished":"2025-05-23T14:01:45+00:00","dateModified":"2026-04-11T10:26:06+00:00","breadcrumb":{"@id":"https:\/\/www.easyledstore.it\/de\/Produkt\/zigzag-led-streifen-ip65-rot-5-meter\/#breadcrumb"},"inLanguage":"de","potentialAction":[{"@type":"ReadAction","target":["https:\/\/www.easyledstore.it\/de\/Produkt\/zigzag-led-streifen-ip65-rot-5-meter\/"]}]},{"@type":"ImageObject","inLanguage":"de","@id":"https:\/\/www.easyledstore.it\/de\/Produkt\/zigzag-led-streifen-ip65-rot-5-meter\/#primaryimage","url":"https:\/\/www.easyledstore.it\/wp-content\/uploads\/2024\/05\/strisciaLed-zigzag-IP65.jpg","contentUrl":"https:\/\/www.easyledstore.it\/wp-content\/uploads\/2024\/05\/strisciaLed-zigzag-IP65.jpg","width":800,"height":800,"caption":"IP65 ZigZag LED-Streifen - 5 Meter"},{"@type":"BreadcrumbList","@id":"https:\/\/www.easyledstore.it\/de\/Produkt\/zigzag-led-streifen-ip65-rot-5-meter\/#breadcrumb","itemListElement":[{"@type":"ListItem","position":1,"name":"Home","item":"https:\/\/www.easyledstore.it\/de\/led-beschilderungsmodule\/"},{"@type":"ListItem","position":2,"name":"IT einkaufen","item":"https:\/\/www.easyledstore.it\/de\/shop\/"},{"@type":"ListItem","position":3,"name":"ZigZag LED-Streifen &#8211; IP65 &#8211; Rot &#8211; 5 Meter"}]},{"@type":"WebSite","@id":"https:\/\/www.easyledstore.it\/de\/#website","url":"https:\/\/www.easyledstore.it\/de\/","name":"Easyledstore","description":"Alimentatori e Moduli LED per Insegne Luminose","publisher":{"@id":"https:\/\/www.easyledstore.it\/de\/#organization"},"potentialAction":[{"@type":"SearchAction","target":{"@type":"EntryPoint","urlTemplate":"https:\/\/www.easyledstore.it\/de\/?s={search_term_string}"},"query-input":{"@type":"PropertyValueSpecification","valueRequired":true,"valueName":"search_term_string"}}],"inLanguage":"de"},{"@type":"Organization","@id":"https:\/\/www.easyledstore.it\/de\/#organization","name":"LTC Lighting Trading Company srls","url":"https:\/\/www.easyledstore.it\/de\/","logo":{"@type":"ImageObject","inLanguage":"de","@id":"https:\/\/www.easyledstore.it\/de\/#\/schema\/logo\/image\/","url":"https:\/\/www.easyledstore.it\/wp-content\/uploads\/2018\/03\/Landscape-FullColor-2000.png","contentUrl":"https:\/\/www.easyledstore.it\/wp-content\/uploads\/2018\/03\/Landscape-FullColor-2000.png","width":2000,"height":641,"caption":"LTC Lighting Trading Company srls"},"image":{"@id":"https:\/\/www.easyledstore.it\/de\/#\/schema\/logo\/image\/"},"sameAs":["https:\/\/www.facebook.com\/easyledstore"]}]}},"_links":{"self":[{"href":"https:\/\/www.easyledstore.it\/de\/wp-json\/wp\/v2\/product\/11103","targetHints":{"allow":["GET"]}}],"collection":[{"href":"https:\/\/www.easyledstore.it\/de\/wp-json\/wp\/v2\/product"}],"about":[{"href":"https:\/\/www.easyledstore.it\/de\/wp-json\/wp\/v2\/types\/product"}],"replies":[{"embeddable":true,"href":"https:\/\/www.easyledstore.it\/de\/wp-json\/wp\/v2\/comments?post=11103"}],"wp:featuredmedia":[{"embeddable":true,"href":"https:\/\/www.easyledstore.it\/de\/wp-json\/wp\/v2\/media\/9810"}],"wp:attachment":[{"href":"https:\/\/www.easyledstore.it\/de\/wp-json\/wp\/v2\/media?parent=11103"}],"wp:term":[{"taxonomy":"product_brand","embeddable":true,"href":"https:\/\/www.easyledstore.it\/de\/wp-json\/wp\/v2\/product_brand?post=11103"},{"taxonomy":"product_cat","embeddable":true,"href":"https:\/\/www.easyledstore.it\/de\/wp-json\/wp\/v2\/product_cat?post=11103"},{"taxonomy":"product_tag","embeddable":true,"href":"https:\/\/www.easyledstore.it\/de\/wp-json\/wp\/v2\/product_tag?post=11103"}],"curies":[{"name":"wp","href":"https:\/\/api.w.org\/{rel}","templated":true}]}}