{"id":11100,"date":"2025-06-12T14:46:09","date_gmt":"2025-06-12T12:46:09","guid":{"rendered":"https:\/\/www.easyledstore.it\/prodotto\/led-flex-naturweiss-neon-led-6mm-5m\/"},"modified":"2026-03-26T14:13:06","modified_gmt":"2026-03-26T13:13:06","slug":"led-flex-naturweiss-neon-led-6mm-5m","status":"publish","type":"product","link":"https:\/\/www.easyledstore.it\/de\/Produkt\/led-flex-naturweiss-neon-led-6mm-5m\/","title":{"rendered":"LED Flex Naturwei\u00df &#8211; Neon LED 6mm 5m"},"content":{"rendered":"<h2>Flex LED Neon Nat\u00fcrlich Wei\u00df 6mm &#8211; 5 Meter Schlauch<\/h2>\n<p>Bringen Sie Eleganz und Helligkeit in Ihre Projekte mit der <strong>Flex LED Neon Natural White<\/strong>, der 6 mm starken flexiblen R\u00f6hre, die f\u00fcr eine homogene und professionelle Beleuchtung entwickelt wurde. Die nat\u00fcrlich wei\u00dfe Farbe von 4000K ist perfekt f\u00fcr raffinierte Umgebungen, hinterleuchtete Schilder, architektonische Konturen und dekorative L\u00f6sungen im Innen- und Au\u00dfenbereich. <\/p>\n<p>Die 5 Meter lange R\u00f6hre enth\u00e4lt einen hocheffizienten LED-Streifen, der von einem UV-best\u00e4ndigen Silikonmantel gesch\u00fctzt wird. Das ausgestrahlte Licht ist kontinuierlich und gleichm\u00e4\u00dfig, ohne visuelle Unterbrechung. Das Produkt ist wetterfest (IP65) und kann alle 8,3 mm geschnitten werden, so dass es perfekt in jede individuelle Form oder Beschriftung passt.  <\/p>\n<h3>Technische Daten<\/h3>\n<ol>\n<li style=\"list-style-type: none;\">\n<ol>\n<li style=\"list-style-type: none;\">\n<ul>\n<li><strong>L\u00e4nge:<\/strong> 5 Meter<\/li>\n<li><strong>Querschnitt:<\/strong> 6 mm<\/li>\n<li><strong>Farbtemperatur:<\/strong> 4000K (nat\u00fcrliches Wei\u00df)<\/li>\n<li><strong>Betriebsspannung:<\/strong> 12V DC<\/li>\n<li><strong>Leistungsaufnahme:<\/strong> 10W pro Meter<\/li>\n<li><strong>Schutzart:<\/strong> IP65<\/li>\n<li><strong>Zuschneidbar alle:<\/strong> 8,3 mm<\/li>\n<li><strong>Material:<\/strong> Anti-UV-Silikon<\/li>\n<li><strong>Installation:<\/strong> F\u00fcr den Innen- und Au\u00dfenbereich geeignet<\/li>\n<\/ul>\n<\/li>\n<\/ol>\n<\/li>\n<\/ol>\n<p>Diese LED-R\u00f6hre ist die ideale Wahl f\u00fcr alle, die einen eleganten Lichteffekt mit neutralen T\u00f6nen suchen, der die Farben des Raumes nicht ver\u00e4ndert. Ihre flexible Struktur und der Silikonschutz machen sie extrem vielseitig. F\u00fcr eine optimale Leistung und lange Lebensdauer empfehlen wir die Kombination mit einem <a href=\"https:\/\/www.easyledstore.it\/de\/produktkategorien\/stromversorgungen\/\" target=\"_blank\" rel=\"noopener\">kompatiblen LED-Vorschaltger\u00e4t<\/a> mit ausreichender Leistung f\u00fcr die Gesamtlast.  <\/p>\n<p><strong>Flex Natural White<\/strong> ist besonders beliebt bei Architekten, Glasern und Installateuren, die ein Qualit\u00e4tsprodukt f\u00fcr professionelle Projekte w\u00fcnschen. Dank seiner Flexibilit\u00e4t und Schneidef\u00e4higkeit l\u00e4sst es sich auch in komplexen Umgebungen leicht verlegen. <\/p>\n<h3>In vielen Varianten erh\u00e4ltlich<\/h3>\n<p>Entdecken Sie alle Versionen unseres 5 Meter langen Neon Flex 6mm:<\/p>\n<ul>\n<li><a href=\"https:\/\/www.easyledstore.it\/prodotto\/led-neon-flex-rgb-dig-6-mm-5-metri\/\" target=\"_blank\" rel=\"noopener\">RGB Magie Digital<\/a><\/li>\n<li><a href=\"https:\/\/www.easyledstore.it\/prodotto\/led-neon-flex-rgb-6-mm-5-metri\/\" target=\"_blank\" rel=\"noopener\">RGB<\/a><\/li>\n<li><a href=\"https:\/\/www.easyledstore.it\/prodotto\/led-neon-flex-giallo-6-mm-5-metri\/\" target=\"_blank\" rel=\"noopener\">Zitronengelb<\/a><\/li>\n<li><a href=\"https:\/\/www.easyledstore.it\/prodotto\/led-neon-flex-rosa-6-mm-5-metri\/\" target=\"_blank\" rel=\"noopener\">Rosa<\/a><\/li>\n<li><a href=\"https:\/\/www.easyledstore.it\/prodotto\/led-neon-flex-rosso-6-mm-5-metri-2\/\" target=\"_blank\" rel=\"noopener\">Rot<\/a><\/li>\n<li><a href=\"https:\/\/www.easyledstore.it\/prodotto\/led-neon-flex-bianco-caldo-6-mm-5-metri\/\" target=\"_blank\" rel=\"noopener\">Warmes Wei\u00df<\/a><\/li>\n<li><a href=\"https:\/\/www.easyledstore.it\/prodotto\/led-neon-flex-bianco-puro-6-mm-5-metri\/\" target=\"_blank\" rel=\"noopener\">Reines Wei\u00df<\/a><\/li>\n<li><a href=\"https:\/\/www.easyledstore.it\/prodotto\/led-neon-flex-natural-white-6-mm-5-metri\/\" target=\"_blank\" rel=\"noopener\">Nat\u00fcrlich Wei\u00df<\/a><\/li>\n<li><a href=\"https:\/\/www.easyledstore.it\/prodotto\/led-neon-flex-arancione-6-mm-5-metri\/\" target=\"_blank\" rel=\"noopener\">Orange<\/a><\/li>\n<li><a href=\"https:\/\/www.easyledstore.it\/prodotto\/led-neon-flex-blu-6-mm-5-metri\/\" target=\"_blank\" rel=\"noopener\">Blau<\/a><\/li>\n<li><a href=\"https:\/\/www.easyledstore.it\/prodotto\/led-neon-flex-verde-6-mm-5-metri\/\" target=\"_blank\" rel=\"noopener\">Gr\u00fcn<\/a><\/li>\n<\/ul>\n","protected":false},"excerpt":{"rendered":"<h2>LED Neon Flex Naturwei\u00df 6mm &#8211; 5 Meter Rolle<\/h2>\n<p>Die <strong>LED Neon Flex Natural White 6mm<\/strong> ist die ideale L\u00f6sung f\u00fcr alle, die neutrales, elegantes und homogenes Licht suchen. Mit einer Farbtemperatur von 4000K bietet sie eine perfekte nat\u00fcrliche Beleuchtung f\u00fcr Schilder, architektonische Konturen, M\u00f6bel und Schaufenster. <\/p>\n<p>Der flexible, UV-best\u00e4ndige Silikonmantel sch\u00fctzt den LED-Streifen und erm\u00f6glicht die Verwendung im Freien (IP65). Jede Rolle ist 5 Meter lang, hat einen Querschnitt von 6 mm und kann alle 8,3 mm geschnitten werden, um sich jedem Design anzupassen. Der Betrieb mit 12 V Gleichstrom erfordert ein <a href=\"https:\/\/www.easyledstore.it\/categoria-prodotto\/alimentatori\/\" target=\"_blank\" rel=\"noopener\">kompatibles und sicheres LED-Netzteil<\/a>.  <\/p>\n<p>Es ist einfach zu installieren und bietet eine hervorragende Lichtleistung bei geringem Stromverbrauch (10 W\/Meter), wodurch es ideal f\u00fcr Beleuchtungsprofis und anspruchsvolle Hobbyisten ist. Das kontinuierliche Licht vermeidet einen Pinpoint-Effekt und sorgt f\u00fcr eine volle und gleichm\u00e4\u00dfige Lichtlinie. <\/p>\n<p>Perfekt f\u00fcr den Innen- und Au\u00dfenbereich, ist die LED Neon Flex Natural White eine vielseitige und langlebige Wahl. Sehen Sie sich auch die anderen Varianten an: <\/p>\n<ul>\n<li><a href=\"https:\/\/www.easyledstore.it\/prodotto\/led-neon-flex-rgb-dig-6-mm-5-metri\/\" target=\"_blank\" rel=\"noopener\">RGB Magie Digital<\/a><\/li>\n<li><a href=\"https:\/\/www.easyledstore.it\/prodotto\/led-neon-flex-rgb-6-mm-5-metri\/\" target=\"_blank\" rel=\"noopener\">RGB<\/a><\/li>\n<li><a href=\"https:\/\/www.easyledstore.it\/prodotto\/led-neon-flex-giallo-6-mm-5-metri\/\" target=\"_blank\" rel=\"noopener\">Zitronengelb<\/a><\/li>\n<li><a href=\"https:\/\/www.easyledstore.it\/prodotto\/led-neon-flex-rosa-6-mm-5-metri\/\" target=\"_blank\" rel=\"noopener\">Rosa<\/a><\/li>\n<li><a href=\"https:\/\/www.easyledstore.it\/prodotto\/led-neon-flex-rosso-6-mm-5-metri-2\/\" target=\"_blank\" rel=\"noopener\">Rot<\/a><\/li>\n<li><a href=\"https:\/\/www.easyledstore.it\/prodotto\/led-neon-flex-bianco-caldo-6-mm-5-metri\/\" target=\"_blank\" rel=\"noopener\">Warmes Wei\u00df<\/a><\/li>\n<li><a href=\"https:\/\/www.easyledstore.it\/prodotto\/led-neon-flex-bianco-puro-6-mm-5-metri\/\" target=\"_blank\" rel=\"noopener\">Reines Wei\u00df<\/a><\/li>\n<li><a href=\"https:\/\/www.easyledstore.it\/prodotto\/led-neon-flex-natural-white-6-mm-5-metri\/\" target=\"_blank\" rel=\"noopener\">Nat\u00fcrlich Wei\u00df<\/a><\/li>\n<li><a href=\"https:\/\/www.easyledstore.it\/prodotto\/led-neon-flex-arancione-6-mm-5-metri\/\" target=\"_blank\" rel=\"noopener\">Orange<\/a><\/li>\n<li><a href=\"https:\/\/www.easyledstore.it\/prodotto\/led-neon-flex-blu-6-mm-5-metri\/\" target=\"_blank\" rel=\"noopener\">Blau<\/a><\/li>\n<li><a href=\"https:\/\/www.easyledstore.it\/prodotto\/led-neon-flex-verde-6-mm-5-metri\/\" target=\"_blank\" rel=\"noopener\">Gr\u00fcn<\/a><\/li>\n<\/ul>\n","protected":false},"featured_media":10228,"comment_status":"open","ping_status":"closed","template":"","meta":[],"product_brand":[],"product_cat":[1298,1594],"product_tag":[1103,1604,1360,1409,1143,1359],"class_list":{"0":"post-11100","1":"product","2":"type-product","3":"status-publish","4":"has-post-thumbnail","6":"product_cat-flex-led","7":"product_cat-neon-flex","8":"product_tag-12v","9":"product_tag-344lm-m","10":"product_tag-4000k","11":"product_tag-7-2w-m","12":"product_tag-ip65-zertifiziert","13":"product_tag-naturliches-licht","15":"first","16":"instock","17":"taxable","18":"shipping-taxable","19":"purchasable","20":"product-type-simple"},"yoast_head":"<!-- This site is optimized with the Yoast SEO plugin v27.3 - https:\/\/yoast.com\/product\/yoast-seo-wordpress\/ -->\n<title>LED Flex Naturwei\u00df - Neon LED 6mm 5m - Easyledstore<\/title>\n<meta name=\"description\" content=\"5 Meter Flex Natural White 6mm: flexibler und programmierbarer LED-Streifen f\u00fcr dynamische Effekte und Lichtinstallationen. Erfahren Sie mehr online!\" \/>\n<meta name=\"robots\" content=\"index, follow, max-snippet:-1, max-image-preview:large, max-video-preview:-1\" \/>\n<link rel=\"canonical\" href=\"https:\/\/www.easyledstore.it\/de\/Produkt\/led-flex-naturweiss-neon-led-6mm-5m\/\" \/>\n<meta property=\"og:locale\" content=\"de_DE\" \/>\n<meta property=\"og:type\" content=\"article\" \/>\n<meta property=\"og:title\" content=\"LED Flex Naturwei\u00df - Neon LED 6mm 5m - Easyledstore\" \/>\n<meta property=\"og:description\" content=\"5 Meter Flex Natural White 6mm: flexibler und programmierbarer LED-Streifen f\u00fcr dynamische Effekte und Lichtinstallationen. Erfahren Sie mehr online!\" \/>\n<meta property=\"og:url\" content=\"https:\/\/www.easyledstore.it\/de\/Produkt\/led-flex-naturweiss-neon-led-6mm-5m\/\" \/>\n<meta property=\"og:site_name\" content=\"Easyledstore\" \/>\n<meta property=\"article:publisher\" content=\"https:\/\/www.facebook.com\/easyledstore\" \/>\n<meta property=\"article:modified_time\" content=\"2026-03-26T13:13:06+00:00\" \/>\n<meta property=\"og:image\" content=\"https:\/\/www.easyledstore.it\/wp-content\/uploads\/2024\/05\/Photoroom-20250612_084512.png\" \/>\n\t<meta property=\"og:image:width\" content=\"2000\" \/>\n\t<meta property=\"og:image:height\" content=\"2000\" \/>\n\t<meta property=\"og:image:type\" content=\"image\/png\" \/>\n<meta name=\"twitter:card\" content=\"summary_large_image\" \/>\n<meta name=\"twitter:label1\" content=\"Gesch\u00e4tzte Lesezeit\" \/>\n\t<meta name=\"twitter:data1\" content=\"1\u00a0Minute\" \/>\n<!-- \/ Yoast SEO plugin. -->","yoast_head_json":{"title":"LED Flex Naturwei\u00df - Neon LED 6mm 5m - Easyledstore","description":"5 Meter Flex Natural White 6mm: flexibler und programmierbarer LED-Streifen f\u00fcr dynamische Effekte und Lichtinstallationen. Erfahren Sie mehr online!","robots":{"index":"index","follow":"follow","max-snippet":"max-snippet:-1","max-image-preview":"max-image-preview:large","max-video-preview":"max-video-preview:-1"},"canonical":"https:\/\/www.easyledstore.it\/de\/Produkt\/led-flex-naturweiss-neon-led-6mm-5m\/","og_locale":"de_DE","og_type":"article","og_title":"LED Flex Naturwei\u00df - Neon LED 6mm 5m - Easyledstore","og_description":"5 Meter Flex Natural White 6mm: flexibler und programmierbarer LED-Streifen f\u00fcr dynamische Effekte und Lichtinstallationen. Erfahren Sie mehr online!","og_url":"https:\/\/www.easyledstore.it\/de\/Produkt\/led-flex-naturweiss-neon-led-6mm-5m\/","og_site_name":"Easyledstore","article_publisher":"https:\/\/www.facebook.com\/easyledstore","article_modified_time":"2026-03-26T13:13:06+00:00","og_image":[{"width":2000,"height":2000,"url":"https:\/\/www.easyledstore.it\/wp-content\/uploads\/2024\/05\/Photoroom-20250612_084512.png","type":"image\/png"}],"twitter_card":"summary_large_image","twitter_misc":{"Gesch\u00e4tzte Lesezeit":"1\u00a0Minute"},"schema":{"@context":"https:\/\/schema.org","@graph":[{"@type":"WebPage","@id":"https:\/\/www.easyledstore.it\/de\/Produkt\/led-flex-naturweiss-neon-led-6mm-5m\/","url":"https:\/\/www.easyledstore.it\/de\/Produkt\/led-flex-naturweiss-neon-led-6mm-5m\/","name":"LED Flex Naturwei\u00df - Neon LED 6mm 5m - Easyledstore","isPartOf":{"@id":"https:\/\/www.easyledstore.it\/de\/#website"},"primaryImageOfPage":{"@id":"https:\/\/www.easyledstore.it\/de\/Produkt\/led-flex-naturweiss-neon-led-6mm-5m\/#primaryimage"},"image":{"@id":"https:\/\/www.easyledstore.it\/de\/Produkt\/led-flex-naturweiss-neon-led-6mm-5m\/#primaryimage"},"thumbnailUrl":"https:\/\/www.easyledstore.it\/wp-content\/uploads\/2024\/05\/Photoroom-20250612_084512.png","datePublished":"2025-06-12T12:46:09+00:00","dateModified":"2026-03-26T13:13:06+00:00","description":"5 Meter Flex Natural White 6mm: flexibler und programmierbarer LED-Streifen f\u00fcr dynamische Effekte und Lichtinstallationen. Erfahren Sie mehr online!","breadcrumb":{"@id":"https:\/\/www.easyledstore.it\/de\/Produkt\/led-flex-naturweiss-neon-led-6mm-5m\/#breadcrumb"},"inLanguage":"de","potentialAction":[{"@type":"ReadAction","target":["https:\/\/www.easyledstore.it\/de\/Produkt\/led-flex-naturweiss-neon-led-6mm-5m\/"]}]},{"@type":"ImageObject","inLanguage":"de","@id":"https:\/\/www.easyledstore.it\/de\/Produkt\/led-flex-naturweiss-neon-led-6mm-5m\/#primaryimage","url":"https:\/\/www.easyledstore.it\/wp-content\/uploads\/2024\/05\/Photoroom-20250612_084512.png","contentUrl":"https:\/\/www.easyledstore.it\/wp-content\/uploads\/2024\/05\/Photoroom-20250612_084512.png","width":2000,"height":2000,"caption":"LED Flex RGB Magic Digital - Neon LED 6mm programmierbar 5 Meter"},{"@type":"BreadcrumbList","@id":"https:\/\/www.easyledstore.it\/de\/Produkt\/led-flex-naturweiss-neon-led-6mm-5m\/#breadcrumb","itemListElement":[{"@type":"ListItem","position":1,"name":"Home","item":"https:\/\/www.easyledstore.it\/de\/led-beschilderungsmodule\/"},{"@type":"ListItem","position":2,"name":"IT einkaufen","item":"https:\/\/www.easyledstore.it\/de\/shop\/"},{"@type":"ListItem","position":3,"name":"LED Flex Naturwei\u00df &#8211; Neon LED 6mm 5m"}]},{"@type":"WebSite","@id":"https:\/\/www.easyledstore.it\/de\/#website","url":"https:\/\/www.easyledstore.it\/de\/","name":"Easyledstore","description":"Alimentatori e Moduli LED per Insegne Luminose","publisher":{"@id":"https:\/\/www.easyledstore.it\/de\/#organization"},"potentialAction":[{"@type":"SearchAction","target":{"@type":"EntryPoint","urlTemplate":"https:\/\/www.easyledstore.it\/de\/?s={search_term_string}"},"query-input":{"@type":"PropertyValueSpecification","valueRequired":true,"valueName":"search_term_string"}}],"inLanguage":"de"},{"@type":"Organization","@id":"https:\/\/www.easyledstore.it\/de\/#organization","name":"LTC Lighting Trading Company srls","url":"https:\/\/www.easyledstore.it\/de\/","logo":{"@type":"ImageObject","inLanguage":"de","@id":"https:\/\/www.easyledstore.it\/de\/#\/schema\/logo\/image\/","url":"https:\/\/www.easyledstore.it\/wp-content\/uploads\/2018\/03\/Landscape-FullColor-2000.png","contentUrl":"https:\/\/www.easyledstore.it\/wp-content\/uploads\/2018\/03\/Landscape-FullColor-2000.png","width":2000,"height":641,"caption":"LTC Lighting Trading Company srls"},"image":{"@id":"https:\/\/www.easyledstore.it\/de\/#\/schema\/logo\/image\/"},"sameAs":["https:\/\/www.facebook.com\/easyledstore"]}]}},"_links":{"self":[{"href":"https:\/\/www.easyledstore.it\/de\/wp-json\/wp\/v2\/product\/11100","targetHints":{"allow":["GET"]}}],"collection":[{"href":"https:\/\/www.easyledstore.it\/de\/wp-json\/wp\/v2\/product"}],"about":[{"href":"https:\/\/www.easyledstore.it\/de\/wp-json\/wp\/v2\/types\/product"}],"replies":[{"embeddable":true,"href":"https:\/\/www.easyledstore.it\/de\/wp-json\/wp\/v2\/comments?post=11100"}],"wp:featuredmedia":[{"embeddable":true,"href":"https:\/\/www.easyledstore.it\/de\/wp-json\/wp\/v2\/media\/10228"}],"wp:attachment":[{"href":"https:\/\/www.easyledstore.it\/de\/wp-json\/wp\/v2\/media?parent=11100"}],"wp:term":[{"taxonomy":"product_brand","embeddable":true,"href":"https:\/\/www.easyledstore.it\/de\/wp-json\/wp\/v2\/product_brand?post=11100"},{"taxonomy":"product_cat","embeddable":true,"href":"https:\/\/www.easyledstore.it\/de\/wp-json\/wp\/v2\/product_cat?post=11100"},{"taxonomy":"product_tag","embeddable":true,"href":"https:\/\/www.easyledstore.it\/de\/wp-json\/wp\/v2\/product_tag?post=11100"}],"curies":[{"name":"wp","href":"https:\/\/api.w.org\/{rel}","templated":true}]}}