{"id":11083,"date":"2025-06-23T10:36:04","date_gmt":"2025-06-23T08:36:04","guid":{"rendered":"https:\/\/www.easyledstore.it\/prodotto\/led-modul-12v-blau-hohe-effizienz-100lm-0-60w\/"},"modified":"2025-06-23T10:36:04","modified_gmt":"2025-06-23T08:36:04","slug":"led-modul-12v-blau-hohe-effizienz-100lm-0-60w","status":"publish","type":"product","link":"https:\/\/www.easyledstore.it\/de\/Produkt\/led-modul-12v-blau-hohe-effizienz-100lm-0-60w\/","title":{"rendered":"LED Modul 12V Blau &#8211; Hohe Effizienz &#8211; 100lm &#8211; 0.60W"},"content":{"rendered":"<p>Hocheffiziente LED 100 lm\/W 0.60W Blau &#8211; Kompaktheit und W\u00e4rme f\u00fcr Ihre Beschilderung<\/p>\n<p>Dieses LED-Modul mit blauem Licht ist die ideale L\u00f6sung, um gem\u00fctliche und raffinierte Atmosph\u00e4ren zu schaffen. Es wurde f\u00fcr eine gleichm\u00e4\u00dfige und zuverl\u00e4ssige Beleuchtung entwickelt und kombiniert Energieeffizienz, Wetterbest\u00e4ndigkeit und einfache Installation. <\/p>\n<h2>Hauptmerkmale<\/h2>\n<p><strong>Lichtausbeute von 100 lm\/W:<\/strong> Perfekt f\u00fcr brillante, energiesparende Beleuchtung.<\/p>\n<p><strong>175\u00b0-Optik: <\/strong>Sorgt f\u00fcr eine gleichm\u00e4\u00dfige Lichtstreuung, ideal f\u00fcr Kastenbuchstaben und Leuchtk\u00e4sten mit einer Tiefe von 5 bis 25 cm.<\/p>\n<p><strong>Widerstandsf\u00e4higkeit im Au\u00dfenbereich: <\/strong>Dank der Schutzklasse IP68 ist das Ger\u00e4t f\u00fcr Installationen im Au\u00dfenbereich geeignet und garantiert Widerstandsf\u00e4higkeit gegen Staub und Wasser.<\/p>\n<p><strong>Qualit\u00e4tszertifikate:<\/strong> Getestet nach der LM80-Norm und CE-zertifiziert, ein Synonym f\u00fcr Zuverl\u00e4ssigkeit und Sicherheit.<\/p>\n<p><strong>Kompaktes Design: <\/strong>Ausgestattet mit 2 LEDs pro Modul, passt es selbst in die engsten R\u00e4ume.<\/p>\n<h2>Technische Daten<\/h2>\n<ul>\n<li><strong>Abmessungen:<\/strong> 41,5 x 13 x 10,1 mm<\/li>\n<li><strong>Abstrahlwinkel:<\/strong> 175\u00b0<\/li>\n<li><strong>Betriebsspannung: <\/strong>DC 12V<\/li>\n<li><strong>Leistungsaufnahme:<\/strong> 0,60 W pro Modul<\/li>\n<li><strong>Farbe:<\/strong> Blau<\/li>\n<li><strong>Betriebstemperatur:<\/strong> -20\u00b0C bis +45\u00b0C<\/li>\n<li><strong>Lagertemperatur: <\/strong>-30\u00b0C bis +70\u00b0C<\/li>\n<li><strong>Kaskade:<\/strong> Reihenschaltung von bis zu 100 Modulen mit <a href=\"https:\/\/www.easyledstore.it\/de\/produktkategorien\/stromversorgungen\/\">12V DC-Stromversorgung<\/a>.<\/li>\n<\/ul>\n<h2>Empfohlene Anwendungen<\/h2>\n<p><strong>Kastenbuchstaben:<\/strong> Ideal f\u00fcr die Gestaltung von Schildern mit warmer, gleichm\u00e4\u00dfiger Beleuchtung.<\/p>\n<p><strong>Leuchtk\u00e4sten:<\/strong> F\u00fcr Projekte, die ein weicheres, gem\u00fctlicheres Licht erfordern.<\/p>\n<p><strong>Installationen im Freien: Die<\/strong> Schutzart IP68 macht ihn perfekt f\u00fcr Au\u00dfenanwendungen unter allen Wetterbedingungen.<\/p>\n<h2>Warum eine hocheffiziente LED?<\/h2>\n<p>Dieses hocheffiziente LED-Modul 100 lm\/W 0,60W Blue kombiniert fortschrittliche Technologie mit einem warmen Licht, ideal f\u00fcr die Schaffung einer einzigartigen und gem\u00fctlichen Atmosph\u00e4re. Seine Energieeffizienz und Langlebigkeit machen es zu einer ausgezeichneten Wahl f\u00fcr Beleuchtungsprofis. <\/p>\n<p>W\u00e4hlen Sie das Beste f\u00fcr Ihre Projekte und bereichern Sie Ihre Kreationen mit einem professionellen, zuverl\u00e4ssigen und hochwertigen LED-Modul!<\/p>\n","protected":false},"excerpt":{"rendered":"<p>Hocheffizientes LED-Modul 100 lm\/W mit einem Abstrahlwinkel von 175\u00b0. Farbe Blau<\/p>\n","protected":false},"featured_media":11085,"comment_status":"open","ping_status":"closed","template":"","meta":[],"product_brand":[],"product_cat":[1098,1117],"product_tag":[1799,1107,1162,1103,1138,1120,1163,1619,1123,1160,1111,1104],"class_list":{"0":"post-11083","1":"product","2":"type-product","3":"status-publish","4":"has-post-thumbnail","6":"product_cat-led-module","7":"product_cat-led-module-fur-einseitige-beschriftungen-boxen-und-schriftzuge","8":"product_tag-0-60w","9":"product_tag-1107","10":"product_tag-100-lumen","11":"product_tag-12v","12":"product_tag-175-grad","13":"product_tag-2-led","14":"product_tag-5-15cm","15":"product_tag-farbe-blau","16":"product_tag-farbige-leds","17":"product_tag-ip68-zertifiziert","18":"product_tag-ja","19":"product_tag-mit-objektiv","21":"first","22":"onbackorder","23":"taxable","24":"shipping-taxable","25":"purchasable","26":"product-type-simple"},"yoast_head":"<!-- This site is optimized with the Yoast SEO plugin v27.3 - https:\/\/yoast.com\/product\/yoast-seo-wordpress\/ -->\n<title>Hocheffiziente LED 100 lm\/W 0.60W Blau%- Easyledstore%<\/title>\n<meta name=\"description\" content=\"Hocheffiziente LED 100 lm\/W 0,60W mit einem Abstrahlwinkel von 175\u00b0. Farbe Blau - Schutzgrad IP68\" \/>\n<meta name=\"robots\" content=\"index, follow, max-snippet:-1, max-image-preview:large, max-video-preview:-1\" \/>\n<link rel=\"canonical\" href=\"https:\/\/www.easyledstore.it\/de\/Produkt\/led-modul-12v-blau-hohe-effizienz-100lm-0-60w\/\" \/>\n<meta property=\"og:locale\" content=\"de_DE\" \/>\n<meta property=\"og:type\" content=\"article\" \/>\n<meta property=\"og:title\" content=\"Hocheffiziente LED 100 lm\/W 0.60W Blau%- Easyledstore%\" \/>\n<meta property=\"og:description\" content=\"Hocheffiziente LED 100 lm\/W 0,60W mit einem Abstrahlwinkel von 175\u00b0. Farbe Blau - Schutzgrad IP68\" \/>\n<meta property=\"og:url\" content=\"https:\/\/www.easyledstore.it\/de\/Produkt\/led-modul-12v-blau-hohe-effizienz-100lm-0-60w\/\" \/>\n<meta property=\"og:site_name\" content=\"Easyledstore\" \/>\n<meta property=\"article:publisher\" content=\"https:\/\/www.facebook.com\/easyledstore\" \/>\n<meta property=\"og:image\" content=\"https:\/\/www.easyledstore.it\/wp-content\/uploads\/2025\/06\/Template-Prodottocccc.png\" \/>\n\t<meta property=\"og:image:width\" content=\"2000\" \/>\n\t<meta property=\"og:image:height\" content=\"2000\" \/>\n\t<meta property=\"og:image:type\" content=\"image\/png\" \/>\n<meta name=\"twitter:card\" content=\"summary_large_image\" \/>\n<meta name=\"twitter:label1\" content=\"Gesch\u00e4tzte Lesezeit\" \/>\n\t<meta name=\"twitter:data1\" content=\"1\u00a0Minute\" \/>\n<!-- \/ Yoast SEO plugin. -->","yoast_head_json":{"title":"Hocheffiziente LED 100 lm\/W 0.60W Blau%- Easyledstore%","description":"Hocheffiziente LED 100 lm\/W 0,60W mit einem Abstrahlwinkel von 175\u00b0. Farbe Blau - Schutzgrad IP68","robots":{"index":"index","follow":"follow","max-snippet":"max-snippet:-1","max-image-preview":"max-image-preview:large","max-video-preview":"max-video-preview:-1"},"canonical":"https:\/\/www.easyledstore.it\/de\/Produkt\/led-modul-12v-blau-hohe-effizienz-100lm-0-60w\/","og_locale":"de_DE","og_type":"article","og_title":"Hocheffiziente LED 100 lm\/W 0.60W Blau%- Easyledstore%","og_description":"Hocheffiziente LED 100 lm\/W 0,60W mit einem Abstrahlwinkel von 175\u00b0. Farbe Blau - Schutzgrad IP68","og_url":"https:\/\/www.easyledstore.it\/de\/Produkt\/led-modul-12v-blau-hohe-effizienz-100lm-0-60w\/","og_site_name":"Easyledstore","article_publisher":"https:\/\/www.facebook.com\/easyledstore","og_image":[{"width":2000,"height":2000,"url":"https:\/\/www.easyledstore.it\/wp-content\/uploads\/2025\/06\/Template-Prodottocccc.png","type":"image\/png"}],"twitter_card":"summary_large_image","twitter_misc":{"Gesch\u00e4tzte Lesezeit":"1\u00a0Minute"},"schema":{"@context":"https:\/\/schema.org","@graph":[{"@type":"WebPage","@id":"https:\/\/www.easyledstore.it\/de\/Produkt\/led-modul-12v-blau-hohe-effizienz-100lm-0-60w\/","url":"https:\/\/www.easyledstore.it\/de\/Produkt\/led-modul-12v-blau-hohe-effizienz-100lm-0-60w\/","name":"Hocheffiziente LED 100 lm\/W 0.60W Blau%- Easyledstore%","isPartOf":{"@id":"https:\/\/www.easyledstore.it\/de\/#website"},"primaryImageOfPage":{"@id":"https:\/\/www.easyledstore.it\/de\/Produkt\/led-modul-12v-blau-hohe-effizienz-100lm-0-60w\/#primaryimage"},"image":{"@id":"https:\/\/www.easyledstore.it\/de\/Produkt\/led-modul-12v-blau-hohe-effizienz-100lm-0-60w\/#primaryimage"},"thumbnailUrl":"https:\/\/www.easyledstore.it\/wp-content\/uploads\/2025\/06\/Template-Prodottocccc.png","datePublished":"2025-06-23T08:36:04+00:00","description":"Hocheffiziente LED 100 lm\/W 0,60W mit einem Abstrahlwinkel von 175\u00b0. Farbe Blau - Schutzgrad IP68","breadcrumb":{"@id":"https:\/\/www.easyledstore.it\/de\/Produkt\/led-modul-12v-blau-hohe-effizienz-100lm-0-60w\/#breadcrumb"},"inLanguage":"de","potentialAction":[{"@type":"ReadAction","target":["https:\/\/www.easyledstore.it\/de\/Produkt\/led-modul-12v-blau-hohe-effizienz-100lm-0-60w\/"]}]},{"@type":"ImageObject","inLanguage":"de","@id":"https:\/\/www.easyledstore.it\/de\/Produkt\/led-modul-12v-blau-hohe-effizienz-100lm-0-60w\/#primaryimage","url":"https:\/\/www.easyledstore.it\/wp-content\/uploads\/2025\/06\/Template-Prodottocccc.png","contentUrl":"https:\/\/www.easyledstore.it\/wp-content\/uploads\/2025\/06\/Template-Prodottocccc.png","width":2000,"height":2000,"caption":"Led 2 Blaue Module"},{"@type":"BreadcrumbList","@id":"https:\/\/www.easyledstore.it\/de\/Produkt\/led-modul-12v-blau-hohe-effizienz-100lm-0-60w\/#breadcrumb","itemListElement":[{"@type":"ListItem","position":1,"name":"Home","item":"https:\/\/www.easyledstore.it\/de\/led-beschilderungsmodule\/"},{"@type":"ListItem","position":2,"name":"IT einkaufen","item":"https:\/\/www.easyledstore.it\/de\/shop\/"},{"@type":"ListItem","position":3,"name":"LED Modul 12V Blau &#8211; Hohe Effizienz &#8211; 100lm &#8211; 0.60W"}]},{"@type":"WebSite","@id":"https:\/\/www.easyledstore.it\/de\/#website","url":"https:\/\/www.easyledstore.it\/de\/","name":"Easyledstore","description":"Alimentatori e Moduli LED per Insegne Luminose","publisher":{"@id":"https:\/\/www.easyledstore.it\/de\/#organization"},"potentialAction":[{"@type":"SearchAction","target":{"@type":"EntryPoint","urlTemplate":"https:\/\/www.easyledstore.it\/de\/?s={search_term_string}"},"query-input":{"@type":"PropertyValueSpecification","valueRequired":true,"valueName":"search_term_string"}}],"inLanguage":"de"},{"@type":"Organization","@id":"https:\/\/www.easyledstore.it\/de\/#organization","name":"LTC Lighting Trading Company srls","url":"https:\/\/www.easyledstore.it\/de\/","logo":{"@type":"ImageObject","inLanguage":"de","@id":"https:\/\/www.easyledstore.it\/de\/#\/schema\/logo\/image\/","url":"https:\/\/www.easyledstore.it\/wp-content\/uploads\/2018\/03\/Landscape-FullColor-2000.png","contentUrl":"https:\/\/www.easyledstore.it\/wp-content\/uploads\/2018\/03\/Landscape-FullColor-2000.png","width":2000,"height":641,"caption":"LTC Lighting Trading Company srls"},"image":{"@id":"https:\/\/www.easyledstore.it\/de\/#\/schema\/logo\/image\/"},"sameAs":["https:\/\/www.facebook.com\/easyledstore"]}]}},"_links":{"self":[{"href":"https:\/\/www.easyledstore.it\/de\/wp-json\/wp\/v2\/product\/11083","targetHints":{"allow":["GET"]}}],"collection":[{"href":"https:\/\/www.easyledstore.it\/de\/wp-json\/wp\/v2\/product"}],"about":[{"href":"https:\/\/www.easyledstore.it\/de\/wp-json\/wp\/v2\/types\/product"}],"replies":[{"embeddable":true,"href":"https:\/\/www.easyledstore.it\/de\/wp-json\/wp\/v2\/comments?post=11083"}],"wp:featuredmedia":[{"embeddable":true,"href":"https:\/\/www.easyledstore.it\/de\/wp-json\/wp\/v2\/media\/11085"}],"wp:attachment":[{"href":"https:\/\/www.easyledstore.it\/de\/wp-json\/wp\/v2\/media?parent=11083"}],"wp:term":[{"taxonomy":"product_brand","embeddable":true,"href":"https:\/\/www.easyledstore.it\/de\/wp-json\/wp\/v2\/product_brand?post=11083"},{"taxonomy":"product_cat","embeddable":true,"href":"https:\/\/www.easyledstore.it\/de\/wp-json\/wp\/v2\/product_cat?post=11083"},{"taxonomy":"product_tag","embeddable":true,"href":"https:\/\/www.easyledstore.it\/de\/wp-json\/wp\/v2\/product_tag?post=11083"}],"curies":[{"name":"wp","href":"https:\/\/api.w.org\/{rel}","templated":true}]}}