{"id":11058,"date":"2025-06-27T15:48:04","date_gmt":"2025-06-27T13:48:04","guid":{"rendered":"https:\/\/www.easyledstore.it\/prodotto\/mini-natural-white-led-modul-036w-12v-1-diode\/"},"modified":"2025-06-27T15:48:04","modified_gmt":"2025-06-27T13:48:04","slug":"mini-natural-white-led-modul-036w-12v-1-diode","status":"publish","type":"product","link":"https:\/\/www.easyledstore.it\/de\/Produkt\/mini-natural-white-led-modul-036w-12v-1-diode\/","title":{"rendered":"Mini Natural White LED Modul &#8211; 0,36W &#8211; 12V &#8211; 1 Diode"},"content":{"rendered":"<h2 data-start=\"306\" data-end=\"391\">Mini Natural White 12V LED-Modul &#8211; Die kompakte Wahl f\u00fcr hochwertige Beleuchtung<\/h2>\n<p data-start=\"393\" data-end=\"692\">Das <strong data-start=\"396\" data-end=\"430\">Mini Natural White 12V LED-Modul<\/strong> ist die perfekte L\u00f6sung f\u00fcr alle, die <strong data-start=\"469\" data-end=\"513\">gro\u00dfe Helligkeit auf kleinem Raum<\/strong> suchen. Es wurde f\u00fcr professionelle und kreative Anwendungen entwickelt und bietet ein <strong data-start=\"579\" data-end=\"601\">nat\u00fcrliches 4000K-Licht<\/strong>, das sich ideal f\u00fcr Leuchtbuchstaben, Leuchtschilder, Dekorationen und Pr\u00e4zisionsinstallationen eignet. <\/p>\n<p data-start=\"694\" data-end=\"942\">Trotz seiner <strong data-start=\"708\" data-end=\"744\">extrem kompakten Abmessungen<\/strong> (14 x 8,4 x 7,1 mm) garantiert dieses Modul eine erstaunliche Leistung: <strong data-start=\"817\" data-end=\"849\">120\u00b0-160\u00b0 Abstrahlwinkel<\/strong>, eine <strong data-start=\"851\" data-end=\"887\">Leistungsaufnahme von nur 0,36 W<\/strong> und eine Lichtausbeute, die jedes Detail zur Geltung bringt.<\/p>\n<h3 data-start=\"944\" data-end=\"1010\">\u2705 Technische Merkmale des Mini-LED-Moduls:<\/h3>\n<ul data-start=\"1011\" data-end=\"1391\">\n<li data-start=\"1011\" data-end=\"1051\">\n<p data-start=\"1013\" data-end=\"1051\"><strong data-start=\"1015\" data-end=\"1044\">\u2705 Versorgungsspannung<\/strong>: 12V<\/p>\n<\/li>\n<li data-start=\"1052\" data-end=\"1098\">\n<p data-start=\"1054\" data-end=\"1098\">\u2705 <strong data-start=\"1056\" data-end=\"1078\">Farbtemperatur<\/strong>: Naturwei\u00df 4000K<\/p>\n<\/li>\n<li data-start=\"1099\" data-end=\"1166\">\n<p data-start=\"1101\" data-end=\"1166\">\u2705 S <strong data-start=\"1103\" data-end=\"1126\">chutzart<\/strong>: IP67 (wasser- und staubdicht)<\/p>\n<\/li>\n<li data-start=\"1167\" data-end=\"1206\">\n<p data-start=\"1169\" data-end=\"1206\"><strong data-start=\"1171\" data-end=\"1193\">\u2705 \u00d6ffnungswinkel<\/strong>: 120\u00b0-160\u00b0<\/p>\n<\/li>\n<li data-start=\"1207\" data-end=\"1244\">\n<p data-start=\"1209\" data-end=\"1244\">\u2705 <strong data-start=\"1211\" data-end=\"1228\">Anzahl der LEDs<\/strong>: 1 pro Modul<\/p>\n<\/li>\n<li data-start=\"1245\" data-end=\"1280\">\n<p data-start=\"1247\" data-end=\"1280\">\u2705 <strong data-start=\"1249\" data-end=\"1260\">Leistungsaufnahme<\/strong>: 0,36 W pro Modul<\/p>\n<\/li>\n<li data-start=\"1281\" data-end=\"1313\">\n<p data-start=\"1283\" data-end=\"1313\">\u2705 S <strong data-start=\"1285\" data-end=\"1295\">chnitt<\/strong>: einzelnes Modul<\/p>\n<\/li>\n<li data-start=\"1314\" data-end=\"1391\">\n<p data-start=\"1316\" data-end=\"1391\">\u2705 <strong data-start=\"1318\" data-end=\"1335\">Montage<\/strong>: einfach mit <strong data-start=\"1348\" data-end=\"1364\">doppelseitigem 3M-Klebeband<\/strong><\/p>\n<\/li>\n<\/ul>\n<p data-start=\"1393\" data-end=\"1689\">Das <strong data-start=\"1396\" data-end=\"1430\">Mini-LED-Modul <\/strong>eignet sich perfekt f\u00fcr Dicken zwischen <strong data-start=\"1459\" data-end=\"1472\">5 und 10 cm<\/strong> und ist damit ideal f\u00fcr Projekte, bei denen der Platz begrenzt ist, die Sichtbarkeit aber im Vordergrund steht. Aufgrund seiner Zuverl\u00e4ssigkeit und einfachen Montage wird es von Installateuren, Designern und Werbetechnikern sehr gesch\u00e4tzt. <\/p>\n<p data-start=\"1691\" data-end=\"1861\"><strong data-start=\"1694\" data-end=\"1716\">\ud83d\udca1 Klein aber oho<\/strong>: Lassen Sie sich nicht von der Gr\u00f6\u00dfe t\u00e4uschen. Dieses Modul bietet <strong data-start=\"1784\" data-end=\"1818\">gleichm\u00e4\u00dfige und konstante Helligkeit<\/strong>, auch unter schwierigen Umgebungsbedingungen. <\/p>\n<p data-start=\"1863\" data-end=\"2021\">\ud83c\udf10 M\u00f6chten Sie mehr \u00fcber unsere LED-Produkte erfahren? Besuchen Sie unsere <a class=\"cursor-pointer\" target=\"_new\" rel=\"noopener\" data-start=\"1929\" data-end=\"2020\">Seite LED-Module<\/a>. <\/p>\n<p><strong style=\"font-size: 18px;\">Folgen Sie EasyLedStore.co.uk auch auf den sozialen Medien<\/strong><\/p>\n<ul style=\"list-style: none; padding: 0; font-size: 18px;\">\n<li style=\"text-align: left;\"><a href=\"https:\/\/www.instagram.com\/easyledstore.it\" target=\"_blank\" rel=\"noopener noreferrer nofollow\">Instagram &#8211; <\/a><a href=\"https:\/\/www.facebook.com\/easyledstore\" target=\"_blank\" rel=\"noopener noreferrer nofollow\">Facebook &#8211; <\/a><a href=\"https:\/\/www.tiktok.com\/@easyledstore.it\" target=\"_blank\" rel=\"noopener noreferrer nofollow\">TikTok &#8211; <\/a><a href=\"https:\/\/www.youtube.com\/@easyledstore4589\" target=\"_blank\" rel=\"noopener noreferrer nofollow\">YouTube<\/a><\/li>\n<\/ul>\n","protected":false},"excerpt":{"rendered":"<p>Mini Natural White 12V LED-Modul, kompakt und leistungsstark, ideal f\u00fcr Schilder und Buchstaben. IP67, 4000K, einfach zu installieren. Entdecken Sie professionelle Qualit\u00e4t.  <\/p>\n","protected":false},"featured_media":11035,"comment_status":"open","ping_status":"closed","template":"","meta":[],"product_brand":[],"product_cat":[1099,1098,1444],"product_tag":[1108,1107,1103,1360,1780,1106,1359],"class_list":{"0":"post-11058","1":"product","2":"type-product","3":"status-publish","4":"has-post-thumbnail","6":"product_cat-kleine-led-module","7":"product_cat-led-module","8":"product_cat-mini-led","9":"product_tag-1-led","10":"product_tag-1107","11":"product_tag-12v","12":"product_tag-4000k","13":"product_tag-41-lumen","14":"product_tag-ip67-zertifizierung","15":"product_tag-naturliches-licht","17":"first","18":"instock","19":"taxable","20":"shipping-taxable","21":"purchasable","22":"product-type-simple"},"yoast_head":"<!-- This site is optimized with the Yoast SEO plugin v27.3 - https:\/\/yoast.com\/product\/yoast-seo-wordpress\/ -->\n<title>Mini Natural White LED Modul - 0,36W - 12V - 1 Diode - Easyledstore<\/title>\n<meta name=\"description\" content=\"Entdecken Sie das Mini Natural White 12V LED-Modul: 4000K nat\u00fcrliches Licht, IP67, ultrakompakt, leistungsstark und einfach zu montieren. Ideal f\u00fcr Beschilderungen und kreative Installationen.\" \/>\n<meta name=\"robots\" content=\"index, follow, max-snippet:-1, max-image-preview:large, max-video-preview:-1\" \/>\n<link rel=\"canonical\" href=\"https:\/\/www.easyledstore.it\/de\/Produkt\/mini-natural-white-led-modul-036w-12v-1-diode\/\" \/>\n<meta property=\"og:locale\" content=\"de_DE\" \/>\n<meta property=\"og:type\" content=\"article\" \/>\n<meta property=\"og:title\" content=\"Mini Natural White LED Modul - 0,36W - 12V - 1 Diode - Easyledstore\" \/>\n<meta property=\"og:description\" content=\"Entdecken Sie das Mini Natural White 12V LED-Modul: 4000K nat\u00fcrliches Licht, IP67, ultrakompakt, leistungsstark und einfach zu montieren. Ideal f\u00fcr Beschilderungen und kreative Installationen.\" \/>\n<meta property=\"og:url\" content=\"https:\/\/www.easyledstore.it\/de\/Produkt\/mini-natural-white-led-modul-036w-12v-1-diode\/\" \/>\n<meta property=\"og:site_name\" content=\"Easyledstore\" \/>\n<meta property=\"article:publisher\" content=\"https:\/\/www.facebook.com\/easyledstore\" \/>\n<meta property=\"og:image\" content=\"https:\/\/www.easyledstore.it\/wp-content\/uploads\/2025\/06\/w.jpg\" \/>\n\t<meta property=\"og:image:width\" content=\"2000\" \/>\n\t<meta property=\"og:image:height\" content=\"2000\" \/>\n\t<meta property=\"og:image:type\" content=\"image\/jpeg\" \/>\n<meta name=\"twitter:card\" content=\"summary_large_image\" \/>\n<meta name=\"twitter:label1\" content=\"Gesch\u00e4tzte Lesezeit\" \/>\n\t<meta name=\"twitter:data1\" content=\"1\u00a0Minute\" \/>\n<!-- \/ Yoast SEO plugin. -->","yoast_head_json":{"title":"Mini Natural White LED Modul - 0,36W - 12V - 1 Diode - Easyledstore","description":"Entdecken Sie das Mini Natural White 12V LED-Modul: 4000K nat\u00fcrliches Licht, IP67, ultrakompakt, leistungsstark und einfach zu montieren. Ideal f\u00fcr Beschilderungen und kreative Installationen.","robots":{"index":"index","follow":"follow","max-snippet":"max-snippet:-1","max-image-preview":"max-image-preview:large","max-video-preview":"max-video-preview:-1"},"canonical":"https:\/\/www.easyledstore.it\/de\/Produkt\/mini-natural-white-led-modul-036w-12v-1-diode\/","og_locale":"de_DE","og_type":"article","og_title":"Mini Natural White LED Modul - 0,36W - 12V - 1 Diode - Easyledstore","og_description":"Entdecken Sie das Mini Natural White 12V LED-Modul: 4000K nat\u00fcrliches Licht, IP67, ultrakompakt, leistungsstark und einfach zu montieren. Ideal f\u00fcr Beschilderungen und kreative Installationen.","og_url":"https:\/\/www.easyledstore.it\/de\/Produkt\/mini-natural-white-led-modul-036w-12v-1-diode\/","og_site_name":"Easyledstore","article_publisher":"https:\/\/www.facebook.com\/easyledstore","og_image":[{"width":2000,"height":2000,"url":"https:\/\/www.easyledstore.it\/wp-content\/uploads\/2025\/06\/w.jpg","type":"image\/jpeg"}],"twitter_card":"summary_large_image","twitter_misc":{"Gesch\u00e4tzte Lesezeit":"1\u00a0Minute"},"schema":{"@context":"https:\/\/schema.org","@graph":[{"@type":"WebPage","@id":"https:\/\/www.easyledstore.it\/de\/Produkt\/mini-natural-white-led-modul-036w-12v-1-diode\/","url":"https:\/\/www.easyledstore.it\/de\/Produkt\/mini-natural-white-led-modul-036w-12v-1-diode\/","name":"Mini Natural White LED Modul - 0,36W - 12V - 1 Diode - Easyledstore","isPartOf":{"@id":"https:\/\/www.easyledstore.it\/de\/#website"},"primaryImageOfPage":{"@id":"https:\/\/www.easyledstore.it\/de\/Produkt\/mini-natural-white-led-modul-036w-12v-1-diode\/#primaryimage"},"image":{"@id":"https:\/\/www.easyledstore.it\/de\/Produkt\/mini-natural-white-led-modul-036w-12v-1-diode\/#primaryimage"},"thumbnailUrl":"https:\/\/www.easyledstore.it\/wp-content\/uploads\/2025\/06\/w.jpg","datePublished":"2025-06-27T13:48:04+00:00","description":"Entdecken Sie das Mini Natural White 12V LED-Modul: 4000K nat\u00fcrliches Licht, IP67, ultrakompakt, leistungsstark und einfach zu montieren. Ideal f\u00fcr Beschilderungen und kreative Installationen.","breadcrumb":{"@id":"https:\/\/www.easyledstore.it\/de\/Produkt\/mini-natural-white-led-modul-036w-12v-1-diode\/#breadcrumb"},"inLanguage":"de","potentialAction":[{"@type":"ReadAction","target":["https:\/\/www.easyledstore.it\/de\/Produkt\/mini-natural-white-led-modul-036w-12v-1-diode\/"]}]},{"@type":"ImageObject","inLanguage":"de","@id":"https:\/\/www.easyledstore.it\/de\/Produkt\/mini-natural-white-led-modul-036w-12v-1-diode\/#primaryimage","url":"https:\/\/www.easyledstore.it\/wp-content\/uploads\/2025\/06\/w.jpg","contentUrl":"https:\/\/www.easyledstore.it\/wp-content\/uploads\/2025\/06\/w.jpg","width":2000,"height":2000,"caption":"Led Micro Wei\u00df"},{"@type":"BreadcrumbList","@id":"https:\/\/www.easyledstore.it\/de\/Produkt\/mini-natural-white-led-modul-036w-12v-1-diode\/#breadcrumb","itemListElement":[{"@type":"ListItem","position":1,"name":"Home","item":"https:\/\/www.easyledstore.it\/de\/led-beschilderungsmodule\/"},{"@type":"ListItem","position":2,"name":"IT einkaufen","item":"https:\/\/www.easyledstore.it\/de\/shop\/"},{"@type":"ListItem","position":3,"name":"Mini Natural White LED Modul &#8211; 0,36W &#8211; 12V &#8211; 1 Diode"}]},{"@type":"WebSite","@id":"https:\/\/www.easyledstore.it\/de\/#website","url":"https:\/\/www.easyledstore.it\/de\/","name":"Easyledstore","description":"Alimentatori e Moduli LED per Insegne Luminose","publisher":{"@id":"https:\/\/www.easyledstore.it\/de\/#organization"},"potentialAction":[{"@type":"SearchAction","target":{"@type":"EntryPoint","urlTemplate":"https:\/\/www.easyledstore.it\/de\/?s={search_term_string}"},"query-input":{"@type":"PropertyValueSpecification","valueRequired":true,"valueName":"search_term_string"}}],"inLanguage":"de"},{"@type":"Organization","@id":"https:\/\/www.easyledstore.it\/de\/#organization","name":"LTC Lighting Trading Company srls","url":"https:\/\/www.easyledstore.it\/de\/","logo":{"@type":"ImageObject","inLanguage":"de","@id":"https:\/\/www.easyledstore.it\/de\/#\/schema\/logo\/image\/","url":"https:\/\/www.easyledstore.it\/wp-content\/uploads\/2018\/03\/Landscape-FullColor-2000.png","contentUrl":"https:\/\/www.easyledstore.it\/wp-content\/uploads\/2018\/03\/Landscape-FullColor-2000.png","width":2000,"height":641,"caption":"LTC Lighting Trading Company srls"},"image":{"@id":"https:\/\/www.easyledstore.it\/de\/#\/schema\/logo\/image\/"},"sameAs":["https:\/\/www.facebook.com\/easyledstore"]}]}},"_links":{"self":[{"href":"https:\/\/www.easyledstore.it\/de\/wp-json\/wp\/v2\/product\/11058","targetHints":{"allow":["GET"]}}],"collection":[{"href":"https:\/\/www.easyledstore.it\/de\/wp-json\/wp\/v2\/product"}],"about":[{"href":"https:\/\/www.easyledstore.it\/de\/wp-json\/wp\/v2\/types\/product"}],"replies":[{"embeddable":true,"href":"https:\/\/www.easyledstore.it\/de\/wp-json\/wp\/v2\/comments?post=11058"}],"wp:featuredmedia":[{"embeddable":true,"href":"https:\/\/www.easyledstore.it\/de\/wp-json\/wp\/v2\/media\/11035"}],"wp:attachment":[{"href":"https:\/\/www.easyledstore.it\/de\/wp-json\/wp\/v2\/media?parent=11058"}],"wp:term":[{"taxonomy":"product_brand","embeddable":true,"href":"https:\/\/www.easyledstore.it\/de\/wp-json\/wp\/v2\/product_brand?post=11058"},{"taxonomy":"product_cat","embeddable":true,"href":"https:\/\/www.easyledstore.it\/de\/wp-json\/wp\/v2\/product_cat?post=11058"},{"taxonomy":"product_tag","embeddable":true,"href":"https:\/\/www.easyledstore.it\/de\/wp-json\/wp\/v2\/product_tag?post=11058"}],"curies":[{"name":"wp","href":"https:\/\/api.w.org\/{rel}","templated":true}]}}