{"id":11053,"date":"2025-06-24T16:16:41","date_gmt":"2025-06-24T14:16:41","guid":{"rendered":"https:\/\/www.easyledstore.it\/prodotto\/zigzag-high-power-led-streifen-reinweiss-ip65-5-meter\/"},"modified":"2026-03-17T14:52:22","modified_gmt":"2026-03-17T13:52:22","slug":"zigzag-high-power-led-streifen-reinweiss-ip65-5-meter","status":"publish","type":"product","link":"https:\/\/www.easyledstore.it\/de\/Produkt\/zigzag-high-power-led-streifen-reinweiss-ip65-5-meter\/","title":{"rendered":"ZigZag High Power LED-Streifen &#8211; Reinwei\u00df &#8211; IP65 &#8211; 5 Meter"},"content":{"rendered":"<p data-start=\"314\" data-end=\"756\">Der <strong data-start=\"317\" data-end=\"359\">ZigZag High Power Pure White LED Strip<\/strong> ist die ideale L\u00f6sung f\u00fcr alle, die eine leistungsstarke, vielseitige und professionelle Beleuchtung f\u00fcr den Innen- und Au\u00dfenbereich suchen. Mit seiner Zickzack-Konfiguration bietet dieser LED-Streifen mehr Flexibilit\u00e4t als herk\u00f6mmliche lineare Streifen und eignet sich daher perfekt f\u00fcr Anwendungen auf gekr\u00fcmmten Oberfl\u00e4chen, unregelm\u00e4\u00dfigen Winkeln, beleuchteten Schildern und kreativ gestalteten Installationen. <\/p>\n<p data-start=\"758\" data-end=\"1109\">Dank seiner <strong data-start=\"774\" data-end=\"806\">Farbtemperatur von 7000\u00b0K<\/strong> strahlt das Licht in einem <strong data-start=\"828\" data-end=\"843\">reinen<\/strong>, brillanten <strong data-start=\"828\" data-end=\"843\">Wei\u00df<\/strong>, das jedes Detail mit Klarheit und Pr\u00e4zision hervorhebt. Es eignet sich besonders f\u00fcr Umgebungen, in denen eine hohe Sichtbarkeit erforderlich ist, wie z.B. in Ausstellungsr\u00e4umen, Schaufenstern und Displays, oder um raffinierte Lichteffekte in Wohn- oder Gesch\u00e4ftsr\u00e4umen zu schaffen. <\/p>\n<p data-start=\"1111\" data-end=\"1557\">Technisch gesehen hat der <strong data-start=\"1142\" data-end=\"1184\">ZigZag High Power Pure White LED Strip<\/strong> einen Verbrauch von <strong data-start=\"1216\" data-end=\"1234\">9,6 W pro Meter<\/strong> und bietet damit ein hervorragendes Verh\u00e4ltnis zwischen Energieeffizienz und Lichtleistung. Die L\u00e4nge <strong data-start=\"1329\" data-end=\"1340\">von 5 Metern<\/strong> sorgt f\u00fcr eine gro\u00dfe Abdeckung, w\u00e4hrend die Schutzart <strong data-start=\"1394\" data-end=\"1402\">IP65<\/strong> die Widerstandsf\u00e4higkeit gegen Staub und Spritzwasser gew\u00e4hrleistet. Damit ist er f\u00fcr den Einsatz im Freien oder in feuchten Umgebungen wie B\u00e4dern, K\u00fcchen, G\u00e4rten und Terrassen geeignet. <\/p>\n<p data-start=\"1559\" data-end=\"1602\">\ud83d\udd27 <strong data-start=\"1562\" data-end=\"1601\">Die wichtigsten technischen Merkmale<\/strong>:<\/p>\n<ul data-start=\"1603\" data-end=\"1722\">\n<li data-start=\"1603\" data-end=\"1625\">\n<p data-start=\"1605\" data-end=\"1625\">L\u00e4nge: 5 Meter<\/p>\n<\/li>\n<li data-start=\"1626\" data-end=\"1643\">\n<p data-start=\"1628\" data-end=\"1643\">Spannung: 12 V<\/p>\n<\/li>\n<li data-start=\"1644\" data-end=\"1673\">\n<p data-start=\"1646\" data-end=\"1673\">Farbe: Reines Wei\u00df 7000\u00b0K<\/p>\n<\/li>\n<li data-start=\"1674\" data-end=\"1694\">\n<p data-start=\"1676\" data-end=\"1694\">Leistung: 9,6 W\/m<\/p>\n<\/li>\n<li data-start=\"1695\" data-end=\"1722\">\n<p data-start=\"1697\" data-end=\"1722\">Schutzart: IP65<\/p>\n<\/li>\n<\/ul>\n<p data-start=\"1724\" data-end=\"1789\">\u2705 <strong data-start=\"1726\" data-end=\"1788\">Warum sollten Sie den ZigZag High Power Pure White LED Strip w\u00e4hlen<\/strong>:<\/p>\n<ul data-start=\"1790\" data-end=\"2052\">\n<li data-start=\"1790\" data-end=\"1843\">\n<p data-start=\"1792\" data-end=\"1843\">Gr\u00f6\u00dfere Flexibilit\u00e4t f\u00fcr komplexe Installationen<\/p>\n<\/li>\n<li data-start=\"1844\" data-end=\"1885\">\n<p data-start=\"1846\" data-end=\"1885\">Intensive, professionelle Beleuchtung<\/p>\n<\/li>\n<li data-start=\"1886\" data-end=\"1928\">\n<p data-start=\"1888\" data-end=\"1928\">Kann auch im Freien verwendet werden<\/p>\n<\/li>\n<li data-start=\"1929\" data-end=\"1985\">\n<p data-start=\"1931\" data-end=\"1985\">Einfach zu montieren und an vorgegebenen Stellen zu schneiden<\/p>\n<\/li>\n<li data-start=\"1986\" data-end=\"2052\">\n<p data-start=\"1988\" data-end=\"2052\">Ideal f\u00fcr Beschilderungen, M\u00f6bel, Schaufenster und leuchtende Architektur<\/p>\n<\/li>\n<\/ul>\n<p data-start=\"2054\" data-end=\"2318\">\ud83d\udca1 F\u00fcr einen sicheren und optimalen Betrieb empfehlen wir, die Leiste mit einem geeigneten Netzteil zu kombinieren. Entdecken Sie unser komplettes Angebot an <a class=\"\" href=\"https:\/\/www.easyledstore.it\/de\/produktkategorien\/stromversorgungen\/\" target=\"_new\" rel=\"noopener\" data-start=\"2193\" data-end=\"2285\"><strong data-start=\"2194\" data-end=\"2222\">Stromversorgungen f\u00fcr LED 12V<\/strong><\/a> die mit diesem Produkt kompatibel sind. <\/p>\n<p data-start=\"2320\" data-end=\"2428\">Entscheiden Sie sich noch heute f\u00fcr den <strong data-start=\"2335\" data-end=\"2377\">ZigZag High Power LED Strip<\/strong> und bringen Sie Licht, Stil und Funktionalit\u00e4t in Ihren Raum.<\/p>\n<p><strong style=\"font-size: 18px;\">Folgen Sie EasyLedStore.co.uk auch auf den sozialen Medien<\/strong><\/p>\n<ul style=\"list-style: none; padding: 0; font-size: 18px;\">\n<li style=\"text-align: left;\"><a href=\"https:\/\/www.instagram.com\/easyledstore.it\" target=\"_blank\" rel=\"noopener noreferrer nofollow\">Instagram &#8211; <\/a><a href=\"https:\/\/www.facebook.com\/easyledstore\" target=\"_blank\" rel=\"noopener noreferrer nofollow\">Facebook &#8211; <\/a><a href=\"https:\/\/www.tiktok.com\/@easyledstore.it\" target=\"_blank\" rel=\"noopener noreferrer nofollow\">TikTok &#8211; <\/a><a href=\"https:\/\/www.youtube.com\/@easyledstore4589\" target=\"_blank\" rel=\"noopener noreferrer nofollow\">YouTube<\/a><\/li>\n<\/ul>\n","protected":false},"excerpt":{"rendered":"<p data-start=\"103\" data-end=\"172\"><strong data-start=\"103\" data-end=\"172\">ZigZag Hochleistungs-LED-Streifen f\u00fcr den Au\u00dfenbereich in reinem Wei\u00df &#8211; 5m, 12V, IP65<\/strong><\/p>\n<p data-start=\"174\" data-end=\"568\">Beleuchten Sie selbst die komplexesten Oberfl\u00e4chen stilvoll mit dem <strong data-start=\"238\" data-end=\"280\">ZigZag High Power Pure White LED Strip<\/strong>. Mit intensivem wei\u00dfen Licht bei 7000K, 9,6W\/m und einer flexiblen Struktur ist er perfekt f\u00fcr Schilder, Kurven und kreative Installationen. Schutzart IP65, auch f\u00fcr den Au\u00dfeneinsatz geeignet. Ideal f\u00fcr 12V Stromversorgungen &#8211; <a class=\"\" href=\"https:\/\/www.easyledstore.it\/categoria-prodotto\/alimentatori\/\" target=\"_new\" rel=\"noopener\" data-start=\"488\" data-end=\"567\">entdecken Sie das Sortiment<\/a>.   <\/p>\n<p><strong style=\"font-size: 18px;\">Folgen Sie EasyLedStore.co.uk auch auf den sozialen Medien<\/strong><\/p>\n<ul style=\"list-style: none; padding: 0; font-size: 18px;\">\n<li style=\"text-align: left;\"><a href=\"https:\/\/www.instagram.com\/easyledstore.it\" target=\"_blank\" rel=\"noopener\">Instagram &#8211; <\/a><a href=\"https:\/\/www.facebook.com\/easyledstore\" target=\"_blank\" rel=\"noopener\">Facebook &#8211; <\/a><a href=\"https:\/\/www.tiktok.com\/@easyledstore.it\" target=\"_blank\" rel=\"noopener\">TikTok &#8211; <\/a><a href=\"https:\/\/www.youtube.com\/@easyledstore4589\" target=\"_blank\" rel=\"noopener\">YouTube<\/a><\/li>\n<\/ul>\n","protected":false},"featured_media":11056,"comment_status":"open","ping_status":"closed","template":"","meta":[],"product_brand":[],"product_cat":[1197,1408,1407],"product_tag":[1103,1321,1791,1143,1320],"class_list":{"0":"post-11053","1":"product","2":"type-product","3":"status-publish","4":"has-post-thumbnail","6":"product_cat-led-streifen","7":"product_cat-zigzag-outdoor","8":"product_cat-zigzag-streifen","9":"product_tag-12v","10":"product_tag-7000k","11":"product_tag-9-6w","12":"product_tag-ip65-zertifiziert","13":"product_tag-reines-weis","15":"first","16":"instock","17":"taxable","18":"shipping-taxable","19":"purchasable","20":"product-type-simple"},"yoast_head":"<!-- This site is optimized with the Yoast SEO plugin v27.3 - https:\/\/yoast.com\/product\/yoast-seo-wordpress\/ -->\n<title>ZigZag High Power LED-Streifen - Reinwei\u00df - IP65 - 5 Meter - Easyledstore<\/title>\n<meta name=\"description\" content=\"ZigZag High Power Pure White 3000K LED Strip - Outdoor - f\u00fcr Beschilderung und Au\u00dfendekoration. L\u00e4nge: 5 Meter\" \/>\n<meta name=\"robots\" content=\"index, follow, max-snippet:-1, max-image-preview:large, max-video-preview:-1\" \/>\n<link rel=\"canonical\" href=\"https:\/\/www.easyledstore.it\/de\/Produkt\/zigzag-high-power-led-streifen-reinweiss-ip65-5-meter\/\" \/>\n<meta property=\"og:locale\" content=\"de_DE\" \/>\n<meta property=\"og:type\" content=\"article\" \/>\n<meta property=\"og:title\" content=\"ZigZag High Power LED-Streifen - Reinwei\u00df - IP65 - 5 Meter - Easyledstore\" \/>\n<meta property=\"og:description\" content=\"ZigZag High Power Pure White 3000K LED Strip - Outdoor - f\u00fcr Beschilderung und Au\u00dfendekoration. L\u00e4nge: 5 Meter\" \/>\n<meta property=\"og:url\" content=\"https:\/\/www.easyledstore.it\/de\/Produkt\/zigzag-high-power-led-streifen-reinweiss-ip65-5-meter\/\" \/>\n<meta property=\"og:site_name\" content=\"Easyledstore\" \/>\n<meta property=\"article:publisher\" content=\"https:\/\/www.facebook.com\/easyledstore\" \/>\n<meta property=\"article:modified_time\" content=\"2026-03-17T13:52:22+00:00\" \/>\n<meta property=\"og:image\" content=\"https:\/\/www.easyledstore.it\/wp-content\/uploads\/2025\/06\/3.jpg\" \/>\n\t<meta property=\"og:image:width\" content=\"2000\" \/>\n\t<meta property=\"og:image:height\" content=\"2000\" \/>\n\t<meta property=\"og:image:type\" content=\"image\/jpeg\" \/>\n<meta name=\"twitter:card\" content=\"summary_large_image\" \/>\n<meta name=\"twitter:label1\" content=\"Gesch\u00e4tzte Lesezeit\" \/>\n\t<meta name=\"twitter:data1\" content=\"2\u00a0Minute\" \/>\n<!-- \/ Yoast SEO plugin. -->","yoast_head_json":{"title":"ZigZag High Power LED-Streifen - Reinwei\u00df - IP65 - 5 Meter - Easyledstore","description":"ZigZag High Power Pure White 3000K LED Strip - Outdoor - f\u00fcr Beschilderung und Au\u00dfendekoration. L\u00e4nge: 5 Meter","robots":{"index":"index","follow":"follow","max-snippet":"max-snippet:-1","max-image-preview":"max-image-preview:large","max-video-preview":"max-video-preview:-1"},"canonical":"https:\/\/www.easyledstore.it\/de\/Produkt\/zigzag-high-power-led-streifen-reinweiss-ip65-5-meter\/","og_locale":"de_DE","og_type":"article","og_title":"ZigZag High Power LED-Streifen - Reinwei\u00df - IP65 - 5 Meter - Easyledstore","og_description":"ZigZag High Power Pure White 3000K LED Strip - Outdoor - f\u00fcr Beschilderung und Au\u00dfendekoration. L\u00e4nge: 5 Meter","og_url":"https:\/\/www.easyledstore.it\/de\/Produkt\/zigzag-high-power-led-streifen-reinweiss-ip65-5-meter\/","og_site_name":"Easyledstore","article_publisher":"https:\/\/www.facebook.com\/easyledstore","article_modified_time":"2026-03-17T13:52:22+00:00","og_image":[{"width":2000,"height":2000,"url":"https:\/\/www.easyledstore.it\/wp-content\/uploads\/2025\/06\/3.jpg","type":"image\/jpeg"}],"twitter_card":"summary_large_image","twitter_misc":{"Gesch\u00e4tzte Lesezeit":"2\u00a0Minute"},"schema":{"@context":"https:\/\/schema.org","@graph":[{"@type":"WebPage","@id":"https:\/\/www.easyledstore.it\/de\/Produkt\/zigzag-high-power-led-streifen-reinweiss-ip65-5-meter\/","url":"https:\/\/www.easyledstore.it\/de\/Produkt\/zigzag-high-power-led-streifen-reinweiss-ip65-5-meter\/","name":"ZigZag High Power LED-Streifen - Reinwei\u00df - IP65 - 5 Meter - Easyledstore","isPartOf":{"@id":"https:\/\/www.easyledstore.it\/de\/#website"},"primaryImageOfPage":{"@id":"https:\/\/www.easyledstore.it\/de\/Produkt\/zigzag-high-power-led-streifen-reinweiss-ip65-5-meter\/#primaryimage"},"image":{"@id":"https:\/\/www.easyledstore.it\/de\/Produkt\/zigzag-high-power-led-streifen-reinweiss-ip65-5-meter\/#primaryimage"},"thumbnailUrl":"https:\/\/www.easyledstore.it\/wp-content\/uploads\/2025\/06\/3.jpg","datePublished":"2025-06-24T14:16:41+00:00","dateModified":"2026-03-17T13:52:22+00:00","description":"ZigZag High Power Pure White 3000K LED Strip - Outdoor - f\u00fcr Beschilderung und Au\u00dfendekoration. L\u00e4nge: 5 Meter","breadcrumb":{"@id":"https:\/\/www.easyledstore.it\/de\/Produkt\/zigzag-high-power-led-streifen-reinweiss-ip65-5-meter\/#breadcrumb"},"inLanguage":"de","potentialAction":[{"@type":"ReadAction","target":["https:\/\/www.easyledstore.it\/de\/Produkt\/zigzag-high-power-led-streifen-reinweiss-ip65-5-meter\/"]}]},{"@type":"ImageObject","inLanguage":"de","@id":"https:\/\/www.easyledstore.it\/de\/Produkt\/zigzag-high-power-led-streifen-reinweiss-ip65-5-meter\/#primaryimage","url":"https:\/\/www.easyledstore.it\/wp-content\/uploads\/2025\/06\/3.jpg","contentUrl":"https:\/\/www.easyledstore.it\/wp-content\/uploads\/2025\/06\/3.jpg","width":2000,"height":2000,"caption":"Zickzack 7000k"},{"@type":"BreadcrumbList","@id":"https:\/\/www.easyledstore.it\/de\/Produkt\/zigzag-high-power-led-streifen-reinweiss-ip65-5-meter\/#breadcrumb","itemListElement":[{"@type":"ListItem","position":1,"name":"Home","item":"https:\/\/www.easyledstore.it\/de\/led-beschilderungsmodule\/"},{"@type":"ListItem","position":2,"name":"IT einkaufen","item":"https:\/\/www.easyledstore.it\/de\/shop\/"},{"@type":"ListItem","position":3,"name":"ZigZag High Power LED-Streifen &#8211; Reinwei\u00df &#8211; IP65 &#8211; 5 Meter"}]},{"@type":"WebSite","@id":"https:\/\/www.easyledstore.it\/de\/#website","url":"https:\/\/www.easyledstore.it\/de\/","name":"Easyledstore","description":"Alimentatori e Moduli LED per Insegne Luminose","publisher":{"@id":"https:\/\/www.easyledstore.it\/de\/#organization"},"potentialAction":[{"@type":"SearchAction","target":{"@type":"EntryPoint","urlTemplate":"https:\/\/www.easyledstore.it\/de\/?s={search_term_string}"},"query-input":{"@type":"PropertyValueSpecification","valueRequired":true,"valueName":"search_term_string"}}],"inLanguage":"de"},{"@type":"Organization","@id":"https:\/\/www.easyledstore.it\/de\/#organization","name":"LTC Lighting Trading Company srls","url":"https:\/\/www.easyledstore.it\/de\/","logo":{"@type":"ImageObject","inLanguage":"de","@id":"https:\/\/www.easyledstore.it\/de\/#\/schema\/logo\/image\/","url":"https:\/\/www.easyledstore.it\/wp-content\/uploads\/2018\/03\/Landscape-FullColor-2000.png","contentUrl":"https:\/\/www.easyledstore.it\/wp-content\/uploads\/2018\/03\/Landscape-FullColor-2000.png","width":2000,"height":641,"caption":"LTC Lighting Trading Company srls"},"image":{"@id":"https:\/\/www.easyledstore.it\/de\/#\/schema\/logo\/image\/"},"sameAs":["https:\/\/www.facebook.com\/easyledstore"]}]}},"_links":{"self":[{"href":"https:\/\/www.easyledstore.it\/de\/wp-json\/wp\/v2\/product\/11053","targetHints":{"allow":["GET"]}}],"collection":[{"href":"https:\/\/www.easyledstore.it\/de\/wp-json\/wp\/v2\/product"}],"about":[{"href":"https:\/\/www.easyledstore.it\/de\/wp-json\/wp\/v2\/types\/product"}],"replies":[{"embeddable":true,"href":"https:\/\/www.easyledstore.it\/de\/wp-json\/wp\/v2\/comments?post=11053"}],"wp:featuredmedia":[{"embeddable":true,"href":"https:\/\/www.easyledstore.it\/de\/wp-json\/wp\/v2\/media\/11056"}],"wp:attachment":[{"href":"https:\/\/www.easyledstore.it\/de\/wp-json\/wp\/v2\/media?parent=11053"}],"wp:term":[{"taxonomy":"product_brand","embeddable":true,"href":"https:\/\/www.easyledstore.it\/de\/wp-json\/wp\/v2\/product_brand?post=11053"},{"taxonomy":"product_cat","embeddable":true,"href":"https:\/\/www.easyledstore.it\/de\/wp-json\/wp\/v2\/product_cat?post=11053"},{"taxonomy":"product_tag","embeddable":true,"href":"https:\/\/www.easyledstore.it\/de\/wp-json\/wp\/v2\/product_tag?post=11053"}],"curies":[{"name":"wp","href":"https:\/\/api.w.org\/{rel}","templated":true}]}}