{"id":10952,"date":"2025-07-21T09:25:56","date_gmt":"2025-07-21T07:25:56","guid":{"rendered":"https:\/\/www.easyledstore.it\/prodotto\/led-modul-12v-hoher-wirkungsgrad-rgb-072w\/"},"modified":"2026-02-02T11:17:10","modified_gmt":"2026-02-02T10:17:10","slug":"led-modul-12v-hoher-wirkungsgrad-rgb-072w","status":"publish","type":"product","link":"https:\/\/www.easyledstore.it\/de\/Produkt\/led-modul-12v-hoher-wirkungsgrad-rgb-072w\/","title":{"rendered":"LED-Modul 12V &#8211; Hoher Wirkungsgrad &#8211; RGB &#8211; 0,72W"},"content":{"rendered":"<p>Hocheffizientes LED-Modul 100 lm\/W &#8211; RGB- Ideal f\u00fcr Innen- und Au\u00dfenanwendungen<\/p>\n<p>Sie suchen nach einer zuverl\u00e4ssigen, leistungsstarken Beleuchtungsl\u00f6sung f\u00fcr Ihre Beschilderung? Dieses LED-Modul bietet eine Effizienz von mehr als 100 lm\/W und eine helle, gleichm\u00e4\u00dfige Ausleuchtung, die sich f\u00fcr eine Vielzahl von Anwendungen eignet. <\/p>\n<h2>Hauptmerkmale<\/h2>\n<ul>\n<li><strong>175\u00b0-Optik:<\/strong> bietet eine breite und gleichm\u00e4\u00dfige Lichtstreuung, ideal f\u00fcr Kastenbuchstaben und Leuchtk\u00e4sten mit einer Tiefe zwischen 5 und 25 cm.<\/li>\n<li><strong>Witterungsbest\u00e4ndig:<\/strong> Dank der Schutzart IP68 ist das Ger\u00e4t f\u00fcr Installationen im Freien geeignet und widersteht Staub und Wasser.<\/li>\n<li><strong>Garantierte Zuverl\u00e4ssigkeit:<\/strong> Getestet nach dem LM80-Standard, um eine lange Lebensdauer und konstante Leistung zu gew\u00e4hrleisten.<\/li>\n<li><strong>CE-Zertifizierung:<\/strong> Entspricht den europ\u00e4ischen Normen f\u00fcr Sicherheit und Qualit\u00e4t.<\/li>\n<\/ul>\n<h2>Technische Daten<\/h2>\n<ul>\n<li><strong>Abmessungen:<\/strong> 63,5 x 13 x 10,1 mm<\/li>\n<li><strong>Abstrahlwinkel: <\/strong>175\u00b0<\/li>\n<li><strong>Betriebsspannung:<\/strong> DC 12V<\/li>\n<li><strong>Leistungsaufnahme: <\/strong>0,72 W pro Modul<\/li>\n<li><strong>Lichtausbeute:<\/strong> 100 lm\/W<\/li>\n<\/ul>\n<ul>\n<li style=\"list-style-type: none;\">\n<ul>\n<li>Betriebstemperatur: -20\u00b0C bis +45\u00b0C<\/li>\n<li>Lagertemperatur: -30\u00b0C bis +70\u00b0C<\/li>\n<\/ul>\n<\/li>\n<li><strong>Kaskade:<\/strong> Reihenschaltung von bis zu 50 Modulen mit <a href=\"https:\/\/www.easyledstore.it\/de\/produktkategorien\/stromversorgungen\/\">12V DC Stromversorgung<\/a>.<\/li>\n<\/ul>\n<h2>Empfohlene Anwendungen<\/h2>\n<p><strong>Kastenbuchstaben:<\/strong> Perfekt f\u00fcr flache oder mittlere Tiefen.<\/p>\n<p><strong>Leuchtk\u00e4sten:<\/strong> F\u00fcr qualitativ hochwertige Werbeschilder.<\/p>\n<p><strong>Outdoor-Umgebungen: <\/strong>Durch den hohen Schutz gegen Staub und Wasser.<\/p>\n<h2>Vorteile des hocheffizienten LED-Moduls 100 lm\/W<\/h2>\n<p>Dieses LED-Modul ist auf hohe Leistung und lange Lebensdauer ausgelegt und kombiniert fortschrittliche Technologie mit einfacher Installation. Seine 175\u00b0-Optik eliminiert Schatten und sorgt f\u00fcr eine homogene Ausleuchtung selbst in den komplexesten Konfigurationen. <\/p>\n","protected":false},"excerpt":{"rendered":"<p><strong>Hocheffizientes<\/strong> LED-Modul <strong>100 lm\/W<\/strong> &#8211; Ideal f\u00fcr Innen- und Au\u00dfenanwendungen<\/p>\n<ul>\n<li><strong>Abmessungen:<\/strong> 63,5 x 13 x 10,1 mm<\/li>\n<li><strong>Abstrahlwinkel: <\/strong>175\u00b0<\/li>\n<li><strong>Betriebsspannung:<\/strong> DC 12V<\/li>\n<li><strong>Leistungsaufnahme: <\/strong>0,72 W pro Modul<\/li>\n<li><strong>Lichtausbeute:<\/strong> 100 lm\/W<\/li>\n<li><strong>Farbe:<\/strong> RGB<\/li>\n<\/ul>\n","protected":false},"featured_media":10953,"comment_status":"open","ping_status":"closed","template":"","meta":[],"product_brand":[],"product_cat":[1098,1117,1443],"product_tag":[1118,1107,1162,1103,1138,1139,1158,1123,1160,1111,1104,1199],"class_list":{"0":"post-10952","1":"product","2":"type-product","3":"status-publish","4":"has-post-thumbnail","6":"product_cat-led-module","7":"product_cat-led-module-fur-einseitige-beschriftungen-boxen-und-schriftzuge","8":"product_cat-rgb-module","9":"product_tag-0-72w","10":"product_tag-1107","11":"product_tag-100-lumen","12":"product_tag-12v","13":"product_tag-175-grad","14":"product_tag-1w","15":"product_tag-3-gefuhrt","16":"product_tag-farbige-leds","17":"product_tag-ip68-zertifiziert","18":"product_tag-ja","19":"product_tag-mit-objektiv","20":"product_tag-rgb","22":"first","23":"instock","24":"taxable","25":"shipping-taxable","26":"purchasable","27":"product-type-simple"},"yoast_head":"<!-- This site is optimized with the Yoast SEO plugin v27.3 - https:\/\/yoast.com\/product\/yoast-seo-wordpress\/ -->\n<title>Hocheffizientes LED-Modul 100 lm\/W RGB - 12V - Easyledstore<\/title>\n<meta name=\"description\" content=\"Hocheffizientes 100 lm\/W RGB-LED-Modul f\u00fcr Hintergrundbeleuchtung, Schilder, Totems und mehr. Leistung 0,72W und Spannung 12V. 175\u00b0 Linse und 100lm Lichtstrom\" \/>\n<meta name=\"robots\" content=\"index, follow, max-snippet:-1, max-image-preview:large, max-video-preview:-1\" \/>\n<link rel=\"canonical\" href=\"https:\/\/www.easyledstore.it\/de\/Produkt\/led-modul-12v-hoher-wirkungsgrad-rgb-072w\/\" \/>\n<meta property=\"og:locale\" content=\"de_DE\" \/>\n<meta property=\"og:type\" content=\"article\" \/>\n<meta property=\"og:title\" content=\"Hocheffizientes LED-Modul 100 lm\/W RGB - 12V - Easyledstore\" \/>\n<meta property=\"og:description\" content=\"Hocheffizientes 100 lm\/W RGB-LED-Modul f\u00fcr Hintergrundbeleuchtung, Schilder, Totems und mehr. Leistung 0,72W und Spannung 12V. 175\u00b0 Linse und 100lm Lichtstrom\" \/>\n<meta property=\"og:url\" content=\"https:\/\/www.easyledstore.it\/de\/Produkt\/led-modul-12v-hoher-wirkungsgrad-rgb-072w\/\" \/>\n<meta property=\"og:site_name\" content=\"Easyledstore\" \/>\n<meta property=\"article:publisher\" content=\"https:\/\/www.facebook.com\/easyledstore\" \/>\n<meta property=\"article:modified_time\" content=\"2026-02-02T10:17:10+00:00\" \/>\n<meta property=\"og:image\" content=\"https:\/\/www.easyledstore.it\/wp-content\/uploads\/2025\/07\/12Vrgb-1.jpg\" \/>\n\t<meta property=\"og:image:width\" content=\"2000\" \/>\n\t<meta property=\"og:image:height\" content=\"2000\" \/>\n\t<meta property=\"og:image:type\" content=\"image\/jpeg\" \/>\n<meta name=\"twitter:card\" content=\"summary_large_image\" \/>\n<meta name=\"twitter:label1\" content=\"Gesch\u00e4tzte Lesezeit\" \/>\n\t<meta name=\"twitter:data1\" content=\"1\u00a0Minute\" \/>\n<!-- \/ Yoast SEO plugin. -->","yoast_head_json":{"title":"Hocheffizientes LED-Modul 100 lm\/W RGB - 12V - Easyledstore","description":"Hocheffizientes 100 lm\/W RGB-LED-Modul f\u00fcr Hintergrundbeleuchtung, Schilder, Totems und mehr. Leistung 0,72W und Spannung 12V. 175\u00b0 Linse und 100lm Lichtstrom","robots":{"index":"index","follow":"follow","max-snippet":"max-snippet:-1","max-image-preview":"max-image-preview:large","max-video-preview":"max-video-preview:-1"},"canonical":"https:\/\/www.easyledstore.it\/de\/Produkt\/led-modul-12v-hoher-wirkungsgrad-rgb-072w\/","og_locale":"de_DE","og_type":"article","og_title":"Hocheffizientes LED-Modul 100 lm\/W RGB - 12V - Easyledstore","og_description":"Hocheffizientes 100 lm\/W RGB-LED-Modul f\u00fcr Hintergrundbeleuchtung, Schilder, Totems und mehr. Leistung 0,72W und Spannung 12V. 175\u00b0 Linse und 100lm Lichtstrom","og_url":"https:\/\/www.easyledstore.it\/de\/Produkt\/led-modul-12v-hoher-wirkungsgrad-rgb-072w\/","og_site_name":"Easyledstore","article_publisher":"https:\/\/www.facebook.com\/easyledstore","article_modified_time":"2026-02-02T10:17:10+00:00","og_image":[{"width":2000,"height":2000,"url":"https:\/\/www.easyledstore.it\/wp-content\/uploads\/2025\/07\/12Vrgb-1.jpg","type":"image\/jpeg"}],"twitter_card":"summary_large_image","twitter_misc":{"Gesch\u00e4tzte Lesezeit":"1\u00a0Minute"},"schema":{"@context":"https:\/\/schema.org","@graph":[{"@type":"WebPage","@id":"https:\/\/www.easyledstore.it\/de\/Produkt\/led-modul-12v-hoher-wirkungsgrad-rgb-072w\/","url":"https:\/\/www.easyledstore.it\/de\/Produkt\/led-modul-12v-hoher-wirkungsgrad-rgb-072w\/","name":"Hocheffizientes LED-Modul 100 lm\/W RGB - 12V - Easyledstore","isPartOf":{"@id":"https:\/\/www.easyledstore.it\/de\/#website"},"primaryImageOfPage":{"@id":"https:\/\/www.easyledstore.it\/de\/Produkt\/led-modul-12v-hoher-wirkungsgrad-rgb-072w\/#primaryimage"},"image":{"@id":"https:\/\/www.easyledstore.it\/de\/Produkt\/led-modul-12v-hoher-wirkungsgrad-rgb-072w\/#primaryimage"},"thumbnailUrl":"https:\/\/www.easyledstore.it\/wp-content\/uploads\/2025\/07\/12Vrgb-1.jpg","datePublished":"2025-07-21T07:25:56+00:00","dateModified":"2026-02-02T10:17:10+00:00","description":"Hocheffizientes 100 lm\/W RGB-LED-Modul f\u00fcr Hintergrundbeleuchtung, Schilder, Totems und mehr. Leistung 0,72W und Spannung 12V. 175\u00b0 Linse und 100lm Lichtstrom","breadcrumb":{"@id":"https:\/\/www.easyledstore.it\/de\/Produkt\/led-modul-12v-hoher-wirkungsgrad-rgb-072w\/#breadcrumb"},"inLanguage":"de","potentialAction":[{"@type":"ReadAction","target":["https:\/\/www.easyledstore.it\/de\/Produkt\/led-modul-12v-hoher-wirkungsgrad-rgb-072w\/"]}]},{"@type":"ImageObject","inLanguage":"de","@id":"https:\/\/www.easyledstore.it\/de\/Produkt\/led-modul-12v-hoher-wirkungsgrad-rgb-072w\/#primaryimage","url":"https:\/\/www.easyledstore.it\/wp-content\/uploads\/2025\/07\/12Vrgb-1.jpg","contentUrl":"https:\/\/www.easyledstore.it\/wp-content\/uploads\/2025\/07\/12Vrgb-1.jpg","width":2000,"height":2000,"caption":"RGB 175\u00b0 Modul"},{"@type":"BreadcrumbList","@id":"https:\/\/www.easyledstore.it\/de\/Produkt\/led-modul-12v-hoher-wirkungsgrad-rgb-072w\/#breadcrumb","itemListElement":[{"@type":"ListItem","position":1,"name":"Home","item":"https:\/\/www.easyledstore.it\/de\/led-beschilderungsmodule\/"},{"@type":"ListItem","position":2,"name":"IT einkaufen","item":"https:\/\/www.easyledstore.it\/de\/shop\/"},{"@type":"ListItem","position":3,"name":"LED-Modul 12V &#8211; Hoher Wirkungsgrad &#8211; RGB &#8211; 0,72W"}]},{"@type":"WebSite","@id":"https:\/\/www.easyledstore.it\/de\/#website","url":"https:\/\/www.easyledstore.it\/de\/","name":"Easyledstore","description":"Alimentatori e Moduli LED per Insegne Luminose","publisher":{"@id":"https:\/\/www.easyledstore.it\/de\/#organization"},"potentialAction":[{"@type":"SearchAction","target":{"@type":"EntryPoint","urlTemplate":"https:\/\/www.easyledstore.it\/de\/?s={search_term_string}"},"query-input":{"@type":"PropertyValueSpecification","valueRequired":true,"valueName":"search_term_string"}}],"inLanguage":"de"},{"@type":"Organization","@id":"https:\/\/www.easyledstore.it\/de\/#organization","name":"LTC Lighting Trading Company srls","url":"https:\/\/www.easyledstore.it\/de\/","logo":{"@type":"ImageObject","inLanguage":"de","@id":"https:\/\/www.easyledstore.it\/de\/#\/schema\/logo\/image\/","url":"https:\/\/www.easyledstore.it\/wp-content\/uploads\/2018\/03\/Landscape-FullColor-2000.png","contentUrl":"https:\/\/www.easyledstore.it\/wp-content\/uploads\/2018\/03\/Landscape-FullColor-2000.png","width":2000,"height":641,"caption":"LTC Lighting Trading Company srls"},"image":{"@id":"https:\/\/www.easyledstore.it\/de\/#\/schema\/logo\/image\/"},"sameAs":["https:\/\/www.facebook.com\/easyledstore"]}]}},"_links":{"self":[{"href":"https:\/\/www.easyledstore.it\/de\/wp-json\/wp\/v2\/product\/10952","targetHints":{"allow":["GET"]}}],"collection":[{"href":"https:\/\/www.easyledstore.it\/de\/wp-json\/wp\/v2\/product"}],"about":[{"href":"https:\/\/www.easyledstore.it\/de\/wp-json\/wp\/v2\/types\/product"}],"replies":[{"embeddable":true,"href":"https:\/\/www.easyledstore.it\/de\/wp-json\/wp\/v2\/comments?post=10952"}],"wp:featuredmedia":[{"embeddable":true,"href":"https:\/\/www.easyledstore.it\/de\/wp-json\/wp\/v2\/media\/10953"}],"wp:attachment":[{"href":"https:\/\/www.easyledstore.it\/de\/wp-json\/wp\/v2\/media?parent=10952"}],"wp:term":[{"taxonomy":"product_brand","embeddable":true,"href":"https:\/\/www.easyledstore.it\/de\/wp-json\/wp\/v2\/product_brand?post=10952"},{"taxonomy":"product_cat","embeddable":true,"href":"https:\/\/www.easyledstore.it\/de\/wp-json\/wp\/v2\/product_cat?post=10952"},{"taxonomy":"product_tag","embeddable":true,"href":"https:\/\/www.easyledstore.it\/de\/wp-json\/wp\/v2\/product_tag?post=10952"}],"curies":[{"name":"wp","href":"https:\/\/api.w.org\/{rel}","templated":true}]}}