{"id":10916,"date":"2025-08-05T11:55:58","date_gmt":"2025-08-05T09:55:58","guid":{"rendered":"https:\/\/www.easyledstore.it\/prodotto\/led-leiste-12w-24v-4000k-mit-schnellanschluss\/"},"modified":"2026-01-19T12:54:53","modified_gmt":"2026-01-19T11:54:53","slug":"led-leiste-12w-24v-4000k-mit-schnellanschluss","status":"publish","type":"product","link":"https:\/\/www.easyledstore.it\/de\/Produkt\/led-leiste-12w-24v-4000k-mit-schnellanschluss\/","title":{"rendered":"LED-Leiste 12W 24V 4000K &#8211; Mit Schnellanschluss"},"content":{"rendered":"<div class=\"et_pb_section_0 et_pb_section et_section_regular et_block_section\"><div class=\"et_pb_row_0 et_pb_row et_block_row\"><div class=\"et_pb_column_0 et_pb_column et_pb_column_4_4 et-last-child et_block_column et_pb_css_mix_blend_mode_passthrough\"><div class=\"et_pb_wc_cart_notice_0 et_pb_wc_cart_notice et_pb_fields_layout_default et_pb_module\"><div class=\"et_pb_module_inner\">\n\t<div class=\"woocommerce-message\" role=\"alert\">\n\t\t&ldquo;Product Name&rdquo; has been added to cart.\t<\/div>\n<\/div><\/div><\/div><\/div><div class=\"et_pb_row_1 et_pb_row et_block_row\"><div class=\"et_pb_column_1 et_pb_column et_pb_column_1_2 et_block_column et_pb_css_mix_blend_mode_passthrough\"><div class=\"et_pb_wc_images_0 et_pb_wc_images et_pb_module\"><div class=\"et_pb_module_inner\"><\/div><\/div><\/div><div class=\"et_pb_column_2 et_pb_column et_pb_column_1_2 et-last-child et_block_column et_pb_css_mix_blend_mode_passthrough\"><div class=\"et_pb_wc_title_0 et_pb_wc_title et_pb_bg_layout_light et_pb_module\"><div class=\"et_pb_module_inner\">\n\t\t<h1>LED-Leiste 12W 24V 4000K &#8211; Mit Schnellanschluss<\/h1><\/div><\/div><\/div><\/div><div class=\"et_pb_row_2 et_pb_row et_block_row\"><div class=\"et_pb_column_3 et_pb_column et_pb_column_4_4 et-last-child et_block_column et_pb_css_mix_blend_mode_passthrough\"><div class=\"et_pb_wc_tabs_0 et_pb_wc_tabs et_pb_tabs et_pb_module\"><div class=\"et_pb_module_inner\"><ul class=\"et_pb_tabs_controls clearfix\"><\/ul><div class=\"et_pb_all_tabs\"><\/div><\/div><\/div><\/div><\/div><\/div>","protected":false},"excerpt":{"rendered":"<p>Gleichm\u00e4\u00dfige Ausleuchtung von K\u00e4sten und Leuchtk\u00e4sten (40-250 mm), hohe Lichtausbeute, lange Lebensdauer (5 Jahre) und Schutz vor Wasser und Staub.<\/p>\n<p>12W 24V LED-Leiste. Farbe Naturwei\u00df 4000K.<br \/>\nLichtstrom 1320 lm.<br \/>\nSchutzart IP65. <\/p>\n","protected":false},"featured_media":10012,"comment_status":"open","ping_status":"closed","template":"","meta":[],"product_brand":[],"product_cat":[1479,1478],"product_tag":[1137,1480,1481,1482,1159,1483,1360,1143,1362,1359],"class_list":{"0":"post-10916","1":"product","2":"type-product","3":"status-publish","4":"has-post-thumbnail","6":"product_cat-ip65-led-leisten","7":"product_cat-led-balken","8":"product_tag-1137","9":"product_tag-12w","10":"product_tag-1320-lumen","11":"product_tag-178-grad-celsius","12":"product_tag-24v","13":"product_tag-4-25-cm","14":"product_tag-4000k","15":"product_tag-ip65-zertifiziert","16":"product_tag-naturlich-weis","17":"product_tag-naturliches-licht","19":"first","20":"instock","21":"taxable","22":"shipping-taxable","23":"purchasable","24":"product-type-simple"},"yoast_head":"<!-- This site is optimized with the Yoast SEO plugin v27.3 - https:\/\/yoast.com\/product\/yoast-seo-wordpress\/ -->\n<title>LED-Leiste 12W 24V 4000K - Mit Schnellanschluss - Easyledstore<\/title>\n<meta name=\"description\" content=\"Die LED-Leiste 12W 24V wurde f\u00fcr eine leistungsstarke und gleichm\u00e4\u00dfige Beleuchtung entwickelt. Ideal f\u00fcr Leuchtk\u00e4sten und Leuchtk\u00e4sten mit einer Tiefe von 40 bis 250 mm\" \/>\n<meta name=\"robots\" content=\"index, follow, max-snippet:-1, max-image-preview:large, max-video-preview:-1\" \/>\n<link rel=\"canonical\" href=\"https:\/\/www.easyledstore.it\/de\/Produkt\/led-leiste-12w-24v-4000k-mit-schnellanschluss\/\" \/>\n<meta property=\"og:locale\" content=\"de_DE\" \/>\n<meta property=\"og:type\" content=\"article\" \/>\n<meta property=\"og:title\" content=\"LED-Leiste 12W 24V 4000K - Mit Schnellanschluss - Easyledstore\" \/>\n<meta property=\"og:description\" content=\"Die LED-Leiste 12W 24V wurde f\u00fcr eine leistungsstarke und gleichm\u00e4\u00dfige Beleuchtung entwickelt. Ideal f\u00fcr Leuchtk\u00e4sten und Leuchtk\u00e4sten mit einer Tiefe von 40 bis 250 mm\" \/>\n<meta property=\"og:url\" content=\"https:\/\/www.easyledstore.it\/de\/Produkt\/led-leiste-12w-24v-4000k-mit-schnellanschluss\/\" \/>\n<meta property=\"og:site_name\" content=\"Easyledstore\" \/>\n<meta property=\"article:publisher\" content=\"https:\/\/www.facebook.com\/easyledstore\" \/>\n<meta property=\"article:modified_time\" content=\"2026-01-19T11:54:53+00:00\" \/>\n<meta property=\"og:image\" content=\"https:\/\/www.easyledstore.it\/wp-content\/uploads\/2025\/05\/Barra-OK-scaled.jpg\" \/>\n\t<meta property=\"og:image:width\" content=\"2560\" \/>\n\t<meta property=\"og:image:height\" content=\"2560\" \/>\n\t<meta property=\"og:image:type\" content=\"image\/jpeg\" \/>\n<meta name=\"twitter:card\" content=\"summary_large_image\" \/>\n<!-- \/ Yoast SEO plugin. -->","yoast_head_json":{"title":"LED-Leiste 12W 24V 4000K - Mit Schnellanschluss - Easyledstore","description":"Die LED-Leiste 12W 24V wurde f\u00fcr eine leistungsstarke und gleichm\u00e4\u00dfige Beleuchtung entwickelt. Ideal f\u00fcr Leuchtk\u00e4sten und Leuchtk\u00e4sten mit einer Tiefe von 40 bis 250 mm","robots":{"index":"index","follow":"follow","max-snippet":"max-snippet:-1","max-image-preview":"max-image-preview:large","max-video-preview":"max-video-preview:-1"},"canonical":"https:\/\/www.easyledstore.it\/de\/Produkt\/led-leiste-12w-24v-4000k-mit-schnellanschluss\/","og_locale":"de_DE","og_type":"article","og_title":"LED-Leiste 12W 24V 4000K - Mit Schnellanschluss - Easyledstore","og_description":"Die LED-Leiste 12W 24V wurde f\u00fcr eine leistungsstarke und gleichm\u00e4\u00dfige Beleuchtung entwickelt. Ideal f\u00fcr Leuchtk\u00e4sten und Leuchtk\u00e4sten mit einer Tiefe von 40 bis 250 mm","og_url":"https:\/\/www.easyledstore.it\/de\/Produkt\/led-leiste-12w-24v-4000k-mit-schnellanschluss\/","og_site_name":"Easyledstore","article_publisher":"https:\/\/www.facebook.com\/easyledstore","article_modified_time":"2026-01-19T11:54:53+00:00","og_image":[{"width":2560,"height":2560,"url":"https:\/\/www.easyledstore.it\/wp-content\/uploads\/2025\/05\/Barra-OK-scaled.jpg","type":"image\/jpeg"}],"twitter_card":"summary_large_image","schema":{"@context":"https:\/\/schema.org","@graph":[{"@type":"WebPage","@id":"https:\/\/www.easyledstore.it\/de\/Produkt\/led-leiste-12w-24v-4000k-mit-schnellanschluss\/","url":"https:\/\/www.easyledstore.it\/de\/Produkt\/led-leiste-12w-24v-4000k-mit-schnellanschluss\/","name":"LED-Leiste 12W 24V 4000K - Mit Schnellanschluss - Easyledstore","isPartOf":{"@id":"https:\/\/www.easyledstore.it\/de\/#website"},"primaryImageOfPage":{"@id":"https:\/\/www.easyledstore.it\/de\/Produkt\/led-leiste-12w-24v-4000k-mit-schnellanschluss\/#primaryimage"},"image":{"@id":"https:\/\/www.easyledstore.it\/de\/Produkt\/led-leiste-12w-24v-4000k-mit-schnellanschluss\/#primaryimage"},"thumbnailUrl":"https:\/\/www.easyledstore.it\/wp-content\/uploads\/2025\/05\/Barra-OK-scaled.jpg","datePublished":"2025-08-05T09:55:58+00:00","dateModified":"2026-01-19T11:54:53+00:00","description":"Die LED-Leiste 12W 24V wurde f\u00fcr eine leistungsstarke und gleichm\u00e4\u00dfige Beleuchtung entwickelt. Ideal f\u00fcr Leuchtk\u00e4sten und Leuchtk\u00e4sten mit einer Tiefe von 40 bis 250 mm","breadcrumb":{"@id":"https:\/\/www.easyledstore.it\/de\/Produkt\/led-leiste-12w-24v-4000k-mit-schnellanschluss\/#breadcrumb"},"inLanguage":"de","potentialAction":[{"@type":"ReadAction","target":["https:\/\/www.easyledstore.it\/de\/Produkt\/led-leiste-12w-24v-4000k-mit-schnellanschluss\/"]}]},{"@type":"ImageObject","inLanguage":"de","@id":"https:\/\/www.easyledstore.it\/de\/Produkt\/led-leiste-12w-24v-4000k-mit-schnellanschluss\/#primaryimage","url":"https:\/\/www.easyledstore.it\/wp-content\/uploads\/2025\/05\/Barra-OK-scaled.jpg","contentUrl":"https:\/\/www.easyledstore.it\/wp-content\/uploads\/2025\/05\/Barra-OK-scaled.jpg","width":2560,"height":2560,"caption":"Bar mit Logo"},{"@type":"BreadcrumbList","@id":"https:\/\/www.easyledstore.it\/de\/Produkt\/led-leiste-12w-24v-4000k-mit-schnellanschluss\/#breadcrumb","itemListElement":[{"@type":"ListItem","position":1,"name":"Home","item":"https:\/\/www.easyledstore.it\/de\/led-beschilderungsmodule\/"},{"@type":"ListItem","position":2,"name":"IT einkaufen","item":"https:\/\/www.easyledstore.it\/de\/shop\/"},{"@type":"ListItem","position":3,"name":"LED-Leiste 12W 24V 4000K &#8211; Mit Schnellanschluss"}]},{"@type":"WebSite","@id":"https:\/\/www.easyledstore.it\/de\/#website","url":"https:\/\/www.easyledstore.it\/de\/","name":"Easyledstore","description":"Alimentatori e Moduli LED per Insegne Luminose","publisher":{"@id":"https:\/\/www.easyledstore.it\/de\/#organization"},"potentialAction":[{"@type":"SearchAction","target":{"@type":"EntryPoint","urlTemplate":"https:\/\/www.easyledstore.it\/de\/?s={search_term_string}"},"query-input":{"@type":"PropertyValueSpecification","valueRequired":true,"valueName":"search_term_string"}}],"inLanguage":"de"},{"@type":"Organization","@id":"https:\/\/www.easyledstore.it\/de\/#organization","name":"LTC Lighting Trading Company srls","url":"https:\/\/www.easyledstore.it\/de\/","logo":{"@type":"ImageObject","inLanguage":"de","@id":"https:\/\/www.easyledstore.it\/de\/#\/schema\/logo\/image\/","url":"https:\/\/www.easyledstore.it\/wp-content\/uploads\/2018\/03\/Landscape-FullColor-2000.png","contentUrl":"https:\/\/www.easyledstore.it\/wp-content\/uploads\/2018\/03\/Landscape-FullColor-2000.png","width":2000,"height":641,"caption":"LTC Lighting Trading Company srls"},"image":{"@id":"https:\/\/www.easyledstore.it\/de\/#\/schema\/logo\/image\/"},"sameAs":["https:\/\/www.facebook.com\/easyledstore"]}]}},"_links":{"self":[{"href":"https:\/\/www.easyledstore.it\/de\/wp-json\/wp\/v2\/product\/10916","targetHints":{"allow":["GET"]}}],"collection":[{"href":"https:\/\/www.easyledstore.it\/de\/wp-json\/wp\/v2\/product"}],"about":[{"href":"https:\/\/www.easyledstore.it\/de\/wp-json\/wp\/v2\/types\/product"}],"replies":[{"embeddable":true,"href":"https:\/\/www.easyledstore.it\/de\/wp-json\/wp\/v2\/comments?post=10916"}],"wp:featuredmedia":[{"embeddable":true,"href":"https:\/\/www.easyledstore.it\/de\/wp-json\/wp\/v2\/media\/10012"}],"wp:attachment":[{"href":"https:\/\/www.easyledstore.it\/de\/wp-json\/wp\/v2\/media?parent=10916"}],"wp:term":[{"taxonomy":"product_brand","embeddable":true,"href":"https:\/\/www.easyledstore.it\/de\/wp-json\/wp\/v2\/product_brand?post=10916"},{"taxonomy":"product_cat","embeddable":true,"href":"https:\/\/www.easyledstore.it\/de\/wp-json\/wp\/v2\/product_cat?post=10916"},{"taxonomy":"product_tag","embeddable":true,"href":"https:\/\/www.easyledstore.it\/de\/wp-json\/wp\/v2\/product_tag?post=10916"}],"curies":[{"name":"wp","href":"https:\/\/api.w.org\/{rel}","templated":true}]}}