{"id":10858,"date":"2025-07-10T14:40:15","date_gmt":"2025-07-10T12:40:15","guid":{"rendered":"https:\/\/www.easyledstore.it\/prodotto\/bluetooth-pixel-controller-led-rgb-5-24v-mit-fernbedienung\/"},"modified":"2026-04-07T08:09:59","modified_gmt":"2026-04-07T06:09:59","slug":"bluetooth-pixel-controller-led-rgb-5-24v-mit-fernbedienung","status":"publish","type":"product","link":"https:\/\/www.easyledstore.it\/de\/Produkt\/bluetooth-pixel-controller-led-rgb-5-24v-mit-fernbedienung\/","title":{"rendered":"Bluetooth Pixel Controller LED RGB 5-24V mit Fernbedienung"},"content":{"rendered":"<p data-start=\"160\" data-end=\"452\">Der <strong data-start=\"163\" data-end=\"193\">Bluetooth Pixel Controller<\/strong> ist die ideale L\u00f6sung, um digitale RGB-LED-Streifen (WS2811, WS2812B) mit Leichtigkeit und Pr\u00e4zision zu steuern. Dieser kompakte Controller ist mit Gleichstromversorgungen von 5V bis 24V kompatibel und unterst\u00fctzt bis zu 2048 Pixel und bietet \u00fcber 300 anpassbare dynamische Effekte. <\/p>\n<p data-start=\"454\" data-end=\"765\">Mit zwei Steuerungsmodi &#8211; \u00fcber die <strong data-start=\"505\" data-end=\"522\">Bluetooth APP<\/strong> oder die <strong data-start=\"525\" data-end=\"552\">drahtlose RF-Fernbedienung<\/strong> &#8211; bietet der <strong data-start=\"558\" data-end=\"588\">Bluetooth Pixel Controller<\/strong> eine intuitive und vielseitige Benutzererfahrung. Sie k\u00f6nnen Farben, Geschwindigkeit und Helligkeit direkt von Ihrem Smartphone aus einstellen, wobei die Verbindung in Sekundenschnelle automatisch hergestellt wird. <\/p>\n<p data-start=\"767\" data-end=\"969\">Der <strong data-start=\"840\" data-end=\"870\">Bluetooth-Pixel-Controller<\/strong> ist aus strapazierf\u00e4higem ABS-Kunststoff gefertigt und mit einem 3-Pin-Anschluss ausgestattet. Er eignet sich perfekt f\u00fcr Leuchtreklamen, dekorative Installationen und professionelle oder kreative LED-Projekte.<\/p>\n<p data-start=\"135\" data-end=\"159\"><strong data-start=\"135\" data-end=\"159\">Technische Daten:<\/strong><\/p>\n<ul data-start=\"161\" data-end=\"766\">\n<li data-start=\"161\" data-end=\"283\">\n<p data-start=\"163\" data-end=\"283\"><strong data-start=\"163\" data-end=\"181\">Kompatibilit\u00e4t:<\/strong> nur geeignet f\u00fcr digitale RGB-LED-Streifen (Typ WS2811 \/ WS2812B) mit einer Spannung von 5V bis 24V<\/p>\n<\/li>\n<li data-start=\"284\" data-end=\"352\">\n<p data-start=\"286\" data-end=\"352\"><strong data-start=\"286\" data-end=\"311\">Steuerung:<\/strong> \u00fcber Bluetooth APP und RF-Fernbedienung<\/p>\n<\/li>\n<li data-start=\"353\" data-end=\"384\">\n<p data-start=\"355\" data-end=\"384\"><strong data-start=\"355\" data-end=\"373\">Stromversorgung:<\/strong> DC 5-24V<\/p>\n<\/li>\n<li data-start=\"385\" data-end=\"423\">\n<p data-start=\"387\" data-end=\"423\"><strong data-start=\"387\" data-end=\"415\">Anschluss f\u00fcr LED-Streifen:<\/strong> 3-polig<\/p>\n<\/li>\n<li data-start=\"424\" data-end=\"453\">\n<p data-start=\"426\" data-end=\"453\"><strong data-start=\"426\" data-end=\"446\">Statische Leistungsaufnahme:<\/strong> &lt; 1W<\/p>\n<\/li>\n<li data-start=\"454\" data-end=\"494\">\n<p data-start=\"456\" data-end=\"494\"><strong data-start=\"456\" data-end=\"487\">Maximaler Ausgangsstrom:<\/strong> &lt; 6A<\/p>\n<\/li>\n<li data-start=\"495\" data-end=\"570\">\n<p data-start=\"497\" data-end=\"522\"><strong data-start=\"497\" data-end=\"520\">Unterst\u00fctzte Leistung:<\/strong><\/p>\n<ul data-start=\"525\" data-end=\"570\">\n<li data-start=\"525\" data-end=\"537\">\n<p data-start=\"527\" data-end=\"537\">5V \/ 30W<\/p>\n<\/li>\n<li data-start=\"540\" data-end=\"553\">\n<p data-start=\"542\" data-end=\"553\">12V \/ 72W<\/p>\n<\/li>\n<li data-start=\"556\" data-end=\"570\">\n<p data-start=\"558\" data-end=\"570\">24V \/ 144W<\/p>\n<\/li>\n<\/ul>\n<\/li>\n<li data-start=\"571\" data-end=\"614\">\n<p data-start=\"573\" data-end=\"614\"><strong data-start=\"573\" data-end=\"594\">Unterst\u00fctzte Pixel:<\/strong> bis zu 2048 Pixel<\/p>\n<\/li>\n<li data-start=\"615\" data-end=\"644\">\n<p data-start=\"617\" data-end=\"644\"><strong data-start=\"617\" data-end=\"636\">Kabell\u00e4nge:<\/strong> 15 cm<\/p>\n<\/li>\n<li data-start=\"645\" data-end=\"698\">\n<p data-start=\"647\" data-end=\"698\"><strong data-start=\"647\" data-end=\"661\">Material:<\/strong> widerstandsf\u00e4higer und langlebiger ABS-Kunststoff<\/p>\n<\/li>\n<li data-start=\"699\" data-end=\"766\">\n<p data-start=\"701\" data-end=\"766\"><strong data-start=\"701\" data-end=\"732\">Packungsinhalt:<\/strong> 1 Controller + 1 RF-Fernbedienung<\/p>\n<\/li>\n<\/ul>\n<p data-start=\"768\" data-end=\"785\"><strong data-start=\"768\" data-end=\"785\">Funktionsweise:<\/strong><\/p>\n<ul data-start=\"787\" data-end=\"1109\">\n<li data-start=\"787\" data-end=\"863\">\n<p data-start=\"789\" data-end=\"863\">Schnelle und einfache Steuerung \u00fcber Bluetooth APP oder drahtlose Fernbedienung<\/p>\n<\/li>\n<li data-start=\"864\" data-end=\"907\">\n<p data-start=\"866\" data-end=\"907\">Automatische Verbindung in Sekundenschnelle<\/p>\n<\/li>\n<li data-start=\"908\" data-end=\"951\">\n<p data-start=\"910\" data-end=\"951\">\u00dcber 300 voreingestellte Lichteffekte<\/p>\n<\/li>\n<li data-start=\"952\" data-end=\"1022\">\n<p data-start=\"954\" data-end=\"1022\">Anpassen von Farbe, Helligkeit und Geschwindigkeit direkt in der App<\/p>\n<\/li>\n<li data-start=\"1023\" data-end=\"1109\">\n<p data-start=\"1025\" data-end=\"1109\">Ideal f\u00fcr LED-Schilder, digitale Streifen, Lichtinstallationen und kreative Projekte<\/p>\n<\/li>\n<\/ul>\n<p><strong style=\"font-size: 18px;\">Folgen Sie EasyLedStore.co.uk auch auf den sozialen Medien<\/strong><\/p>\n<ul style=\"list-style: none; padding: 0; font-size: 18px;\">\n<li style=\"text-align: left;\"><a href=\"https:\/\/www.instagram.com\/easyledstore.it\" target=\"_blank\" rel=\"noopener noreferrer nofollow\">Instagram &#8211; <\/a><a href=\"https:\/\/www.facebook.com\/easyledstore\" target=\"_blank\" rel=\"noopener noreferrer nofollow\">Facebook &#8211; <\/a><a href=\"https:\/\/www.tiktok.com\/@easyledstore.it\" target=\"_blank\" rel=\"noopener noreferrer nofollow\">TikTok &#8211; <\/a><a href=\"https:\/\/www.youtube.com\/@easyledstore4589\" target=\"_blank\" rel=\"noopener noreferrer nofollow\">YouTube<\/a><\/li>\n<\/ul>\n","protected":false},"excerpt":{"rendered":"<p data-start=\"160\" data-end=\"452\">Der <strong data-start=\"163\" data-end=\"193\">Bluetooth Pixel Controller<\/strong> ist die ideale L\u00f6sung, um digitale RGB-LED-Streifen (WS2811, WS2812B) mit Leichtigkeit und Pr\u00e4zision zu steuern. Dieser kompakte Controller ist mit Gleichstromversorgungen von 5V bis 24V kompatibel und unterst\u00fctzt bis zu 2048 Pixel und bietet \u00fcber 300 anpassbare dynamische Effekte. <\/p>\n<p data-start=\"454\" data-end=\"765\">Mit zwei Steuerungsmodi &#8211; \u00fcber die <strong data-start=\"505\" data-end=\"522\">Bluetooth APP<\/strong> oder die <strong data-start=\"525\" data-end=\"552\">drahtlose RF-Fernbedienung<\/strong> &#8211; bietet der <strong data-start=\"558\" data-end=\"588\">Bluetooth Pixel Controller<\/strong> eine intuitive und vielseitige Benutzererfahrung. Sie k\u00f6nnen Farben, Geschwindigkeit und Helligkeit direkt von Ihrem Smartphone aus einstellen, wobei die Verbindung in Sekundenschnelle automatisch hergestellt wird. <\/p>\n<p data-start=\"767\" data-end=\"969\">Der <strong data-start=\"840\" data-end=\"870\">Bluetooth-Pixel-Controller<\/strong> ist aus strapazierf\u00e4higem ABS-Kunststoff gefertigt und mit einem 3-Pin-Anschluss ausgestattet. Er eignet sich perfekt f\u00fcr Leuchtreklamen, dekorative Installationen und professionelle oder kreative LED-Projekte.<\/p>\n<p><strong style=\"font-size: 18px;\">Folgen Sie EasyLedStore.co.uk auch auf den sozialen Medien<\/strong><\/p>\n<ul style=\"list-style: none; padding: 0; font-size: 18px;\">\n<li style=\"text-align: left;\"><a href=\"https:\/\/www.instagram.com\/easyledstore.it\" target=\"_blank\" rel=\"noopener\">Instagram &#8211; <\/a><a href=\"https:\/\/www.facebook.com\/easyledstore\" target=\"_blank\" rel=\"noopener\">Facebook &#8211; <\/a><a href=\"https:\/\/www.tiktok.com\/@easyledstore.it\" target=\"_blank\" rel=\"noopener\">TikTok &#8211; <\/a><a href=\"https:\/\/www.youtube.com\/@easyledstore4589\" target=\"_blank\" rel=\"noopener\">YouTube<\/a><\/li>\n<\/ul>\n","protected":false},"featured_media":10863,"comment_status":"open","ping_status":"closed","template":"","meta":[],"product_brand":[],"product_cat":[1754,1753],"product_tag":[1103,1159,1710,1755,1199],"class_list":{"0":"post-10858","1":"product","2":"type-product","3":"status-publish","4":"has-post-thumbnail","6":"product_cat-controller","7":"product_cat-steuereinheiten","8":"product_tag-12v","9":"product_tag-24v","10":"product_tag-5v","11":"product_tag-dc-5v-12v-24v","12":"product_tag-rgb","14":"first","15":"instock","16":"taxable","17":"shipping-taxable","18":"purchasable","19":"product-type-simple"},"yoast_head":"<!-- This site is optimized with the Yoast SEO plugin v27.3 - https:\/\/yoast.com\/product\/yoast-seo-wordpress\/ -->\n<title>Bluetooth Pixel Controller LED RGB 5-24V mit Fernbedienung - Easyledstore<\/title>\n<meta name=\"description\" content=\"Steuern Sie bis zu 2048 LED-Pixel mit dem Bluetooth Pixel Controller. Kompatibel mit WS2811\/WS2812B-Leisten, Steuerung \u00fcber APP und Fernbedienung.\" \/>\n<meta name=\"robots\" content=\"index, follow, max-snippet:-1, max-image-preview:large, max-video-preview:-1\" \/>\n<link rel=\"canonical\" href=\"https:\/\/www.easyledstore.it\/de\/Produkt\/bluetooth-pixel-controller-led-rgb-5-24v-mit-fernbedienung\/\" \/>\n<meta property=\"og:locale\" content=\"de_DE\" \/>\n<meta property=\"og:type\" content=\"article\" \/>\n<meta property=\"og:title\" content=\"Bluetooth Pixel Controller LED RGB 5-24V mit Fernbedienung - Easyledstore\" \/>\n<meta property=\"og:description\" content=\"Steuern Sie bis zu 2048 LED-Pixel mit dem Bluetooth Pixel Controller. Kompatibel mit WS2811\/WS2812B-Leisten, Steuerung \u00fcber APP und Fernbedienung.\" \/>\n<meta property=\"og:url\" content=\"https:\/\/www.easyledstore.it\/de\/Produkt\/bluetooth-pixel-controller-led-rgb-5-24v-mit-fernbedienung\/\" \/>\n<meta property=\"og:site_name\" content=\"Easyledstore\" \/>\n<meta property=\"article:publisher\" content=\"https:\/\/www.facebook.com\/easyledstore\" \/>\n<meta property=\"article:modified_time\" content=\"2026-04-07T06:09:59+00:00\" \/>\n<meta property=\"og:image\" content=\"https:\/\/www.easyledstore.it\/wp-content\/uploads\/2025\/07\/C-1.jpg\" \/>\n\t<meta property=\"og:image:width\" content=\"2000\" \/>\n\t<meta property=\"og:image:height\" content=\"2000\" \/>\n\t<meta property=\"og:image:type\" content=\"image\/jpeg\" \/>\n<meta name=\"twitter:card\" content=\"summary_large_image\" \/>\n<meta name=\"twitter:label1\" content=\"Gesch\u00e4tzte Lesezeit\" \/>\n\t<meta name=\"twitter:data1\" content=\"1\u00a0Minute\" \/>\n<!-- \/ Yoast SEO plugin. -->","yoast_head_json":{"title":"Bluetooth Pixel Controller LED RGB 5-24V mit Fernbedienung - Easyledstore","description":"Steuern Sie bis zu 2048 LED-Pixel mit dem Bluetooth Pixel Controller. Kompatibel mit WS2811\/WS2812B-Leisten, Steuerung \u00fcber APP und Fernbedienung.","robots":{"index":"index","follow":"follow","max-snippet":"max-snippet:-1","max-image-preview":"max-image-preview:large","max-video-preview":"max-video-preview:-1"},"canonical":"https:\/\/www.easyledstore.it\/de\/Produkt\/bluetooth-pixel-controller-led-rgb-5-24v-mit-fernbedienung\/","og_locale":"de_DE","og_type":"article","og_title":"Bluetooth Pixel Controller LED RGB 5-24V mit Fernbedienung - Easyledstore","og_description":"Steuern Sie bis zu 2048 LED-Pixel mit dem Bluetooth Pixel Controller. Kompatibel mit WS2811\/WS2812B-Leisten, Steuerung \u00fcber APP und Fernbedienung.","og_url":"https:\/\/www.easyledstore.it\/de\/Produkt\/bluetooth-pixel-controller-led-rgb-5-24v-mit-fernbedienung\/","og_site_name":"Easyledstore","article_publisher":"https:\/\/www.facebook.com\/easyledstore","article_modified_time":"2026-04-07T06:09:59+00:00","og_image":[{"width":2000,"height":2000,"url":"https:\/\/www.easyledstore.it\/wp-content\/uploads\/2025\/07\/C-1.jpg","type":"image\/jpeg"}],"twitter_card":"summary_large_image","twitter_misc":{"Gesch\u00e4tzte Lesezeit":"1\u00a0Minute"},"schema":{"@context":"https:\/\/schema.org","@graph":[{"@type":"WebPage","@id":"https:\/\/www.easyledstore.it\/de\/Produkt\/bluetooth-pixel-controller-led-rgb-5-24v-mit-fernbedienung\/","url":"https:\/\/www.easyledstore.it\/de\/Produkt\/bluetooth-pixel-controller-led-rgb-5-24v-mit-fernbedienung\/","name":"Bluetooth Pixel Controller LED RGB 5-24V mit Fernbedienung - Easyledstore","isPartOf":{"@id":"https:\/\/www.easyledstore.it\/de\/#website"},"primaryImageOfPage":{"@id":"https:\/\/www.easyledstore.it\/de\/Produkt\/bluetooth-pixel-controller-led-rgb-5-24v-mit-fernbedienung\/#primaryimage"},"image":{"@id":"https:\/\/www.easyledstore.it\/de\/Produkt\/bluetooth-pixel-controller-led-rgb-5-24v-mit-fernbedienung\/#primaryimage"},"thumbnailUrl":"https:\/\/www.easyledstore.it\/wp-content\/uploads\/2025\/07\/C-1.jpg","datePublished":"2025-07-10T12:40:15+00:00","dateModified":"2026-04-07T06:09:59+00:00","description":"Steuern Sie bis zu 2048 LED-Pixel mit dem Bluetooth Pixel Controller. Kompatibel mit WS2811\/WS2812B-Leisten, Steuerung \u00fcber APP und Fernbedienung.","breadcrumb":{"@id":"https:\/\/www.easyledstore.it\/de\/Produkt\/bluetooth-pixel-controller-led-rgb-5-24v-mit-fernbedienung\/#breadcrumb"},"inLanguage":"de","potentialAction":[{"@type":"ReadAction","target":["https:\/\/www.easyledstore.it\/de\/Produkt\/bluetooth-pixel-controller-led-rgb-5-24v-mit-fernbedienung\/"]}]},{"@type":"ImageObject","inLanguage":"de","@id":"https:\/\/www.easyledstore.it\/de\/Produkt\/bluetooth-pixel-controller-led-rgb-5-24v-mit-fernbedienung\/#primaryimage","url":"https:\/\/www.easyledstore.it\/wp-content\/uploads\/2025\/07\/C-1.jpg","contentUrl":"https:\/\/www.easyledstore.it\/wp-content\/uploads\/2025\/07\/C-1.jpg","width":2000,"height":2000,"caption":"Bluetooth Pixel Controller LED RGB 5-24V Con Telecomando"},{"@type":"BreadcrumbList","@id":"https:\/\/www.easyledstore.it\/de\/Produkt\/bluetooth-pixel-controller-led-rgb-5-24v-mit-fernbedienung\/#breadcrumb","itemListElement":[{"@type":"ListItem","position":1,"name":"Home","item":"https:\/\/www.easyledstore.it\/de\/led-beschilderungsmodule\/"},{"@type":"ListItem","position":2,"name":"IT einkaufen","item":"https:\/\/www.easyledstore.it\/de\/shop\/"},{"@type":"ListItem","position":3,"name":"Bluetooth Pixel Controller LED RGB 5-24V mit Fernbedienung"}]},{"@type":"WebSite","@id":"https:\/\/www.easyledstore.it\/de\/#website","url":"https:\/\/www.easyledstore.it\/de\/","name":"Easyledstore","description":"Alimentatori e Moduli LED per Insegne Luminose","publisher":{"@id":"https:\/\/www.easyledstore.it\/de\/#organization"},"potentialAction":[{"@type":"SearchAction","target":{"@type":"EntryPoint","urlTemplate":"https:\/\/www.easyledstore.it\/de\/?s={search_term_string}"},"query-input":{"@type":"PropertyValueSpecification","valueRequired":true,"valueName":"search_term_string"}}],"inLanguage":"de"},{"@type":"Organization","@id":"https:\/\/www.easyledstore.it\/de\/#organization","name":"LTC Lighting Trading Company srls","url":"https:\/\/www.easyledstore.it\/de\/","logo":{"@type":"ImageObject","inLanguage":"de","@id":"https:\/\/www.easyledstore.it\/de\/#\/schema\/logo\/image\/","url":"https:\/\/www.easyledstore.it\/wp-content\/uploads\/2018\/03\/Landscape-FullColor-2000.png","contentUrl":"https:\/\/www.easyledstore.it\/wp-content\/uploads\/2018\/03\/Landscape-FullColor-2000.png","width":2000,"height":641,"caption":"LTC Lighting Trading Company srls"},"image":{"@id":"https:\/\/www.easyledstore.it\/de\/#\/schema\/logo\/image\/"},"sameAs":["https:\/\/www.facebook.com\/easyledstore"]}]}},"_links":{"self":[{"href":"https:\/\/www.easyledstore.it\/de\/wp-json\/wp\/v2\/product\/10858","targetHints":{"allow":["GET"]}}],"collection":[{"href":"https:\/\/www.easyledstore.it\/de\/wp-json\/wp\/v2\/product"}],"about":[{"href":"https:\/\/www.easyledstore.it\/de\/wp-json\/wp\/v2\/types\/product"}],"replies":[{"embeddable":true,"href":"https:\/\/www.easyledstore.it\/de\/wp-json\/wp\/v2\/comments?post=10858"}],"wp:featuredmedia":[{"embeddable":true,"href":"https:\/\/www.easyledstore.it\/de\/wp-json\/wp\/v2\/media\/10863"}],"wp:attachment":[{"href":"https:\/\/www.easyledstore.it\/de\/wp-json\/wp\/v2\/media?parent=10858"}],"wp:term":[{"taxonomy":"product_brand","embeddable":true,"href":"https:\/\/www.easyledstore.it\/de\/wp-json\/wp\/v2\/product_brand?post=10858"},{"taxonomy":"product_cat","embeddable":true,"href":"https:\/\/www.easyledstore.it\/de\/wp-json\/wp\/v2\/product_cat?post=10858"},{"taxonomy":"product_tag","embeddable":true,"href":"https:\/\/www.easyledstore.it\/de\/wp-json\/wp\/v2\/product_tag?post=10858"}],"curies":[{"name":"wp","href":"https:\/\/api.w.org\/{rel}","templated":true}]}}