{"id":10844,"date":"2025-07-10T11:32:57","date_gmt":"2025-07-10T09:32:57","guid":{"rendered":"https:\/\/www.easyledstore.it\/prodotto\/led-mini-dream-controller-mit-fernbedienung\/"},"modified":"2025-07-10T11:32:57","modified_gmt":"2025-07-10T09:32:57","slug":"led-mini-dream-controller-mit-fernbedienung","status":"publish","type":"product","link":"https:\/\/www.easyledstore.it\/de\/Produkt\/led-mini-dream-controller-mit-fernbedienung\/","title":{"rendered":"LED Mini Dream Controller mit Fernbedienung"},"content":{"rendered":"<p data-start=\"170\" data-end=\"556\">Der <strong data-start=\"173\" data-end=\"202\">LED Mini Dream Controller<\/strong> ist die ideale L\u00f6sung f\u00fcr alle, die eine fortschrittliche und dennoch intuitive Steuerung der LED-Beleuchtung w\u00fcnschen. Er besteht aus hochwertigem Kunststoff, ist robust, verschlei\u00dffest und f\u00fcr eine lange Lebensdauer ausgelegt. Dank seiner kompakten Gr\u00f6\u00dfe ist er einfach zu installieren und zu verwenden, perfekt auch f\u00fcr diejenigen, die noch keine Erfahrung mit LED-Steuerungssystemen haben.  <\/p>\n<p data-start=\"558\" data-end=\"1013\">Ausgestattet mit einer kabellosen <strong data-start=\"568\" data-end=\"595\">RF-Fernbedienung<\/strong> f\u00fcr gro\u00dfe Entfernungen (10-30 Meter) erm\u00f6glicht sie die bequeme kabellose Steuerung von \u00fcber 300 Beleuchtungsmodi, einschlie\u00dflich dynamischer Effekte wie Regenbogen, Welle, Atmung, Ausblenden, Verfolgung und Statik. Helligkeit und Geschwindigkeit der Effekte sind einstellbar, so dass sie zu jeder Atmosph\u00e4re oder Veranstaltung passen. Dank des <strong data-start=\"925\" data-end=\"946\">integrierten Speichers<\/strong> werden die Einstellungen beim Ausschalten automatisch gespeichert.  <\/p>\n<p data-start=\"1015\" data-end=\"1467\">Er ist mit <strong data-start=\"1031\" data-end=\"1063\">WS2811- und WS2812B-LED-Streifen<\/strong> kompatibel, unterst\u00fctzt maximal 2048 Pixel (empfohlen werden 300 Pixel oder etwa 5 Meter Streifen) und eignet sich perfekt f\u00fcr eine Vielzahl von Anwendungen: Leuchtreklamen, LED-Module, Leuchtk\u00e4sten und Lichtw\u00f6rter. Er verf\u00fcgt \u00fcber 3-polige JST- und DC-Buchsen, erfordert keine L\u00f6tarbeiten und ist <strong data-start=\"1339\" data-end=\"1356\">sofort einsatzbereit.<\/strong> RGB, GRB, BRG und andere Farben k\u00f6nnen \u00fcber die Fernbedienungseinstellungen angepasst werden.  <\/p>\n<p data-start=\"1469\" data-end=\"1814\">Der <strong data-start=\"1472\" data-end=\"1501\">LED Mini Dream Controller<\/strong> ist multifunktional: Er verf\u00fcgt \u00fcber eine RGB-Sequenzsteuerung, eine Pixelanzahl-Einstellung, eine Punkt-f\u00fcr-Punkt-Steuerung und eine Speicherfunktion zum Ausschalten. Er kann mehrere Empf\u00e4nger mit einer einzigen Fernbedienung steuern und bietet so gro\u00dfe Flexibilit\u00e4t bei der Gestaltung individueller LED-Beleuchtungen. <\/p>\n<blockquote data-start=\"1816\" data-end=\"2061\">\n<p data-start=\"1818\" data-end=\"2061\">\u26a0\ufe0f <em data-start=\"1821\" data-end=\"1827\">Hinweis<\/em>: Nicht kompatibel mit SK6812 RGBW LED-Leuchten oder RGB-LEDs ohne IC-Chip. Wenn der Controller \u00fcberhitzt, m\u00fcssen die Streifen separat mit Strom versorgt werden oder es m\u00fcssen Verst\u00e4rker verwendet werden. Unterst\u00fctzt Leistungen bis zu 5V &lt; 30W, 12V &lt; 72W, 24V &lt; 144W.  <\/p>\n<\/blockquote>\n<p data-start=\"2063\" data-end=\"2094\"><strong data-start=\"2063\" data-end=\"2094\">Packungsinhalt:<\/strong><\/p>\n<ul data-start=\"2095\" data-end=\"2182\">\n<li data-start=\"2095\" data-end=\"2128\">\n<p data-start=\"2097\" data-end=\"2128\">1 x LED Mini Dream Controller<\/p>\n<\/li>\n<li data-start=\"2129\" data-end=\"2160\">\n<p data-start=\"2131\" data-end=\"2160\">1 x Drahtlose RF-Fernbedienung<\/p>\n<\/li>\n<li data-start=\"2161\" data-end=\"2182\">\n<p data-start=\"2163\" data-end=\"2182\">1 x Benutzerhandbuch<\/p>\n<\/li>\n<\/ul>\n<p><strong style=\"font-size: 18px;\">Folgen Sie EasyLedStore.co.uk auch auf den sozialen Medien<\/strong><\/p>\n<ul style=\"list-style: none; padding: 0; font-size: 18px;\">\n<li style=\"text-align: left;\"><a href=\"https:\/\/www.instagram.com\/easyledstore.it\" target=\"_blank\" rel=\"noopener noreferrer nofollow\">Instagram &#8211; <\/a><a href=\"https:\/\/www.facebook.com\/easyledstore\" target=\"_blank\" rel=\"noopener noreferrer nofollow\">Facebook &#8211; <\/a><a href=\"https:\/\/www.tiktok.com\/@easyledstore.it\" target=\"_blank\" rel=\"noopener noreferrer nofollow\">TikTok &#8211; <\/a><a href=\"https:\/\/www.youtube.com\/@easyledstore4589\" target=\"_blank\" rel=\"noopener noreferrer nofollow\">YouTube<\/a><\/li>\n<\/ul>\n<p>&nbsp;<\/p>\n<p>&nbsp;<\/p>\n","protected":false},"excerpt":{"rendered":"<p>Der <strong data-start=\"138\" data-end=\"167\">LED Mini Dream<\/strong> Controller ist ein kompakter und leistungsstarker Controller f\u00fcr WS2811 und WS2812B LED-Streifen. Er ist einfach zu installieren und zu bedienen und bietet \u00fcber 300 anpassbare Beleuchtungseffekte \u00fcber eine drahtlose RF-Fernbedienung mit gro\u00dfer Reichweite. Er ist ideal f\u00fcr Schilder, Module und Leuchtk\u00e4sten und unterst\u00fctzt bis zu 2048 Pixel mit Farb-, Geschwindigkeits- und Helligkeitseinstellung. Der <strong data-start=\"500\" data-end=\"529\">LED Mini Dream Controller<\/strong> ist steckerfertig und verf\u00fcgt \u00fcber einen integrierten Speicher und eine RGB-Dimmfunktion. Perfekt f\u00fcr alle, die Kontrolle, Einfachheit und Vielseitigkeit in einem einzigen Ger\u00e4t suchen. Inklusive Controller, Fernbedienung und Anleitung. W\u00e4hlen Sie jetzt Ihren <strong data-start=\"754\" data-end=\"783\">LED Mini Dream Controller<\/strong> f\u00fcr professionelle Lichteffekte!      <\/p>\n<p data-start=\"2063\" data-end=\"2094\"><strong data-start=\"2063\" data-end=\"2094\">Packungsinhalt:<\/strong><\/p>\n<ul data-start=\"2095\" data-end=\"2182\">\n<li data-start=\"2095\" data-end=\"2128\">\n<p data-start=\"2097\" data-end=\"2128\">1 x LED Mini Dream Controller<\/p>\n<\/li>\n<li data-start=\"2129\" data-end=\"2160\">\n<p data-start=\"2131\" data-end=\"2160\">1 x Drahtlose RF-Fernbedienung<\/p>\n<\/li>\n<li data-start=\"2161\" data-end=\"2182\">\n<p data-start=\"2163\" data-end=\"2182\">1 x Benutzerhandbuch<\/p>\n<\/li>\n<\/ul>\n<p><strong style=\"font-size: 18px;\">Folgen Sie EasyLedStore.co.uk auch auf den sozialen Medien<\/strong><\/p>\n<ul style=\"list-style: none; padding: 0; font-size: 18px;\">\n<li style=\"text-align: left;\"><a href=\"https:\/\/www.instagram.com\/easyledstore.it\" target=\"_blank\" rel=\"noopener\">Instagram &#8211; <\/a><a href=\"https:\/\/www.facebook.com\/easyledstore\" target=\"_blank\" rel=\"noopener\">Facebook &#8211; <\/a><a href=\"https:\/\/www.tiktok.com\/@easyledstore.it\" target=\"_blank\" rel=\"noopener\">TikTok &#8211; <\/a><a href=\"https:\/\/www.youtube.com\/@easyledstore4589\" target=\"_blank\" rel=\"noopener\">YouTube<\/a><\/li>\n<\/ul>\n","protected":false},"featured_media":10850,"comment_status":"open","ping_status":"closed","template":"","meta":[],"product_brand":[],"product_cat":[1754,1753],"product_tag":[1103,1159,1710,1755,1199],"class_list":{"0":"post-10844","1":"product","2":"type-product","3":"status-publish","4":"has-post-thumbnail","6":"product_cat-controller","7":"product_cat-steuereinheiten","8":"product_tag-12v","9":"product_tag-24v","10":"product_tag-5v","11":"product_tag-dc-5v-12v-24v","12":"product_tag-rgb","14":"first","15":"instock","16":"taxable","17":"shipping-taxable","18":"purchasable","19":"product-type-simple"},"yoast_head":"<!-- This site is optimized with the Yoast SEO plugin v27.3 - https:\/\/yoast.com\/product\/yoast-seo-wordpress\/ -->\n<title>LED Mini Dream Controller mit Fernbedienung - Easyledstore<\/title>\n<meta name=\"description\" content=\"Steuern Sie bis zu 2048 LED-Pixel mit dem LED Mini Dream Controller: kompakt, kabellos, mit \u00fcber 300 Lichteffekten und integriertem Speicher. Einfach zu bedienen.\" \/>\n<meta name=\"robots\" content=\"index, follow, max-snippet:-1, max-image-preview:large, max-video-preview:-1\" \/>\n<link rel=\"canonical\" href=\"https:\/\/www.easyledstore.it\/de\/Produkt\/led-mini-dream-controller-mit-fernbedienung\/\" \/>\n<meta property=\"og:locale\" content=\"de_DE\" \/>\n<meta property=\"og:type\" content=\"article\" \/>\n<meta property=\"og:title\" content=\"LED Mini Dream Controller mit Fernbedienung - Easyledstore\" \/>\n<meta property=\"og:description\" content=\"Steuern Sie bis zu 2048 LED-Pixel mit dem LED Mini Dream Controller: kompakt, kabellos, mit \u00fcber 300 Lichteffekten und integriertem Speicher. Einfach zu bedienen.\" \/>\n<meta property=\"og:url\" content=\"https:\/\/www.easyledstore.it\/de\/Produkt\/led-mini-dream-controller-mit-fernbedienung\/\" \/>\n<meta property=\"og:site_name\" content=\"Easyledstore\" \/>\n<meta property=\"article:publisher\" content=\"https:\/\/www.facebook.com\/easyledstore\" \/>\n<meta property=\"og:image\" content=\"https:\/\/www.easyledstore.it\/wp-content\/uploads\/2025\/07\/3.jpg\" \/>\n\t<meta property=\"og:image:width\" content=\"2000\" \/>\n\t<meta property=\"og:image:height\" content=\"2000\" \/>\n\t<meta property=\"og:image:type\" content=\"image\/jpeg\" \/>\n<meta name=\"twitter:card\" content=\"summary_large_image\" \/>\n<meta name=\"twitter:label1\" content=\"Gesch\u00e4tzte Lesezeit\" \/>\n\t<meta name=\"twitter:data1\" content=\"2\u00a0Minute\" \/>\n<!-- \/ Yoast SEO plugin. -->","yoast_head_json":{"title":"LED Mini Dream Controller mit Fernbedienung - Easyledstore","description":"Steuern Sie bis zu 2048 LED-Pixel mit dem LED Mini Dream Controller: kompakt, kabellos, mit \u00fcber 300 Lichteffekten und integriertem Speicher. Einfach zu bedienen.","robots":{"index":"index","follow":"follow","max-snippet":"max-snippet:-1","max-image-preview":"max-image-preview:large","max-video-preview":"max-video-preview:-1"},"canonical":"https:\/\/www.easyledstore.it\/de\/Produkt\/led-mini-dream-controller-mit-fernbedienung\/","og_locale":"de_DE","og_type":"article","og_title":"LED Mini Dream Controller mit Fernbedienung - Easyledstore","og_description":"Steuern Sie bis zu 2048 LED-Pixel mit dem LED Mini Dream Controller: kompakt, kabellos, mit \u00fcber 300 Lichteffekten und integriertem Speicher. Einfach zu bedienen.","og_url":"https:\/\/www.easyledstore.it\/de\/Produkt\/led-mini-dream-controller-mit-fernbedienung\/","og_site_name":"Easyledstore","article_publisher":"https:\/\/www.facebook.com\/easyledstore","og_image":[{"width":2000,"height":2000,"url":"https:\/\/www.easyledstore.it\/wp-content\/uploads\/2025\/07\/3.jpg","type":"image\/jpeg"}],"twitter_card":"summary_large_image","twitter_misc":{"Gesch\u00e4tzte Lesezeit":"2\u00a0Minute"},"schema":{"@context":"https:\/\/schema.org","@graph":[{"@type":"WebPage","@id":"https:\/\/www.easyledstore.it\/de\/Produkt\/led-mini-dream-controller-mit-fernbedienung\/","url":"https:\/\/www.easyledstore.it\/de\/Produkt\/led-mini-dream-controller-mit-fernbedienung\/","name":"LED Mini Dream Controller mit Fernbedienung - Easyledstore","isPartOf":{"@id":"https:\/\/www.easyledstore.it\/de\/#website"},"primaryImageOfPage":{"@id":"https:\/\/www.easyledstore.it\/de\/Produkt\/led-mini-dream-controller-mit-fernbedienung\/#primaryimage"},"image":{"@id":"https:\/\/www.easyledstore.it\/de\/Produkt\/led-mini-dream-controller-mit-fernbedienung\/#primaryimage"},"thumbnailUrl":"https:\/\/www.easyledstore.it\/wp-content\/uploads\/2025\/07\/3.jpg","datePublished":"2025-07-10T09:32:57+00:00","description":"Steuern Sie bis zu 2048 LED-Pixel mit dem LED Mini Dream Controller: kompakt, kabellos, mit \u00fcber 300 Lichteffekten und integriertem Speicher. Einfach zu bedienen.","breadcrumb":{"@id":"https:\/\/www.easyledstore.it\/de\/Produkt\/led-mini-dream-controller-mit-fernbedienung\/#breadcrumb"},"inLanguage":"de","potentialAction":[{"@type":"ReadAction","target":["https:\/\/www.easyledstore.it\/de\/Produkt\/led-mini-dream-controller-mit-fernbedienung\/"]}]},{"@type":"ImageObject","inLanguage":"de","@id":"https:\/\/www.easyledstore.it\/de\/Produkt\/led-mini-dream-controller-mit-fernbedienung\/#primaryimage","url":"https:\/\/www.easyledstore.it\/wp-content\/uploads\/2025\/07\/3.jpg","contentUrl":"https:\/\/www.easyledstore.it\/wp-content\/uploads\/2025\/07\/3.jpg","width":2000,"height":2000,"caption":"LED Mini Dream Controller con Telecomando"},{"@type":"BreadcrumbList","@id":"https:\/\/www.easyledstore.it\/de\/Produkt\/led-mini-dream-controller-mit-fernbedienung\/#breadcrumb","itemListElement":[{"@type":"ListItem","position":1,"name":"Home","item":"https:\/\/www.easyledstore.it\/de\/led-beschilderungsmodule\/"},{"@type":"ListItem","position":2,"name":"IT einkaufen","item":"https:\/\/www.easyledstore.it\/de\/shop\/"},{"@type":"ListItem","position":3,"name":"LED Mini Dream Controller mit Fernbedienung"}]},{"@type":"WebSite","@id":"https:\/\/www.easyledstore.it\/de\/#website","url":"https:\/\/www.easyledstore.it\/de\/","name":"Easyledstore","description":"Alimentatori e Moduli LED per Insegne Luminose","publisher":{"@id":"https:\/\/www.easyledstore.it\/de\/#organization"},"potentialAction":[{"@type":"SearchAction","target":{"@type":"EntryPoint","urlTemplate":"https:\/\/www.easyledstore.it\/de\/?s={search_term_string}"},"query-input":{"@type":"PropertyValueSpecification","valueRequired":true,"valueName":"search_term_string"}}],"inLanguage":"de"},{"@type":"Organization","@id":"https:\/\/www.easyledstore.it\/de\/#organization","name":"LTC Lighting Trading Company srls","url":"https:\/\/www.easyledstore.it\/de\/","logo":{"@type":"ImageObject","inLanguage":"de","@id":"https:\/\/www.easyledstore.it\/de\/#\/schema\/logo\/image\/","url":"https:\/\/www.easyledstore.it\/wp-content\/uploads\/2018\/03\/Landscape-FullColor-2000.png","contentUrl":"https:\/\/www.easyledstore.it\/wp-content\/uploads\/2018\/03\/Landscape-FullColor-2000.png","width":2000,"height":641,"caption":"LTC Lighting Trading Company srls"},"image":{"@id":"https:\/\/www.easyledstore.it\/de\/#\/schema\/logo\/image\/"},"sameAs":["https:\/\/www.facebook.com\/easyledstore"]}]}},"_links":{"self":[{"href":"https:\/\/www.easyledstore.it\/de\/wp-json\/wp\/v2\/product\/10844","targetHints":{"allow":["GET"]}}],"collection":[{"href":"https:\/\/www.easyledstore.it\/de\/wp-json\/wp\/v2\/product"}],"about":[{"href":"https:\/\/www.easyledstore.it\/de\/wp-json\/wp\/v2\/types\/product"}],"replies":[{"embeddable":true,"href":"https:\/\/www.easyledstore.it\/de\/wp-json\/wp\/v2\/comments?post=10844"}],"wp:featuredmedia":[{"embeddable":true,"href":"https:\/\/www.easyledstore.it\/de\/wp-json\/wp\/v2\/media\/10850"}],"wp:attachment":[{"href":"https:\/\/www.easyledstore.it\/de\/wp-json\/wp\/v2\/media?parent=10844"}],"wp:term":[{"taxonomy":"product_brand","embeddable":true,"href":"https:\/\/www.easyledstore.it\/de\/wp-json\/wp\/v2\/product_brand?post=10844"},{"taxonomy":"product_cat","embeddable":true,"href":"https:\/\/www.easyledstore.it\/de\/wp-json\/wp\/v2\/product_cat?post=10844"},{"taxonomy":"product_tag","embeddable":true,"href":"https:\/\/www.easyledstore.it\/de\/wp-json\/wp\/v2\/product_tag?post=10844"}],"curies":[{"name":"wp","href":"https:\/\/api.w.org\/{rel}","templated":true}]}}