{"id":10713,"date":"2018-04-09T17:09:17","date_gmt":"2018-04-09T15:09:17","guid":{"rendered":"https:\/\/www.easyledstore.it\/prodotto\/led-verstaerker-30a\/"},"modified":"2026-01-19T12:52:31","modified_gmt":"2026-01-19T11:52:31","slug":"led-verstaerker-30a","status":"publish","type":"product","link":"https:\/\/www.easyledstore.it\/de\/Produkt\/led-verstaerker-30a\/","title":{"rendered":"LED-Verst\u00e4rker 30A"},"content":{"rendered":"<p>Abmessungen: 176x135x46 mm<\/p>\n<p>Ausgangsspannung: DC 5-24 V<\/p>\n<p>Ausgangsstrom: 30A (10A x 6)<\/p>\n<p>Anzahl gesteuerter Led: Module 1000 St\u00fcck; Streifen 100m; Pixel 1000 St\u00fcck<\/p>\n","protected":false},"excerpt":{"rendered":"<p>Professioneller LED-Verst\u00e4rker mit 3 Kan\u00e4len. Erh\u00f6ht die Stromst\u00e4rke des Controllers, wird f\u00fcr gro\u00dfe RGB-Auftr\u00e4ge verwendet. <\/p>\n","protected":false},"featured_media":10714,"comment_status":"open","ping_status":"closed","template":"","meta":[],"product_brand":[],"product_cat":[1753,1764],"product_tag":[1755],"class_list":{"0":"post-10713","1":"product","2":"type-product","3":"status-publish","4":"has-post-thumbnail","6":"product_cat-steuereinheiten","7":"product_cat-verstarker","8":"product_tag-dc-5v-12v-24v","10":"first","11":"instock","12":"taxable","13":"shipping-taxable","14":"purchasable","15":"product-type-simple"},"yoast_head":"<!-- This site is optimized with the Yoast SEO plugin v27.3 - https:\/\/yoast.com\/product\/yoast-seo-wordpress\/ -->\n<title>Led-Verst\u00e4rker 60A | Easyledstore<\/title>\n<meta name=\"description\" content=\"Professioneller LED-Verst\u00e4rker mit 3 Kan\u00e4len. Erh\u00f6ht die Stromst\u00e4rke des Controllers, wird f\u00fcr gro\u00dfe RGB-Auftr\u00e4ge verwendet.\" \/>\n<meta name=\"robots\" content=\"index, follow, max-snippet:-1, max-image-preview:large, max-video-preview:-1\" \/>\n<link rel=\"canonical\" href=\"https:\/\/www.easyledstore.it\/de\/Produkt\/led-verstaerker-30a\/\" \/>\n<meta property=\"og:locale\" content=\"de_DE\" \/>\n<meta property=\"og:type\" content=\"article\" \/>\n<meta property=\"og:title\" content=\"Led-Verst\u00e4rker 60A | Easyledstore\" \/>\n<meta property=\"og:description\" content=\"Professioneller LED-Verst\u00e4rker mit 3 Kan\u00e4len. Erh\u00f6ht die Stromst\u00e4rke des Controllers, wird f\u00fcr gro\u00dfe RGB-Auftr\u00e4ge verwendet.\" \/>\n<meta property=\"og:url\" content=\"https:\/\/www.easyledstore.it\/de\/Produkt\/led-verstaerker-30a\/\" \/>\n<meta property=\"og:site_name\" content=\"Easyledstore\" \/>\n<meta property=\"article:publisher\" content=\"https:\/\/www.facebook.com\/easyledstore\" \/>\n<meta property=\"article:modified_time\" content=\"2026-01-19T11:52:31+00:00\" \/>\n<meta property=\"og:image\" content=\"https:\/\/www.easyledstore.it\/wp-content\/uploads\/2018\/04\/AM60.jpg\" \/>\n\t<meta property=\"og:image:width\" content=\"800\" \/>\n\t<meta property=\"og:image:height\" content=\"800\" \/>\n\t<meta property=\"og:image:type\" content=\"image\/jpeg\" \/>\n<meta name=\"twitter:card\" content=\"summary_large_image\" \/>\n<!-- \/ Yoast SEO plugin. -->","yoast_head_json":{"title":"Led-Verst\u00e4rker 60A | Easyledstore","description":"Professioneller LED-Verst\u00e4rker mit 3 Kan\u00e4len. Erh\u00f6ht die Stromst\u00e4rke des Controllers, wird f\u00fcr gro\u00dfe RGB-Auftr\u00e4ge verwendet.","robots":{"index":"index","follow":"follow","max-snippet":"max-snippet:-1","max-image-preview":"max-image-preview:large","max-video-preview":"max-video-preview:-1"},"canonical":"https:\/\/www.easyledstore.it\/de\/Produkt\/led-verstaerker-30a\/","og_locale":"de_DE","og_type":"article","og_title":"Led-Verst\u00e4rker 60A | Easyledstore","og_description":"Professioneller LED-Verst\u00e4rker mit 3 Kan\u00e4len. Erh\u00f6ht die Stromst\u00e4rke des Controllers, wird f\u00fcr gro\u00dfe RGB-Auftr\u00e4ge verwendet.","og_url":"https:\/\/www.easyledstore.it\/de\/Produkt\/led-verstaerker-30a\/","og_site_name":"Easyledstore","article_publisher":"https:\/\/www.facebook.com\/easyledstore","article_modified_time":"2026-01-19T11:52:31+00:00","og_image":[{"width":800,"height":800,"url":"https:\/\/www.easyledstore.it\/wp-content\/uploads\/2018\/04\/AM60.jpg","type":"image\/jpeg"}],"twitter_card":"summary_large_image","schema":{"@context":"https:\/\/schema.org","@graph":[{"@type":"WebPage","@id":"https:\/\/www.easyledstore.it\/de\/Produkt\/led-verstaerker-30a\/","url":"https:\/\/www.easyledstore.it\/de\/Produkt\/led-verstaerker-30a\/","name":"Led-Verst\u00e4rker 60A | Easyledstore","isPartOf":{"@id":"https:\/\/www.easyledstore.it\/de\/#website"},"primaryImageOfPage":{"@id":"https:\/\/www.easyledstore.it\/de\/Produkt\/led-verstaerker-30a\/#primaryimage"},"image":{"@id":"https:\/\/www.easyledstore.it\/de\/Produkt\/led-verstaerker-30a\/#primaryimage"},"thumbnailUrl":"https:\/\/www.easyledstore.it\/wp-content\/uploads\/2018\/04\/AM60.jpg","datePublished":"2018-04-09T15:09:17+00:00","dateModified":"2026-01-19T11:52:31+00:00","description":"Professioneller LED-Verst\u00e4rker mit 3 Kan\u00e4len. Erh\u00f6ht die Stromst\u00e4rke des Controllers, wird f\u00fcr gro\u00dfe RGB-Auftr\u00e4ge verwendet.","breadcrumb":{"@id":"https:\/\/www.easyledstore.it\/de\/Produkt\/led-verstaerker-30a\/#breadcrumb"},"inLanguage":"de","potentialAction":[{"@type":"ReadAction","target":["https:\/\/www.easyledstore.it\/de\/Produkt\/led-verstaerker-30a\/"]}]},{"@type":"ImageObject","inLanguage":"de","@id":"https:\/\/www.easyledstore.it\/de\/Produkt\/led-verstaerker-30a\/#primaryimage","url":"https:\/\/www.easyledstore.it\/wp-content\/uploads\/2018\/04\/AM60.jpg","contentUrl":"https:\/\/www.easyledstore.it\/wp-content\/uploads\/2018\/04\/AM60.jpg","width":800,"height":800,"caption":"Amplificatore per LED"},{"@type":"BreadcrumbList","@id":"https:\/\/www.easyledstore.it\/de\/Produkt\/led-verstaerker-30a\/#breadcrumb","itemListElement":[{"@type":"ListItem","position":1,"name":"Home","item":"https:\/\/www.easyledstore.it\/de\/led-beschilderungsmodule\/"},{"@type":"ListItem","position":2,"name":"IT einkaufen","item":"https:\/\/www.easyledstore.it\/de\/shop\/"},{"@type":"ListItem","position":3,"name":"LED-Verst\u00e4rker 30A"}]},{"@type":"WebSite","@id":"https:\/\/www.easyledstore.it\/de\/#website","url":"https:\/\/www.easyledstore.it\/de\/","name":"Easyledstore","description":"Alimentatori e Moduli LED per Insegne Luminose","publisher":{"@id":"https:\/\/www.easyledstore.it\/de\/#organization"},"potentialAction":[{"@type":"SearchAction","target":{"@type":"EntryPoint","urlTemplate":"https:\/\/www.easyledstore.it\/de\/?s={search_term_string}"},"query-input":{"@type":"PropertyValueSpecification","valueRequired":true,"valueName":"search_term_string"}}],"inLanguage":"de"},{"@type":"Organization","@id":"https:\/\/www.easyledstore.it\/de\/#organization","name":"LTC Lighting Trading Company srls","url":"https:\/\/www.easyledstore.it\/de\/","logo":{"@type":"ImageObject","inLanguage":"de","@id":"https:\/\/www.easyledstore.it\/de\/#\/schema\/logo\/image\/","url":"https:\/\/www.easyledstore.it\/wp-content\/uploads\/2018\/03\/Landscape-FullColor-2000.png","contentUrl":"https:\/\/www.easyledstore.it\/wp-content\/uploads\/2018\/03\/Landscape-FullColor-2000.png","width":2000,"height":641,"caption":"LTC Lighting Trading Company srls"},"image":{"@id":"https:\/\/www.easyledstore.it\/de\/#\/schema\/logo\/image\/"},"sameAs":["https:\/\/www.facebook.com\/easyledstore"]}]}},"_links":{"self":[{"href":"https:\/\/www.easyledstore.it\/de\/wp-json\/wp\/v2\/product\/10713","targetHints":{"allow":["GET"]}}],"collection":[{"href":"https:\/\/www.easyledstore.it\/de\/wp-json\/wp\/v2\/product"}],"about":[{"href":"https:\/\/www.easyledstore.it\/de\/wp-json\/wp\/v2\/types\/product"}],"replies":[{"embeddable":true,"href":"https:\/\/www.easyledstore.it\/de\/wp-json\/wp\/v2\/comments?post=10713"}],"wp:featuredmedia":[{"embeddable":true,"href":"https:\/\/www.easyledstore.it\/de\/wp-json\/wp\/v2\/media\/10714"}],"wp:attachment":[{"href":"https:\/\/www.easyledstore.it\/de\/wp-json\/wp\/v2\/media?parent=10713"}],"wp:term":[{"taxonomy":"product_brand","embeddable":true,"href":"https:\/\/www.easyledstore.it\/de\/wp-json\/wp\/v2\/product_brand?post=10713"},{"taxonomy":"product_cat","embeddable":true,"href":"https:\/\/www.easyledstore.it\/de\/wp-json\/wp\/v2\/product_cat?post=10713"},{"taxonomy":"product_tag","embeddable":true,"href":"https:\/\/www.easyledstore.it\/de\/wp-json\/wp\/v2\/product_tag?post=10713"}],"curies":[{"name":"wp","href":"https:\/\/api.w.org\/{rel}","templated":true}]}}