{"id":10704,"date":"2018-03-22T12:04:40","date_gmt":"2018-03-22T11:04:40","guid":{"rendered":"https:\/\/www.easyledstore.it\/prodotto\/led-rgb-controller-touch-18a\/"},"modified":"2026-01-19T12:52:26","modified_gmt":"2026-01-19T11:52:26","slug":"led-rgb-controller-touch-18a","status":"publish","type":"product","link":"https:\/\/www.easyledstore.it\/de\/Produkt\/led-rgb-controller-touch-18a\/","title":{"rendered":"LED RGB Controller Touch &#8211; 18A"},"content":{"rendered":"<p>Abmessungen: 84x54x23 mm<\/p>\n<p>Ausgangsspannung: DC 12-24 V<\/p>\n<p>Ausgangsampere: 18A (6A x 3)<\/p>\n<p>Stromversorgung:12V, 216W, 24V, 432W. Kontrollierte Led-Menge: Module 300 St\u00fcck; Streifen 30m; Pixel 300 St\u00fcck <\/p>\n","protected":false},"excerpt":{"rendered":"<p>RGB-LED-Controller mit Infrarot-Touch-Fernbedienung &#8211; 3 Kan\u00e4le. Sie k\u00f6nnen die Farbgebung direkt durch Ber\u00fchrung \u00e4ndern. Kann f\u00fcr Streifen, Module oder Pixel verwendet werden. (siehe Datenblatt f\u00fcr Stromst\u00e4rke und Anzahl)   <\/p>\n","protected":false},"featured_media":10707,"comment_status":"open","ping_status":"closed","template":"","meta":[],"product_brand":[],"product_cat":[1754,1753],"product_tag":[1762,1755,1199],"class_list":{"0":"post-10704","1":"product","2":"type-product","3":"status-publish","4":"has-post-thumbnail","6":"product_cat-controller","7":"product_cat-steuereinheiten","8":"product_tag-216w-432w","9":"product_tag-dc-5v-12v-24v","10":"product_tag-rgb","12":"first","13":"instock","14":"taxable","15":"shipping-taxable","16":"purchasable","17":"product-type-simple"},"yoast_head":"<!-- This site is optimized with the Yoast SEO plugin v27.3 - https:\/\/yoast.com\/product\/yoast-seo-wordpress\/ -->\n<title>Led RGB Controller Touch - 18A | Easyledstore<\/title>\n<meta name=\"description\" content=\"RGB-LED-Controller mit Infrarot-Touch-Fernbedienung - 3 Kan\u00e4le. Sie k\u00f6nnen die Farbgebung direkt durch Ber\u00fchrung \u00e4ndern. Kann f\u00fcr Streifen, Module oder Pixel verwendet werden. (siehe Datenblatt f\u00fcr Stromst\u00e4rke und Anzahl)\" \/>\n<meta name=\"robots\" content=\"index, follow, max-snippet:-1, max-image-preview:large, max-video-preview:-1\" \/>\n<link rel=\"canonical\" href=\"https:\/\/www.easyledstore.it\/de\/Produkt\/led-rgb-controller-touch-18a\/\" \/>\n<meta property=\"og:locale\" content=\"de_DE\" \/>\n<meta property=\"og:type\" content=\"article\" \/>\n<meta property=\"og:title\" content=\"Led RGB Controller Touch - 18A | Easyledstore\" \/>\n<meta property=\"og:description\" content=\"RGB-LED-Controller mit Infrarot-Touch-Fernbedienung - 3 Kan\u00e4le. Sie k\u00f6nnen die Farbgebung direkt durch Ber\u00fchrung \u00e4ndern. Kann f\u00fcr Streifen, Module oder Pixel verwendet werden. (siehe Datenblatt f\u00fcr Stromst\u00e4rke und Anzahl)\" \/>\n<meta property=\"og:url\" content=\"https:\/\/www.easyledstore.it\/de\/Produkt\/led-rgb-controller-touch-18a\/\" \/>\n<meta property=\"og:site_name\" content=\"Easyledstore\" \/>\n<meta property=\"article:publisher\" content=\"https:\/\/www.facebook.com\/easyledstore\" \/>\n<meta property=\"article:modified_time\" content=\"2026-01-19T11:52:26+00:00\" \/>\n<meta property=\"og:image\" content=\"https:\/\/www.easyledstore.it\/wp-content\/uploads\/2018\/03\/CT18-2.jpg\" \/>\n\t<meta property=\"og:image:width\" content=\"800\" \/>\n\t<meta property=\"og:image:height\" content=\"800\" \/>\n\t<meta property=\"og:image:type\" content=\"image\/jpeg\" \/>\n<meta name=\"twitter:card\" content=\"summary_large_image\" \/>\n<!-- \/ Yoast SEO plugin. -->","yoast_head_json":{"title":"Led RGB Controller Touch - 18A | Easyledstore","description":"RGB-LED-Controller mit Infrarot-Touch-Fernbedienung - 3 Kan\u00e4le. Sie k\u00f6nnen die Farbgebung direkt durch Ber\u00fchrung \u00e4ndern. Kann f\u00fcr Streifen, Module oder Pixel verwendet werden. (siehe Datenblatt f\u00fcr Stromst\u00e4rke und Anzahl)","robots":{"index":"index","follow":"follow","max-snippet":"max-snippet:-1","max-image-preview":"max-image-preview:large","max-video-preview":"max-video-preview:-1"},"canonical":"https:\/\/www.easyledstore.it\/de\/Produkt\/led-rgb-controller-touch-18a\/","og_locale":"de_DE","og_type":"article","og_title":"Led RGB Controller Touch - 18A | Easyledstore","og_description":"RGB-LED-Controller mit Infrarot-Touch-Fernbedienung - 3 Kan\u00e4le. Sie k\u00f6nnen die Farbgebung direkt durch Ber\u00fchrung \u00e4ndern. Kann f\u00fcr Streifen, Module oder Pixel verwendet werden. (siehe Datenblatt f\u00fcr Stromst\u00e4rke und Anzahl)","og_url":"https:\/\/www.easyledstore.it\/de\/Produkt\/led-rgb-controller-touch-18a\/","og_site_name":"Easyledstore","article_publisher":"https:\/\/www.facebook.com\/easyledstore","article_modified_time":"2026-01-19T11:52:26+00:00","og_image":[{"width":800,"height":800,"url":"https:\/\/www.easyledstore.it\/wp-content\/uploads\/2018\/03\/CT18-2.jpg","type":"image\/jpeg"}],"twitter_card":"summary_large_image","schema":{"@context":"https:\/\/schema.org","@graph":[{"@type":"WebPage","@id":"https:\/\/www.easyledstore.it\/de\/Produkt\/led-rgb-controller-touch-18a\/","url":"https:\/\/www.easyledstore.it\/de\/Produkt\/led-rgb-controller-touch-18a\/","name":"Led RGB Controller Touch - 18A | Easyledstore","isPartOf":{"@id":"https:\/\/www.easyledstore.it\/de\/#website"},"primaryImageOfPage":{"@id":"https:\/\/www.easyledstore.it\/de\/Produkt\/led-rgb-controller-touch-18a\/#primaryimage"},"image":{"@id":"https:\/\/www.easyledstore.it\/de\/Produkt\/led-rgb-controller-touch-18a\/#primaryimage"},"thumbnailUrl":"https:\/\/www.easyledstore.it\/wp-content\/uploads\/2018\/03\/CT18-2.jpg","datePublished":"2018-03-22T11:04:40+00:00","dateModified":"2026-01-19T11:52:26+00:00","description":"RGB-LED-Controller mit Infrarot-Touch-Fernbedienung - 3 Kan\u00e4le. Sie k\u00f6nnen die Farbgebung direkt durch Ber\u00fchrung \u00e4ndern. Kann f\u00fcr Streifen, Module oder Pixel verwendet werden. (siehe Datenblatt f\u00fcr Stromst\u00e4rke und Anzahl)","breadcrumb":{"@id":"https:\/\/www.easyledstore.it\/de\/Produkt\/led-rgb-controller-touch-18a\/#breadcrumb"},"inLanguage":"de","potentialAction":[{"@type":"ReadAction","target":["https:\/\/www.easyledstore.it\/de\/Produkt\/led-rgb-controller-touch-18a\/"]}]},{"@type":"ImageObject","inLanguage":"de","@id":"https:\/\/www.easyledstore.it\/de\/Produkt\/led-rgb-controller-touch-18a\/#primaryimage","url":"https:\/\/www.easyledstore.it\/wp-content\/uploads\/2018\/03\/CT18-2.jpg","contentUrl":"https:\/\/www.easyledstore.it\/wp-content\/uploads\/2018\/03\/CT18-2.jpg","width":800,"height":800,"caption":"CT18"},{"@type":"BreadcrumbList","@id":"https:\/\/www.easyledstore.it\/de\/Produkt\/led-rgb-controller-touch-18a\/#breadcrumb","itemListElement":[{"@type":"ListItem","position":1,"name":"Home","item":"https:\/\/www.easyledstore.it\/de\/led-beschilderungsmodule\/"},{"@type":"ListItem","position":2,"name":"IT einkaufen","item":"https:\/\/www.easyledstore.it\/de\/shop\/"},{"@type":"ListItem","position":3,"name":"LED RGB Controller Touch &#8211; 18A"}]},{"@type":"WebSite","@id":"https:\/\/www.easyledstore.it\/de\/#website","url":"https:\/\/www.easyledstore.it\/de\/","name":"Easyledstore","description":"Alimentatori e Moduli LED per Insegne Luminose","publisher":{"@id":"https:\/\/www.easyledstore.it\/de\/#organization"},"potentialAction":[{"@type":"SearchAction","target":{"@type":"EntryPoint","urlTemplate":"https:\/\/www.easyledstore.it\/de\/?s={search_term_string}"},"query-input":{"@type":"PropertyValueSpecification","valueRequired":true,"valueName":"search_term_string"}}],"inLanguage":"de"},{"@type":"Organization","@id":"https:\/\/www.easyledstore.it\/de\/#organization","name":"LTC Lighting Trading Company srls","url":"https:\/\/www.easyledstore.it\/de\/","logo":{"@type":"ImageObject","inLanguage":"de","@id":"https:\/\/www.easyledstore.it\/de\/#\/schema\/logo\/image\/","url":"https:\/\/www.easyledstore.it\/wp-content\/uploads\/2018\/03\/Landscape-FullColor-2000.png","contentUrl":"https:\/\/www.easyledstore.it\/wp-content\/uploads\/2018\/03\/Landscape-FullColor-2000.png","width":2000,"height":641,"caption":"LTC Lighting Trading Company srls"},"image":{"@id":"https:\/\/www.easyledstore.it\/de\/#\/schema\/logo\/image\/"},"sameAs":["https:\/\/www.facebook.com\/easyledstore"]}]}},"_links":{"self":[{"href":"https:\/\/www.easyledstore.it\/de\/wp-json\/wp\/v2\/product\/10704","targetHints":{"allow":["GET"]}}],"collection":[{"href":"https:\/\/www.easyledstore.it\/de\/wp-json\/wp\/v2\/product"}],"about":[{"href":"https:\/\/www.easyledstore.it\/de\/wp-json\/wp\/v2\/types\/product"}],"replies":[{"embeddable":true,"href":"https:\/\/www.easyledstore.it\/de\/wp-json\/wp\/v2\/comments?post=10704"}],"wp:featuredmedia":[{"embeddable":true,"href":"https:\/\/www.easyledstore.it\/de\/wp-json\/wp\/v2\/media\/10707"}],"wp:attachment":[{"href":"https:\/\/www.easyledstore.it\/de\/wp-json\/wp\/v2\/media?parent=10704"}],"wp:term":[{"taxonomy":"product_brand","embeddable":true,"href":"https:\/\/www.easyledstore.it\/de\/wp-json\/wp\/v2\/product_brand?post=10704"},{"taxonomy":"product_cat","embeddable":true,"href":"https:\/\/www.easyledstore.it\/de\/wp-json\/wp\/v2\/product_cat?post=10704"},{"taxonomy":"product_tag","embeddable":true,"href":"https:\/\/www.easyledstore.it\/de\/wp-json\/wp\/v2\/product_tag?post=10704"}],"curies":[{"name":"wp","href":"https:\/\/api.w.org\/{rel}","templated":true}]}}