{"id":10649,"date":"2018-04-09T17:09:19","date_gmt":"2018-04-09T15:09:19","guid":{"rendered":"https:\/\/www.easyledstore.it\/prodotto\/led-modul-smd3030-weiss-6500k-1-5w\/"},"modified":"2026-01-19T12:51:26","modified_gmt":"2026-01-19T11:51:26","slug":"led-modul-smd3030-weiss-6500k-1-5w","status":"publish","type":"product","link":"https:\/\/www.easyledstore.it\/de\/Produkt\/led-modul-smd3030-weiss-6500k-1-5w\/","title":{"rendered":"LED-Modul SMD3030 Wei\u00df 6500K &#8211; 1.5W"},"content":{"rendered":"<p>Farbe: Kaltwei\u00df (6500k)<\/p>\n<p>Abmessungen: 48&#215;29,7&#215;4 mm<\/p>\n<p>\u00d6ffnungswinkel: 160\u00b0<\/p>\n<p>Lichtstrahl: 120-140 Lumen<\/p>\n","protected":false},"excerpt":{"rendered":"<p>Gro\u00dfes Beschilderungsmodul, ausgestattet mit einer LED mit 160\u00b0 Linse. F\u00fcr die Beleuchtung eines Schildes werden etwa 35 St\u00fcck pro Quadratmeter ben\u00f6tigt. Empfohlen zur Optimierung der Bauzeit.  <\/p>\n","protected":false},"featured_media":10656,"comment_status":"open","ping_status":"closed","template":"","meta":[],"product_brand":[],"product_cat":[1098,1117],"product_tag":[1108,1741,1107,1744,1103,1105,1102,1746,1106,1101,1104,1110],"class_list":{"0":"post-10649","1":"product","2":"type-product","3":"status-publish","4":"has-post-thumbnail","6":"product_cat-led-module","7":"product_cat-led-module-fur-einseitige-beschriftungen-boxen-und-schriftzuge","8":"product_tag-1-led","9":"product_tag-1-5w","10":"product_tag-1107","11":"product_tag-120-140-lumen","12":"product_tag-12v","13":"product_tag-160-grad-celsius","14":"product_tag-6500k","15":"product_tag-8-20cm","16":"product_tag-ip67-zertifizierung","17":"product_tag-kuhles-weis","18":"product_tag-mit-objektiv","19":"product_tag-weise-leds","21":"first","22":"instock","23":"taxable","24":"shipping-taxable","25":"purchasable","26":"product-type-simple"},"yoast_head":"<!-- This site is optimized with the Yoast SEO plugin v27.3 - https:\/\/yoast.com\/product\/yoast-seo-wordpress\/ -->\n<title>LED SMD3030 Wei\u00df 6500K - 1.5W | Easyledstore<\/title>\n<meta name=\"description\" content=\"SMD3030 LED-Modul f\u00fcr gro\u00dfe Schilder, ausgestattet mit einer LED mit 160\u00b0 Linse. F\u00fcr die Beleuchtung eines Schildes werden ca. 35 St\u00fcck ben\u00f6tigt.\" \/>\n<meta name=\"robots\" content=\"index, follow, max-snippet:-1, max-image-preview:large, max-video-preview:-1\" \/>\n<link rel=\"canonical\" href=\"https:\/\/www.easyledstore.it\/de\/Produkt\/led-modul-smd3030-weiss-6500k-1-5w\/\" \/>\n<meta property=\"og:locale\" content=\"de_DE\" \/>\n<meta property=\"og:type\" content=\"article\" \/>\n<meta property=\"og:title\" content=\"LED SMD3030 Wei\u00df 6500K - 1.5W | Easyledstore\" \/>\n<meta property=\"og:description\" content=\"SMD3030 LED-Modul f\u00fcr gro\u00dfe Schilder, ausgestattet mit einer LED mit 160\u00b0 Linse. F\u00fcr die Beleuchtung eines Schildes werden ca. 35 St\u00fcck ben\u00f6tigt.\" \/>\n<meta property=\"og:url\" content=\"https:\/\/www.easyledstore.it\/de\/Produkt\/led-modul-smd3030-weiss-6500k-1-5w\/\" \/>\n<meta property=\"og:site_name\" content=\"Easyledstore\" \/>\n<meta property=\"article:publisher\" content=\"https:\/\/www.facebook.com\/easyledstore\" \/>\n<meta property=\"article:modified_time\" content=\"2026-01-19T11:51:26+00:00\" \/>\n<meta property=\"og:image\" content=\"https:\/\/www.easyledstore.it\/wp-content\/uploads\/2018\/04\/modulo-led-LIL0115.jpg\" \/>\n\t<meta property=\"og:image:width\" content=\"800\" \/>\n\t<meta property=\"og:image:height\" content=\"800\" \/>\n\t<meta property=\"og:image:type\" content=\"image\/jpeg\" \/>\n<meta name=\"twitter:card\" content=\"summary_large_image\" \/>\n<!-- \/ Yoast SEO plugin. -->","yoast_head_json":{"title":"LED SMD3030 Wei\u00df 6500K - 1.5W | Easyledstore","description":"SMD3030 LED-Modul f\u00fcr gro\u00dfe Schilder, ausgestattet mit einer LED mit 160\u00b0 Linse. F\u00fcr die Beleuchtung eines Schildes werden ca. 35 St\u00fcck ben\u00f6tigt.","robots":{"index":"index","follow":"follow","max-snippet":"max-snippet:-1","max-image-preview":"max-image-preview:large","max-video-preview":"max-video-preview:-1"},"canonical":"https:\/\/www.easyledstore.it\/de\/Produkt\/led-modul-smd3030-weiss-6500k-1-5w\/","og_locale":"de_DE","og_type":"article","og_title":"LED SMD3030 Wei\u00df 6500K - 1.5W | Easyledstore","og_description":"SMD3030 LED-Modul f\u00fcr gro\u00dfe Schilder, ausgestattet mit einer LED mit 160\u00b0 Linse. F\u00fcr die Beleuchtung eines Schildes werden ca. 35 St\u00fcck ben\u00f6tigt.","og_url":"https:\/\/www.easyledstore.it\/de\/Produkt\/led-modul-smd3030-weiss-6500k-1-5w\/","og_site_name":"Easyledstore","article_publisher":"https:\/\/www.facebook.com\/easyledstore","article_modified_time":"2026-01-19T11:51:26+00:00","og_image":[{"width":800,"height":800,"url":"https:\/\/www.easyledstore.it\/wp-content\/uploads\/2018\/04\/modulo-led-LIL0115.jpg","type":"image\/jpeg"}],"twitter_card":"summary_large_image","schema":{"@context":"https:\/\/schema.org","@graph":[{"@type":"WebPage","@id":"https:\/\/www.easyledstore.it\/de\/Produkt\/led-modul-smd3030-weiss-6500k-1-5w\/","url":"https:\/\/www.easyledstore.it\/de\/Produkt\/led-modul-smd3030-weiss-6500k-1-5w\/","name":"LED SMD3030 Wei\u00df 6500K - 1.5W | Easyledstore","isPartOf":{"@id":"https:\/\/www.easyledstore.it\/de\/#website"},"primaryImageOfPage":{"@id":"https:\/\/www.easyledstore.it\/de\/Produkt\/led-modul-smd3030-weiss-6500k-1-5w\/#primaryimage"},"image":{"@id":"https:\/\/www.easyledstore.it\/de\/Produkt\/led-modul-smd3030-weiss-6500k-1-5w\/#primaryimage"},"thumbnailUrl":"https:\/\/www.easyledstore.it\/wp-content\/uploads\/2018\/04\/modulo-led-LIL0115.jpg","datePublished":"2018-04-09T15:09:19+00:00","dateModified":"2026-01-19T11:51:26+00:00","description":"SMD3030 LED-Modul f\u00fcr gro\u00dfe Schilder, ausgestattet mit einer LED mit 160\u00b0 Linse. F\u00fcr die Beleuchtung eines Schildes werden ca. 35 St\u00fcck ben\u00f6tigt.","breadcrumb":{"@id":"https:\/\/www.easyledstore.it\/de\/Produkt\/led-modul-smd3030-weiss-6500k-1-5w\/#breadcrumb"},"inLanguage":"de","potentialAction":[{"@type":"ReadAction","target":["https:\/\/www.easyledstore.it\/de\/Produkt\/led-modul-smd3030-weiss-6500k-1-5w\/"]}]},{"@type":"ImageObject","inLanguage":"de","@id":"https:\/\/www.easyledstore.it\/de\/Produkt\/led-modul-smd3030-weiss-6500k-1-5w\/#primaryimage","url":"https:\/\/www.easyledstore.it\/wp-content\/uploads\/2018\/04\/modulo-led-LIL0115.jpg","contentUrl":"https:\/\/www.easyledstore.it\/wp-content\/uploads\/2018\/04\/modulo-led-LIL0115.jpg","width":800,"height":800,"caption":"LED SMD3030 modulo led LIL0115"},{"@type":"BreadcrumbList","@id":"https:\/\/www.easyledstore.it\/de\/Produkt\/led-modul-smd3030-weiss-6500k-1-5w\/#breadcrumb","itemListElement":[{"@type":"ListItem","position":1,"name":"Home","item":"https:\/\/www.easyledstore.it\/de\/led-beschilderungsmodule\/"},{"@type":"ListItem","position":2,"name":"IT einkaufen","item":"https:\/\/www.easyledstore.it\/de\/shop\/"},{"@type":"ListItem","position":3,"name":"LED-Modul SMD3030 Wei\u00df 6500K &#8211; 1.5W"}]},{"@type":"WebSite","@id":"https:\/\/www.easyledstore.it\/de\/#website","url":"https:\/\/www.easyledstore.it\/de\/","name":"Easyledstore","description":"Alimentatori e Moduli LED per Insegne Luminose","publisher":{"@id":"https:\/\/www.easyledstore.it\/de\/#organization"},"potentialAction":[{"@type":"SearchAction","target":{"@type":"EntryPoint","urlTemplate":"https:\/\/www.easyledstore.it\/de\/?s={search_term_string}"},"query-input":{"@type":"PropertyValueSpecification","valueRequired":true,"valueName":"search_term_string"}}],"inLanguage":"de"},{"@type":"Organization","@id":"https:\/\/www.easyledstore.it\/de\/#organization","name":"LTC Lighting Trading Company srls","url":"https:\/\/www.easyledstore.it\/de\/","logo":{"@type":"ImageObject","inLanguage":"de","@id":"https:\/\/www.easyledstore.it\/de\/#\/schema\/logo\/image\/","url":"https:\/\/www.easyledstore.it\/wp-content\/uploads\/2018\/03\/Landscape-FullColor-2000.png","contentUrl":"https:\/\/www.easyledstore.it\/wp-content\/uploads\/2018\/03\/Landscape-FullColor-2000.png","width":2000,"height":641,"caption":"LTC Lighting Trading Company srls"},"image":{"@id":"https:\/\/www.easyledstore.it\/de\/#\/schema\/logo\/image\/"},"sameAs":["https:\/\/www.facebook.com\/easyledstore"]}]}},"_links":{"self":[{"href":"https:\/\/www.easyledstore.it\/de\/wp-json\/wp\/v2\/product\/10649","targetHints":{"allow":["GET"]}}],"collection":[{"href":"https:\/\/www.easyledstore.it\/de\/wp-json\/wp\/v2\/product"}],"about":[{"href":"https:\/\/www.easyledstore.it\/de\/wp-json\/wp\/v2\/types\/product"}],"replies":[{"embeddable":true,"href":"https:\/\/www.easyledstore.it\/de\/wp-json\/wp\/v2\/comments?post=10649"}],"wp:featuredmedia":[{"embeddable":true,"href":"https:\/\/www.easyledstore.it\/de\/wp-json\/wp\/v2\/media\/10656"}],"wp:attachment":[{"href":"https:\/\/www.easyledstore.it\/de\/wp-json\/wp\/v2\/media?parent=10649"}],"wp:term":[{"taxonomy":"product_brand","embeddable":true,"href":"https:\/\/www.easyledstore.it\/de\/wp-json\/wp\/v2\/product_brand?post=10649"},{"taxonomy":"product_cat","embeddable":true,"href":"https:\/\/www.easyledstore.it\/de\/wp-json\/wp\/v2\/product_cat?post=10649"},{"taxonomy":"product_tag","embeddable":true,"href":"https:\/\/www.easyledstore.it\/de\/wp-json\/wp\/v2\/product_tag?post=10649"}],"curies":[{"name":"wp","href":"https:\/\/api.w.org\/{rel}","templated":true}]}}