{"id":10628,"date":"2018-04-09T17:09:23","date_gmt":"2018-04-09T15:09:23","guid":{"rendered":"https:\/\/www.easyledstore.it\/prodotto\/quick-connect-druckanschluesse-klemmen\/"},"modified":"2026-01-19T12:51:19","modified_gmt":"2026-01-19T11:51:19","slug":"quick-connect-druckanschluesse-klemmen","status":"publish","type":"product","link":"https:\/\/www.easyledstore.it\/de\/Produkt\/quick-connect-druckanschluesse-klemmen\/","title":{"rendered":"Quick Connect Druckanschl\u00fcsse &#8211; Klemmen"},"content":{"rendered":"<h3>Verl\u00e4sslichkeit und Sicherheit f\u00fcr Ihre Installationen<\/h3>\n<p>Unsere Druckverbinder wurden entwickelt, um die Installation zu vereinfachen und eine sichere Verbindung zu gew\u00e4hrleisten. Sie sind unerl\u00e4sslich, um Terminals pr\u00e4zise zu schlie\u00dfen. Diese innovativen Verbinder bestehen aus Silikon und einem zuverl\u00e4ssigen Druckverschluss, der eine sichere und dauerhafte Verbindung gew\u00e4hrleistet. <\/p>\n<p><strong>Hauptmerkmale:<\/strong><\/p>\n<ul>\n<li><strong>Abmessungen:<\/strong> Geeignet <strong>f\u00fcr Kabel von 0,4 bis 0,9 mm<\/strong>, passen diese Stecker perfekt zu Ihren Installationsanforderungen und gew\u00e4hrleisten eine pr\u00e4zise und stabile Verbindung.<\/li>\n<li><strong>Hochwertige Materialien:<\/strong> Hergestellt aus hochwertigem Kupfer und einem strapazierf\u00e4higen Polypropylen-Geh\u00e4use, gew\u00e4hrleisten unsere Steckverbinder Langlebigkeit und Zuverl\u00e4ssigkeit im Laufe der Zeit. Die interne Gel-Polsterung sch\u00fctzt die Verbindung zus\u00e4tzlich vor \u00e4u\u00dferen Einfl\u00fcssen und sorgt f\u00fcr eine optimale Leistung auch unter den anspruchsvollsten Bedingungen. <\/li>\n<li><strong>Funktionelles Design:<\/strong> Dank ihres Schnellanschluss-Designs vereinfachen diese Steckverbinder den Installationsprozess, reduzieren die Installationszeit und gew\u00e4hrleisten eine sichere Verbindung ohne zus\u00e4tzliches Werkzeug.<\/li>\n<li><strong>Gro\u00dfer Temperaturbereich:<\/strong> Unsere Steckverbinder sind f\u00fcr die extremsten Bedingungen ausgelegt und k\u00f6nnen in einem Temperaturbereich von -40\u00b0C bis 140\u00b0C betrieben werden, was eine zuverl\u00e4ssige Leistung in jeder Umgebung gew\u00e4hrleistet.<\/li>\n<li><strong>Praktische Verpackung:<\/strong> Jede Schachtel enth\u00e4lt 100 St\u00fcck Steckverbinder, so dass Sie ausreichend Platz f\u00fcr Ihre Installationen haben und eine sofort einsatzbereite L\u00f6sung haben, wenn Sie sie brauchen.<\/li>\n<\/ul>\n<h3>Technische Daten:<\/h3>\n<ul>\n<li><strong>Farbe:<\/strong> orange und transparent, die Stecker lassen sich leicht in Ihr System integrieren, ohne die \u00c4sthetik zu beeintr\u00e4chtigen.<\/li>\n<li><strong>Material:<\/strong> Die aus hochwertigen Materialien wie Kupfer und Polypropylen hergestellten Stecker gew\u00e4hrleisten eine zuverl\u00e4ssige und langlebige Leistung.<\/li>\n<li><strong>Steckertyp:<\/strong> Dank ihres Schnellanschlusses vereinfachen die Stecker den Installationsprozess und gew\u00e4hrleisten eine sichere und stabile Verbindung.<\/li>\n<\/ul>\n<p>W\u00e4hlen Sie Pressure Connectors von easyledstore.com, um Sicherheit, Zuverl\u00e4ssigkeit und hervorragende Leistung f\u00fcr Ihre LED-Installationen zu gew\u00e4hrleisten. Diese einfach zu installierenden und f\u00fcr die anspruchsvollsten Bedingungen ausgelegten Verbinder sind die ideale L\u00f6sung f\u00fcr jedes Beleuchtungsprojekt. <\/p>\n","protected":false},"excerpt":{"rendered":"<p>Steckverbindungen zum Verschlie\u00dfen der Terminals. Ausgestattet mit Silikon und Druckknopfverschluss. Schachtel mit 100 St\u00fcck.  <\/p>\n","protected":false},"featured_media":10629,"comment_status":"open","ping_status":"closed","template":"","meta":[],"product_brand":[],"product_cat":[1612,1607],"product_tag":[],"class_list":{"0":"post-10628","1":"product","2":"type-product","3":"status-publish","4":"has-post-thumbnail","6":"product_cat-flex-neon-split-zubehor","7":"product_cat-zubehor","9":"first","10":"instock","11":"taxable","12":"shipping-taxable","13":"purchasable","14":"product-type-simple"},"yoast_head":"<!-- This site is optimized with the Yoast SEO plugin v27.3 - https:\/\/yoast.com\/product\/yoast-seo-wordpress\/ -->\n<title>Druckanschl\u00fcsse - Klemmen - (100St\u00fcck) | Easyledstore<\/title>\n<meta name=\"description\" content=\"Druckverschl\u00fcsse zum Verschlie\u00dfen der Terminals. Ausgestattet mit Silikon und Druckverschluss. Schachtel mit 100 St\u00fcck. Schnellverbindung\" \/>\n<meta name=\"robots\" content=\"index, follow, max-snippet:-1, max-image-preview:large, max-video-preview:-1\" \/>\n<link rel=\"canonical\" href=\"https:\/\/www.easyledstore.it\/de\/Produkt\/quick-connect-druckanschluesse-klemmen\/\" \/>\n<meta property=\"og:locale\" content=\"de_DE\" \/>\n<meta property=\"og:type\" content=\"article\" \/>\n<meta property=\"og:title\" content=\"Druckanschl\u00fcsse - Klemmen - (100St\u00fcck) | Easyledstore\" \/>\n<meta property=\"og:description\" content=\"Druckverschl\u00fcsse zum Verschlie\u00dfen der Terminals. Ausgestattet mit Silikon und Druckverschluss. Schachtel mit 100 St\u00fcck. Schnellverbindung\" \/>\n<meta property=\"og:url\" content=\"https:\/\/www.easyledstore.it\/de\/Produkt\/quick-connect-druckanschluesse-klemmen\/\" \/>\n<meta property=\"og:site_name\" content=\"Easyledstore\" \/>\n<meta property=\"article:publisher\" content=\"https:\/\/www.facebook.com\/easyledstore\" \/>\n<meta property=\"article:modified_time\" content=\"2026-01-19T11:51:19+00:00\" \/>\n<meta property=\"og:image\" content=\"https:\/\/www.easyledstore.it\/wp-content\/uploads\/2018\/04\/PIN-CUP.jpg\" \/>\n\t<meta property=\"og:image:width\" content=\"800\" \/>\n\t<meta property=\"og:image:height\" content=\"800\" \/>\n\t<meta property=\"og:image:type\" content=\"image\/jpeg\" \/>\n<meta name=\"twitter:card\" content=\"summary_large_image\" \/>\n<meta name=\"twitter:label1\" content=\"Gesch\u00e4tzte Lesezeit\" \/>\n\t<meta name=\"twitter:data1\" content=\"2\u00a0Minute\" \/>\n<!-- \/ Yoast SEO plugin. -->","yoast_head_json":{"title":"Druckanschl\u00fcsse - Klemmen - (100St\u00fcck) | Easyledstore","description":"Druckverschl\u00fcsse zum Verschlie\u00dfen der Terminals. Ausgestattet mit Silikon und Druckverschluss. Schachtel mit 100 St\u00fcck. Schnellverbindung","robots":{"index":"index","follow":"follow","max-snippet":"max-snippet:-1","max-image-preview":"max-image-preview:large","max-video-preview":"max-video-preview:-1"},"canonical":"https:\/\/www.easyledstore.it\/de\/Produkt\/quick-connect-druckanschluesse-klemmen\/","og_locale":"de_DE","og_type":"article","og_title":"Druckanschl\u00fcsse - Klemmen - (100St\u00fcck) | Easyledstore","og_description":"Druckverschl\u00fcsse zum Verschlie\u00dfen der Terminals. Ausgestattet mit Silikon und Druckverschluss. Schachtel mit 100 St\u00fcck. Schnellverbindung","og_url":"https:\/\/www.easyledstore.it\/de\/Produkt\/quick-connect-druckanschluesse-klemmen\/","og_site_name":"Easyledstore","article_publisher":"https:\/\/www.facebook.com\/easyledstore","article_modified_time":"2026-01-19T11:51:19+00:00","og_image":[{"width":800,"height":800,"url":"https:\/\/www.easyledstore.it\/wp-content\/uploads\/2018\/04\/PIN-CUP.jpg","type":"image\/jpeg"}],"twitter_card":"summary_large_image","twitter_misc":{"Gesch\u00e4tzte Lesezeit":"2\u00a0Minute"},"schema":{"@context":"https:\/\/schema.org","@graph":[{"@type":"WebPage","@id":"https:\/\/www.easyledstore.it\/de\/Produkt\/quick-connect-druckanschluesse-klemmen\/","url":"https:\/\/www.easyledstore.it\/de\/Produkt\/quick-connect-druckanschluesse-klemmen\/","name":"Druckanschl\u00fcsse - Klemmen - (100St\u00fcck) | Easyledstore","isPartOf":{"@id":"https:\/\/www.easyledstore.it\/de\/#website"},"primaryImageOfPage":{"@id":"https:\/\/www.easyledstore.it\/de\/Produkt\/quick-connect-druckanschluesse-klemmen\/#primaryimage"},"image":{"@id":"https:\/\/www.easyledstore.it\/de\/Produkt\/quick-connect-druckanschluesse-klemmen\/#primaryimage"},"thumbnailUrl":"https:\/\/www.easyledstore.it\/wp-content\/uploads\/2018\/04\/PIN-CUP.jpg","datePublished":"2018-04-09T15:09:23+00:00","dateModified":"2026-01-19T11:51:19+00:00","description":"Druckverschl\u00fcsse zum Verschlie\u00dfen der Terminals. Ausgestattet mit Silikon und Druckverschluss. Schachtel mit 100 St\u00fcck. Schnellverbindung","breadcrumb":{"@id":"https:\/\/www.easyledstore.it\/de\/Produkt\/quick-connect-druckanschluesse-klemmen\/#breadcrumb"},"inLanguage":"de","potentialAction":[{"@type":"ReadAction","target":["https:\/\/www.easyledstore.it\/de\/Produkt\/quick-connect-druckanschluesse-klemmen\/"]}]},{"@type":"ImageObject","inLanguage":"de","@id":"https:\/\/www.easyledstore.it\/de\/Produkt\/quick-connect-druckanschluesse-klemmen\/#primaryimage","url":"https:\/\/www.easyledstore.it\/wp-content\/uploads\/2018\/04\/PIN-CUP.jpg","contentUrl":"https:\/\/www.easyledstore.it\/wp-content\/uploads\/2018\/04\/PIN-CUP.jpg","width":800,"height":800,"caption":"Connettori a Pressione PIN-CUP"},{"@type":"BreadcrumbList","@id":"https:\/\/www.easyledstore.it\/de\/Produkt\/quick-connect-druckanschluesse-klemmen\/#breadcrumb","itemListElement":[{"@type":"ListItem","position":1,"name":"Home","item":"https:\/\/www.easyledstore.it\/de\/led-beschilderungsmodule\/"},{"@type":"ListItem","position":2,"name":"IT einkaufen","item":"https:\/\/www.easyledstore.it\/de\/shop\/"},{"@type":"ListItem","position":3,"name":"Quick Connect Druckanschl\u00fcsse &#8211; Klemmen"}]},{"@type":"WebSite","@id":"https:\/\/www.easyledstore.it\/de\/#website","url":"https:\/\/www.easyledstore.it\/de\/","name":"Easyledstore","description":"Alimentatori e Moduli LED per Insegne Luminose","publisher":{"@id":"https:\/\/www.easyledstore.it\/de\/#organization"},"potentialAction":[{"@type":"SearchAction","target":{"@type":"EntryPoint","urlTemplate":"https:\/\/www.easyledstore.it\/de\/?s={search_term_string}"},"query-input":{"@type":"PropertyValueSpecification","valueRequired":true,"valueName":"search_term_string"}}],"inLanguage":"de"},{"@type":"Organization","@id":"https:\/\/www.easyledstore.it\/de\/#organization","name":"LTC Lighting Trading Company srls","url":"https:\/\/www.easyledstore.it\/de\/","logo":{"@type":"ImageObject","inLanguage":"de","@id":"https:\/\/www.easyledstore.it\/de\/#\/schema\/logo\/image\/","url":"https:\/\/www.easyledstore.it\/wp-content\/uploads\/2018\/03\/Landscape-FullColor-2000.png","contentUrl":"https:\/\/www.easyledstore.it\/wp-content\/uploads\/2018\/03\/Landscape-FullColor-2000.png","width":2000,"height":641,"caption":"LTC Lighting Trading Company srls"},"image":{"@id":"https:\/\/www.easyledstore.it\/de\/#\/schema\/logo\/image\/"},"sameAs":["https:\/\/www.facebook.com\/easyledstore"]}]}},"_links":{"self":[{"href":"https:\/\/www.easyledstore.it\/de\/wp-json\/wp\/v2\/product\/10628","targetHints":{"allow":["GET"]}}],"collection":[{"href":"https:\/\/www.easyledstore.it\/de\/wp-json\/wp\/v2\/product"}],"about":[{"href":"https:\/\/www.easyledstore.it\/de\/wp-json\/wp\/v2\/types\/product"}],"replies":[{"embeddable":true,"href":"https:\/\/www.easyledstore.it\/de\/wp-json\/wp\/v2\/comments?post=10628"}],"wp:featuredmedia":[{"embeddable":true,"href":"https:\/\/www.easyledstore.it\/de\/wp-json\/wp\/v2\/media\/10629"}],"wp:attachment":[{"href":"https:\/\/www.easyledstore.it\/de\/wp-json\/wp\/v2\/media?parent=10628"}],"wp:term":[{"taxonomy":"product_brand","embeddable":true,"href":"https:\/\/www.easyledstore.it\/de\/wp-json\/wp\/v2\/product_brand?post=10628"},{"taxonomy":"product_cat","embeddable":true,"href":"https:\/\/www.easyledstore.it\/de\/wp-json\/wp\/v2\/product_cat?post=10628"},{"taxonomy":"product_tag","embeddable":true,"href":"https:\/\/www.easyledstore.it\/de\/wp-json\/wp\/v2\/product_tag?post=10628"}],"curies":[{"name":"wp","href":"https:\/\/api.w.org\/{rel}","templated":true}]}}