{"id":10577,"date":"2019-07-10T12:10:21","date_gmt":"2019-07-10T10:10:21","guid":{"rendered":"https:\/\/www.easyledstore.it\/prodotto\/led-flex-neon-blau-neon-led-6mm-5m\/"},"modified":"2026-03-13T10:59:27","modified_gmt":"2026-03-13T09:59:27","slug":"led-flex-neon-blau-neon-led-6mm-5m","status":"publish","type":"product","link":"https:\/\/www.easyledstore.it\/de\/Produkt\/led-flex-neon-blau-neon-led-6mm-5m\/","title":{"rendered":"LED Flex Neon Blau &#8211; Neon LED 6mm 5m"},"content":{"rendered":"<h2>Flex Neon Blau 6mm &#8211; 5 Meter langer flexibler LED-Neonschlauch<\/h2>\n<p>Gestalten Sie Ihre Kreativit\u00e4t mit <strong>Flex Neon Blue<\/strong>, der biegsamen 6-mm-LED-R\u00f6hre, die sich ideal f\u00fcr Leuchtschriften, dekorative Designs und auff\u00e4llige Kunstinstallationen eignet. Dank ihrer Flexibilit\u00e4t ist sie leicht zu formen und perfekt f\u00fcr den Innen- und Au\u00dfenbereich geeignet. <\/p>\n<p>Diese LED-R\u00f6hre aus wasserdichtem und UV-best\u00e4ndigem Silikon mit Schutzart <strong>IP65<\/strong> ist so konzipiert, dass sie auch in exponierten Umgebungen lange h\u00e4lt. Sie wird mit <strong>12 V<\/strong> Konstantstrom betrieben und bietet eine gleichm\u00e4\u00dfige Helligkeit \u00fcber ihre gesamte L\u00e4nge und eine Lichtleistung von <strong>344 Lumen pro Meter<\/strong>. <\/p>\n<h3>Technische Daten<\/h3>\n<ul>\n<li><strong>L\u00e4nge:<\/strong> 5 Meter<\/li>\n<li><strong>Querschnitt:<\/strong> 6 mm<\/li>\n<li><strong>LEDs pro Meter:<\/strong> 96<\/li>\n<li><strong>Betriebsspannung:<\/strong> 12V DC<\/li>\n<li><strong>Stromverbrauch:<\/strong> 7,2 W pro Meter<\/li>\n<li><strong>Helligkeit:<\/strong> 344 Lumen\/Meter<\/li>\n<li><strong>Schutzart:<\/strong> IP65 (wasserdicht und UV-best\u00e4ndig)<\/li>\n<li><strong>Zuschneidbar alle:<\/strong> 8,3 mm<\/li>\n<li><strong>Material:<\/strong> Silikon<\/li>\n<li><strong>Stromart:<\/strong> Konstantstrom<\/li>\n<\/ul>\n<p>F\u00fcr eine optimale und sichere Leistung empfehlen wir die Verwendung eines <a href=\"https:\/\/www.easyledstore.it\/de\/produktkategorien\/stromversorgungen\/?av2_pa_voltaggio=251&#038;av2_filter_id=2\" target=\"_blank\" rel=\"noopener\">kompatiblen hocheffizienten LED-Netzteils<\/a>.<\/p>\n<p><strong>Flex Neon Blue<\/strong> ist die perfekte Wahl f\u00fcr Beschilderungen, szenische Installationen und professionelle Projekte, bei denen Qualit\u00e4t und Zuverl\u00e4ssigkeit gefragt sind.<\/p>\n<h3>In vielen Varianten erh\u00e4ltlich<\/h3>\n<p>Entdecken Sie alle Versionen unseres 5 Meter langen Neon Flex 6mm:<\/p>\n<ul>\n<li><a href=\"https:\/\/www.easyledstore.it\/prodotto\/led-neon-flex-rgb-dig-6-mm-5-metri\/\" target=\"_blank\" rel=\"noopener\">RGB Magie Digital<\/a><\/li>\n<li><a href=\"https:\/\/www.easyledstore.it\/prodotto\/led-neon-flex-rgb-6-mm-5-metri\/\" target=\"_blank\" rel=\"noopener\">RGB<\/a><\/li>\n<li><a href=\"https:\/\/www.easyledstore.it\/prodotto\/led-neon-flex-giallo-6-mm-5-metri\/\" target=\"_blank\" rel=\"noopener\">Zitronengelb<\/a><\/li>\n<li><a href=\"https:\/\/www.easyledstore.it\/prodotto\/led-neon-flex-rosa-6-mm-5-metri\/\" target=\"_blank\" rel=\"noopener\">Rosa<\/a><\/li>\n<li><a href=\"https:\/\/www.easyledstore.it\/prodotto\/led-neon-flex-rosso-6-mm-5-metri-2\/\" target=\"_blank\" rel=\"noopener\">Rot<\/a><\/li>\n<li><a href=\"https:\/\/www.easyledstore.it\/prodotto\/led-neon-flex-bianco-caldo-6-mm-5-metri\/\" target=\"_blank\" rel=\"noopener\">Warmes Wei\u00df<\/a><\/li>\n<li><a href=\"https:\/\/www.easyledstore.it\/prodotto\/led-neon-flex-bianco-puro-6-mm-5-metri\/\" target=\"_blank\" rel=\"noopener\">Reines Wei\u00df<\/a><\/li>\n<li><a href=\"https:\/\/www.easyledstore.it\/prodotto\/led-neon-flex-bianco-naturale-6-mm-5-metri\/\" target=\"_blank\" rel=\"noopener\">Nat\u00fcrlich Wei\u00df<\/a><\/li>\n<li><a href=\"https:\/\/www.easyledstore.it\/prodotto\/led-neon-flex-arancione-6-mm-5-metri\/\" target=\"_blank\" rel=\"noopener\">Orange<\/a><\/li>\n<li><a href=\"https:\/\/www.easyledstore.it\/prodotto\/led-neon-flex-blu-6-mm-5-metri\/\" target=\"_blank\" rel=\"noopener\">Blau<\/a><\/li>\n<li><a href=\"https:\/\/www.easyledstore.it\/prodotto\/led-neon-flex-verde-6-mm-5-metri\/\" target=\"_blank\" rel=\"noopener\">Gr\u00fcn<\/a><\/li>\n<\/ul>\n","protected":false},"excerpt":{"rendered":"<p><strong>Flex Neon Blue 6mm &#8211; 5 Meter<\/strong><br \/>\nFlexibler LED-Schlauch aus UV-best\u00e4ndigem Silikon, ideal f\u00fcr Beschriftungen und Dekorationen. Leicht zu formen, wasserdicht (IP65) und alle 8,3 mm schneidbar. 12V-Stromversorgung mit konstantem Strom, 7,2W\/m und 344 Lumen\/m. Perfekt f\u00fcr den Einsatz im Innen- und Au\u00dfenbereich.  <\/p>\n<p>Die Verwendung eines <a href=\"https:\/\/www.easyledstore.it\/categoria-prodotto\/alimentatori\/?av2_pa_voltaggio=251&amp;av2_filter_id=2\" target=\"_blank\" rel=\"noopener\">kompatiblen Netzteils<\/a> wird empfohlen.<\/p>\n<p>Entdecken Sie alle Versionen unseres 5 Meter langen Neon Flex 6mm:<\/p>\n<ul>\n<li><a href=\"https:\/\/www.easyledstore.it\/prodotto\/led-neon-flex-rgb-dig-6-mm-5-metri\/\" target=\"_blank\" rel=\"noopener\">RGB Magie Digital<\/a><\/li>\n<li><a href=\"https:\/\/www.easyledstore.it\/prodotto\/led-neon-flex-rgb-6-mm-5-metri\/\" target=\"_blank\" rel=\"noopener\">RGB<\/a><\/li>\n<li><a href=\"https:\/\/www.easyledstore.it\/prodotto\/led-neon-flex-giallo-6-mm-5-metri\/\" target=\"_blank\" rel=\"noopener\">Zitronengelb<\/a><\/li>\n<li><a href=\"https:\/\/www.easyledstore.it\/prodotto\/led-neon-flex-rosa-6-mm-5-metri\/\" target=\"_blank\" rel=\"noopener\">Rosa<\/a><\/li>\n<li><a href=\"https:\/\/www.easyledstore.it\/prodotto\/led-neon-flex-rosso-6-mm-5-metri-2\/\" target=\"_blank\" rel=\"noopener\">Rot<\/a><\/li>\n<li><a href=\"https:\/\/www.easyledstore.it\/prodotto\/led-neon-flex-bianco-caldo-6-mm-5-metri\/\" target=\"_blank\" rel=\"noopener\">Warmes Wei\u00df<\/a><\/li>\n<li><a href=\"https:\/\/www.easyledstore.it\/prodotto\/led-neon-flex-bianco-puro-6-mm-5-metri\/\" target=\"_blank\" rel=\"noopener\">Reines Wei\u00df<\/a><\/li>\n<li><a href=\"https:\/\/www.easyledstore.it\/prodotto\/led-neon-flex-bianco-naturale-6-mm-5-metri\/\" target=\"_blank\" rel=\"noopener\">Nat\u00fcrlich Wei\u00df<\/a><\/li>\n<li><a href=\"https:\/\/www.easyledstore.it\/prodotto\/led-neon-flex-arancione-6-mm-5-metri\/\" target=\"_blank\" rel=\"noopener\">Orange<\/a><\/li>\n<li><a href=\"https:\/\/www.easyledstore.it\/prodotto\/led-neon-flex-blu-6-mm-5-metri\/\" target=\"_blank\" rel=\"noopener\">Blau<\/a><\/li>\n<li><a href=\"https:\/\/www.easyledstore.it\/prodotto\/led-neon-flex-verde-6-mm-5-metri\/\" target=\"_blank\" rel=\"noopener\">Gr\u00fcn<\/a><\/li>\n<\/ul>\n<p>&nbsp;<\/p>\n","protected":false},"featured_media":10229,"comment_status":"open","ping_status":"closed","template":"","meta":[],"product_brand":[],"product_cat":[1298,1594],"product_tag":[1103,1604,1409,1619,1123,1143],"class_list":{"0":"post-10577","1":"product","2":"type-product","3":"status-publish","4":"has-post-thumbnail","6":"product_cat-flex-led","7":"product_cat-neon-flex","8":"product_tag-12v","9":"product_tag-344lm-m","10":"product_tag-7-2w-m","11":"product_tag-farbe-blau","12":"product_tag-farbige-leds","13":"product_tag-ip65-zertifiziert","15":"first","16":"instock","17":"taxable","18":"shipping-taxable","19":"purchasable","20":"product-type-simple"},"yoast_head":"<!-- This site is optimized with the Yoast SEO plugin v27.3 - https:\/\/yoast.com\/product\/yoast-seo-wordpress\/ -->\n<title>LED Flex Neon Blau - Neon LED 6mm 5m - Easyledstore<\/title>\n<meta name=\"description\" content=\"Flex Neon Blue 6mm 5 Meter: flexibler und programmierbarer LED-Streifen f\u00fcr dynamische Effekte und Lichtinstallationen. Erfahren Sie mehr online!\" \/>\n<meta name=\"robots\" content=\"index, follow, max-snippet:-1, max-image-preview:large, max-video-preview:-1\" \/>\n<link rel=\"canonical\" href=\"https:\/\/www.easyledstore.it\/de\/Produkt\/led-flex-neon-blau-neon-led-6mm-5m\/\" \/>\n<meta property=\"og:locale\" content=\"de_DE\" \/>\n<meta property=\"og:type\" content=\"article\" \/>\n<meta property=\"og:title\" content=\"LED Flex Neon Blau - Neon LED 6mm 5m - Easyledstore\" \/>\n<meta property=\"og:description\" content=\"Flex Neon Blue 6mm 5 Meter: flexibler und programmierbarer LED-Streifen f\u00fcr dynamische Effekte und Lichtinstallationen. Erfahren Sie mehr online!\" \/>\n<meta property=\"og:url\" content=\"https:\/\/www.easyledstore.it\/de\/Produkt\/led-flex-neon-blau-neon-led-6mm-5m\/\" \/>\n<meta property=\"og:site_name\" content=\"Easyledstore\" \/>\n<meta property=\"article:publisher\" content=\"https:\/\/www.facebook.com\/easyledstore\" \/>\n<meta property=\"article:modified_time\" content=\"2026-03-13T09:59:27+00:00\" \/>\n<meta property=\"og:image\" content=\"https:\/\/www.easyledstore.it\/wp-content\/uploads\/2024\/05\/Photoroom-20250612_084538-1024x1024.png\" \/>\n\t<meta property=\"og:image:width\" content=\"1024\" \/>\n\t<meta property=\"og:image:height\" content=\"1024\" \/>\n\t<meta property=\"og:image:type\" content=\"image\/png\" \/>\n<meta name=\"twitter:card\" content=\"summary_large_image\" \/>\n<meta name=\"twitter:label1\" content=\"Gesch\u00e4tzte Lesezeit\" \/>\n\t<meta name=\"twitter:data1\" content=\"1\u00a0Minute\" \/>\n<!-- \/ Yoast SEO plugin. -->","yoast_head_json":{"title":"LED Flex Neon Blau - Neon LED 6mm 5m - Easyledstore","description":"Flex Neon Blue 6mm 5 Meter: flexibler und programmierbarer LED-Streifen f\u00fcr dynamische Effekte und Lichtinstallationen. Erfahren Sie mehr online!","robots":{"index":"index","follow":"follow","max-snippet":"max-snippet:-1","max-image-preview":"max-image-preview:large","max-video-preview":"max-video-preview:-1"},"canonical":"https:\/\/www.easyledstore.it\/de\/Produkt\/led-flex-neon-blau-neon-led-6mm-5m\/","og_locale":"de_DE","og_type":"article","og_title":"LED Flex Neon Blau - Neon LED 6mm 5m - Easyledstore","og_description":"Flex Neon Blue 6mm 5 Meter: flexibler und programmierbarer LED-Streifen f\u00fcr dynamische Effekte und Lichtinstallationen. Erfahren Sie mehr online!","og_url":"https:\/\/www.easyledstore.it\/de\/Produkt\/led-flex-neon-blau-neon-led-6mm-5m\/","og_site_name":"Easyledstore","article_publisher":"https:\/\/www.facebook.com\/easyledstore","article_modified_time":"2026-03-13T09:59:27+00:00","og_image":[{"width":1024,"height":1024,"url":"https:\/\/www.easyledstore.it\/wp-content\/uploads\/2024\/05\/Photoroom-20250612_084538-1024x1024.png","type":"image\/png"}],"twitter_card":"summary_large_image","twitter_misc":{"Gesch\u00e4tzte Lesezeit":"1\u00a0Minute"},"schema":{"@context":"https:\/\/schema.org","@graph":[{"@type":"WebPage","@id":"https:\/\/www.easyledstore.it\/de\/Produkt\/led-flex-neon-blau-neon-led-6mm-5m\/","url":"https:\/\/www.easyledstore.it\/de\/Produkt\/led-flex-neon-blau-neon-led-6mm-5m\/","name":"LED Flex Neon Blau - Neon LED 6mm 5m - Easyledstore","isPartOf":{"@id":"https:\/\/www.easyledstore.it\/de\/#website"},"primaryImageOfPage":{"@id":"https:\/\/www.easyledstore.it\/de\/Produkt\/led-flex-neon-blau-neon-led-6mm-5m\/#primaryimage"},"image":{"@id":"https:\/\/www.easyledstore.it\/de\/Produkt\/led-flex-neon-blau-neon-led-6mm-5m\/#primaryimage"},"thumbnailUrl":"https:\/\/www.easyledstore.it\/wp-content\/uploads\/2024\/05\/Photoroom-20250612_084538.png","datePublished":"2019-07-10T10:10:21+00:00","dateModified":"2026-03-13T09:59:27+00:00","description":"Flex Neon Blue 6mm 5 Meter: flexibler und programmierbarer LED-Streifen f\u00fcr dynamische Effekte und Lichtinstallationen. Erfahren Sie mehr online!","breadcrumb":{"@id":"https:\/\/www.easyledstore.it\/de\/Produkt\/led-flex-neon-blau-neon-led-6mm-5m\/#breadcrumb"},"inLanguage":"de","potentialAction":[{"@type":"ReadAction","target":["https:\/\/www.easyledstore.it\/de\/Produkt\/led-flex-neon-blau-neon-led-6mm-5m\/"]}]},{"@type":"ImageObject","inLanguage":"de","@id":"https:\/\/www.easyledstore.it\/de\/Produkt\/led-flex-neon-blau-neon-led-6mm-5m\/#primaryimage","url":"https:\/\/www.easyledstore.it\/wp-content\/uploads\/2024\/05\/Photoroom-20250612_084538.png","contentUrl":"https:\/\/www.easyledstore.it\/wp-content\/uploads\/2024\/05\/Photoroom-20250612_084538.png","width":2000,"height":2000,"caption":"LED Flex RGB Magic Digital - Neon LED 6mm programmierbar 5 Meter"},{"@type":"BreadcrumbList","@id":"https:\/\/www.easyledstore.it\/de\/Produkt\/led-flex-neon-blau-neon-led-6mm-5m\/#breadcrumb","itemListElement":[{"@type":"ListItem","position":1,"name":"Home","item":"https:\/\/www.easyledstore.it\/de\/led-beschilderungsmodule\/"},{"@type":"ListItem","position":2,"name":"IT einkaufen","item":"https:\/\/www.easyledstore.it\/de\/shop\/"},{"@type":"ListItem","position":3,"name":"LED Flex Neon Blau &#8211; Neon LED 6mm 5m"}]},{"@type":"WebSite","@id":"https:\/\/www.easyledstore.it\/de\/#website","url":"https:\/\/www.easyledstore.it\/de\/","name":"Easyledstore","description":"Alimentatori e Moduli LED per Insegne Luminose","publisher":{"@id":"https:\/\/www.easyledstore.it\/de\/#organization"},"potentialAction":[{"@type":"SearchAction","target":{"@type":"EntryPoint","urlTemplate":"https:\/\/www.easyledstore.it\/de\/?s={search_term_string}"},"query-input":{"@type":"PropertyValueSpecification","valueRequired":true,"valueName":"search_term_string"}}],"inLanguage":"de"},{"@type":"Organization","@id":"https:\/\/www.easyledstore.it\/de\/#organization","name":"LTC Lighting Trading Company srls","url":"https:\/\/www.easyledstore.it\/de\/","logo":{"@type":"ImageObject","inLanguage":"de","@id":"https:\/\/www.easyledstore.it\/de\/#\/schema\/logo\/image\/","url":"https:\/\/www.easyledstore.it\/wp-content\/uploads\/2018\/03\/Landscape-FullColor-2000.png","contentUrl":"https:\/\/www.easyledstore.it\/wp-content\/uploads\/2018\/03\/Landscape-FullColor-2000.png","width":2000,"height":641,"caption":"LTC Lighting Trading Company srls"},"image":{"@id":"https:\/\/www.easyledstore.it\/de\/#\/schema\/logo\/image\/"},"sameAs":["https:\/\/www.facebook.com\/easyledstore"]}]}},"_links":{"self":[{"href":"https:\/\/www.easyledstore.it\/de\/wp-json\/wp\/v2\/product\/10577","targetHints":{"allow":["GET"]}}],"collection":[{"href":"https:\/\/www.easyledstore.it\/de\/wp-json\/wp\/v2\/product"}],"about":[{"href":"https:\/\/www.easyledstore.it\/de\/wp-json\/wp\/v2\/types\/product"}],"replies":[{"embeddable":true,"href":"https:\/\/www.easyledstore.it\/de\/wp-json\/wp\/v2\/comments?post=10577"}],"wp:featuredmedia":[{"embeddable":true,"href":"https:\/\/www.easyledstore.it\/de\/wp-json\/wp\/v2\/media\/10229"}],"wp:attachment":[{"href":"https:\/\/www.easyledstore.it\/de\/wp-json\/wp\/v2\/media?parent=10577"}],"wp:term":[{"taxonomy":"product_brand","embeddable":true,"href":"https:\/\/www.easyledstore.it\/de\/wp-json\/wp\/v2\/product_brand?post=10577"},{"taxonomy":"product_cat","embeddable":true,"href":"https:\/\/www.easyledstore.it\/de\/wp-json\/wp\/v2\/product_cat?post=10577"},{"taxonomy":"product_tag","embeddable":true,"href":"https:\/\/www.easyledstore.it\/de\/wp-json\/wp\/v2\/product_tag?post=10577"}],"curies":[{"name":"wp","href":"https:\/\/api.w.org\/{rel}","templated":true}]}}