{"id":10442,"date":"2024-04-24T11:59:15","date_gmt":"2024-04-24T09:59:15","guid":{"rendered":"https:\/\/www.easyledstore.it\/prodotto\/led-modul-fuer-doppelseitige-schilder-warmweiss-2w\/"},"modified":"2026-03-09T15:51:17","modified_gmt":"2026-03-09T14:51:17","slug":"led-modul-fuer-doppelseitige-schilder-warmweiss-2w","status":"publish","type":"product","link":"https:\/\/www.easyledstore.it\/de\/Produkt\/led-modul-fuer-doppelseitige-schilder-warmweiss-2w\/","title":{"rendered":"LED-Modul f\u00fcr doppelseitige Schilder Warmwei\u00df &#8211; 2W"},"content":{"rendered":"<h3>Led f\u00fcr doppelseitige Schilder<\/h3>\n<p>Farbe: Warmwei\u00df (3000k)<\/p>\n<p>Abmessungen: 53x31x14.6 mm<\/p>\n<p>\u00d6ffnungswinkel: 20\u00b0x 45\u00b0<\/p>\n<p>Lichtstrahl: 160-180 Lumen<\/p>\n","protected":false},"excerpt":{"rendered":"<p>LED-Modul f\u00fcr doppelseitige Schilder in warmwei\u00dfer Farbe, ausgestattet mit einer 45\u00b0-Linse, die den Lichtstrom verengt. Ausgestattet mit einer Aluminium-Bodenplatte zur besseren W\u00e4rmeableitung. <\/p>\n","protected":false},"featured_media":10447,"comment_status":"open","ping_status":"closed","template":"","meta":[],"product_brand":[],"product_cat":[1098,1317],"product_tag":[1108,1103,1662,1663,1661,1293,1319,1664,1106,1111,1104,1292,1110],"class_list":{"0":"post-10442","1":"product","2":"type-product","3":"status-publish","4":"has-post-thumbnail","6":"product_cat-led-module","7":"product_cat-module-fur-doppelseitige","8":"product_tag-1-led","9":"product_tag-12v","10":"product_tag-160-180-lumen","11":"product_tag-20-x-45-grad","12":"product_tag-2w","13":"product_tag-3000k","14":"product_tag-1319","15":"product_tag-70cm","16":"product_tag-ip67-zertifizierung","17":"product_tag-ja","18":"product_tag-mit-objektiv","19":"product_tag-warmes-weis","20":"product_tag-weise-leds","22":"first","23":"onbackorder","24":"taxable","25":"shipping-taxable","26":"purchasable","27":"product-type-simple"},"yoast_head":"<!-- This site is optimized with the Yoast SEO plugin v27.3 - https:\/\/yoast.com\/product\/yoast-seo-wordpress\/ -->\n<title>LED-Modul f\u00fcr doppelseitige Schilder Warmwei\u00df - 2W - Easyledstore<\/title>\n<meta name=\"description\" content=\"LED f\u00fcr doppelseitige Schilder in warmwei\u00dfer Farbe. 45\u00b0 Linse. Grundplatte aus Aluminium f\u00fcr bessere W\u00e4rmeableitung. IP67\" \/>\n<meta name=\"robots\" content=\"index, follow, max-snippet:-1, max-image-preview:large, max-video-preview:-1\" \/>\n<link rel=\"canonical\" href=\"https:\/\/www.easyledstore.it\/de\/Produkt\/led-modul-fuer-doppelseitige-schilder-warmweiss-2w\/\" \/>\n<meta property=\"og:locale\" content=\"de_DE\" \/>\n<meta property=\"og:type\" content=\"article\" \/>\n<meta property=\"og:title\" content=\"LED-Modul f\u00fcr doppelseitige Schilder Warmwei\u00df - 2W - Easyledstore\" \/>\n<meta property=\"og:description\" content=\"LED f\u00fcr doppelseitige Schilder in warmwei\u00dfer Farbe. 45\u00b0 Linse. Grundplatte aus Aluminium f\u00fcr bessere W\u00e4rmeableitung. IP67\" \/>\n<meta property=\"og:url\" content=\"https:\/\/www.easyledstore.it\/de\/Produkt\/led-modul-fuer-doppelseitige-schilder-warmweiss-2w\/\" \/>\n<meta property=\"og:site_name\" content=\"Easyledstore\" \/>\n<meta property=\"article:publisher\" content=\"https:\/\/www.facebook.com\/easyledstore\" \/>\n<meta property=\"article:modified_time\" content=\"2026-03-09T14:51:17+00:00\" \/>\n<meta property=\"og:image\" content=\"https:\/\/www.easyledstore.it\/wp-content\/uploads\/2018\/04\/LIB012-1.jpg\" \/>\n\t<meta property=\"og:image:width\" content=\"800\" \/>\n\t<meta property=\"og:image:height\" content=\"800\" \/>\n\t<meta property=\"og:image:type\" content=\"image\/jpeg\" \/>\n<meta name=\"twitter:card\" content=\"summary_large_image\" \/>\n<!-- \/ Yoast SEO plugin. -->","yoast_head_json":{"title":"LED-Modul f\u00fcr doppelseitige Schilder Warmwei\u00df - 2W - Easyledstore","description":"LED f\u00fcr doppelseitige Schilder in warmwei\u00dfer Farbe. 45\u00b0 Linse. Grundplatte aus Aluminium f\u00fcr bessere W\u00e4rmeableitung. IP67","robots":{"index":"index","follow":"follow","max-snippet":"max-snippet:-1","max-image-preview":"max-image-preview:large","max-video-preview":"max-video-preview:-1"},"canonical":"https:\/\/www.easyledstore.it\/de\/Produkt\/led-modul-fuer-doppelseitige-schilder-warmweiss-2w\/","og_locale":"de_DE","og_type":"article","og_title":"LED-Modul f\u00fcr doppelseitige Schilder Warmwei\u00df - 2W - Easyledstore","og_description":"LED f\u00fcr doppelseitige Schilder in warmwei\u00dfer Farbe. 45\u00b0 Linse. Grundplatte aus Aluminium f\u00fcr bessere W\u00e4rmeableitung. IP67","og_url":"https:\/\/www.easyledstore.it\/de\/Produkt\/led-modul-fuer-doppelseitige-schilder-warmweiss-2w\/","og_site_name":"Easyledstore","article_publisher":"https:\/\/www.facebook.com\/easyledstore","article_modified_time":"2026-03-09T14:51:17+00:00","og_image":[{"width":800,"height":800,"url":"https:\/\/www.easyledstore.it\/wp-content\/uploads\/2018\/04\/LIB012-1.jpg","type":"image\/jpeg"}],"twitter_card":"summary_large_image","schema":{"@context":"https:\/\/schema.org","@graph":[{"@type":"WebPage","@id":"https:\/\/www.easyledstore.it\/de\/Produkt\/led-modul-fuer-doppelseitige-schilder-warmweiss-2w\/","url":"https:\/\/www.easyledstore.it\/de\/Produkt\/led-modul-fuer-doppelseitige-schilder-warmweiss-2w\/","name":"LED-Modul f\u00fcr doppelseitige Schilder Warmwei\u00df - 2W - Easyledstore","isPartOf":{"@id":"https:\/\/www.easyledstore.it\/de\/#website"},"primaryImageOfPage":{"@id":"https:\/\/www.easyledstore.it\/de\/Produkt\/led-modul-fuer-doppelseitige-schilder-warmweiss-2w\/#primaryimage"},"image":{"@id":"https:\/\/www.easyledstore.it\/de\/Produkt\/led-modul-fuer-doppelseitige-schilder-warmweiss-2w\/#primaryimage"},"thumbnailUrl":"https:\/\/www.easyledstore.it\/wp-content\/uploads\/2018\/04\/LIB012-1.jpg","datePublished":"2024-04-24T09:59:15+00:00","dateModified":"2026-03-09T14:51:17+00:00","description":"LED f\u00fcr doppelseitige Schilder in warmwei\u00dfer Farbe. 45\u00b0 Linse. Grundplatte aus Aluminium f\u00fcr bessere W\u00e4rmeableitung. IP67","breadcrumb":{"@id":"https:\/\/www.easyledstore.it\/de\/Produkt\/led-modul-fuer-doppelseitige-schilder-warmweiss-2w\/#breadcrumb"},"inLanguage":"de","potentialAction":[{"@type":"ReadAction","target":["https:\/\/www.easyledstore.it\/de\/Produkt\/led-modul-fuer-doppelseitige-schilder-warmweiss-2w\/"]}]},{"@type":"ImageObject","inLanguage":"de","@id":"https:\/\/www.easyledstore.it\/de\/Produkt\/led-modul-fuer-doppelseitige-schilder-warmweiss-2w\/#primaryimage","url":"https:\/\/www.easyledstore.it\/wp-content\/uploads\/2018\/04\/LIB012-1.jpg","contentUrl":"https:\/\/www.easyledstore.it\/wp-content\/uploads\/2018\/04\/LIB012-1.jpg","width":800,"height":800,"caption":"LIB012"},{"@type":"BreadcrumbList","@id":"https:\/\/www.easyledstore.it\/de\/Produkt\/led-modul-fuer-doppelseitige-schilder-warmweiss-2w\/#breadcrumb","itemListElement":[{"@type":"ListItem","position":1,"name":"Home","item":"https:\/\/www.easyledstore.it\/de\/led-beschilderungsmodule\/"},{"@type":"ListItem","position":2,"name":"IT einkaufen","item":"https:\/\/www.easyledstore.it\/de\/shop\/"},{"@type":"ListItem","position":3,"name":"LED-Modul f\u00fcr doppelseitige Schilder Warmwei\u00df &#8211; 2W"}]},{"@type":"WebSite","@id":"https:\/\/www.easyledstore.it\/de\/#website","url":"https:\/\/www.easyledstore.it\/de\/","name":"Easyledstore","description":"Alimentatori e Moduli LED per Insegne Luminose","publisher":{"@id":"https:\/\/www.easyledstore.it\/de\/#organization"},"potentialAction":[{"@type":"SearchAction","target":{"@type":"EntryPoint","urlTemplate":"https:\/\/www.easyledstore.it\/de\/?s={search_term_string}"},"query-input":{"@type":"PropertyValueSpecification","valueRequired":true,"valueName":"search_term_string"}}],"inLanguage":"de"},{"@type":"Organization","@id":"https:\/\/www.easyledstore.it\/de\/#organization","name":"LTC Lighting Trading Company srls","url":"https:\/\/www.easyledstore.it\/de\/","logo":{"@type":"ImageObject","inLanguage":"de","@id":"https:\/\/www.easyledstore.it\/de\/#\/schema\/logo\/image\/","url":"https:\/\/www.easyledstore.it\/wp-content\/uploads\/2018\/03\/Landscape-FullColor-2000.png","contentUrl":"https:\/\/www.easyledstore.it\/wp-content\/uploads\/2018\/03\/Landscape-FullColor-2000.png","width":2000,"height":641,"caption":"LTC Lighting Trading Company srls"},"image":{"@id":"https:\/\/www.easyledstore.it\/de\/#\/schema\/logo\/image\/"},"sameAs":["https:\/\/www.facebook.com\/easyledstore"]}]}},"_links":{"self":[{"href":"https:\/\/www.easyledstore.it\/de\/wp-json\/wp\/v2\/product\/10442","targetHints":{"allow":["GET"]}}],"collection":[{"href":"https:\/\/www.easyledstore.it\/de\/wp-json\/wp\/v2\/product"}],"about":[{"href":"https:\/\/www.easyledstore.it\/de\/wp-json\/wp\/v2\/types\/product"}],"replies":[{"embeddable":true,"href":"https:\/\/www.easyledstore.it\/de\/wp-json\/wp\/v2\/comments?post=10442"}],"wp:featuredmedia":[{"embeddable":true,"href":"https:\/\/www.easyledstore.it\/de\/wp-json\/wp\/v2\/media\/10447"}],"wp:attachment":[{"href":"https:\/\/www.easyledstore.it\/de\/wp-json\/wp\/v2\/media?parent=10442"}],"wp:term":[{"taxonomy":"product_brand","embeddable":true,"href":"https:\/\/www.easyledstore.it\/de\/wp-json\/wp\/v2\/product_brand?post=10442"},{"taxonomy":"product_cat","embeddable":true,"href":"https:\/\/www.easyledstore.it\/de\/wp-json\/wp\/v2\/product_cat?post=10442"},{"taxonomy":"product_tag","embeddable":true,"href":"https:\/\/www.easyledstore.it\/de\/wp-json\/wp\/v2\/product_tag?post=10442"}],"curies":[{"name":"wp","href":"https:\/\/api.w.org\/{rel}","templated":true}]}}