{"id":10392,"date":"2024-05-10T10:05:23","date_gmt":"2024-05-10T08:05:23","guid":{"rendered":"https:\/\/www.easyledstore.it\/prodotto\/led-neon-split-loetdraehte-7cm\/"},"modified":"2026-01-19T12:44:55","modified_gmt":"2026-01-19T11:44:55","slug":"led-neon-split-loetdraehte-7cm","status":"publish","type":"product","link":"https:\/\/www.easyledstore.it\/de\/Produkt\/led-neon-split-loetdraehte-7cm\/","title":{"rendered":"LED Neon SPLIT L\u00f6tdr\u00e4hte &#8211; 7cm"},"content":{"rendered":"<p>Packung mit 1000 7 cm langen L\u00f6tdr\u00e4hten zum Verbinden der verschiedenen Teile der mit SPLIT Neon-LEDs erstellten Schriftz\u00fcge<\/p>\n<p><img loading=\"lazy\" decoding=\"async\" class=\"alignnone wp-image-4207 size-full\" src=\"https:\/\/www.easyledstore.it\/wp-content\/uploads\/2024\/05\/fili-saldatura-split.jpg\" alt=\"\" width=\"640\" height=\"256\" srcset=\"https:\/\/www.easyledstore.it\/wp-content\/uploads\/2024\/05\/fili-saldatura-split.jpg 640w, https:\/\/www.easyledstore.it\/wp-content\/uploads\/2024\/05\/fili-saldatura-split-480x192.jpg 480w\" sizes=\"(min-width: 0px) and (max-width: 480px) 480px, (min-width: 481px) 640px, 100vw\" \/><\/p>\n<p>&nbsp;<\/p>\n","protected":false},"excerpt":{"rendered":"<p>1000 LED Neon SPLIT L\u00f6tdr\u00e4hte &#8211; L\u00e4nge: 7cm<\/p>\n","protected":false},"featured_media":10377,"comment_status":"open","ping_status":"closed","template":"","meta":[],"product_brand":[],"product_cat":[1612,1607],"product_tag":[1610,1609,1611,1608],"class_list":{"0":"post-10392","1":"product","2":"type-product","3":"status-publish","4":"has-post-thumbnail","6":"product_cat-flex-neon-split-zubehor","7":"product_cat-zubehor","8":"product_tag-beschilderung-zubehor","9":"product_tag-led-neon-split","10":"product_tag-tools-lehrkrafte","11":"product_tag-zubehor","13":"first","14":"instock","15":"taxable","16":"shipping-taxable","17":"purchasable","18":"product-type-simple"},"yoast_head":"<!-- This site is optimized with the Yoast SEO plugin v27.3 - https:\/\/yoast.com\/product\/yoast-seo-wordpress\/ -->\n<title>LED Neon SPLIT L\u00f6tdr\u00e4hte - 7cm - Easyledstore<\/title>\n<meta name=\"description\" content=\"Packung mit 1000 7cm langen L\u00f6tdr\u00e4hten f\u00fcr SPLIT LED Neon. Zum Verbinden von Beschriftungsteilen, die mit SPLIT LED Neon erstellt wurden.\" \/>\n<meta name=\"robots\" content=\"index, follow, max-snippet:-1, max-image-preview:large, max-video-preview:-1\" \/>\n<link rel=\"canonical\" href=\"https:\/\/www.easyledstore.it\/de\/Produkt\/led-neon-split-loetdraehte-7cm\/\" \/>\n<meta property=\"og:locale\" content=\"de_DE\" \/>\n<meta property=\"og:type\" content=\"article\" \/>\n<meta property=\"og:title\" content=\"LED Neon SPLIT L\u00f6tdr\u00e4hte - 7cm - Easyledstore\" \/>\n<meta property=\"og:description\" content=\"Packung mit 1000 7cm langen L\u00f6tdr\u00e4hten f\u00fcr SPLIT LED Neon. Zum Verbinden von Beschriftungsteilen, die mit SPLIT LED Neon erstellt wurden.\" \/>\n<meta property=\"og:url\" content=\"https:\/\/www.easyledstore.it\/de\/Produkt\/led-neon-split-loetdraehte-7cm\/\" \/>\n<meta property=\"og:site_name\" content=\"Easyledstore\" \/>\n<meta property=\"article:publisher\" content=\"https:\/\/www.facebook.com\/easyledstore\" \/>\n<meta property=\"article:modified_time\" content=\"2026-01-19T11:44:55+00:00\" \/>\n<meta property=\"og:image\" content=\"https:\/\/www.easyledstore.it\/wp-content\/uploads\/2024\/05\/Fili-saldatura-led-split-neon.jpg\" \/>\n\t<meta property=\"og:image:width\" content=\"800\" \/>\n\t<meta property=\"og:image:height\" content=\"800\" \/>\n\t<meta property=\"og:image:type\" content=\"image\/jpeg\" \/>\n<meta name=\"twitter:card\" content=\"summary_large_image\" \/>\n<!-- \/ Yoast SEO plugin. -->","yoast_head_json":{"title":"LED Neon SPLIT L\u00f6tdr\u00e4hte - 7cm - Easyledstore","description":"Packung mit 1000 7cm langen L\u00f6tdr\u00e4hten f\u00fcr SPLIT LED Neon. Zum Verbinden von Beschriftungsteilen, die mit SPLIT LED Neon erstellt wurden.","robots":{"index":"index","follow":"follow","max-snippet":"max-snippet:-1","max-image-preview":"max-image-preview:large","max-video-preview":"max-video-preview:-1"},"canonical":"https:\/\/www.easyledstore.it\/de\/Produkt\/led-neon-split-loetdraehte-7cm\/","og_locale":"de_DE","og_type":"article","og_title":"LED Neon SPLIT L\u00f6tdr\u00e4hte - 7cm - Easyledstore","og_description":"Packung mit 1000 7cm langen L\u00f6tdr\u00e4hten f\u00fcr SPLIT LED Neon. Zum Verbinden von Beschriftungsteilen, die mit SPLIT LED Neon erstellt wurden.","og_url":"https:\/\/www.easyledstore.it\/de\/Produkt\/led-neon-split-loetdraehte-7cm\/","og_site_name":"Easyledstore","article_publisher":"https:\/\/www.facebook.com\/easyledstore","article_modified_time":"2026-01-19T11:44:55+00:00","og_image":[{"width":800,"height":800,"url":"https:\/\/www.easyledstore.it\/wp-content\/uploads\/2024\/05\/Fili-saldatura-led-split-neon.jpg","type":"image\/jpeg"}],"twitter_card":"summary_large_image","schema":{"@context":"https:\/\/schema.org","@graph":[{"@type":"WebPage","@id":"https:\/\/www.easyledstore.it\/de\/Produkt\/led-neon-split-loetdraehte-7cm\/","url":"https:\/\/www.easyledstore.it\/de\/Produkt\/led-neon-split-loetdraehte-7cm\/","name":"LED Neon SPLIT L\u00f6tdr\u00e4hte - 7cm - Easyledstore","isPartOf":{"@id":"https:\/\/www.easyledstore.it\/de\/#website"},"primaryImageOfPage":{"@id":"https:\/\/www.easyledstore.it\/de\/Produkt\/led-neon-split-loetdraehte-7cm\/#primaryimage"},"image":{"@id":"https:\/\/www.easyledstore.it\/de\/Produkt\/led-neon-split-loetdraehte-7cm\/#primaryimage"},"thumbnailUrl":"https:\/\/www.easyledstore.it\/wp-content\/uploads\/2024\/05\/Fili-saldatura-led-split-neon.jpg","datePublished":"2024-05-10T08:05:23+00:00","dateModified":"2026-01-19T11:44:55+00:00","description":"Packung mit 1000 7cm langen L\u00f6tdr\u00e4hten f\u00fcr SPLIT LED Neon. Zum Verbinden von Beschriftungsteilen, die mit SPLIT LED Neon erstellt wurden.","breadcrumb":{"@id":"https:\/\/www.easyledstore.it\/de\/Produkt\/led-neon-split-loetdraehte-7cm\/#breadcrumb"},"inLanguage":"de","potentialAction":[{"@type":"ReadAction","target":["https:\/\/www.easyledstore.it\/de\/Produkt\/led-neon-split-loetdraehte-7cm\/"]}]},{"@type":"ImageObject","inLanguage":"de","@id":"https:\/\/www.easyledstore.it\/de\/Produkt\/led-neon-split-loetdraehte-7cm\/#primaryimage","url":"https:\/\/www.easyledstore.it\/wp-content\/uploads\/2024\/05\/Fili-saldatura-led-split-neon.jpg","contentUrl":"https:\/\/www.easyledstore.it\/wp-content\/uploads\/2024\/05\/Fili-saldatura-led-split-neon.jpg","width":800,"height":800},{"@type":"BreadcrumbList","@id":"https:\/\/www.easyledstore.it\/de\/Produkt\/led-neon-split-loetdraehte-7cm\/#breadcrumb","itemListElement":[{"@type":"ListItem","position":1,"name":"Home","item":"https:\/\/www.easyledstore.it\/de\/led-beschilderungsmodule\/"},{"@type":"ListItem","position":2,"name":"IT einkaufen","item":"https:\/\/www.easyledstore.it\/de\/shop\/"},{"@type":"ListItem","position":3,"name":"LED Neon SPLIT L\u00f6tdr\u00e4hte &#8211; 7cm"}]},{"@type":"WebSite","@id":"https:\/\/www.easyledstore.it\/de\/#website","url":"https:\/\/www.easyledstore.it\/de\/","name":"Easyledstore","description":"Alimentatori e Moduli LED per Insegne Luminose","publisher":{"@id":"https:\/\/www.easyledstore.it\/de\/#organization"},"potentialAction":[{"@type":"SearchAction","target":{"@type":"EntryPoint","urlTemplate":"https:\/\/www.easyledstore.it\/de\/?s={search_term_string}"},"query-input":{"@type":"PropertyValueSpecification","valueRequired":true,"valueName":"search_term_string"}}],"inLanguage":"de"},{"@type":"Organization","@id":"https:\/\/www.easyledstore.it\/de\/#organization","name":"LTC Lighting Trading Company srls","url":"https:\/\/www.easyledstore.it\/de\/","logo":{"@type":"ImageObject","inLanguage":"de","@id":"https:\/\/www.easyledstore.it\/de\/#\/schema\/logo\/image\/","url":"https:\/\/www.easyledstore.it\/wp-content\/uploads\/2018\/03\/Landscape-FullColor-2000.png","contentUrl":"https:\/\/www.easyledstore.it\/wp-content\/uploads\/2018\/03\/Landscape-FullColor-2000.png","width":2000,"height":641,"caption":"LTC Lighting Trading Company srls"},"image":{"@id":"https:\/\/www.easyledstore.it\/de\/#\/schema\/logo\/image\/"},"sameAs":["https:\/\/www.facebook.com\/easyledstore"]}]}},"_links":{"self":[{"href":"https:\/\/www.easyledstore.it\/de\/wp-json\/wp\/v2\/product\/10392","targetHints":{"allow":["GET"]}}],"collection":[{"href":"https:\/\/www.easyledstore.it\/de\/wp-json\/wp\/v2\/product"}],"about":[{"href":"https:\/\/www.easyledstore.it\/de\/wp-json\/wp\/v2\/types\/product"}],"replies":[{"embeddable":true,"href":"https:\/\/www.easyledstore.it\/de\/wp-json\/wp\/v2\/comments?post=10392"}],"wp:featuredmedia":[{"embeddable":true,"href":"https:\/\/www.easyledstore.it\/de\/wp-json\/wp\/v2\/media\/10377"}],"wp:attachment":[{"href":"https:\/\/www.easyledstore.it\/de\/wp-json\/wp\/v2\/media?parent=10392"}],"wp:term":[{"taxonomy":"product_brand","embeddable":true,"href":"https:\/\/www.easyledstore.it\/de\/wp-json\/wp\/v2\/product_brand?post=10392"},{"taxonomy":"product_cat","embeddable":true,"href":"https:\/\/www.easyledstore.it\/de\/wp-json\/wp\/v2\/product_cat?post=10392"},{"taxonomy":"product_tag","embeddable":true,"href":"https:\/\/www.easyledstore.it\/de\/wp-json\/wp\/v2\/product_tag?post=10392"}],"curies":[{"name":"wp","href":"https:\/\/api.w.org\/{rel}","templated":true}]}}