{"id":10274,"date":"2024-05-10T14:21:20","date_gmt":"2024-05-10T12:21:20","guid":{"rendered":"https:\/\/www.easyledstore.it\/prodotto\/fraesbohrer-fuer-flex-neon-split-6mm-mit-10mm-schaft\/"},"modified":"2026-01-19T12:43:41","modified_gmt":"2026-01-19T11:43:41","slug":"fraesbohrer-fuer-flex-neon-split-6mm-mit-10mm-schaft","status":"publish","type":"product","link":"https:\/\/www.easyledstore.it\/de\/Produkt\/fraesbohrer-fuer-flex-neon-split-6mm-mit-10mm-schaft\/","title":{"rendered":"Fr\u00e4sbohrer f\u00fcr Flex Neon Split 6mm mit 10mm Schaft"},"content":{"rendered":"<h3 data-start=\"450\" data-end=\"475\"><strong data-start=\"454\" data-end=\"475\">Lange Beschreibung<\/strong><\/h3>\n<ul data-start=\"476\" data-end=\"833\">\n<li data-start=\"476\" data-end=\"534\">\n<p data-start=\"478\" data-end=\"534\">Cutterspitze kompatibel mit <strong data-start=\"509\" data-end=\"532\">Flex Neon Split 6mm<\/strong><\/p>\n<\/li>\n<li data-start=\"535\" data-end=\"600\">\n<p data-start=\"537\" data-end=\"600\">Universeller <strong data-start=\"556\" data-end=\"563\">10-mm-Schaft<\/strong> f\u00fcr die meisten Fr\u00e4smaschinen<\/p>\n<\/li>\n<li data-start=\"601\" data-end=\"671\">\n<p data-start=\"603\" data-end=\"671\">Hergestellt aus strapazierf\u00e4higem Material f\u00fcr einen sauberen, lang anhaltenden Schnitt<\/p>\n<\/li>\n<li data-start=\"672\" data-end=\"744\">\n<p data-start=\"674\" data-end=\"744\">Perfekt f\u00fcr professionelle Installationen und Pr\u00e4zisionsbearbeitung<\/p>\n<\/li>\n<li data-start=\"745\" data-end=\"833\">\n<p data-start=\"747\" data-end=\"833\">Erleichtert saubere Schnitte und die Formgebung von flexiblem Neon ohne Besch\u00e4digung des Materials<\/p>\n<\/li>\n<\/ul>\n<p data-start=\"835\" data-end=\"885\"><strong data-start=\"835\" data-end=\"844\">Hinweis:<\/strong> Einzeln verkauft, fertig zum Gebrauch.<\/p>\n<p><img loading=\"lazy\" decoding=\"async\" class=\"alignnone wp-image-4279 size-full\" src=\"https:\/\/www.easyledstore.it\/wp-content\/uploads\/2024\/05\/fresa-led-split-neon.jpg\" alt=\"Fr\u00e4sen von geteilten LED-Neon-Schriftz\u00fcgen\" width=\"640\" height=\"301\" srcset=\"https:\/\/www.easyledstore.it\/wp-content\/uploads\/2024\/05\/fresa-led-split-neon.jpg 640w, https:\/\/www.easyledstore.it\/wp-content\/uploads\/2024\/05\/fresa-led-split-neon-480x226.jpg 480w\" sizes=\"(min-width: 0px) and (max-width: 480px) 480px, (min-width: 481px) 640px, 100vw\" \/><\/p>\n","protected":false},"excerpt":{"rendered":"<p>Professioneller Oberfr\u00e4ser f\u00fcr die Bearbeitung von <strong data-start=\"340\" data-end=\"363\">6mm Flex Neon Split<\/strong>, mit 10mm-Schaft. Ideal zum pr\u00e4zisen Gravieren, Schneiden und Anpassen. <\/p>\n","protected":false},"featured_media":10277,"comment_status":"open","ping_status":"closed","template":"","meta":[],"product_brand":[],"product_cat":[1612,1607],"product_tag":[1610,1609,1611,1608],"class_list":{"0":"post-10274","1":"product","2":"type-product","3":"status-publish","4":"has-post-thumbnail","6":"product_cat-flex-neon-split-zubehor","7":"product_cat-zubehor","8":"product_tag-beschilderung-zubehor","9":"product_tag-led-neon-split","10":"product_tag-tools-lehrkrafte","11":"product_tag-zubehor","13":"first","14":"instock","15":"taxable","16":"shipping-taxable","17":"purchasable","18":"product-type-simple"},"yoast_head":"<!-- This site is optimized with the Yoast SEO plugin v27.3 - https:\/\/yoast.com\/product\/yoast-seo-wordpress\/ -->\n<title>Oberfr\u00e4ser f\u00fcr Flex Neon Split 6mm |Easyledstore%<\/title>\n<meta name=\"description\" content=\"Professioneller Oberfr\u00e4ser f\u00fcr Flex Neon Split 6mm mit 10mm-Schaft. Ideal f\u00fcr pr\u00e4zises Schneiden und Formen, perfekt f\u00fcr Pr\u00e4zisionsarbeiten.\" \/>\n<meta name=\"robots\" content=\"index, follow, max-snippet:-1, max-image-preview:large, max-video-preview:-1\" \/>\n<link rel=\"canonical\" href=\"https:\/\/www.easyledstore.it\/de\/Produkt\/fraesbohrer-fuer-flex-neon-split-6mm-mit-10mm-schaft\/\" \/>\n<meta property=\"og:locale\" content=\"de_DE\" \/>\n<meta property=\"og:type\" content=\"article\" \/>\n<meta property=\"og:title\" content=\"Oberfr\u00e4ser f\u00fcr Flex Neon Split 6mm |Easyledstore%\" \/>\n<meta property=\"og:description\" content=\"Professioneller Oberfr\u00e4ser f\u00fcr Flex Neon Split 6mm mit 10mm-Schaft. Ideal f\u00fcr pr\u00e4zises Schneiden und Formen, perfekt f\u00fcr Pr\u00e4zisionsarbeiten.\" \/>\n<meta property=\"og:url\" content=\"https:\/\/www.easyledstore.it\/de\/Produkt\/fraesbohrer-fuer-flex-neon-split-6mm-mit-10mm-schaft\/\" \/>\n<meta property=\"og:site_name\" content=\"Easyledstore\" \/>\n<meta property=\"article:publisher\" content=\"https:\/\/www.facebook.com\/easyledstore\" \/>\n<meta property=\"article:modified_time\" content=\"2026-01-19T11:43:41+00:00\" \/>\n<meta property=\"og:image\" content=\"https:\/\/www.easyledstore.it\/wp-content\/uploads\/2025\/12\/punta-6-10.jpg\" \/>\n\t<meta property=\"og:image:width\" content=\"600\" \/>\n\t<meta property=\"og:image:height\" content=\"600\" \/>\n\t<meta property=\"og:image:type\" content=\"image\/jpeg\" \/>\n<meta name=\"twitter:card\" content=\"summary_large_image\" \/>\n<!-- \/ Yoast SEO plugin. -->","yoast_head_json":{"title":"Oberfr\u00e4ser f\u00fcr Flex Neon Split 6mm |Easyledstore%","description":"Professioneller Oberfr\u00e4ser f\u00fcr Flex Neon Split 6mm mit 10mm-Schaft. Ideal f\u00fcr pr\u00e4zises Schneiden und Formen, perfekt f\u00fcr Pr\u00e4zisionsarbeiten.","robots":{"index":"index","follow":"follow","max-snippet":"max-snippet:-1","max-image-preview":"max-image-preview:large","max-video-preview":"max-video-preview:-1"},"canonical":"https:\/\/www.easyledstore.it\/de\/Produkt\/fraesbohrer-fuer-flex-neon-split-6mm-mit-10mm-schaft\/","og_locale":"de_DE","og_type":"article","og_title":"Oberfr\u00e4ser f\u00fcr Flex Neon Split 6mm |Easyledstore%","og_description":"Professioneller Oberfr\u00e4ser f\u00fcr Flex Neon Split 6mm mit 10mm-Schaft. Ideal f\u00fcr pr\u00e4zises Schneiden und Formen, perfekt f\u00fcr Pr\u00e4zisionsarbeiten.","og_url":"https:\/\/www.easyledstore.it\/de\/Produkt\/fraesbohrer-fuer-flex-neon-split-6mm-mit-10mm-schaft\/","og_site_name":"Easyledstore","article_publisher":"https:\/\/www.facebook.com\/easyledstore","article_modified_time":"2026-01-19T11:43:41+00:00","og_image":[{"width":600,"height":600,"url":"https:\/\/www.easyledstore.it\/wp-content\/uploads\/2025\/12\/punta-6-10.jpg","type":"image\/jpeg"}],"twitter_card":"summary_large_image","schema":{"@context":"https:\/\/schema.org","@graph":[{"@type":"WebPage","@id":"https:\/\/www.easyledstore.it\/de\/Produkt\/fraesbohrer-fuer-flex-neon-split-6mm-mit-10mm-schaft\/","url":"https:\/\/www.easyledstore.it\/de\/Produkt\/fraesbohrer-fuer-flex-neon-split-6mm-mit-10mm-schaft\/","name":"Oberfr\u00e4ser f\u00fcr Flex Neon Split 6mm |Easyledstore%","isPartOf":{"@id":"https:\/\/www.easyledstore.it\/de\/#website"},"primaryImageOfPage":{"@id":"https:\/\/www.easyledstore.it\/de\/Produkt\/fraesbohrer-fuer-flex-neon-split-6mm-mit-10mm-schaft\/#primaryimage"},"image":{"@id":"https:\/\/www.easyledstore.it\/de\/Produkt\/fraesbohrer-fuer-flex-neon-split-6mm-mit-10mm-schaft\/#primaryimage"},"thumbnailUrl":"https:\/\/www.easyledstore.it\/wp-content\/uploads\/2025\/12\/punta-6-10.jpg","datePublished":"2024-05-10T12:21:20+00:00","dateModified":"2026-01-19T11:43:41+00:00","description":"Professioneller Oberfr\u00e4ser f\u00fcr Flex Neon Split 6mm mit 10mm-Schaft. Ideal f\u00fcr pr\u00e4zises Schneiden und Formen, perfekt f\u00fcr Pr\u00e4zisionsarbeiten.","breadcrumb":{"@id":"https:\/\/www.easyledstore.it\/de\/Produkt\/fraesbohrer-fuer-flex-neon-split-6mm-mit-10mm-schaft\/#breadcrumb"},"inLanguage":"de","potentialAction":[{"@type":"ReadAction","target":["https:\/\/www.easyledstore.it\/de\/Produkt\/fraesbohrer-fuer-flex-neon-split-6mm-mit-10mm-schaft\/"]}]},{"@type":"ImageObject","inLanguage":"de","@id":"https:\/\/www.easyledstore.it\/de\/Produkt\/fraesbohrer-fuer-flex-neon-split-6mm-mit-10mm-schaft\/#primaryimage","url":"https:\/\/www.easyledstore.it\/wp-content\/uploads\/2025\/12\/punta-6-10.jpg","contentUrl":"https:\/\/www.easyledstore.it\/wp-content\/uploads\/2025\/12\/punta-6-10.jpg","width":600,"height":600,"caption":"Attacco 6 Attacco 10"},{"@type":"BreadcrumbList","@id":"https:\/\/www.easyledstore.it\/de\/Produkt\/fraesbohrer-fuer-flex-neon-split-6mm-mit-10mm-schaft\/#breadcrumb","itemListElement":[{"@type":"ListItem","position":1,"name":"Home","item":"https:\/\/www.easyledstore.it\/de\/led-beschilderungsmodule\/"},{"@type":"ListItem","position":2,"name":"IT einkaufen","item":"https:\/\/www.easyledstore.it\/de\/shop\/"},{"@type":"ListItem","position":3,"name":"Fr\u00e4sbohrer f\u00fcr Flex Neon Split 6mm mit 10mm Schaft"}]},{"@type":"WebSite","@id":"https:\/\/www.easyledstore.it\/de\/#website","url":"https:\/\/www.easyledstore.it\/de\/","name":"Easyledstore","description":"Alimentatori e Moduli LED per Insegne Luminose","publisher":{"@id":"https:\/\/www.easyledstore.it\/de\/#organization"},"potentialAction":[{"@type":"SearchAction","target":{"@type":"EntryPoint","urlTemplate":"https:\/\/www.easyledstore.it\/de\/?s={search_term_string}"},"query-input":{"@type":"PropertyValueSpecification","valueRequired":true,"valueName":"search_term_string"}}],"inLanguage":"de"},{"@type":"Organization","@id":"https:\/\/www.easyledstore.it\/de\/#organization","name":"LTC Lighting Trading Company srls","url":"https:\/\/www.easyledstore.it\/de\/","logo":{"@type":"ImageObject","inLanguage":"de","@id":"https:\/\/www.easyledstore.it\/de\/#\/schema\/logo\/image\/","url":"https:\/\/www.easyledstore.it\/wp-content\/uploads\/2018\/03\/Landscape-FullColor-2000.png","contentUrl":"https:\/\/www.easyledstore.it\/wp-content\/uploads\/2018\/03\/Landscape-FullColor-2000.png","width":2000,"height":641,"caption":"LTC Lighting Trading Company srls"},"image":{"@id":"https:\/\/www.easyledstore.it\/de\/#\/schema\/logo\/image\/"},"sameAs":["https:\/\/www.facebook.com\/easyledstore"]}]}},"_links":{"self":[{"href":"https:\/\/www.easyledstore.it\/de\/wp-json\/wp\/v2\/product\/10274","targetHints":{"allow":["GET"]}}],"collection":[{"href":"https:\/\/www.easyledstore.it\/de\/wp-json\/wp\/v2\/product"}],"about":[{"href":"https:\/\/www.easyledstore.it\/de\/wp-json\/wp\/v2\/types\/product"}],"replies":[{"embeddable":true,"href":"https:\/\/www.easyledstore.it\/de\/wp-json\/wp\/v2\/comments?post=10274"}],"wp:featuredmedia":[{"embeddable":true,"href":"https:\/\/www.easyledstore.it\/de\/wp-json\/wp\/v2\/media\/10277"}],"wp:attachment":[{"href":"https:\/\/www.easyledstore.it\/de\/wp-json\/wp\/v2\/media?parent=10274"}],"wp:term":[{"taxonomy":"product_brand","embeddable":true,"href":"https:\/\/www.easyledstore.it\/de\/wp-json\/wp\/v2\/product_brand?post=10274"},{"taxonomy":"product_cat","embeddable":true,"href":"https:\/\/www.easyledstore.it\/de\/wp-json\/wp\/v2\/product_cat?post=10274"},{"taxonomy":"product_tag","embeddable":true,"href":"https:\/\/www.easyledstore.it\/de\/wp-json\/wp\/v2\/product_tag?post=10274"}],"curies":[{"name":"wp","href":"https:\/\/api.w.org\/{rel}","templated":true}]}}