{"id":10244,"date":"2024-05-13T10:17:46","date_gmt":"2024-05-13T08:17:46","guid":{"rendered":"https:\/\/www.easyledstore.it\/prodotto\/led-flex-neon-rgb-6mm-led-neon-5m\/"},"modified":"2026-03-26T14:13:20","modified_gmt":"2026-03-26T13:13:20","slug":"led-flex-neon-rgb-6mm-led-neon-5m","status":"publish","type":"product","link":"https:\/\/www.easyledstore.it\/de\/Produkt\/led-flex-neon-rgb-6mm-led-neon-5m\/","title":{"rendered":"LED Flex Neon RGB &#8211; 6mm LED Neon 5m"},"content":{"rendered":"<h2>Flex Neon RGB 6mm &#8211; 5 Meter langer flexibler LED-Neonschlauch<\/h2>\n<p>Bringen Sie Farbe und Lebendigkeit in Ihre Beleuchtungsprojekte mit der Flex Neon <strong>RGB<\/strong>, der flexiblen LED-Neonr\u00f6hre, mit der Sie auff\u00e4llige, wirkungsvolle Farbeffekte erzielen. Mit einem kompakten Querschnitt von 6 mm und einer L\u00e4nge von 5 Metern eignet sich dieses Produkt perfekt f\u00fcr beleuchtete Schriftz\u00fcge, Dekorationen, Schilder und szenische Installationen, sowohl im Innen- als auch im Au\u00dfenbereich. <\/p>\n<p>Die <strong>Flex Neon RGB<\/strong> verf\u00fcgt \u00fcber eine wetterfeste Silikonh\u00fclle (Schutzklasse IP65) und ist alle 31,25 mm geschnitten, so dass Sie sie ganz individuell anpassen k\u00f6nnen. Dank der 12-V-Stromversorgung und des konstanten Stroms bietet sie eine zuverl\u00e4ssige und gleichm\u00e4\u00dfige Leistung \u00fcber ihre gesamte L\u00e4nge, ohne Verlust an Lichtst\u00e4rke. <\/p>\n<h3>Technische Daten<\/h3>\n<ul>\n<li><strong>L\u00e4nge:<\/strong> 5 Meter<\/li>\n<li><strong>Querschnitt:<\/strong> 6 mm<\/li>\n<li><strong>LEDs pro Meter:<\/strong> 96<\/li>\n<li><strong>Betriebsspannung:<\/strong> 12V DC<\/li>\n<li><strong>Stromverbrauch:<\/strong> 14,4 W pro Meter<\/li>\n<li><strong>Schutzart:<\/strong> IP65<\/li>\n<li><strong>Zuschneidbar pro St\u00fcck:<\/strong> 31,25 mm<\/li>\n<li><strong>Material:<\/strong> Silikon<\/li>\n<li><strong>Stromart:<\/strong> Konstantstrom<\/li>\n<\/ul>\n<p>Um eine optimale und lang anhaltende Leistung zu gew\u00e4hrleisten, empfehlen wir die Verwendung eines <a href=\"https:\/\/www.easyledstore.it\/de\/produktkategorien\/stromversorgungen\/?av2_pa_voltaggio=251&#038;av2_filter_id=2\" target=\"_blank\" rel=\"noopener\">kompatiblen LED-Netzteils<\/a>, das die vom Streifen ben\u00f6tigte Last tragen kann.<\/p>\n<p><strong>Flex RGB<\/strong> ist die ideale L\u00f6sung f\u00fcr Architekten, Designer, Beschilderungen und Kunstinstallationen. Es ist leicht zu formen und zu installieren und sorgt in jedem Kontext f\u00fcr einen einheitlichen und auff\u00e4lligen visuellen Effekt. <\/p>\n<h3>In vielen Varianten erh\u00e4ltlich<\/h3>\n<p>Entdecken Sie alle Versionen unseres 5 Meter langen Neon Flex 6mm:<\/p>\n<ul>\n<li><a href=\"https:\/\/www.easyledstore.it\/prodotto\/led-neon-flex-rgb-dig-6-mm-5-metri\/\" target=\"_blank\" rel=\"noopener\">RGB Magie Digital<\/a><\/li>\n<li><a href=\"https:\/\/www.easyledstore.it\/prodotto\/led-neon-flex-rgb-6-mm-5-metri\/\" target=\"_blank\" rel=\"noopener\">RGB<\/a><\/li>\n<li><a href=\"https:\/\/www.easyledstore.it\/prodotto\/led-neon-flex-giallo-6-mm-5-metri\/\" target=\"_blank\" rel=\"noopener\">Zitronengelb<\/a><\/li>\n<li><a href=\"https:\/\/www.easyledstore.it\/prodotto\/led-neon-flex-rosa-6-mm-5-metri\/\" target=\"_blank\" rel=\"noopener\">Rosa<\/a><\/li>\n<li><a href=\"https:\/\/www.easyledstore.it\/prodotto\/led-neon-flex-rosso-6-mm-5-metri-2\/\" target=\"_blank\" rel=\"noopener\">Rot<\/a><\/li>\n<li><a href=\"https:\/\/www.easyledstore.it\/prodotto\/led-neon-flex-bianco-caldo-6-mm-5-metri\/\" target=\"_blank\" rel=\"noopener\">Warmes Wei\u00df<\/a><\/li>\n<li><a href=\"https:\/\/www.easyledstore.it\/prodotto\/led-neon-flex-bianco-puro-6-mm-5-metri\/\" target=\"_blank\" rel=\"noopener\">Reines Wei\u00df<\/a><\/li>\n<li><a href=\"https:\/\/www.easyledstore.it\/prodotto\/led-neon-flex-bianco-naturale-6-mm-5-metri\/\" target=\"_blank\" rel=\"noopener\">Nat\u00fcrlich Wei\u00df<\/a><\/li>\n<li><a href=\"https:\/\/www.easyledstore.it\/prodotto\/led-neon-flex-arancione-6-mm-5-metri\/\" target=\"_blank\" rel=\"noopener\">Orange<\/a><\/li>\n<li><a href=\"https:\/\/www.easyledstore.it\/prodotto\/led-neon-flex-blu-6-mm-5-metri\/\" target=\"_blank\" rel=\"noopener\">Blau<\/a><\/li>\n<li><a href=\"https:\/\/www.easyledstore.it\/prodotto\/led-neon-flex-verde-6-mm-5-metri\/\" target=\"_blank\" rel=\"noopener\">Gr\u00fcn<\/a><\/li>\n<\/ul>\n","protected":false},"excerpt":{"rendered":"<h2>LED Neon Flex RGB 6mm &#8211; 5 Meter<\/h2>\n<p>Entdecken Sie den <strong>Flex RGB 6mm<\/strong>, 5 Meter langen flexiblen LED-Neonschlauch, der sich perfekt f\u00fcr Leuchtschriften, Dekoration und Beschilderung eignet. Sie verf\u00fcgt \u00fcber 96 LEDs pro Meter, wird mit 12 V Gleichstrom betrieben und kann alle 31,25 mm abgeschnitten werden. Durch die IP65-Silikonbeschichtung ist sie f\u00fcr den Au\u00dfeneinsatz geeignet. Sie arbeitet mit <strong>konstantem Strom<\/strong> f\u00fcr eine stabile und lang anhaltende Leistung.  <\/p>\n<p>F\u00fcr den korrekten Betrieb kombinieren Sie bitte ein <a href=\"https:\/\/www.easyledstore.it\/categoria-prodotto\/alimentatori\/?av2_pa_voltaggio=251&amp;av2_filter_id=2\" target=\"_blank\" rel=\"noopener\">NovaDrive-kompatibles 12V-LED-Netzteil<\/a>.<\/p>\n<h3>Verf\u00fcgbare Varianten:<\/h3>\n<ul>\n<li><a href=\"https:\/\/www.easyledstore.it\/prodotto\/led-neon-flex-rgb-dig-6-mm-5-metri\/\" target=\"_blank\" rel=\"noopener\">RGB Magie Digital<\/a><\/li>\n<li><a href=\"https:\/\/www.easyledstore.it\/prodotto\/led-neon-flex-rgb-6-mm-5-metri\/\" target=\"_blank\" rel=\"noopener\">RGB<\/a><\/li>\n<li><a href=\"https:\/\/www.easyledstore.it\/prodotto\/led-neon-flex-giallo-6-mm-5-metri\/\" target=\"_blank\" rel=\"noopener\">Zitronengelb<\/a><\/li>\n<li><a href=\"https:\/\/www.easyledstore.it\/prodotto\/led-neon-flex-rosa-6-mm-5-metri\/\" target=\"_blank\" rel=\"noopener\">Rosa<\/a><\/li>\n<li><a href=\"https:\/\/www.easyledstore.it\/prodotto\/led-neon-flex-rosso-6-mm-5-metri-2\/\" target=\"_blank\" rel=\"noopener\">Rot<\/a><\/li>\n<li><a href=\"https:\/\/www.easyledstore.it\/prodotto\/led-neon-flex-bianco-caldo-6-mm-5-metri\/\" target=\"_blank\" rel=\"noopener\">Warmes Wei\u00df<\/a><\/li>\n<li><a href=\"https:\/\/www.easyledstore.it\/prodotto\/led-neon-flex-bianco-puro-6-mm-5-metri\/\" target=\"_blank\" rel=\"noopener\">Reines Wei\u00df<\/a><\/li>\n<li><a href=\"https:\/\/www.easyledstore.it\/prodotto\/led-neon-flex-bianco-naturale-6-mm-5-metri\/\" target=\"_blank\" rel=\"noopener\">Nat\u00fcrlich Wei\u00df<\/a><\/li>\n<li><a href=\"https:\/\/www.easyledstore.it\/prodotto\/led-neon-flex-arancione-6-mm-5-metri\/\" target=\"_blank\" rel=\"noopener\">Orange<\/a><\/li>\n<li><a href=\"https:\/\/www.easyledstore.it\/prodotto\/led-neon-flex-blu-6-mm-5-metri\/\" target=\"_blank\" rel=\"noopener\">Blau<\/a><\/li>\n<li><a href=\"https:\/\/www.easyledstore.it\/prodotto\/led-neon-flex-verde-6-mm-5-metri\/\" target=\"_blank\" rel=\"noopener\">Gr\u00fcn<\/a><\/li>\n<\/ul>\n","protected":false},"featured_media":10223,"comment_status":"open","ping_status":"closed","template":"","meta":[],"product_brand":[],"product_cat":[1298,1594,1443],"product_tag":[1103,1602,1123,1143,1199],"class_list":{"0":"post-10244","1":"product","2":"type-product","3":"status-publish","4":"has-post-thumbnail","6":"product_cat-flex-led","7":"product_cat-neon-flex","8":"product_cat-rgb-module","9":"product_tag-12v","10":"product_tag-15w-m","11":"product_tag-farbige-leds","12":"product_tag-ip65-zertifiziert","13":"product_tag-rgb","15":"first","16":"instock","17":"taxable","18":"shipping-taxable","19":"purchasable","20":"product-type-simple"},"yoast_head":"<!-- This site is optimized with the Yoast SEO plugin v27.3 - https:\/\/yoast.com\/product\/yoast-seo-wordpress\/ -->\n<title>LED Flex Neon RGB - 6mm LED Neon 5m - Easyledstore<\/title>\n<meta name=\"description\" content=\"5 Meter Flex Neon RGB 6mm: flexibler und programmierbarer LED-Streifen f\u00fcr dynamische Effekte und Lichtinstallationen. Erfahren Sie mehr online!\" \/>\n<meta name=\"robots\" content=\"index, follow, max-snippet:-1, max-image-preview:large, max-video-preview:-1\" \/>\n<link rel=\"canonical\" href=\"https:\/\/www.easyledstore.it\/de\/Produkt\/led-flex-neon-rgb-6mm-led-neon-5m\/\" \/>\n<meta property=\"og:locale\" content=\"de_DE\" \/>\n<meta property=\"og:type\" content=\"article\" \/>\n<meta property=\"og:title\" content=\"LED Flex Neon RGB - 6mm LED Neon 5m - Easyledstore\" \/>\n<meta property=\"og:description\" content=\"5 Meter Flex Neon RGB 6mm: flexibler und programmierbarer LED-Streifen f\u00fcr dynamische Effekte und Lichtinstallationen. Erfahren Sie mehr online!\" \/>\n<meta property=\"og:url\" content=\"https:\/\/www.easyledstore.it\/de\/Produkt\/led-flex-neon-rgb-6mm-led-neon-5m\/\" \/>\n<meta property=\"og:site_name\" content=\"Easyledstore\" \/>\n<meta property=\"article:publisher\" content=\"https:\/\/www.facebook.com\/easyledstore\" \/>\n<meta property=\"article:modified_time\" content=\"2026-03-26T13:13:20+00:00\" \/>\n<meta property=\"og:image\" content=\"https:\/\/www.easyledstore.it\/wp-content\/uploads\/2024\/05\/Photoroom-20250612_084333.png\" \/>\n\t<meta property=\"og:image:width\" content=\"2000\" \/>\n\t<meta property=\"og:image:height\" content=\"2000\" \/>\n\t<meta property=\"og:image:type\" content=\"image\/png\" \/>\n<meta name=\"twitter:card\" content=\"summary_large_image\" \/>\n<meta name=\"twitter:label1\" content=\"Gesch\u00e4tzte Lesezeit\" \/>\n\t<meta name=\"twitter:data1\" content=\"1\u00a0Minute\" \/>\n<!-- \/ Yoast SEO plugin. -->","yoast_head_json":{"title":"LED Flex Neon RGB - 6mm LED Neon 5m - Easyledstore","description":"5 Meter Flex Neon RGB 6mm: flexibler und programmierbarer LED-Streifen f\u00fcr dynamische Effekte und Lichtinstallationen. Erfahren Sie mehr online!","robots":{"index":"index","follow":"follow","max-snippet":"max-snippet:-1","max-image-preview":"max-image-preview:large","max-video-preview":"max-video-preview:-1"},"canonical":"https:\/\/www.easyledstore.it\/de\/Produkt\/led-flex-neon-rgb-6mm-led-neon-5m\/","og_locale":"de_DE","og_type":"article","og_title":"LED Flex Neon RGB - 6mm LED Neon 5m - Easyledstore","og_description":"5 Meter Flex Neon RGB 6mm: flexibler und programmierbarer LED-Streifen f\u00fcr dynamische Effekte und Lichtinstallationen. Erfahren Sie mehr online!","og_url":"https:\/\/www.easyledstore.it\/de\/Produkt\/led-flex-neon-rgb-6mm-led-neon-5m\/","og_site_name":"Easyledstore","article_publisher":"https:\/\/www.facebook.com\/easyledstore","article_modified_time":"2026-03-26T13:13:20+00:00","og_image":[{"width":2000,"height":2000,"url":"https:\/\/www.easyledstore.it\/wp-content\/uploads\/2024\/05\/Photoroom-20250612_084333.png","type":"image\/png"}],"twitter_card":"summary_large_image","twitter_misc":{"Gesch\u00e4tzte Lesezeit":"1\u00a0Minute"},"schema":{"@context":"https:\/\/schema.org","@graph":[{"@type":"WebPage","@id":"https:\/\/www.easyledstore.it\/de\/Produkt\/led-flex-neon-rgb-6mm-led-neon-5m\/","url":"https:\/\/www.easyledstore.it\/de\/Produkt\/led-flex-neon-rgb-6mm-led-neon-5m\/","name":"LED Flex Neon RGB - 6mm LED Neon 5m - Easyledstore","isPartOf":{"@id":"https:\/\/www.easyledstore.it\/de\/#website"},"primaryImageOfPage":{"@id":"https:\/\/www.easyledstore.it\/de\/Produkt\/led-flex-neon-rgb-6mm-led-neon-5m\/#primaryimage"},"image":{"@id":"https:\/\/www.easyledstore.it\/de\/Produkt\/led-flex-neon-rgb-6mm-led-neon-5m\/#primaryimage"},"thumbnailUrl":"https:\/\/www.easyledstore.it\/wp-content\/uploads\/2024\/05\/Photoroom-20250612_084333.png","datePublished":"2024-05-13T08:17:46+00:00","dateModified":"2026-03-26T13:13:20+00:00","description":"5 Meter Flex Neon RGB 6mm: flexibler und programmierbarer LED-Streifen f\u00fcr dynamische Effekte und Lichtinstallationen. Erfahren Sie mehr online!","breadcrumb":{"@id":"https:\/\/www.easyledstore.it\/de\/Produkt\/led-flex-neon-rgb-6mm-led-neon-5m\/#breadcrumb"},"inLanguage":"de","potentialAction":[{"@type":"ReadAction","target":["https:\/\/www.easyledstore.it\/de\/Produkt\/led-flex-neon-rgb-6mm-led-neon-5m\/"]}]},{"@type":"ImageObject","inLanguage":"de","@id":"https:\/\/www.easyledstore.it\/de\/Produkt\/led-flex-neon-rgb-6mm-led-neon-5m\/#primaryimage","url":"https:\/\/www.easyledstore.it\/wp-content\/uploads\/2024\/05\/Photoroom-20250612_084333.png","contentUrl":"https:\/\/www.easyledstore.it\/wp-content\/uploads\/2024\/05\/Photoroom-20250612_084333.png","width":2000,"height":2000,"caption":"Flex Neon RGB"},{"@type":"BreadcrumbList","@id":"https:\/\/www.easyledstore.it\/de\/Produkt\/led-flex-neon-rgb-6mm-led-neon-5m\/#breadcrumb","itemListElement":[{"@type":"ListItem","position":1,"name":"Home","item":"https:\/\/www.easyledstore.it\/de\/led-beschilderungsmodule\/"},{"@type":"ListItem","position":2,"name":"IT einkaufen","item":"https:\/\/www.easyledstore.it\/de\/shop\/"},{"@type":"ListItem","position":3,"name":"LED Flex Neon RGB &#8211; 6mm LED Neon 5m"}]},{"@type":"WebSite","@id":"https:\/\/www.easyledstore.it\/de\/#website","url":"https:\/\/www.easyledstore.it\/de\/","name":"Easyledstore","description":"Alimentatori e Moduli LED per Insegne Luminose","publisher":{"@id":"https:\/\/www.easyledstore.it\/de\/#organization"},"potentialAction":[{"@type":"SearchAction","target":{"@type":"EntryPoint","urlTemplate":"https:\/\/www.easyledstore.it\/de\/?s={search_term_string}"},"query-input":{"@type":"PropertyValueSpecification","valueRequired":true,"valueName":"search_term_string"}}],"inLanguage":"de"},{"@type":"Organization","@id":"https:\/\/www.easyledstore.it\/de\/#organization","name":"LTC Lighting Trading Company srls","url":"https:\/\/www.easyledstore.it\/de\/","logo":{"@type":"ImageObject","inLanguage":"de","@id":"https:\/\/www.easyledstore.it\/de\/#\/schema\/logo\/image\/","url":"https:\/\/www.easyledstore.it\/wp-content\/uploads\/2018\/03\/Landscape-FullColor-2000.png","contentUrl":"https:\/\/www.easyledstore.it\/wp-content\/uploads\/2018\/03\/Landscape-FullColor-2000.png","width":2000,"height":641,"caption":"LTC Lighting Trading Company srls"},"image":{"@id":"https:\/\/www.easyledstore.it\/de\/#\/schema\/logo\/image\/"},"sameAs":["https:\/\/www.facebook.com\/easyledstore"]}]}},"_links":{"self":[{"href":"https:\/\/www.easyledstore.it\/de\/wp-json\/wp\/v2\/product\/10244","targetHints":{"allow":["GET"]}}],"collection":[{"href":"https:\/\/www.easyledstore.it\/de\/wp-json\/wp\/v2\/product"}],"about":[{"href":"https:\/\/www.easyledstore.it\/de\/wp-json\/wp\/v2\/types\/product"}],"replies":[{"embeddable":true,"href":"https:\/\/www.easyledstore.it\/de\/wp-json\/wp\/v2\/comments?post=10244"}],"wp:featuredmedia":[{"embeddable":true,"href":"https:\/\/www.easyledstore.it\/de\/wp-json\/wp\/v2\/media\/10223"}],"wp:attachment":[{"href":"https:\/\/www.easyledstore.it\/de\/wp-json\/wp\/v2\/media?parent=10244"}],"wp:term":[{"taxonomy":"product_brand","embeddable":true,"href":"https:\/\/www.easyledstore.it\/de\/wp-json\/wp\/v2\/product_brand?post=10244"},{"taxonomy":"product_cat","embeddable":true,"href":"https:\/\/www.easyledstore.it\/de\/wp-json\/wp\/v2\/product_cat?post=10244"},{"taxonomy":"product_tag","embeddable":true,"href":"https:\/\/www.easyledstore.it\/de\/wp-json\/wp\/v2\/product_tag?post=10244"}],"curies":[{"name":"wp","href":"https:\/\/api.w.org\/{rel}","templated":true}]}}