{"id":10216,"date":"2024-05-13T10:21:55","date_gmt":"2024-05-13T08:21:55","guid":{"rendered":"https:\/\/www.easyledstore.it\/prodotto\/led-flex-rgb-magic-digital-neon-led-6mm-programmierbar-5m\/"},"modified":"2026-04-07T11:48:29","modified_gmt":"2026-04-07T09:48:29","slug":"led-flex-rgb-magic-digital-neon-led-6mm-programmierbar-5m","status":"publish","type":"product","link":"https:\/\/www.easyledstore.it\/de\/Produkt\/led-flex-rgb-magic-digital-neon-led-6mm-programmierbar-5m\/","title":{"rendered":"LED Flex RGB Magic Digital &#8211; Neon LED 6mm programmierbar 5m"},"content":{"rendered":"<h2>Flex RGB Magic Digital 6mm &#8211; 5 Meter langer flexibler LED-Neonschlauch<\/h2>\n<p>Beleuchten Sie Ihre kreativen Projekte mit der Flex <strong>RGB Magic Digital<\/strong>, der flexiblen LED-Neonr\u00f6hre, die dynamische und individuelle Effekte bietet. Dank ihrer fortschrittlichen Technologie erm\u00f6glicht sie eine pixelgenaue Steuerung jeder einzelnen LED, was sanfte Animationen, mehrfarbige \u00dcberg\u00e4nge und programmierbare Lichteffekte erm\u00f6glicht. Ihr kompaktes Format von 6 mm macht sie perfekt f\u00fcr beleuchtete Schriftz\u00fcge, Konturen, dekorative Designs und eindrucksvolle Szenografien.  <\/p>\n<p>Mit einer L\u00e4nge von 5 Metern und 96 LEDs pro Meter bietet das <strong>Flex RGB Magic Digital<\/strong> eine hohe und gleichm\u00e4\u00dfige Leuchtdichte. Die Struktur ist vollst\u00e4ndig flexibel und besteht aus hochwertigen Materialien, einschlie\u00dflich einer Anti-UV-Silikonh\u00fclle, die den Schaltkreis vor Sonnenlicht und Wettereinfl\u00fcssen sch\u00fctzt. Diese LED-R\u00f6hre ist wasserdicht nach dem IP65-Standard und eignet sich daher f\u00fcr Au\u00dfenbereiche, st\u00e4dtische Installationen und Fenster- oder Architekturfassadenprojekte.  <\/p>\n<h3>Technische Daten<\/h3>\n<ul>\n<li><strong>L\u00e4nge:<\/strong> 5 Meter<\/li>\n<li><strong>Querschnitt:<\/strong> 6 mm<\/li>\n<li><strong>LEDs pro Meter:<\/strong> 96<\/li>\n<li><strong>Betriebsspannung:<\/strong> 12V DC<\/li>\n<li><strong>Stromverbrauch:<\/strong> 18W pro Meter<\/li>\n<li><strong>Schutzart:<\/strong> IP65<\/li>\n<li><strong>Zuschneidbar pro St\u00fcck:<\/strong> 31,25 mm<\/li>\n<li><strong>Material:<\/strong> Anti-UV-Silikon<\/li>\n<li><strong>Stromart:<\/strong> Konstantstrom<\/li>\n<\/ul>\n<p>Die R\u00f6hre kann leicht auf jede Form oder jedes Design zugeschnitten werden. Jeder Abschnitt wird mit konstantem Strom versorgt, was eine l\u00e4ngere Lebensdauer und eine stabile Leistung \u00fcber l\u00e4ngere Zeit gew\u00e4hrleistet. Dies ist wichtig, um ein Dimmen oder eine Fehlfunktion \u00fcber l\u00e4ngere Zeitr\u00e4ume zu vermeiden. F\u00fcr einen ordnungsgem\u00e4\u00dfen Betrieb ist es wichtig, dass Sie ein <a href=\"https:\/\/www.easyledstore.it\/de\/produktkategorien\/stromversorgungen\/\" target=\"_blank\" rel=\"noopener\">kompatibles LED-Netzteil<\/a> verwenden, das der Gesamtlast, die der Streifen ben\u00f6tigt, gewachsen ist.   <\/p>\n<p>Das <strong>Flex RGB Magic Digital<\/strong> ist die ideale L\u00f6sung f\u00fcr Installateure, Designer und Architekten, die Licht jenseits der traditionellen Grenzen einsetzen m\u00f6chten. Ganz gleich, ob Sie einen Raum dekorieren, ein Schild gestalten oder eine Ausstellungsfl\u00e4che aufwerten m\u00f6chten, dieses Produkt garantiert einen professionellen und leicht programmierbaren szenischen Effekt \u00fcber kompatible Steuerger\u00e4te. <\/p>\n<h3>In vielen Varianten erh\u00e4ltlich<\/h3>\n<p>Entdecken Sie alle Versionen unseres 5 Meter langen Neon Flex 6mm:<\/p>\n<ul>\n<li><a href=\"https:\/\/www.easyledstore.it\/prodotto\/led-neon-flex-rgb-dig-6-mm-5-metri\/\" target=\"_blank\" rel=\"noopener\">RGB Magie Digital<\/a><\/li>\n<li><a href=\"https:\/\/www.easyledstore.it\/prodotto\/led-neon-flex-rgb-6-mm-5-metri\/\" target=\"_blank\" rel=\"noopener\">RGB<\/a><\/li>\n<li><a href=\"https:\/\/www.easyledstore.it\/prodotto\/led-neon-flex-giallo-6-mm-5-metri\/\" target=\"_blank\" rel=\"noopener\">Zitronengelb<\/a><\/li>\n<li><a href=\"https:\/\/www.easyledstore.it\/prodotto\/led-neon-flex-rosa-6-mm-5-metri\/\" target=\"_blank\" rel=\"noopener\">Rosa<\/a><\/li>\n<li><a href=\"https:\/\/www.easyledstore.it\/prodotto\/led-neon-flex-rosso-6-mm-5-metri-2\/\" target=\"_blank\" rel=\"noopener\">Rot<\/a><\/li>\n<li><a href=\"https:\/\/www.easyledstore.it\/prodotto\/led-neon-flex-bianco-caldo-6-mm-5-metri\/\" target=\"_blank\" rel=\"noopener\">Warmes Wei\u00df<\/a><\/li>\n<li><a href=\"https:\/\/www.easyledstore.it\/prodotto\/led-neon-flex-bianco-freddo-6-mm-5-metri\/\" target=\"_blank\" rel=\"noopener\">Reines Wei\u00df<\/a><\/li>\n<li><a href=\"https:\/\/www.easyledstore.it\/prodotto\/led-neon-flex-natural-white-6-mm-5-metri\/\">Nat\u00fcrlich Wei\u00df<\/a><\/li>\n<li><a href=\"https:\/\/www.easyledstore.it\/prodotto\/led-neon-flex-arancione-6-mm-5-metri\/\" target=\"_blank\" rel=\"noopener\">Orange<\/a><\/li>\n<li><a href=\"https:\/\/www.easyledstore.it\/prodotto\/led-neon-flex-blu-6-mm-5-metri\/\" target=\"_blank\" rel=\"noopener\">Blau<\/a><\/li>\n<li><a href=\"https:\/\/www.easyledstore.it\/prodotto\/led-neon-flex-verde-6-mm-5-metri\/\" target=\"_blank\" rel=\"noopener\">Gr\u00fcn<\/a><\/li>\n<\/ul>\n","protected":false},"excerpt":{"rendered":"<p>Das 6 mm und 5 Meter lange <strong>LED Neon Flex RGB Magic Digital<\/strong> ist ideal f\u00fcr Leuchtschriften, dynamische Effekte und individuelle Dekorationen. Mit 96 LEDs\/Meter, die alle 31,25 mm geschnitten sind und mit 12 V Konstantstrom (18 W\/Meter) betrieben werden, bietet es hohe Leistung und pixelweise Programmierbarkeit. Er ist nach IP65 wasserdicht und hat eine UV-best\u00e4ndige Silikonbeschichtung f\u00fcr den Einsatz im Innen- und Au\u00dfenbereich.  <\/p>\n<p>F\u00fcr einen sicheren Betrieb sollten Sie es mit einem <a href=\"https:\/\/www.easyledstore.it\/categoria-prodotto\/alimentatori\/\" target=\"_blank\" rel=\"noopener\">kompatiblen LED-Netzteil<\/a> kombinieren.<\/p>\n<p>Entdecken Sie alle Versionen unseres 5 Meter langen Neon Flex 6mm:<\/p>\n<ul>\n<li><a href=\"\/?p=4272\" target=\"_blank\" rel=\"noopener\">RGB Magie Digital<\/a><\/li>\n<li><a href=\"https:\/\/www.easyledstore.it\/prodotto\/led-neon-flex-rgb-6-mm-5-metri\/\" target=\"_blank\" rel=\"noopener\">RGB<\/a><\/li>\n<li><a href=\"https:\/\/www.easyledstore.it\/prodotto\/led-neon-flex-giallo-6-mm-5-metri\/\" target=\"_blank\" rel=\"noopener\">Zitronengelb<\/a><\/li>\n<li><a href=\"https:\/\/www.easyledstore.it\/prodotto\/led-neon-flex-rosa-6-mm-5-metri\/\" target=\"_blank\" rel=\"noopener\">Rosa<\/a><\/li>\n<li><a href=\"https:\/\/www.easyledstore.it\/prodotto\/led-neon-flex-rosso-6-mm-5-metri-2\/\" target=\"_blank\" rel=\"noopener\">Rot<\/a><\/li>\n<li><a href=\"https:\/\/www.easyledstore.it\/prodotto\/led-neon-flex-bianco-caldo-6-mm-5-metri\/\" target=\"_blank\" rel=\"noopener\">Warmes Wei\u00df<\/a><\/li>\n<li><a href=\"https:\/\/www.easyledstore.it\/prodotto\/led-neon-flex-bianco-freddo-6-mm-5-metri\/\" target=\"_blank\" rel=\"noopener\">Reines Wei\u00df<\/a><\/li>\n<li><a href=\"https:\/\/www.easyledstore.it\/prodotto\/led-neon-flex-natural-white-6-mm-5-metri\/\">Nat\u00fcrlich Wei\u00df<\/a><\/li>\n<li><a href=\"https:\/\/www.easyledstore.it\/prodotto\/led-neon-flex-arancione-6-mm-5-metri-copia\/\" target=\"_blank\" rel=\"noopener\">Orange<\/a><\/li>\n<li><a href=\"https:\/\/www.easyledstore.it\/prodotto\/led-neon-flex-blu-6-mm-5-metri\/\" target=\"_blank\" rel=\"noopener\">Blau<\/a><\/li>\n<li><a href=\"https:\/\/www.easyledstore.it\/prodotto\/led-neon-flex-verde-6-mm-5-metri\/\" target=\"_blank\" rel=\"noopener\">Gr\u00fcn<\/a><\/li>\n<\/ul>\n","protected":false},"featured_media":10225,"comment_status":"open","ping_status":"closed","template":"","meta":[],"product_brand":[],"product_cat":[1298,1594,1443],"product_tag":[1103,1587,1123,1143,1199],"class_list":{"0":"post-10216","1":"product","2":"type-product","3":"status-publish","4":"has-post-thumbnail","6":"product_cat-flex-led","7":"product_cat-neon-flex","8":"product_cat-rgb-module","9":"product_tag-12v","10":"product_tag-18w-m","11":"product_tag-farbige-leds","12":"product_tag-ip65-zertifiziert","13":"product_tag-rgb","15":"first","16":"onbackorder","17":"taxable","18":"shipping-taxable","19":"purchasable","20":"product-type-simple"},"yoast_head":"<!-- This site is optimized with the Yoast SEO plugin v27.3 - https:\/\/yoast.com\/product\/yoast-seo-wordpress\/ -->\n<title>LED Flex RGB Magic Digital - Neon LED 6mm programmierbar - Easyledstore<\/title>\n<meta name=\"description\" content=\"5 Meter Flex RGB Magic Digital 6mm: flexibler und programmierbarer LED-Streifen f\u00fcr dynamische Effekte und Lichtinstallationen. Erfahren Sie mehr online!\" \/>\n<meta name=\"robots\" content=\"index, follow, max-snippet:-1, max-image-preview:large, max-video-preview:-1\" \/>\n<link rel=\"canonical\" href=\"https:\/\/www.easyledstore.it\/de\/Produkt\/led-flex-rgb-magic-digital-neon-led-6mm-programmierbar-5m\/\" \/>\n<meta property=\"og:locale\" content=\"de_DE\" \/>\n<meta property=\"og:type\" content=\"article\" \/>\n<meta property=\"og:title\" content=\"LED Flex RGB Magic Digital - Neon LED 6mm programmierbar - Easyledstore\" \/>\n<meta property=\"og:description\" content=\"5 Meter Flex RGB Magic Digital 6mm: flexibler und programmierbarer LED-Streifen f\u00fcr dynamische Effekte und Lichtinstallationen. Erfahren Sie mehr online!\" \/>\n<meta property=\"og:url\" content=\"https:\/\/www.easyledstore.it\/de\/Produkt\/led-flex-rgb-magic-digital-neon-led-6mm-programmierbar-5m\/\" \/>\n<meta property=\"og:site_name\" content=\"Easyledstore\" \/>\n<meta property=\"article:publisher\" content=\"https:\/\/www.facebook.com\/easyledstore\" \/>\n<meta property=\"article:modified_time\" content=\"2026-04-07T09:48:29+00:00\" \/>\n<meta property=\"og:image\" content=\"https:\/\/www.easyledstore.it\/wp-content\/uploads\/2024\/05\/Photoroom-20250612_084355.png\" \/>\n\t<meta property=\"og:image:width\" content=\"2000\" \/>\n\t<meta property=\"og:image:height\" content=\"2000\" \/>\n\t<meta property=\"og:image:type\" content=\"image\/png\" \/>\n<meta name=\"twitter:card\" content=\"summary_large_image\" \/>\n<meta name=\"twitter:label1\" content=\"Gesch\u00e4tzte Lesezeit\" \/>\n\t<meta name=\"twitter:data1\" content=\"2\u00a0Minute\" \/>\n<!-- \/ Yoast SEO plugin. -->","yoast_head_json":{"title":"LED Flex RGB Magic Digital - Neon LED 6mm programmierbar - Easyledstore","description":"5 Meter Flex RGB Magic Digital 6mm: flexibler und programmierbarer LED-Streifen f\u00fcr dynamische Effekte und Lichtinstallationen. Erfahren Sie mehr online!","robots":{"index":"index","follow":"follow","max-snippet":"max-snippet:-1","max-image-preview":"max-image-preview:large","max-video-preview":"max-video-preview:-1"},"canonical":"https:\/\/www.easyledstore.it\/de\/Produkt\/led-flex-rgb-magic-digital-neon-led-6mm-programmierbar-5m\/","og_locale":"de_DE","og_type":"article","og_title":"LED Flex RGB Magic Digital - Neon LED 6mm programmierbar - Easyledstore","og_description":"5 Meter Flex RGB Magic Digital 6mm: flexibler und programmierbarer LED-Streifen f\u00fcr dynamische Effekte und Lichtinstallationen. Erfahren Sie mehr online!","og_url":"https:\/\/www.easyledstore.it\/de\/Produkt\/led-flex-rgb-magic-digital-neon-led-6mm-programmierbar-5m\/","og_site_name":"Easyledstore","article_publisher":"https:\/\/www.facebook.com\/easyledstore","article_modified_time":"2026-04-07T09:48:29+00:00","og_image":[{"width":2000,"height":2000,"url":"https:\/\/www.easyledstore.it\/wp-content\/uploads\/2024\/05\/Photoroom-20250612_084355.png","type":"image\/png"}],"twitter_card":"summary_large_image","twitter_misc":{"Gesch\u00e4tzte Lesezeit":"2\u00a0Minute"},"schema":{"@context":"https:\/\/schema.org","@graph":[{"@type":"WebPage","@id":"https:\/\/www.easyledstore.it\/de\/Produkt\/led-flex-rgb-magic-digital-neon-led-6mm-programmierbar-5m\/","url":"https:\/\/www.easyledstore.it\/de\/Produkt\/led-flex-rgb-magic-digital-neon-led-6mm-programmierbar-5m\/","name":"LED Flex RGB Magic Digital - Neon LED 6mm programmierbar - Easyledstore","isPartOf":{"@id":"https:\/\/www.easyledstore.it\/de\/#website"},"primaryImageOfPage":{"@id":"https:\/\/www.easyledstore.it\/de\/Produkt\/led-flex-rgb-magic-digital-neon-led-6mm-programmierbar-5m\/#primaryimage"},"image":{"@id":"https:\/\/www.easyledstore.it\/de\/Produkt\/led-flex-rgb-magic-digital-neon-led-6mm-programmierbar-5m\/#primaryimage"},"thumbnailUrl":"https:\/\/www.easyledstore.it\/wp-content\/uploads\/2024\/05\/Photoroom-20250612_084355.png","datePublished":"2024-05-13T08:21:55+00:00","dateModified":"2026-04-07T09:48:29+00:00","description":"5 Meter Flex RGB Magic Digital 6mm: flexibler und programmierbarer LED-Streifen f\u00fcr dynamische Effekte und Lichtinstallationen. Erfahren Sie mehr online!","breadcrumb":{"@id":"https:\/\/www.easyledstore.it\/de\/Produkt\/led-flex-rgb-magic-digital-neon-led-6mm-programmierbar-5m\/#breadcrumb"},"inLanguage":"de","potentialAction":[{"@type":"ReadAction","target":["https:\/\/www.easyledstore.it\/de\/Produkt\/led-flex-rgb-magic-digital-neon-led-6mm-programmierbar-5m\/"]}]},{"@type":"ImageObject","inLanguage":"de","@id":"https:\/\/www.easyledstore.it\/de\/Produkt\/led-flex-rgb-magic-digital-neon-led-6mm-programmierbar-5m\/#primaryimage","url":"https:\/\/www.easyledstore.it\/wp-content\/uploads\/2024\/05\/Photoroom-20250612_084355.png","contentUrl":"https:\/\/www.easyledstore.it\/wp-content\/uploads\/2024\/05\/Photoroom-20250612_084355.png","width":2000,"height":2000,"caption":"Flex Neon RGB Magie Digital"},{"@type":"BreadcrumbList","@id":"https:\/\/www.easyledstore.it\/de\/Produkt\/led-flex-rgb-magic-digital-neon-led-6mm-programmierbar-5m\/#breadcrumb","itemListElement":[{"@type":"ListItem","position":1,"name":"Home","item":"https:\/\/www.easyledstore.it\/de\/led-beschilderungsmodule\/"},{"@type":"ListItem","position":2,"name":"IT einkaufen","item":"https:\/\/www.easyledstore.it\/de\/shop\/"},{"@type":"ListItem","position":3,"name":"LED Flex RGB Magic Digital &#8211; Neon LED 6mm programmierbar 5m"}]},{"@type":"WebSite","@id":"https:\/\/www.easyledstore.it\/de\/#website","url":"https:\/\/www.easyledstore.it\/de\/","name":"Easyledstore","description":"Alimentatori e Moduli LED per Insegne Luminose","publisher":{"@id":"https:\/\/www.easyledstore.it\/de\/#organization"},"potentialAction":[{"@type":"SearchAction","target":{"@type":"EntryPoint","urlTemplate":"https:\/\/www.easyledstore.it\/de\/?s={search_term_string}"},"query-input":{"@type":"PropertyValueSpecification","valueRequired":true,"valueName":"search_term_string"}}],"inLanguage":"de"},{"@type":"Organization","@id":"https:\/\/www.easyledstore.it\/de\/#organization","name":"LTC Lighting Trading Company srls","url":"https:\/\/www.easyledstore.it\/de\/","logo":{"@type":"ImageObject","inLanguage":"de","@id":"https:\/\/www.easyledstore.it\/de\/#\/schema\/logo\/image\/","url":"https:\/\/www.easyledstore.it\/wp-content\/uploads\/2018\/03\/Landscape-FullColor-2000.png","contentUrl":"https:\/\/www.easyledstore.it\/wp-content\/uploads\/2018\/03\/Landscape-FullColor-2000.png","width":2000,"height":641,"caption":"LTC Lighting Trading Company srls"},"image":{"@id":"https:\/\/www.easyledstore.it\/de\/#\/schema\/logo\/image\/"},"sameAs":["https:\/\/www.facebook.com\/easyledstore"]}]}},"_links":{"self":[{"href":"https:\/\/www.easyledstore.it\/de\/wp-json\/wp\/v2\/product\/10216","targetHints":{"allow":["GET"]}}],"collection":[{"href":"https:\/\/www.easyledstore.it\/de\/wp-json\/wp\/v2\/product"}],"about":[{"href":"https:\/\/www.easyledstore.it\/de\/wp-json\/wp\/v2\/types\/product"}],"replies":[{"embeddable":true,"href":"https:\/\/www.easyledstore.it\/de\/wp-json\/wp\/v2\/comments?post=10216"}],"wp:featuredmedia":[{"embeddable":true,"href":"https:\/\/www.easyledstore.it\/de\/wp-json\/wp\/v2\/media\/10225"}],"wp:attachment":[{"href":"https:\/\/www.easyledstore.it\/de\/wp-json\/wp\/v2\/media?parent=10216"}],"wp:term":[{"taxonomy":"product_brand","embeddable":true,"href":"https:\/\/www.easyledstore.it\/de\/wp-json\/wp\/v2\/product_brand?post=10216"},{"taxonomy":"product_cat","embeddable":true,"href":"https:\/\/www.easyledstore.it\/de\/wp-json\/wp\/v2\/product_cat?post=10216"},{"taxonomy":"product_tag","embeddable":true,"href":"https:\/\/www.easyledstore.it\/de\/wp-json\/wp\/v2\/product_tag?post=10216"}],"curies":[{"name":"wp","href":"https:\/\/api.w.org\/{rel}","templated":true}]}}